{"id":7973,"date":"2024-05-22T09:26:44","date_gmt":"2024-05-22T09:26:44","guid":{"rendered":"https:\/\/ohmytuft.com\/?post_type=product&#038;p=7973"},"modified":"2024-05-23T16:49:25","modified_gmt":"2024-05-23T16:49:25","slug":"filato-acrilico-per-tufting-cono-250g-granato-copia-copia-copia-copia-copia-copia-copy-copy","status":"publish","type":"product","link":"https:\/\/ohmytuft.com\/it\/prodotto\/filato-acrilico-per-tufting-cono-250g-granato-copia-copia-copia-copia-copia-copia-copy-copy\/","title":{"rendered":"Confezione di coni di filato acrilico per tappeti &#8211; 5 unit\u00e0"},"content":{"rendered":"<p>Hai bisogno di una confezione di filati di qualit\u00e0? Allora questa \u00e8 la scelta migliore. Acquista i tuoi <a href=\"https:\/\/ohmytuft.com\/\"><br \/>\n  <strong>materiali per il tufting<\/strong><br \/>\n<\/a> a prezzi scontati \ud83d\ude09<\/p>\n<p>Per qualsiasi domanda, contattaci.<\/p>\n","protected":false},"excerpt":{"rendered":"<p>100% Filato acrilico Dralon di ottima qualit\u00e0. \u00c8 <strong>perfetto per il tufting<\/strong>.<\/p>\n<ul>\n<li>250gr per cono (505m)<\/li>\n<li>Spessore: 3,5-4,5<\/li>\n<li>Confezione di unit\u00e0 Made in Europe<\/li>\n<\/ul>\n","protected":false},"featured_media":8005,"comment_status":"open","ping_status":"closed","template":"","meta":{"_joinchat":[]},"product_brand":[],"product_cat":[152,153],"product_tag":[],"class_list":{"0":"post-7973","1":"product","2":"type-product","3":"status-publish","4":"has-post-thumbnail","6":"product_cat-fili","7":"product_cat-kits-it","9":"first","10":"instock","11":"sale","12":"taxable","13":"shipping-taxable","14":"purchasable","15":"product-type-variable"},"yoast_head":"<!-- This site is optimized with the Yoast SEO plugin v27.2 - https:\/\/yoast.com\/product\/yoast-seo-wordpress\/ -->\n<title>Confezione di coni di filato acrilico per tappeti - 5 unit\u00e0 - Ohmytuft.com<\/title>\n<meta name=\"robots\" content=\"index, follow, max-snippet:-1, max-image-preview:large, max-video-preview:-1\" \/>\n<link rel=\"canonical\" href=\"https:\/\/ohmytuft.com\/it\/prodotto\/filato-acrilico-per-tufting-cono-250g-granato-copia-copia-copia-copia-copia-copia-copy-copy\/\" \/>\n<meta property=\"og:locale\" content=\"it_IT\" \/>\n<meta property=\"og:type\" content=\"article\" \/>\n<meta property=\"og:title\" content=\"Confezione di coni di filato acrilico per tappeti - 5 unit\u00e0 - Ohmytuft.com\" \/>\n<meta property=\"og:description\" content=\"100% Filato acrilico Dralon di ottima qualit\u00e0. \u00c8 perfetto per il tufting.  250gr per cono (505m)  Spessore: 3,5-4,5  Confezione di unit\u00e0 Made in Europe\" \/>\n<meta property=\"og:url\" content=\"https:\/\/ohmytuft.com\/it\/prodotto\/filato-acrilico-per-tufting-cono-250g-granato-copia-copia-copia-copia-copia-copia-copy-copy\/\" \/>\n<meta property=\"og:site_name\" content=\"Ohmytuft.com\" \/>\n<meta property=\"article:modified_time\" content=\"2024-05-23T16:49:25+00:00\" \/>\n<meta property=\"og:image\" content=\"https:\/\/ohmytuft.com\/wp-content\/uploads\/2024\/05\/Packs-Tufting-02-scaled.jpg\" \/>\n\t<meta property=\"og:image:width\" content=\"2560\" \/>\n\t<meta property=\"og:image:height\" content=\"2560\" \/>\n\t<meta property=\"og:image:type\" content=\"image\/jpeg\" \/>\n<meta name=\"twitter:card\" content=\"summary_large_image\" \/>\n<script type=\"application\/ld+json\" class=\"yoast-schema-graph\">{\"@context\":\"https:\/\/schema.org\",\"@graph\":[{\"@type\":\"WebPage\",\"@id\":\"https:\/\/ohmytuft.com\/it\/prodotto\/filato-acrilico-per-tufting-cono-250g-granato-copia-copia-copia-copia-copia-copia-copy-copy\/\",\"url\":\"https:\/\/ohmytuft.com\/it\/prodotto\/filato-acrilico-per-tufting-cono-250g-granato-copia-copia-copia-copia-copia-copia-copy-copy\/\",\"name\":\"Confezione di coni di filato acrilico per tappeti - 5 unit\u00e0 - Ohmytuft.com\",\"isPartOf\":{\"@id\":\"https:\/\/ohmytuft.com\/it\/#website\"},\"primaryImageOfPage\":{\"@id\":\"https:\/\/ohmytuft.com\/it\/prodotto\/filato-acrilico-per-tufting-cono-250g-granato-copia-copia-copia-copia-copia-copia-copy-copy\/#primaryimage\"},\"image\":{\"@id\":\"https:\/\/ohmytuft.com\/it\/prodotto\/filato-acrilico-per-tufting-cono-250g-granato-copia-copia-copia-copia-copia-copia-copy-copy\/#primaryimage\"},\"thumbnailUrl\":\"https:\/\/ohmytuft.com\/wp-content\/uploads\/2024\/05\/Packs-Tufting-02-scaled.jpg\",\"datePublished\":\"2024-05-22T09:26:44+00:00\",\"dateModified\":\"2024-05-23T16:49:25+00:00\",\"breadcrumb\":{\"@id\":\"https:\/\/ohmytuft.com\/it\/prodotto\/filato-acrilico-per-tufting-cono-250g-granato-copia-copia-copia-copia-copia-copia-copy-copy\/#breadcrumb\"},\"inLanguage\":\"it-IT\",\"potentialAction\":[{\"@type\":\"ReadAction\",\"target\":[\"https:\/\/ohmytuft.com\/it\/prodotto\/filato-acrilico-per-tufting-cono-250g-granato-copia-copia-copia-copia-copia-copia-copy-copy\/\"]}]},{\"@type\":\"ImageObject\",\"inLanguage\":\"it-IT\",\"@id\":\"https:\/\/ohmytuft.com\/it\/prodotto\/filato-acrilico-per-tufting-cono-250g-granato-copia-copia-copia-copia-copia-copia-copy-copy\/#primaryimage\",\"url\":\"https:\/\/ohmytuft.com\/wp-content\/uploads\/2024\/05\/Packs-Tufting-02-scaled.jpg\",\"contentUrl\":\"https:\/\/ohmytuft.com\/wp-content\/uploads\/2024\/05\/Packs-Tufting-02-scaled.jpg\",\"width\":2560,\"height\":2560},{\"@type\":\"BreadcrumbList\",\"@id\":\"https:\/\/ohmytuft.com\/it\/prodotto\/filato-acrilico-per-tufting-cono-250g-granato-copia-copia-copia-copia-copia-copia-copy-copy\/#breadcrumb\",\"itemListElement\":[{\"@type\":\"ListItem\",\"position\":1,\"name\":\"Home\",\"item\":\"https:\/\/ohmytuft.com\/it\/\"},{\"@type\":\"ListItem\",\"position\":2,\"name\":\"Negozio\",\"item\":\"https:\/\/ohmytuft.com\/it\/negozio\/\"},{\"@type\":\"ListItem\",\"position\":3,\"name\":\"Confezione di coni di filato acrilico per tappeti &#8211; 5 unit\u00e0\"}]},{\"@type\":\"WebSite\",\"@id\":\"https:\/\/ohmytuft.com\/it\/#website\",\"url\":\"https:\/\/ohmytuft.com\/it\/\",\"name\":\"Oh my tuft\",\"description\":\"Oh my tuft\",\"publisher\":{\"@id\":\"https:\/\/ohmytuft.com\/it\/#organization\"},\"potentialAction\":[{\"@type\":\"SearchAction\",\"target\":{\"@type\":\"EntryPoint\",\"urlTemplate\":\"https:\/\/ohmytuft.com\/it\/?s={search_term_string}\"},\"query-input\":{\"@type\":\"PropertyValueSpecification\",\"valueRequired\":true,\"valueName\":\"search_term_string\"}}],\"inLanguage\":\"it-IT\"},{\"@type\":\"Organization\",\"@id\":\"https:\/\/ohmytuft.com\/it\/#organization\",\"name\":\"Oh my tuft\",\"url\":\"https:\/\/ohmytuft.com\/it\/\",\"logo\":{\"@type\":\"ImageObject\",\"inLanguage\":\"it-IT\",\"@id\":\"https:\/\/ohmytuft.com\/it\/#\/schema\/logo\/image\/\",\"url\":\"https:\/\/ohmytuft.com\/wp-content\/uploads\/2021\/02\/WEB-20.png\",\"contentUrl\":\"https:\/\/ohmytuft.com\/wp-content\/uploads\/2021\/02\/WEB-20.png\",\"width\":2085,\"height\":764,\"caption\":\"Oh my tuft\"},\"image\":{\"@id\":\"https:\/\/ohmytuft.com\/it\/#\/schema\/logo\/image\/\"},\"sameAs\":[\"https:\/\/www.instagram.com\/tuftinggunsupplies\/\",\"https:\/\/www.tiktok.com\/@tuftinggun\"]}]}<\/script>\n<!-- \/ Yoast SEO plugin. -->","yoast_head_json":{"title":"Confezione di coni di filato acrilico per tappeti - 5 unit\u00e0 - Ohmytuft.com","robots":{"index":"index","follow":"follow","max-snippet":"max-snippet:-1","max-image-preview":"max-image-preview:large","max-video-preview":"max-video-preview:-1"},"canonical":"https:\/\/ohmytuft.com\/it\/prodotto\/filato-acrilico-per-tufting-cono-250g-granato-copia-copia-copia-copia-copia-copia-copy-copy\/","og_locale":"it_IT","og_type":"article","og_title":"Confezione di coni di filato acrilico per tappeti - 5 unit\u00e0 - Ohmytuft.com","og_description":"100% Filato acrilico Dralon di ottima qualit\u00e0. \u00c8 perfetto per il tufting.  250gr per cono (505m)  Spessore: 3,5-4,5  Confezione di unit\u00e0 Made in Europe","og_url":"https:\/\/ohmytuft.com\/it\/prodotto\/filato-acrilico-per-tufting-cono-250g-granato-copia-copia-copia-copia-copia-copia-copy-copy\/","og_site_name":"Ohmytuft.com","article_modified_time":"2024-05-23T16:49:25+00:00","og_image":[{"width":2560,"height":2560,"url":"https:\/\/ohmytuft.com\/wp-content\/uploads\/2024\/05\/Packs-Tufting-02-scaled.jpg","type":"image\/jpeg"}],"twitter_card":"summary_large_image","schema":{"@context":"https:\/\/schema.org","@graph":[{"@type":"WebPage","@id":"https:\/\/ohmytuft.com\/it\/prodotto\/filato-acrilico-per-tufting-cono-250g-granato-copia-copia-copia-copia-copia-copia-copy-copy\/","url":"https:\/\/ohmytuft.com\/it\/prodotto\/filato-acrilico-per-tufting-cono-250g-granato-copia-copia-copia-copia-copia-copia-copy-copy\/","name":"Confezione di coni di filato acrilico per tappeti - 5 unit\u00e0 - Ohmytuft.com","isPartOf":{"@id":"https:\/\/ohmytuft.com\/it\/#website"},"primaryImageOfPage":{"@id":"https:\/\/ohmytuft.com\/it\/prodotto\/filato-acrilico-per-tufting-cono-250g-granato-copia-copia-copia-copia-copia-copia-copy-copy\/#primaryimage"},"image":{"@id":"https:\/\/ohmytuft.com\/it\/prodotto\/filato-acrilico-per-tufting-cono-250g-granato-copia-copia-copia-copia-copia-copia-copy-copy\/#primaryimage"},"thumbnailUrl":"https:\/\/ohmytuft.com\/wp-content\/uploads\/2024\/05\/Packs-Tufting-02-scaled.jpg","datePublished":"2024-05-22T09:26:44+00:00","dateModified":"2024-05-23T16:49:25+00:00","breadcrumb":{"@id":"https:\/\/ohmytuft.com\/it\/prodotto\/filato-acrilico-per-tufting-cono-250g-granato-copia-copia-copia-copia-copia-copia-copy-copy\/#breadcrumb"},"inLanguage":"it-IT","potentialAction":[{"@type":"ReadAction","target":["https:\/\/ohmytuft.com\/it\/prodotto\/filato-acrilico-per-tufting-cono-250g-granato-copia-copia-copia-copia-copia-copia-copy-copy\/"]}]},{"@type":"ImageObject","inLanguage":"it-IT","@id":"https:\/\/ohmytuft.com\/it\/prodotto\/filato-acrilico-per-tufting-cono-250g-granato-copia-copia-copia-copia-copia-copia-copy-copy\/#primaryimage","url":"https:\/\/ohmytuft.com\/wp-content\/uploads\/2024\/05\/Packs-Tufting-02-scaled.jpg","contentUrl":"https:\/\/ohmytuft.com\/wp-content\/uploads\/2024\/05\/Packs-Tufting-02-scaled.jpg","width":2560,"height":2560},{"@type":"BreadcrumbList","@id":"https:\/\/ohmytuft.com\/it\/prodotto\/filato-acrilico-per-tufting-cono-250g-granato-copia-copia-copia-copia-copia-copia-copy-copy\/#breadcrumb","itemListElement":[{"@type":"ListItem","position":1,"name":"Home","item":"https:\/\/ohmytuft.com\/it\/"},{"@type":"ListItem","position":2,"name":"Negozio","item":"https:\/\/ohmytuft.com\/it\/negozio\/"},{"@type":"ListItem","position":3,"name":"Confezione di coni di filato acrilico per tappeti &#8211; 5 unit\u00e0"}]},{"@type":"WebSite","@id":"https:\/\/ohmytuft.com\/it\/#website","url":"https:\/\/ohmytuft.com\/it\/","name":"Oh my tuft","description":"Oh my tuft","publisher":{"@id":"https:\/\/ohmytuft.com\/it\/#organization"},"potentialAction":[{"@type":"SearchAction","target":{"@type":"EntryPoint","urlTemplate":"https:\/\/ohmytuft.com\/it\/?s={search_term_string}"},"query-input":{"@type":"PropertyValueSpecification","valueRequired":true,"valueName":"search_term_string"}}],"inLanguage":"it-IT"},{"@type":"Organization","@id":"https:\/\/ohmytuft.com\/it\/#organization","name":"Oh my tuft","url":"https:\/\/ohmytuft.com\/it\/","logo":{"@type":"ImageObject","inLanguage":"it-IT","@id":"https:\/\/ohmytuft.com\/it\/#\/schema\/logo\/image\/","url":"https:\/\/ohmytuft.com\/wp-content\/uploads\/2021\/02\/WEB-20.png","contentUrl":"https:\/\/ohmytuft.com\/wp-content\/uploads\/2021\/02\/WEB-20.png","width":2085,"height":764,"caption":"Oh my tuft"},"image":{"@id":"https:\/\/ohmytuft.com\/it\/#\/schema\/logo\/image\/"},"sameAs":["https:\/\/www.instagram.com\/tuftinggunsupplies\/","https:\/\/www.tiktok.com\/@tuftinggun"]}]}},"_links":{"self":[{"href":"https:\/\/ohmytuft.com\/it\/wp-json\/wp\/v2\/product\/7973","targetHints":{"allow":["GET"]}}],"collection":[{"href":"https:\/\/ohmytuft.com\/it\/wp-json\/wp\/v2\/product"}],"about":[{"href":"https:\/\/ohmytuft.com\/it\/wp-json\/wp\/v2\/types\/product"}],"replies":[{"embeddable":true,"href":"https:\/\/ohmytuft.com\/it\/wp-json\/wp\/v2\/comments?post=7973"}],"wp:featuredmedia":[{"embeddable":true,"href":"https:\/\/ohmytuft.com\/it\/wp-json\/wp\/v2\/media\/8005"}],"wp:attachment":[{"href":"https:\/\/ohmytuft.com\/it\/wp-json\/wp\/v2\/media?parent=7973"}],"wp:term":[{"taxonomy":"product_brand","embeddable":true,"href":"https:\/\/ohmytuft.com\/it\/wp-json\/wp\/v2\/product_brand?post=7973"},{"taxonomy":"product_cat","embeddable":true,"href":"https:\/\/ohmytuft.com\/it\/wp-json\/wp\/v2\/product_cat?post=7973"},{"taxonomy":"product_tag","embeddable":true,"href":"https:\/\/ohmytuft.com\/it\/wp-json\/wp\/v2\/product_tag?post=7973"}],"curies":[{"name":"wp","href":"https:\/\/api.w.org\/{rel}","templated":true}]}}