{"id":5516,"date":"2021-02-28T20:55:20","date_gmt":"2021-02-28T20:55:20","guid":{"rendered":"https:\/\/ohmytuft.com\/product\/hand-tufting-gun-ak-i-cut-pile\/"},"modified":"2025-03-16T10:31:48","modified_gmt":"2025-03-16T10:31:48","slug":"tufting-gun-ak-i-cut-pile-nl","status":"publish","type":"product","link":"https:\/\/ohmytuft.com\/nl\/product\/tufting-gun-ak-i-cut-pile-nl\/","title":{"rendered":"Hand Tufting Gun AK-I &#8211; Cut Pile"},"content":{"rendered":"<p>Het AK-1 Cut Pile <a href=\"https:\/\/ohmytuft.com\/buy\/tufting-guns\/\"><strong>Tufting Gun<\/strong><\/a> is een opmerkelijk gereedschap, ontworpen om de kunst van het tuften naar nieuwe hoogten te brengen. Hier volgt een gedetailleerde beschrijving en enkele overtuigende redenen waarom het een must-have is voor je tufting shop:<\/p>\n<ol>\n<li><strong>Precisie en controle<\/strong>: De AK-1 Cut Pile Tufting Gun is ontworpen voor precisie. Je kunt er gemakkelijk ingewikkelde patronen en ontwerpen mee maken, dankzij de snelle bediening en soepele werking. Of je nu werkt aan grote tapijten of gedetailleerde wandkleden, dit gereedschap biedt onge\u00ebvenaarde nauwkeurigheid.<\/li>\n<li><strong>Effici\u00ebnt en tijdbesparend<\/strong>: Snelheid is een belangrijk voordeel van de AK-1. Het verhoogt je tuftsnelheid drastisch in vergelijking met handmatige methodes, waardoor je projecten veel sneller kunt voltooien. Deze effici\u00ebntie is een game-changer voor zowel hobbyisten als professionals en zorgt voor meer productiviteit en de mogelijkheid om meer projecten aan te pakken.<\/li>\n<li><strong>Veelzijdigheid in ontwerp<\/strong>: Dit tufting pistool is speciaal gemaakt voor gesneden pool, een populaire tufting stijl die een pluche, fluweelachtige textuur aan de stof geeft. Het is ideaal voor het maken van luxe vloerkleden, stijlvolle muurkunst en andere decoratieve voorwerpen. De gesneden poolmethode biedt ook een unieke tactiele ervaring die zeer gewild is in woningdecoratie.<\/li>\n<li><strong>Gebruiksgemak<\/strong>: De AK-1 is ontworpen met gebruiksvriendelijkheid in gedachten. Hij is licht van gewicht en gemakkelijk te manoeuvreren, waardoor hij zelfs voor beginners toegankelijk is. Het ergonomische ontwerp vermindert vermoeidheid, zodat je comfortabel langere perioden kunt werken.<\/li>\n<li><strong>Duurzaamheid en betrouwbaarheid<\/strong>: De AK-1 is gemaakt van hoogwaardige materialen en gaat dus lang mee. Het is een betrouwbaar gereedschap dat bestand is tegen de ontberingen van veelvuldig gebruik, zodat je investering op de lange termijn rendeert.<\/li>\n<li><strong>Verbeterde creativiteit<\/strong>: Met de AK-1 is je verbeelding de enige beperking. Het opent een wereld van creatieve mogelijkheden, zodat je kunt experimenteren met verschillende texturen, kleuren en patronen. Deze tool kan je helpen om je meest ambitieuze ontwerpen tot leven te brengen.<\/li>\n<\/ol>\n<p>Samengevat is het AK-1 Cut Pile Tufting Gun een waardevolle aanvulling voor elke <a href=\"https:\/\/ohmytuft.com\/\"><strong>tuftkunstenaar<\/strong><\/a>. Het combineert effici\u00ebntie, precisie en gebruiksgemak in \u00e9\u00e9n krachtig gereedschap, waardoor het ideaal is voor zowel hobbyisten als professionele tufters. Investeren in dit gereedschap betekent investeren in de kwaliteit en creativiteit van je tuftprojecten.<\/p>\n","protected":false},"excerpt":{"rendered":"<p><b>Elektrisch handtufpistool &#8211; poolafsnijding.<\/b><\/p>\n<ul>\n<li>100- 240 V with Europlug<\/li>\n<li>Stapelhoogte instelbaar: 7-21 mm<\/li>\n<li>Gewicht: 1,40 kg<\/li>\n<li>Snelheid instelbaar: 5-40 steken\/sec en instelbaar. Je kunt de snelheid regelen voor details.<\/li>\n<\/ul>\n<p>Deze machine is gemakkelijk te leren en te gebruiken. Binnenkort tutorials!<br \/>\nPeriodiek onderhoud zorgt voor een langere levensduur van het gereedschap.<\/p>\n<p><strong>Doos bevat:<\/strong><\/p>\n<ul>\n<li>Tufting Gun<\/li>\n<li>AC\/DC Adapter with Europlug<\/li>\n<li>Gereedschap en schroeven voor onderhoud<\/li>\n<\/ul>\n<p><strong>Safety First!<\/strong><\/p>\n<ol>\n<li>Gebruik gehoor- en oogbescherming.<\/li>\n<li>Vermijd de tandwielen en mechanismen.<\/li>\n<li>Schakel het apparaat uit als u het niet gebruikt.<\/li>\n<\/ol>\n","protected":false},"featured_media":8933,"comment_status":"open","ping_status":"closed","template":"","meta":{"_joinchat":[]},"product_brand":[],"product_cat":[272],"product_tag":[],"class_list":{"0":"post-5516","1":"product","2":"type-product","3":"status-publish","4":"has-post-thumbnail","6":"product_cat-tufting-guns-nl","8":"first","9":"outofstock","10":"sale","11":"taxable","12":"shipping-taxable","13":"purchasable","14":"product-type-simple"},"yoast_head":"<!-- This site is optimized with the Yoast SEO plugin v27.2 - https:\/\/yoast.com\/product\/yoast-seo-wordpress\/ -->\n<title>Hand Tufting Gun AK-I - Cut Pile - Ohmytuft.com<\/title>\n<meta name=\"robots\" content=\"index, follow, max-snippet:-1, max-image-preview:large, max-video-preview:-1\" \/>\n<link rel=\"canonical\" href=\"https:\/\/ohmytuft.com\/nl\/product\/tufting-gun-ak-i-cut-pile-nl\/\" \/>\n<meta property=\"og:locale\" content=\"nl_NL\" \/>\n<meta property=\"og:type\" content=\"article\" \/>\n<meta property=\"og:title\" content=\"Hand Tufting Gun AK-I - Cut Pile - Ohmytuft.com\" \/>\n<meta property=\"og:description\" content=\"Elektrisch handtufpistool - poolafsnijding.  100- 240 V with Europlug  Stapelhoogte instelbaar: 7-21 mm  Gewicht: 1,40 kg  Snelheid instelbaar: 5-40 steken\/sec en instelbaar. Je kunt de snelheid regelen voor details. Deze machine is gemakkelijk te leren en te gebruiken. Binnenkort tutorials! Periodiek onderhoud zorgt voor een langere levensduur van het gereedschap. Doos bevat:  Tufting Gun  AC\/DC Adapter with Europlug  Gereedschap en schroeven voor onderhoud Safety First!  Gebruik gehoor- en oogbescherming.  Vermijd de tandwielen en mechanismen.  Schakel het apparaat uit als u het niet gebruikt.\" \/>\n<meta property=\"og:url\" content=\"https:\/\/ohmytuft.com\/nl\/product\/tufting-gun-ak-i-cut-pile-nl\/\" \/>\n<meta property=\"og:site_name\" content=\"Ohmytuft.com\" \/>\n<meta property=\"article:modified_time\" content=\"2025-03-16T10:31:48+00:00\" \/>\n<meta property=\"og:image\" content=\"https:\/\/ohmytuft.com\/wp-content\/uploads\/2021\/02\/23022021-IMG_4393-scaled.jpg\" \/>\n\t<meta property=\"og:image:width\" content=\"2560\" \/>\n\t<meta property=\"og:image:height\" content=\"2560\" \/>\n\t<meta property=\"og:image:type\" content=\"image\/jpeg\" \/>\n<meta name=\"twitter:card\" content=\"summary_large_image\" \/>\n<meta name=\"twitter:label1\" content=\"Geschatte leestijd\" \/>\n\t<meta name=\"twitter:data1\" content=\"2 minuten\" \/>\n<script type=\"application\/ld+json\" class=\"yoast-schema-graph\">{\"@context\":\"https:\/\/schema.org\",\"@graph\":[{\"@type\":\"WebPage\",\"@id\":\"https:\/\/ohmytuft.com\/nl\/product\/tufting-gun-ak-i-cut-pile-nl\/\",\"url\":\"https:\/\/ohmytuft.com\/nl\/product\/tufting-gun-ak-i-cut-pile-nl\/\",\"name\":\"Hand Tufting Gun AK-I - Cut Pile - Ohmytuft.com\",\"isPartOf\":{\"@id\":\"https:\/\/ohmytuft.com\/nl\/#website\"},\"primaryImageOfPage\":{\"@id\":\"https:\/\/ohmytuft.com\/nl\/product\/tufting-gun-ak-i-cut-pile-nl\/#primaryimage\"},\"image\":{\"@id\":\"https:\/\/ohmytuft.com\/nl\/product\/tufting-gun-ak-i-cut-pile-nl\/#primaryimage\"},\"thumbnailUrl\":\"https:\/\/ohmytuft.com\/wp-content\/uploads\/2021\/02\/tufting-gun-ak1.png\",\"datePublished\":\"2021-02-28T20:55:20+00:00\",\"dateModified\":\"2025-03-16T10:31:48+00:00\",\"breadcrumb\":{\"@id\":\"https:\/\/ohmytuft.com\/nl\/product\/tufting-gun-ak-i-cut-pile-nl\/#breadcrumb\"},\"inLanguage\":\"nl-NL\",\"potentialAction\":[{\"@type\":\"ReadAction\",\"target\":[\"https:\/\/ohmytuft.com\/nl\/product\/tufting-gun-ak-i-cut-pile-nl\/\"]}]},{\"@type\":\"ImageObject\",\"inLanguage\":\"nl-NL\",\"@id\":\"https:\/\/ohmytuft.com\/nl\/product\/tufting-gun-ak-i-cut-pile-nl\/#primaryimage\",\"url\":\"https:\/\/ohmytuft.com\/wp-content\/uploads\/2021\/02\/tufting-gun-ak1.png\",\"contentUrl\":\"https:\/\/ohmytuft.com\/wp-content\/uploads\/2021\/02\/tufting-gun-ak1.png\",\"width\":800,\"height\":800,\"caption\":\"tufting gun AK1\"},{\"@type\":\"BreadcrumbList\",\"@id\":\"https:\/\/ohmytuft.com\/nl\/product\/tufting-gun-ak-i-cut-pile-nl\/#breadcrumb\",\"itemListElement\":[{\"@type\":\"ListItem\",\"position\":1,\"name\":\"Home\",\"item\":\"https:\/\/ohmytuft.com\/nl\/\"},{\"@type\":\"ListItem\",\"position\":2,\"name\":\"Winkelen\",\"item\":\"https:\/\/ohmytuft.com\/nl\/winkelen\/\"},{\"@type\":\"ListItem\",\"position\":3,\"name\":\"Hand Tufting Gun AK-I &#8211; Cut Pile\"}]},{\"@type\":\"WebSite\",\"@id\":\"https:\/\/ohmytuft.com\/nl\/#website\",\"url\":\"https:\/\/ohmytuft.com\/nl\/\",\"name\":\"Oh my tuft\",\"description\":\"Oh my tuft\",\"publisher\":{\"@id\":\"https:\/\/ohmytuft.com\/nl\/#organization\"},\"potentialAction\":[{\"@type\":\"SearchAction\",\"target\":{\"@type\":\"EntryPoint\",\"urlTemplate\":\"https:\/\/ohmytuft.com\/nl\/?s={search_term_string}\"},\"query-input\":{\"@type\":\"PropertyValueSpecification\",\"valueRequired\":true,\"valueName\":\"search_term_string\"}}],\"inLanguage\":\"nl-NL\"},{\"@type\":\"Organization\",\"@id\":\"https:\/\/ohmytuft.com\/nl\/#organization\",\"name\":\"Oh my tuft\",\"url\":\"https:\/\/ohmytuft.com\/nl\/\",\"logo\":{\"@type\":\"ImageObject\",\"inLanguage\":\"nl-NL\",\"@id\":\"https:\/\/ohmytuft.com\/nl\/#\/schema\/logo\/image\/\",\"url\":\"https:\/\/ohmytuft.com\/wp-content\/uploads\/2021\/02\/WEB-20.png\",\"contentUrl\":\"https:\/\/ohmytuft.com\/wp-content\/uploads\/2021\/02\/WEB-20.png\",\"width\":2085,\"height\":764,\"caption\":\"Oh my tuft\"},\"image\":{\"@id\":\"https:\/\/ohmytuft.com\/nl\/#\/schema\/logo\/image\/\"},\"sameAs\":[\"https:\/\/www.instagram.com\/tuftinggunsupplies\/\",\"https:\/\/www.tiktok.com\/@tuftinggun\"]}]}<\/script>\n<!-- \/ Yoast SEO plugin. -->","yoast_head_json":{"title":"Hand Tufting Gun AK-I - Cut Pile - Ohmytuft.com","robots":{"index":"index","follow":"follow","max-snippet":"max-snippet:-1","max-image-preview":"max-image-preview:large","max-video-preview":"max-video-preview:-1"},"canonical":"https:\/\/ohmytuft.com\/nl\/product\/tufting-gun-ak-i-cut-pile-nl\/","og_locale":"nl_NL","og_type":"article","og_title":"Hand Tufting Gun AK-I - Cut Pile - Ohmytuft.com","og_description":"Elektrisch handtufpistool - poolafsnijding.  100- 240 V with Europlug  Stapelhoogte instelbaar: 7-21 mm  Gewicht: 1,40 kg  Snelheid instelbaar: 5-40 steken\/sec en instelbaar. Je kunt de snelheid regelen voor details. Deze machine is gemakkelijk te leren en te gebruiken. Binnenkort tutorials! Periodiek onderhoud zorgt voor een langere levensduur van het gereedschap. Doos bevat:  Tufting Gun  AC\/DC Adapter with Europlug  Gereedschap en schroeven voor onderhoud Safety First!  Gebruik gehoor- en oogbescherming.  Vermijd de tandwielen en mechanismen.  Schakel het apparaat uit als u het niet gebruikt.","og_url":"https:\/\/ohmytuft.com\/nl\/product\/tufting-gun-ak-i-cut-pile-nl\/","og_site_name":"Ohmytuft.com","article_modified_time":"2025-03-16T10:31:48+00:00","og_image":[{"width":2560,"height":2560,"url":"https:\/\/ohmytuft.com\/wp-content\/uploads\/2021\/02\/23022021-IMG_4393-scaled.jpg","type":"image\/jpeg"}],"twitter_card":"summary_large_image","twitter_misc":{"Geschatte leestijd":"2 minuten"},"schema":{"@context":"https:\/\/schema.org","@graph":[{"@type":"WebPage","@id":"https:\/\/ohmytuft.com\/nl\/product\/tufting-gun-ak-i-cut-pile-nl\/","url":"https:\/\/ohmytuft.com\/nl\/product\/tufting-gun-ak-i-cut-pile-nl\/","name":"Hand Tufting Gun AK-I - Cut Pile - Ohmytuft.com","isPartOf":{"@id":"https:\/\/ohmytuft.com\/nl\/#website"},"primaryImageOfPage":{"@id":"https:\/\/ohmytuft.com\/nl\/product\/tufting-gun-ak-i-cut-pile-nl\/#primaryimage"},"image":{"@id":"https:\/\/ohmytuft.com\/nl\/product\/tufting-gun-ak-i-cut-pile-nl\/#primaryimage"},"thumbnailUrl":"https:\/\/ohmytuft.com\/wp-content\/uploads\/2021\/02\/tufting-gun-ak1.png","datePublished":"2021-02-28T20:55:20+00:00","dateModified":"2025-03-16T10:31:48+00:00","breadcrumb":{"@id":"https:\/\/ohmytuft.com\/nl\/product\/tufting-gun-ak-i-cut-pile-nl\/#breadcrumb"},"inLanguage":"nl-NL","potentialAction":[{"@type":"ReadAction","target":["https:\/\/ohmytuft.com\/nl\/product\/tufting-gun-ak-i-cut-pile-nl\/"]}]},{"@type":"ImageObject","inLanguage":"nl-NL","@id":"https:\/\/ohmytuft.com\/nl\/product\/tufting-gun-ak-i-cut-pile-nl\/#primaryimage","url":"https:\/\/ohmytuft.com\/wp-content\/uploads\/2021\/02\/tufting-gun-ak1.png","contentUrl":"https:\/\/ohmytuft.com\/wp-content\/uploads\/2021\/02\/tufting-gun-ak1.png","width":800,"height":800,"caption":"tufting gun AK1"},{"@type":"BreadcrumbList","@id":"https:\/\/ohmytuft.com\/nl\/product\/tufting-gun-ak-i-cut-pile-nl\/#breadcrumb","itemListElement":[{"@type":"ListItem","position":1,"name":"Home","item":"https:\/\/ohmytuft.com\/nl\/"},{"@type":"ListItem","position":2,"name":"Winkelen","item":"https:\/\/ohmytuft.com\/nl\/winkelen\/"},{"@type":"ListItem","position":3,"name":"Hand Tufting Gun AK-I &#8211; Cut Pile"}]},{"@type":"WebSite","@id":"https:\/\/ohmytuft.com\/nl\/#website","url":"https:\/\/ohmytuft.com\/nl\/","name":"Oh my tuft","description":"Oh my tuft","publisher":{"@id":"https:\/\/ohmytuft.com\/nl\/#organization"},"potentialAction":[{"@type":"SearchAction","target":{"@type":"EntryPoint","urlTemplate":"https:\/\/ohmytuft.com\/nl\/?s={search_term_string}"},"query-input":{"@type":"PropertyValueSpecification","valueRequired":true,"valueName":"search_term_string"}}],"inLanguage":"nl-NL"},{"@type":"Organization","@id":"https:\/\/ohmytuft.com\/nl\/#organization","name":"Oh my tuft","url":"https:\/\/ohmytuft.com\/nl\/","logo":{"@type":"ImageObject","inLanguage":"nl-NL","@id":"https:\/\/ohmytuft.com\/nl\/#\/schema\/logo\/image\/","url":"https:\/\/ohmytuft.com\/wp-content\/uploads\/2021\/02\/WEB-20.png","contentUrl":"https:\/\/ohmytuft.com\/wp-content\/uploads\/2021\/02\/WEB-20.png","width":2085,"height":764,"caption":"Oh my tuft"},"image":{"@id":"https:\/\/ohmytuft.com\/nl\/#\/schema\/logo\/image\/"},"sameAs":["https:\/\/www.instagram.com\/tuftinggunsupplies\/","https:\/\/www.tiktok.com\/@tuftinggun"]}]}},"_links":{"self":[{"href":"https:\/\/ohmytuft.com\/nl\/wp-json\/wp\/v2\/product\/5516","targetHints":{"allow":["GET"]}}],"collection":[{"href":"https:\/\/ohmytuft.com\/nl\/wp-json\/wp\/v2\/product"}],"about":[{"href":"https:\/\/ohmytuft.com\/nl\/wp-json\/wp\/v2\/types\/product"}],"replies":[{"embeddable":true,"href":"https:\/\/ohmytuft.com\/nl\/wp-json\/wp\/v2\/comments?post=5516"}],"wp:featuredmedia":[{"embeddable":true,"href":"https:\/\/ohmytuft.com\/nl\/wp-json\/wp\/v2\/media\/8933"}],"wp:attachment":[{"href":"https:\/\/ohmytuft.com\/nl\/wp-json\/wp\/v2\/media?parent=5516"}],"wp:term":[{"taxonomy":"product_brand","embeddable":true,"href":"https:\/\/ohmytuft.com\/nl\/wp-json\/wp\/v2\/product_brand?post=5516"},{"taxonomy":"product_cat","embeddable":true,"href":"https:\/\/ohmytuft.com\/nl\/wp-json\/wp\/v2\/product_cat?post=5516"},{"taxonomy":"product_tag","embeddable":true,"href":"https:\/\/ohmytuft.com\/nl\/wp-json\/wp\/v2\/product_tag?post=5516"}],"curies":[{"name":"wp","href":"https:\/\/api.w.org\/{rel}","templated":true}]}}