{"id":3452,"date":"2023-04-03T14:25:43","date_gmt":"2023-04-03T14:25:43","guid":{"rendered":"https:\/\/ohmytuft.com\/program-afiliacyjny\/"},"modified":"2023-05-12T14:46:00","modified_gmt":"2023-05-12T14:46:00","slug":"program-afiliacyjny","status":"publish","type":"page","link":"https:\/\/ohmytuft.com\/pl\/program-afiliacyjny\/","title":{"rendered":"Program afiliacyjny"},"content":{"rendered":"\n<p>Zosta\u0144 partnerem!<\/p>\n\n<p>Do\u0142\u0105cz do programu partnerskiego <strong>Ohmytuft.com<\/strong> i zarabiaj 15% prowizji od ka\u017cdej sprzeda\u017cy, kt\u00f3r\u0105 do nas skierujesz. Sprzedawaj nasze <strong><a href=\"https:\/\/ohmytuft.com\/pl\/buy\/tufting-guns-pl\/\">tufting guns<\/a><\/strong>, <strong><a href=\"https:\/\/ohmytuft.com\/pl\/buy\/nic\/\">yarn<\/a><\/strong>, <strong><a href=\"https:\/\/ohmytuft.com\/pl\/buy\/tkanina\/\">cloths<\/a><\/strong> i wszystkie nasze produkty bez inwestowania jakichkolwiek pieni\u0119dzy.<\/p>\n\n<h3 class=\"wp-block-heading\">Dlaczego warto z nami pracowa\u0107?<\/h3>\n\n<ul class=\"wp-block-list\">\n<li>15% prowizji od ka\u017cdej sprzeda\u017cy<\/li>\n\n\n\n<li>\u015aledz\u0105ce ciasteczko przez 30 dni<\/li>\n\n\n\n<li>Miesi\u0119czne p\u0142atno\u015bci przez PayPal (minimum 50 euro)<\/li>\n\n\n\n<li>Szybkie i osobiste wsparcie<\/li>\n<\/ul>\n\n<p>Zapraszamy do kontaktu z nami, zadaj jakiekolwiek pytanie <strong><a href=\"https:\/\/ohmytuft.com\/pl\/kontakt\/\">tutaj<\/a><\/strong>.<\/p>\n\n","protected":false},"excerpt":{"rendered":"<p>Zosta\u0144 partnerem! Do\u0142\u0105cz do programu partnerskiego Ohmytuft.com i zarabiaj 15% prowizji od ka\u017cdej sprzeda\u017cy, kt\u00f3r\u0105 do nas skierujesz. Sprzedawaj nasze tufting guns, yarn, cloths i wszystkie nasze produkty bez inwestowania jakichkolwiek pieni\u0119dzy. Dlaczego warto z nami pracowa\u0107? Zapraszamy do kontaktu z nami, zadaj jakiekolwiek pytanie tutaj.<\/p>\n","protected":false},"author":3,"featured_media":0,"parent":0,"menu_order":0,"comment_status":"closed","ping_status":"closed","template":"","meta":{"_joinchat":[],"footnotes":""},"class_list":["post-3452","page","type-page","status-publish","hentry"],"yoast_head":"<!-- This site is optimized with the Yoast SEO plugin v27.2 - https:\/\/yoast.com\/product\/yoast-seo-wordpress\/ -->\n<title>Tufting Affiliate Program - Ohmytuft.com<\/title>\n<meta name=\"robots\" content=\"index, follow, max-snippet:-1, max-image-preview:large, max-video-preview:-1\" \/>\n<link rel=\"canonical\" href=\"https:\/\/ohmytuft.com\/pl\/program-afiliacyjny\/\" \/>\n<meta property=\"og:locale\" content=\"pl_PL\" \/>\n<meta property=\"og:type\" content=\"article\" \/>\n<meta property=\"og:title\" content=\"Tufting Affiliate Program - Ohmytuft.com\" \/>\n<meta property=\"og:description\" content=\"Zosta\u0144 partnerem! Do\u0142\u0105cz do programu partnerskiego Ohmytuft.com i zarabiaj 15% prowizji od ka\u017cdej sprzeda\u017cy, kt\u00f3r\u0105 do nas skierujesz. Sprzedawaj nasze tufting guns, yarn, cloths i wszystkie nasze produkty bez inwestowania jakichkolwiek pieni\u0119dzy. Dlaczego warto z nami pracowa\u0107? Zapraszamy do kontaktu z nami, zadaj jakiekolwiek pytanie tutaj.\" \/>\n<meta property=\"og:url\" content=\"https:\/\/ohmytuft.com\/pl\/program-afiliacyjny\/\" \/>\n<meta property=\"og:site_name\" content=\"Ohmytuft.com\" \/>\n<meta property=\"article:modified_time\" content=\"2023-05-12T14:46:00+00:00\" \/>\n<meta name=\"twitter:card\" content=\"summary_large_image\" \/>\n<script type=\"application\/ld+json\" class=\"yoast-schema-graph\">{\"@context\":\"https:\/\/schema.org\",\"@graph\":[{\"@type\":\"WebPage\",\"@id\":\"https:\/\/ohmytuft.com\/pl\/program-afiliacyjny\/\",\"url\":\"https:\/\/ohmytuft.com\/pl\/program-afiliacyjny\/\",\"name\":\"Tufting Affiliate Program - Ohmytuft.com\",\"isPartOf\":{\"@id\":\"https:\/\/ohmytuft.com\/pl\/#website\"},\"datePublished\":\"2023-04-03T14:25:43+00:00\",\"dateModified\":\"2023-05-12T14:46:00+00:00\",\"breadcrumb\":{\"@id\":\"https:\/\/ohmytuft.com\/pl\/program-afiliacyjny\/#breadcrumb\"},\"inLanguage\":\"pl-PL\",\"potentialAction\":[{\"@type\":\"ReadAction\",\"target\":[\"https:\/\/ohmytuft.com\/pl\/program-afiliacyjny\/\"]}]},{\"@type\":\"BreadcrumbList\",\"@id\":\"https:\/\/ohmytuft.com\/pl\/program-afiliacyjny\/#breadcrumb\",\"itemListElement\":[{\"@type\":\"ListItem\",\"position\":1,\"name\":\"Home\",\"item\":\"https:\/\/ohmytuft.com\/pl\/\"},{\"@type\":\"ListItem\",\"position\":2,\"name\":\"Program afiliacyjny\"}]},{\"@type\":\"WebSite\",\"@id\":\"https:\/\/ohmytuft.com\/pl\/#website\",\"url\":\"https:\/\/ohmytuft.com\/pl\/\",\"name\":\"Oh my tuft\",\"description\":\"Oh my tuft\",\"publisher\":{\"@id\":\"https:\/\/ohmytuft.com\/pl\/#organization\"},\"potentialAction\":[{\"@type\":\"SearchAction\",\"target\":{\"@type\":\"EntryPoint\",\"urlTemplate\":\"https:\/\/ohmytuft.com\/pl\/?s={search_term_string}\"},\"query-input\":{\"@type\":\"PropertyValueSpecification\",\"valueRequired\":true,\"valueName\":\"search_term_string\"}}],\"inLanguage\":\"pl-PL\"},{\"@type\":\"Organization\",\"@id\":\"https:\/\/ohmytuft.com\/pl\/#organization\",\"name\":\"Oh my tuft\",\"url\":\"https:\/\/ohmytuft.com\/pl\/\",\"logo\":{\"@type\":\"ImageObject\",\"inLanguage\":\"pl-PL\",\"@id\":\"https:\/\/ohmytuft.com\/pl\/#\/schema\/logo\/image\/\",\"url\":\"https:\/\/ohmytuft.com\/wp-content\/uploads\/2021\/02\/WEB-20.png\",\"contentUrl\":\"https:\/\/ohmytuft.com\/wp-content\/uploads\/2021\/02\/WEB-20.png\",\"width\":2085,\"height\":764,\"caption\":\"Oh my tuft\"},\"image\":{\"@id\":\"https:\/\/ohmytuft.com\/pl\/#\/schema\/logo\/image\/\"},\"sameAs\":[\"https:\/\/www.instagram.com\/tuftinggunsupplies\/\",\"https:\/\/www.tiktok.com\/@tuftinggun\"]}]}<\/script>\n<!-- \/ Yoast SEO plugin. -->","yoast_head_json":{"title":"Tufting Affiliate Program - Ohmytuft.com","robots":{"index":"index","follow":"follow","max-snippet":"max-snippet:-1","max-image-preview":"max-image-preview:large","max-video-preview":"max-video-preview:-1"},"canonical":"https:\/\/ohmytuft.com\/pl\/program-afiliacyjny\/","og_locale":"pl_PL","og_type":"article","og_title":"Tufting Affiliate Program - Ohmytuft.com","og_description":"Zosta\u0144 partnerem! Do\u0142\u0105cz do programu partnerskiego Ohmytuft.com i zarabiaj 15% prowizji od ka\u017cdej sprzeda\u017cy, kt\u00f3r\u0105 do nas skierujesz. Sprzedawaj nasze tufting guns, yarn, cloths i wszystkie nasze produkty bez inwestowania jakichkolwiek pieni\u0119dzy. Dlaczego warto z nami pracowa\u0107? Zapraszamy do kontaktu z nami, zadaj jakiekolwiek pytanie tutaj.","og_url":"https:\/\/ohmytuft.com\/pl\/program-afiliacyjny\/","og_site_name":"Ohmytuft.com","article_modified_time":"2023-05-12T14:46:00+00:00","twitter_card":"summary_large_image","schema":{"@context":"https:\/\/schema.org","@graph":[{"@type":"WebPage","@id":"https:\/\/ohmytuft.com\/pl\/program-afiliacyjny\/","url":"https:\/\/ohmytuft.com\/pl\/program-afiliacyjny\/","name":"Tufting Affiliate Program - Ohmytuft.com","isPartOf":{"@id":"https:\/\/ohmytuft.com\/pl\/#website"},"datePublished":"2023-04-03T14:25:43+00:00","dateModified":"2023-05-12T14:46:00+00:00","breadcrumb":{"@id":"https:\/\/ohmytuft.com\/pl\/program-afiliacyjny\/#breadcrumb"},"inLanguage":"pl-PL","potentialAction":[{"@type":"ReadAction","target":["https:\/\/ohmytuft.com\/pl\/program-afiliacyjny\/"]}]},{"@type":"BreadcrumbList","@id":"https:\/\/ohmytuft.com\/pl\/program-afiliacyjny\/#breadcrumb","itemListElement":[{"@type":"ListItem","position":1,"name":"Home","item":"https:\/\/ohmytuft.com\/pl\/"},{"@type":"ListItem","position":2,"name":"Program afiliacyjny"}]},{"@type":"WebSite","@id":"https:\/\/ohmytuft.com\/pl\/#website","url":"https:\/\/ohmytuft.com\/pl\/","name":"Oh my tuft","description":"Oh my tuft","publisher":{"@id":"https:\/\/ohmytuft.com\/pl\/#organization"},"potentialAction":[{"@type":"SearchAction","target":{"@type":"EntryPoint","urlTemplate":"https:\/\/ohmytuft.com\/pl\/?s={search_term_string}"},"query-input":{"@type":"PropertyValueSpecification","valueRequired":true,"valueName":"search_term_string"}}],"inLanguage":"pl-PL"},{"@type":"Organization","@id":"https:\/\/ohmytuft.com\/pl\/#organization","name":"Oh my tuft","url":"https:\/\/ohmytuft.com\/pl\/","logo":{"@type":"ImageObject","inLanguage":"pl-PL","@id":"https:\/\/ohmytuft.com\/pl\/#\/schema\/logo\/image\/","url":"https:\/\/ohmytuft.com\/wp-content\/uploads\/2021\/02\/WEB-20.png","contentUrl":"https:\/\/ohmytuft.com\/wp-content\/uploads\/2021\/02\/WEB-20.png","width":2085,"height":764,"caption":"Oh my tuft"},"image":{"@id":"https:\/\/ohmytuft.com\/pl\/#\/schema\/logo\/image\/"},"sameAs":["https:\/\/www.instagram.com\/tuftinggunsupplies\/","https:\/\/www.tiktok.com\/@tuftinggun"]}]}},"_links":{"self":[{"href":"https:\/\/ohmytuft.com\/pl\/wp-json\/wp\/v2\/pages\/3452","targetHints":{"allow":["GET"]}}],"collection":[{"href":"https:\/\/ohmytuft.com\/pl\/wp-json\/wp\/v2\/pages"}],"about":[{"href":"https:\/\/ohmytuft.com\/pl\/wp-json\/wp\/v2\/types\/page"}],"author":[{"embeddable":true,"href":"https:\/\/ohmytuft.com\/pl\/wp-json\/wp\/v2\/users\/3"}],"replies":[{"embeddable":true,"href":"https:\/\/ohmytuft.com\/pl\/wp-json\/wp\/v2\/comments?post=3452"}],"version-history":[{"count":0,"href":"https:\/\/ohmytuft.com\/pl\/wp-json\/wp\/v2\/pages\/3452\/revisions"}],"wp:attachment":[{"href":"https:\/\/ohmytuft.com\/pl\/wp-json\/wp\/v2\/media?parent=3452"}],"curies":[{"name":"wp","href":"https:\/\/api.w.org\/{rel}","templated":true}]}}