{"id":3454,"date":"2020-10-06T14:45:35","date_gmt":"2020-10-06T14:45:35","guid":{"rendered":"https:\/\/ohmytuft.com\/o-nas\/"},"modified":"2023-05-12T14:48:38","modified_gmt":"2023-05-12T14:48:38","slug":"o-nas","status":"publish","type":"page","link":"https:\/\/ohmytuft.com\/pl\/o-nas\/","title":{"rendered":"O nas"},"content":{"rendered":"\n<p>Jeste\u015bmy grup\u0105 rzemie\u015blnik\u00f3w i projektant\u00f3w z siedzib\u0105 w Madrycie w Hiszpanii, gdzie prowadzimy ma\u0142e atelier tuftingu. Otworzyli\u015bmy ten sklep, aby pom\u00f3c Ci znale\u017a\u0107 najlepszej jako\u015bci materia\u0142y eksploatacyjne do Twoich dywan\u00f3w w Europie, maj\u0105c nadziej\u0119, \u017ce u\u0142atwimy Ci \u017cycie. <\/p>\n\n<h2 class=\"wp-block-heading\">Zapisz si\u0119 teraz i otrzymaj 20\u20ac* zni\u017cki<\/h2>\n<p>[mc4wp_form id=&#8221;79&#8243;]<\/p>\n\n<p>* dotyczy tylko pistolet\u00f3w do tuftowania<\/p>\n","protected":false},"excerpt":{"rendered":"<p>Jeste\u015bmy grup\u0105 rzemie\u015blnik\u00f3w i projektant\u00f3w z siedzib\u0105 w Madrycie w Hiszpanii, gdzie prowadzimy ma\u0142e atelier tuftingu. Otworzyli\u015bmy ten sklep, aby pom\u00f3c Ci znale\u017a\u0107 najlepszej jako\u015bci materia\u0142y eksploatacyjne do Twoich dywan\u00f3w w Europie, maj\u0105c nadziej\u0119, \u017ce u\u0142atwimy Ci \u017cycie. Zapisz si\u0119 teraz i otrzymaj 20\u20ac* zni\u017cki * dotyczy tylko pistolet\u00f3w do tuftowania<\/p>\n","protected":false},"author":3,"featured_media":0,"parent":0,"menu_order":0,"comment_status":"closed","ping_status":"closed","template":"","meta":{"_joinchat":[],"footnotes":""},"class_list":["post-3454","page","type-page","status-publish","hentry"],"yoast_head":"<!-- This site is optimized with the Yoast SEO plugin v27.2 - https:\/\/yoast.com\/product\/yoast-seo-wordpress\/ -->\n<title>O nas - Ohmytuft.com<\/title>\n<meta name=\"robots\" content=\"index, follow, max-snippet:-1, max-image-preview:large, max-video-preview:-1\" \/>\n<link rel=\"canonical\" href=\"https:\/\/ohmytuft.com\/pl\/o-nas\/\" \/>\n<meta property=\"og:locale\" content=\"pl_PL\" \/>\n<meta property=\"og:type\" content=\"article\" \/>\n<meta property=\"og:title\" content=\"O nas - Ohmytuft.com\" \/>\n<meta property=\"og:description\" content=\"Jeste\u015bmy grup\u0105 rzemie\u015blnik\u00f3w i projektant\u00f3w z siedzib\u0105 w Madrycie w Hiszpanii, gdzie prowadzimy ma\u0142e atelier tuftingu. Otworzyli\u015bmy ten sklep, aby pom\u00f3c Ci znale\u017a\u0107 najlepszej jako\u015bci materia\u0142y eksploatacyjne do Twoich dywan\u00f3w w Europie, maj\u0105c nadziej\u0119, \u017ce u\u0142atwimy Ci \u017cycie. Zapisz si\u0119 teraz i otrzymaj 20\u20ac* zni\u017cki * dotyczy tylko pistolet\u00f3w do tuftowania\" \/>\n<meta property=\"og:url\" content=\"https:\/\/ohmytuft.com\/pl\/o-nas\/\" \/>\n<meta property=\"og:site_name\" content=\"Ohmytuft.com\" \/>\n<meta property=\"article:modified_time\" content=\"2023-05-12T14:48:38+00:00\" \/>\n<meta name=\"twitter:card\" content=\"summary_large_image\" \/>\n<script type=\"application\/ld+json\" class=\"yoast-schema-graph\">{\"@context\":\"https:\/\/schema.org\",\"@graph\":[{\"@type\":\"WebPage\",\"@id\":\"https:\/\/ohmytuft.com\/pl\/o-nas\/\",\"url\":\"https:\/\/ohmytuft.com\/pl\/o-nas\/\",\"name\":\"O nas - Ohmytuft.com\",\"isPartOf\":{\"@id\":\"https:\/\/ohmytuft.com\/pl\/#website\"},\"datePublished\":\"2020-10-06T14:45:35+00:00\",\"dateModified\":\"2023-05-12T14:48:38+00:00\",\"breadcrumb\":{\"@id\":\"https:\/\/ohmytuft.com\/pl\/o-nas\/#breadcrumb\"},\"inLanguage\":\"pl-PL\",\"potentialAction\":[{\"@type\":\"ReadAction\",\"target\":[\"https:\/\/ohmytuft.com\/pl\/o-nas\/\"]}]},{\"@type\":\"BreadcrumbList\",\"@id\":\"https:\/\/ohmytuft.com\/pl\/o-nas\/#breadcrumb\",\"itemListElement\":[{\"@type\":\"ListItem\",\"position\":1,\"name\":\"Home\",\"item\":\"https:\/\/ohmytuft.com\/pl\/\"},{\"@type\":\"ListItem\",\"position\":2,\"name\":\"O nas\"}]},{\"@type\":\"WebSite\",\"@id\":\"https:\/\/ohmytuft.com\/pl\/#website\",\"url\":\"https:\/\/ohmytuft.com\/pl\/\",\"name\":\"Oh my tuft\",\"description\":\"Oh my tuft\",\"publisher\":{\"@id\":\"https:\/\/ohmytuft.com\/pl\/#organization\"},\"potentialAction\":[{\"@type\":\"SearchAction\",\"target\":{\"@type\":\"EntryPoint\",\"urlTemplate\":\"https:\/\/ohmytuft.com\/pl\/?s={search_term_string}\"},\"query-input\":{\"@type\":\"PropertyValueSpecification\",\"valueRequired\":true,\"valueName\":\"search_term_string\"}}],\"inLanguage\":\"pl-PL\"},{\"@type\":\"Organization\",\"@id\":\"https:\/\/ohmytuft.com\/pl\/#organization\",\"name\":\"Oh my tuft\",\"url\":\"https:\/\/ohmytuft.com\/pl\/\",\"logo\":{\"@type\":\"ImageObject\",\"inLanguage\":\"pl-PL\",\"@id\":\"https:\/\/ohmytuft.com\/pl\/#\/schema\/logo\/image\/\",\"url\":\"https:\/\/ohmytuft.com\/wp-content\/uploads\/2021\/02\/WEB-20.png\",\"contentUrl\":\"https:\/\/ohmytuft.com\/wp-content\/uploads\/2021\/02\/WEB-20.png\",\"width\":2085,\"height\":764,\"caption\":\"Oh my tuft\"},\"image\":{\"@id\":\"https:\/\/ohmytuft.com\/pl\/#\/schema\/logo\/image\/\"},\"sameAs\":[\"https:\/\/www.instagram.com\/tuftinggunsupplies\/\",\"https:\/\/www.tiktok.com\/@tuftinggun\"]}]}<\/script>\n<!-- \/ Yoast SEO plugin. -->","yoast_head_json":{"title":"O nas - Ohmytuft.com","robots":{"index":"index","follow":"follow","max-snippet":"max-snippet:-1","max-image-preview":"max-image-preview:large","max-video-preview":"max-video-preview:-1"},"canonical":"https:\/\/ohmytuft.com\/pl\/o-nas\/","og_locale":"pl_PL","og_type":"article","og_title":"O nas - Ohmytuft.com","og_description":"Jeste\u015bmy grup\u0105 rzemie\u015blnik\u00f3w i projektant\u00f3w z siedzib\u0105 w Madrycie w Hiszpanii, gdzie prowadzimy ma\u0142e atelier tuftingu. Otworzyli\u015bmy ten sklep, aby pom\u00f3c Ci znale\u017a\u0107 najlepszej jako\u015bci materia\u0142y eksploatacyjne do Twoich dywan\u00f3w w Europie, maj\u0105c nadziej\u0119, \u017ce u\u0142atwimy Ci \u017cycie. Zapisz si\u0119 teraz i otrzymaj 20\u20ac* zni\u017cki * dotyczy tylko pistolet\u00f3w do tuftowania","og_url":"https:\/\/ohmytuft.com\/pl\/o-nas\/","og_site_name":"Ohmytuft.com","article_modified_time":"2023-05-12T14:48:38+00:00","twitter_card":"summary_large_image","schema":{"@context":"https:\/\/schema.org","@graph":[{"@type":"WebPage","@id":"https:\/\/ohmytuft.com\/pl\/o-nas\/","url":"https:\/\/ohmytuft.com\/pl\/o-nas\/","name":"O nas - Ohmytuft.com","isPartOf":{"@id":"https:\/\/ohmytuft.com\/pl\/#website"},"datePublished":"2020-10-06T14:45:35+00:00","dateModified":"2023-05-12T14:48:38+00:00","breadcrumb":{"@id":"https:\/\/ohmytuft.com\/pl\/o-nas\/#breadcrumb"},"inLanguage":"pl-PL","potentialAction":[{"@type":"ReadAction","target":["https:\/\/ohmytuft.com\/pl\/o-nas\/"]}]},{"@type":"BreadcrumbList","@id":"https:\/\/ohmytuft.com\/pl\/o-nas\/#breadcrumb","itemListElement":[{"@type":"ListItem","position":1,"name":"Home","item":"https:\/\/ohmytuft.com\/pl\/"},{"@type":"ListItem","position":2,"name":"O nas"}]},{"@type":"WebSite","@id":"https:\/\/ohmytuft.com\/pl\/#website","url":"https:\/\/ohmytuft.com\/pl\/","name":"Oh my tuft","description":"Oh my tuft","publisher":{"@id":"https:\/\/ohmytuft.com\/pl\/#organization"},"potentialAction":[{"@type":"SearchAction","target":{"@type":"EntryPoint","urlTemplate":"https:\/\/ohmytuft.com\/pl\/?s={search_term_string}"},"query-input":{"@type":"PropertyValueSpecification","valueRequired":true,"valueName":"search_term_string"}}],"inLanguage":"pl-PL"},{"@type":"Organization","@id":"https:\/\/ohmytuft.com\/pl\/#organization","name":"Oh my tuft","url":"https:\/\/ohmytuft.com\/pl\/","logo":{"@type":"ImageObject","inLanguage":"pl-PL","@id":"https:\/\/ohmytuft.com\/pl\/#\/schema\/logo\/image\/","url":"https:\/\/ohmytuft.com\/wp-content\/uploads\/2021\/02\/WEB-20.png","contentUrl":"https:\/\/ohmytuft.com\/wp-content\/uploads\/2021\/02\/WEB-20.png","width":2085,"height":764,"caption":"Oh my tuft"},"image":{"@id":"https:\/\/ohmytuft.com\/pl\/#\/schema\/logo\/image\/"},"sameAs":["https:\/\/www.instagram.com\/tuftinggunsupplies\/","https:\/\/www.tiktok.com\/@tuftinggun"]}]}},"_links":{"self":[{"href":"https:\/\/ohmytuft.com\/pl\/wp-json\/wp\/v2\/pages\/3454","targetHints":{"allow":["GET"]}}],"collection":[{"href":"https:\/\/ohmytuft.com\/pl\/wp-json\/wp\/v2\/pages"}],"about":[{"href":"https:\/\/ohmytuft.com\/pl\/wp-json\/wp\/v2\/types\/page"}],"author":[{"embeddable":true,"href":"https:\/\/ohmytuft.com\/pl\/wp-json\/wp\/v2\/users\/3"}],"replies":[{"embeddable":true,"href":"https:\/\/ohmytuft.com\/pl\/wp-json\/wp\/v2\/comments?post=3454"}],"version-history":[{"count":0,"href":"https:\/\/ohmytuft.com\/pl\/wp-json\/wp\/v2\/pages\/3454\/revisions"}],"wp:attachment":[{"href":"https:\/\/ohmytuft.com\/pl\/wp-json\/wp\/v2\/media?parent=3454"}],"curies":[{"name":"wp","href":"https:\/\/api.w.org\/{rel}","templated":true}]}}