{"id":6683,"date":"2020-10-08T16:26:21","date_gmt":"2020-10-08T16:26:21","guid":{"rendered":"https:\/\/ohmytuft.com\/cookies\/"},"modified":"2024-03-13T18:43:58","modified_gmt":"2024-03-13T18:43:58","slug":"cookies","status":"publish","type":"page","link":"https:\/\/ohmytuft.com\/pl\/cookies\/","title":{"rendered":"Cookies"},"content":{"rendered":"\n<p>To jest polityka plik\u00f3w cookie dla Tufting Gun Supplies, dost\u0119pna pod adresem https:\/\/ohmytuft.com.<\/p>\n\n<p><strong>Czym s\u0105 pliki cookie?<\/strong><\/p>\n\n<p>Podobnie jak w przypadku prawie wszystkich profesjonalnych witryn internetowych, ta witryna wykorzystuje pliki cookie, kt\u00f3re s\u0105 ma\u0142ymi plikami pobieranymi na komputer u\u017cytkownika w celu poprawy komfortu u\u017cytkowania. Na tej stronie opisano, jakie informacje gromadz\u0105, w jaki spos\u00f3b je wykorzystujemy i dlaczego czasami musimy przechowywa\u0107 te pliki cookie. Udost\u0119pnimy r\u00f3wnie\u017c spos\u00f3b, w jaki mo\u017cna zapobiec przechowywaniu tych plik\u00f3w cookie, jednak mo\u017ce to obni\u017cy\u0107 lub &#8222;zepsu\u0107&#8221; niekt\u00f3re elementy funkcjonalno\u015bci witryn.<\/p>\n\n<p>Wi\u0119cej og\u00f3lnych informacji na temat plik\u00f3w cookie mo\u017cna znale\u017a\u0107 w sekcji <a href=\"https:\/\/www.cookieconsent.com\/what-are-cookies\/\">&#8222;Czym s\u0105 pliki cookie&#8221;<\/a>.  <\/p>\n\n<p><strong>Jak wykorzystujemy pliki cookie<\/strong><\/p>\n\n<p>U\u017cywamy plik\u00f3w cookie z r\u00f3\u017cnych powod\u00f3w opisanych poni\u017cej. Niestety w wi\u0119kszo\u015bci przypadk\u00f3w nie ma standardowych opcji wy\u0142\u0105czenia plik\u00f3w cookie bez ca\u0142kowitego wy\u0142\u0105czenia funkcjonalno\u015bci i funkcji, kt\u00f3re dodaj\u0105 do tej witryny. Zaleca si\u0119 pozostawienie wszystkich plik\u00f3w cookie, je\u015bli nie masz pewno\u015bci, czy ich potrzebujesz, czy nie, w przypadku gdy s\u0105 one u\u017cywane do \u015bwiadczenia us\u0142ug, z kt\u00f3rych korzystasz.<\/p>\n\n<p><strong>Wy\u0142\u0105czanie plik\u00f3w cookie<\/strong><\/p>\n\n<p>U\u017cytkownik mo\u017ce uniemo\u017cliwi\u0107 ustawianie plik\u00f3w cookie, dostosowuj\u0105c ustawienia przegl\u0105darki (aby dowiedzie\u0107 si\u0119, jak to zrobi\u0107, zapoznaj si\u0119 z pomoc\u0105 przegl\u0105darki). Nale\u017cy pami\u0119ta\u0107, \u017ce wy\u0142\u0105czenie plik\u00f3w cookie wp\u0142ynie na funkcjonalno\u015b\u0107 tej i wielu innych odwiedzanych witryn internetowych. Wy\u0142\u0105czenie plik\u00f3w cookie zwykle powoduje r\u00f3wnie\u017c wy\u0142\u0105czenie niekt\u00f3rych funkcji i funkcji tej witryny. Dlatego zaleca si\u0119, aby nie wy\u0142\u0105cza\u0107 plik\u00f3w cookie.<\/p>\n\n<p><strong>Ustawiane przez nas pliki cookie<\/strong><\/p>\n\n<ul class=\"wp-block-list\"><li>Pliki cookie zwi\u0105zane z kontem Je\u015bli u\u017cytkownik utworzy u nas konto, b\u0119dziemy u\u017cywa\u0107 plik\u00f3w cookie do zarz\u0105dzania procesem rejestracji i og\u00f3ln\u0105 administracj\u0105. Te pliki cookie s\u0105 zazwyczaj usuwane po wylogowaniu, jednak w niekt\u00f3rych przypadkach mog\u0105 pozosta\u0107, aby zapami\u0119ta\u0107 preferencje witryny po wylogowaniu.<\/li><li>Pliki cookie zwi\u0105zane z logowaniem U\u017cywamy plik\u00f3w cookie, gdy u\u017cytkownik jest zalogowany, aby\u015bmy mogli zapami\u0119ta\u0107 ten fakt. Zapobiega to konieczno\u015bci logowania si\u0119 za ka\u017cdym razem, gdy odwiedzasz now\u0105 stron\u0119. Te pliki cookie s\u0105 zazwyczaj usuwane lub czyszczone po wylogowaniu, aby zapewni\u0107 dost\u0119p do zastrze\u017conych funkcji i obszar\u00f3w tylko po zalogowaniu.<\/li><li>Pliki cookie zwi\u0105zane z biuletynami e-mail Ta witryna oferuje us\u0142ugi subskrypcji biuletyn\u00f3w lub wiadomo\u015bci e-mail, a pliki cookie mog\u0105 by\u0107 u\u017cywane do zapami\u0119tywania, czy u\u017cytkownik jest ju\u017c zarejestrowany i czy wy\u015bwietla\u0107 okre\u015blone powiadomienia, kt\u00f3re mog\u0105 by\u0107 wa\u017cne tylko dla subskrybowanych\/nie subskrybowanych u\u017cytkownik\u00f3w.<\/li><li>Pliki cookie zwi\u0105zane z przetwarzaniem zam\u00f3wie\u0144 Ta witryna oferuje funkcje handlu elektronicznego lub p\u0142atno\u015bci, a niekt\u00f3re pliki cookie s\u0105 niezb\u0119dne do zapewnienia, \u017ce zam\u00f3wienie jest zapami\u0119tywane mi\u0119dzy stronami, aby\u015bmy mogli je prawid\u0142owo przetworzy\u0107.<\/li><li>Pliki cookie zwi\u0105zane z formularzami Gdy u\u017cytkownik przesy\u0142a dane za po\u015brednictwem formularza, takiego jak te znajduj\u0105ce si\u0119 na stronach kontaktowych lub formularzach komentarzy, pliki cookie mog\u0105 zosta\u0107 ustawione w celu zapami\u0119tania danych u\u017cytkownika na potrzeby przysz\u0142ej korespondencji.<\/li><\/ul>\n\n<p><strong>Pliki cookie stron trzecich<\/strong><\/p>\n\n<p>W niekt\u00f3rych szczeg\u00f3lnych przypadkach korzystamy r\u00f3wnie\u017c z plik\u00f3w cookie dostarczanych przez zaufane strony trzecie. Poni\u017csza sekcja zawiera szczeg\u00f3\u0142owe informacje na temat plik\u00f3w cookie stron trzecich, kt\u00f3re mo\u017cna napotka\u0107 za po\u015brednictwem tej witryny.<\/p>\n\n<ul class=\"wp-block-list\"><li>Ta witryna korzysta z Google Analytics, kt\u00f3re jest jednym z najbardziej rozpowszechnionych i zaufanych rozwi\u0105za\u0144 analitycznych w Internecie, pomagaj\u0105cym nam zrozumie\u0107, w jaki spos\u00f3b korzystasz z witryny i w jaki spos\u00f3b mo\u017cemy poprawi\u0107 Twoje wra\u017cenia. Te pliki cookie mog\u0105 \u015bledzi\u0107 takie rzeczy, jak czas sp\u0119dzony w witrynie i odwiedzane strony, dzi\u0119ki czemu mo\u017cemy nadal tworzy\u0107 interesuj\u0105ce tre\u015bci. Wi\u0119cej informacji na temat plik\u00f3w cookie Google Analytics mo\u017cna znale\u017a\u0107 na oficjalnej stronie Google Analytics.<\/li><li>U\u017cywamy r\u00f3wnie\u017c przycisk\u00f3w medi\u00f3w spo\u0142eczno\u015bciowych i\/lub wtyczek na tej stronie, kt\u00f3re umo\u017cliwiaj\u0105 \u0142\u0105czenie si\u0119 z sieci\u0105 spo\u0142eczno\u015bciow\u0105 na r\u00f3\u017cne sposoby. Aby dzia\u0142a\u0142y, nast\u0119puj\u0105ce serwisy spo\u0142eczno\u015bciowe, w tym: Instagram, Tik Tok, Youtube, b\u0119d\u0105 ustawia\u0107 pliki cookie za po\u015brednictwem naszej witryny, kt\u00f3re mog\u0105 by\u0107 wykorzystywane do ulepszania profilu u\u017cytkownika na ich stronie lub przyczynia\u0107 si\u0119 do danych, kt\u00f3re przechowuj\u0105 do r\u00f3\u017cnych cel\u00f3w okre\u015blonych w ich odpowiednich politykach prywatno\u015bci.<\/li><\/ul>\n\n<p><strong>Wi\u0119cej informacji<\/strong><\/p>\n\n<p>Mamy nadziej\u0119, \u017ce to wszystko wyja\u015bni\u0142o i jak wspomniano wcze\u015bniej, je\u015bli jest co\u015b, czego nie jeste\u015b pewien, czy potrzebujesz, czy nie, zwykle bezpieczniej jest pozostawi\u0107 w\u0142\u0105czone pliki cookie na wypadek, gdyby wchodzi\u0142y one w interakcj\u0119 z jedn\u0105 z funkcji u\u017cywanych w naszej witrynie.<\/p>\n\n<p>Je\u015bli jednak nadal szukasz wi\u0119cej informacji, mo\u017cesz skontaktowa\u0107 si\u0119 z nami za pomoc\u0105 jednej z naszych preferowanych metod kontaktu:<\/p>\n\n<ul class=\"wp-block-list\"><li>Odwiedzaj\u0105c ten link: https:\/\/ohmytuft.com\/contact\/<\/li><\/ul>\n","protected":false},"excerpt":{"rendered":"<p>To jest polityka plik\u00f3w cookie dla Tufting Gun Supplies, dost\u0119pna pod adresem https:\/\/ohmytuft.com. Czym s\u0105 pliki cookie? Podobnie jak w przypadku prawie wszystkich profesjonalnych witryn internetowych, ta witryna wykorzystuje pliki cookie, kt\u00f3re s\u0105 ma\u0142ymi plikami pobieranymi na komputer u\u017cytkownika w celu poprawy komfortu u\u017cytkowania. Na tej stronie opisano, jakie informacje gromadz\u0105, w jaki spos\u00f3b je [&hellip;]<\/p>\n","protected":false},"author":3,"featured_media":0,"parent":0,"menu_order":0,"comment_status":"closed","ping_status":"closed","template":"","meta":{"_joinchat":[],"footnotes":""},"class_list":["post-6683","page","type-page","status-publish","hentry"],"yoast_head":"<!-- This site is optimized with the Yoast SEO plugin v27.2 - https:\/\/yoast.com\/product\/yoast-seo-wordpress\/ -->\n<title>Cookies - Ohmytuft.com<\/title>\n<meta name=\"robots\" content=\"noindex, follow\" \/>\n<meta property=\"og:locale\" content=\"pl_PL\" \/>\n<meta property=\"og:type\" content=\"article\" \/>\n<meta property=\"og:title\" content=\"Cookies - Ohmytuft.com\" \/>\n<meta property=\"og:description\" content=\"To jest polityka plik\u00f3w cookie dla Tufting Gun Supplies, dost\u0119pna pod adresem https:\/\/ohmytuft.com. Czym s\u0105 pliki cookie? Podobnie jak w przypadku prawie wszystkich profesjonalnych witryn internetowych, ta witryna wykorzystuje pliki cookie, kt\u00f3re s\u0105 ma\u0142ymi plikami pobieranymi na komputer u\u017cytkownika w celu poprawy komfortu u\u017cytkowania. Na tej stronie opisano, jakie informacje gromadz\u0105, w jaki spos\u00f3b je [&hellip;]\" \/>\n<meta property=\"og:url\" content=\"https:\/\/ohmytuft.com\/pl\/cookies\/\" \/>\n<meta property=\"og:site_name\" content=\"Ohmytuft.com\" \/>\n<meta property=\"article:modified_time\" content=\"2024-03-13T18:43:58+00:00\" \/>\n<meta name=\"twitter:card\" content=\"summary_large_image\" \/>\n<meta name=\"twitter:label1\" content=\"Szacowany czas czytania\" \/>\n\t<meta name=\"twitter:data1\" content=\"4 minuty\" \/>\n<script type=\"application\/ld+json\" class=\"yoast-schema-graph\">{\"@context\":\"https:\/\/schema.org\",\"@graph\":[{\"@type\":\"WebPage\",\"@id\":\"https:\/\/ohmytuft.com\/pl\/cookies\/\",\"url\":\"https:\/\/ohmytuft.com\/pl\/cookies\/\",\"name\":\"Cookies - Ohmytuft.com\",\"isPartOf\":{\"@id\":\"https:\/\/ohmytuft.com\/pl\/#website\"},\"datePublished\":\"2020-10-08T16:26:21+00:00\",\"dateModified\":\"2024-03-13T18:43:58+00:00\",\"breadcrumb\":{\"@id\":\"https:\/\/ohmytuft.com\/pl\/cookies\/#breadcrumb\"},\"inLanguage\":\"pl-PL\",\"potentialAction\":[{\"@type\":\"ReadAction\",\"target\":[\"https:\/\/ohmytuft.com\/pl\/cookies\/\"]}]},{\"@type\":\"BreadcrumbList\",\"@id\":\"https:\/\/ohmytuft.com\/pl\/cookies\/#breadcrumb\",\"itemListElement\":[{\"@type\":\"ListItem\",\"position\":1,\"name\":\"Home\",\"item\":\"https:\/\/ohmytuft.com\/pl\/\"},{\"@type\":\"ListItem\",\"position\":2,\"name\":\"Cookies\"}]},{\"@type\":\"WebSite\",\"@id\":\"https:\/\/ohmytuft.com\/pl\/#website\",\"url\":\"https:\/\/ohmytuft.com\/pl\/\",\"name\":\"Oh my tuft\",\"description\":\"Oh my tuft\",\"publisher\":{\"@id\":\"https:\/\/ohmytuft.com\/pl\/#organization\"},\"potentialAction\":[{\"@type\":\"SearchAction\",\"target\":{\"@type\":\"EntryPoint\",\"urlTemplate\":\"https:\/\/ohmytuft.com\/pl\/?s={search_term_string}\"},\"query-input\":{\"@type\":\"PropertyValueSpecification\",\"valueRequired\":true,\"valueName\":\"search_term_string\"}}],\"inLanguage\":\"pl-PL\"},{\"@type\":\"Organization\",\"@id\":\"https:\/\/ohmytuft.com\/pl\/#organization\",\"name\":\"Oh my tuft\",\"url\":\"https:\/\/ohmytuft.com\/pl\/\",\"logo\":{\"@type\":\"ImageObject\",\"inLanguage\":\"pl-PL\",\"@id\":\"https:\/\/ohmytuft.com\/pl\/#\/schema\/logo\/image\/\",\"url\":\"https:\/\/ohmytuft.com\/wp-content\/uploads\/2021\/02\/WEB-20.png\",\"contentUrl\":\"https:\/\/ohmytuft.com\/wp-content\/uploads\/2021\/02\/WEB-20.png\",\"width\":2085,\"height\":764,\"caption\":\"Oh my tuft\"},\"image\":{\"@id\":\"https:\/\/ohmytuft.com\/pl\/#\/schema\/logo\/image\/\"},\"sameAs\":[\"https:\/\/www.instagram.com\/tuftinggunsupplies\/\",\"https:\/\/www.tiktok.com\/@tuftinggun\"]}]}<\/script>\n<!-- \/ Yoast SEO plugin. -->","yoast_head_json":{"title":"Cookies - Ohmytuft.com","robots":{"index":"noindex","follow":"follow"},"og_locale":"pl_PL","og_type":"article","og_title":"Cookies - Ohmytuft.com","og_description":"To jest polityka plik\u00f3w cookie dla Tufting Gun Supplies, dost\u0119pna pod adresem https:\/\/ohmytuft.com. Czym s\u0105 pliki cookie? Podobnie jak w przypadku prawie wszystkich profesjonalnych witryn internetowych, ta witryna wykorzystuje pliki cookie, kt\u00f3re s\u0105 ma\u0142ymi plikami pobieranymi na komputer u\u017cytkownika w celu poprawy komfortu u\u017cytkowania. Na tej stronie opisano, jakie informacje gromadz\u0105, w jaki spos\u00f3b je [&hellip;]","og_url":"https:\/\/ohmytuft.com\/pl\/cookies\/","og_site_name":"Ohmytuft.com","article_modified_time":"2024-03-13T18:43:58+00:00","twitter_card":"summary_large_image","twitter_misc":{"Szacowany czas czytania":"4 minuty"},"schema":{"@context":"https:\/\/schema.org","@graph":[{"@type":"WebPage","@id":"https:\/\/ohmytuft.com\/pl\/cookies\/","url":"https:\/\/ohmytuft.com\/pl\/cookies\/","name":"Cookies - Ohmytuft.com","isPartOf":{"@id":"https:\/\/ohmytuft.com\/pl\/#website"},"datePublished":"2020-10-08T16:26:21+00:00","dateModified":"2024-03-13T18:43:58+00:00","breadcrumb":{"@id":"https:\/\/ohmytuft.com\/pl\/cookies\/#breadcrumb"},"inLanguage":"pl-PL","potentialAction":[{"@type":"ReadAction","target":["https:\/\/ohmytuft.com\/pl\/cookies\/"]}]},{"@type":"BreadcrumbList","@id":"https:\/\/ohmytuft.com\/pl\/cookies\/#breadcrumb","itemListElement":[{"@type":"ListItem","position":1,"name":"Home","item":"https:\/\/ohmytuft.com\/pl\/"},{"@type":"ListItem","position":2,"name":"Cookies"}]},{"@type":"WebSite","@id":"https:\/\/ohmytuft.com\/pl\/#website","url":"https:\/\/ohmytuft.com\/pl\/","name":"Oh my tuft","description":"Oh my tuft","publisher":{"@id":"https:\/\/ohmytuft.com\/pl\/#organization"},"potentialAction":[{"@type":"SearchAction","target":{"@type":"EntryPoint","urlTemplate":"https:\/\/ohmytuft.com\/pl\/?s={search_term_string}"},"query-input":{"@type":"PropertyValueSpecification","valueRequired":true,"valueName":"search_term_string"}}],"inLanguage":"pl-PL"},{"@type":"Organization","@id":"https:\/\/ohmytuft.com\/pl\/#organization","name":"Oh my tuft","url":"https:\/\/ohmytuft.com\/pl\/","logo":{"@type":"ImageObject","inLanguage":"pl-PL","@id":"https:\/\/ohmytuft.com\/pl\/#\/schema\/logo\/image\/","url":"https:\/\/ohmytuft.com\/wp-content\/uploads\/2021\/02\/WEB-20.png","contentUrl":"https:\/\/ohmytuft.com\/wp-content\/uploads\/2021\/02\/WEB-20.png","width":2085,"height":764,"caption":"Oh my tuft"},"image":{"@id":"https:\/\/ohmytuft.com\/pl\/#\/schema\/logo\/image\/"},"sameAs":["https:\/\/www.instagram.com\/tuftinggunsupplies\/","https:\/\/www.tiktok.com\/@tuftinggun"]}]}},"_links":{"self":[{"href":"https:\/\/ohmytuft.com\/pl\/wp-json\/wp\/v2\/pages\/6683","targetHints":{"allow":["GET"]}}],"collection":[{"href":"https:\/\/ohmytuft.com\/pl\/wp-json\/wp\/v2\/pages"}],"about":[{"href":"https:\/\/ohmytuft.com\/pl\/wp-json\/wp\/v2\/types\/page"}],"author":[{"embeddable":true,"href":"https:\/\/ohmytuft.com\/pl\/wp-json\/wp\/v2\/users\/3"}],"replies":[{"embeddable":true,"href":"https:\/\/ohmytuft.com\/pl\/wp-json\/wp\/v2\/comments?post=6683"}],"version-history":[{"count":0,"href":"https:\/\/ohmytuft.com\/pl\/wp-json\/wp\/v2\/pages\/6683\/revisions"}],"wp:attachment":[{"href":"https:\/\/ohmytuft.com\/pl\/wp-json\/wp\/v2\/media?parent=6683"}],"curies":[{"name":"wp","href":"https:\/\/api.w.org\/{rel}","templated":true}]}}