{"id":6699,"date":"2021-02-28T21:01:54","date_gmt":"2021-02-28T21:01:54","guid":{"rendered":"https:\/\/ohmytuft.com\/zasady-i-warunki\/"},"modified":"2024-03-13T18:43:58","modified_gmt":"2024-03-13T18:43:58","slug":"zasady-i-warunki","status":"publish","type":"page","link":"https:\/\/ohmytuft.com\/pl\/zasady-i-warunki\/","title":{"rendered":"Zasady i warunki"},"content":{"rendered":"\n<h3 class=\"wp-block-heading\">Kraje wysy\u0142ki<\/h3>\n\n<p>Wysy\u0142amy nasze produkty z Hiszpanii na terenie ca\u0142ej Unii Europejskiej, kt\u00f3ra obejmuje nast\u0119puj\u0105ce kraje:<\/p>\n\n<p>Austria, Belgia, Bu\u0142garia, Chorwacja, Republika Cypryjska, Czechy, Dania, Estonia, Finlandia, Francja, Niemcy, Grecja, W\u0119gry, Irlandia, W\u0142ochy, \u0141otwa, Litwa, Luksemburg, Malta, Holandia, Polska, Portugalia, Rumunia, S\u0142owacja, S\u0142owenia, Hiszpania i Szwecja.<\/p>\n\n<h3 class=\"wp-block-heading\">Koszty wysy\u0142ki<\/h3>\n\n<p>Koszt wysy\u0142ki zostanie obliczony na podstawie preferencji dotycz\u0105cych czasu dostawy, wielko\u015bci zam\u00f3wienia i kraju dostawy.  <\/p>\n\n<p>Dodaj produkty do koszyka i wybierz preferencje. Koszty wysy\u0142ki s\u0105 obliczane automatycznie.<\/p>\n\n<h3 class=\"wp-block-heading\">Darmowa wysy\u0142ka<\/h3>\n\n<p>Oferujemy bezp\u0142atn\u0105 wysy\u0142k\u0119 przy zam\u00f3wieniach powy\u017cej 100 \u20ac<\/p>\n\n<h3 class=\"wp-block-heading\">Polityka zwrot\u00f3w<\/h3>\n\n<p>Zwroty b\u0119d\u0105 dokonywane w ci\u0105gu 14 dni od otrzymania przesy\u0142ki. Kupuj\u0105cy musi ponie\u015b\u0107 koszty zwrotu.  <\/p>\n\n<p>Nieodebrane paczki zostan\u0105 wys\u0142ane ponownie na koszt kupuj\u0105cego.<\/p>\n\n<p>Zwracany przedmiot musi by\u0107 w oryginalnym opakowaniu i nieu\u017cywany.<\/p>\n\n<h3 class=\"wp-block-heading\">Jak zwr\u00f3ci\u0107 przedmiot?<\/h3>\n\n<p>Skontaktuj si\u0119 z nami, podaj\u0105c numer zam\u00f3wienia, aby poprosi\u0107 o zwrot: <a href=\"https:\/\/ohmytuft.com\/pl\/kontakt\/\">https:\/\/ohmytuft.com\/contact\/<\/a><\/p>\n\n<p>Przedmioty musz\u0105 by\u0107 zapakowane bardzo ostro\u017cnie, aby unikn\u0105\u0107 ich uszkodzenia podczas transportu. Zw\u0142aszcza pistolety do tuftingu.  <\/p>\n\n<p>Musisz poda\u0107 numer \u015bledzenia, zwrot pieni\u0119dzy zostanie dokonany, gdy tylko paczka dotrze do naszego magazynu.<\/p>\n\n<h3 class=\"wp-block-heading\">P\u0142atno\u015bci<\/h3>\n\n<p>Mo\u017cesz zap\u0142aci\u0107 za pomoc\u0105 Paypal lub karty debetowej\/kredytowej za po\u015brednictwem Paypal.<\/p>\n\n<h3 class=\"wp-block-heading\">Kontakt<\/h3>\n\n<p>San Raimundo 28<br\/>28039 Madryt. Hiszpania<br\/>info@tuftunggunsupplies.com<br\/>660167517<\/p>\n","protected":false},"excerpt":{"rendered":"<p>Kraje wysy\u0142ki Wysy\u0142amy nasze produkty z Hiszpanii na terenie ca\u0142ej Unii Europejskiej, kt\u00f3ra obejmuje nast\u0119puj\u0105ce kraje: Austria, Belgia, Bu\u0142garia, Chorwacja, Republika Cypryjska, Czechy, Dania, Estonia, Finlandia, Francja, Niemcy, Grecja, W\u0119gry, Irlandia, W\u0142ochy, \u0141otwa, Litwa, Luksemburg, Malta, Holandia, Polska, Portugalia, Rumunia, S\u0142owacja, S\u0142owenia, Hiszpania i Szwecja. Koszty wysy\u0142ki Koszt wysy\u0142ki zostanie obliczony na podstawie preferencji dotycz\u0105cych [&hellip;]<\/p>\n","protected":false},"author":3,"featured_media":0,"parent":0,"menu_order":0,"comment_status":"closed","ping_status":"closed","template":"","meta":{"_joinchat":[],"footnotes":""},"class_list":["post-6699","page","type-page","status-publish","hentry"],"yoast_head":"<!-- This site is optimized with the Yoast SEO plugin v27.2 - https:\/\/yoast.com\/product\/yoast-seo-wordpress\/ -->\n<title>Zasady i warunki - Ohmytuft.com<\/title>\n<meta name=\"robots\" content=\"noindex, follow\" \/>\n<meta property=\"og:locale\" content=\"pl_PL\" \/>\n<meta property=\"og:type\" content=\"article\" \/>\n<meta property=\"og:title\" content=\"Zasady i warunki - Ohmytuft.com\" \/>\n<meta property=\"og:description\" content=\"Kraje wysy\u0142ki Wysy\u0142amy nasze produkty z Hiszpanii na terenie ca\u0142ej Unii Europejskiej, kt\u00f3ra obejmuje nast\u0119puj\u0105ce kraje: Austria, Belgia, Bu\u0142garia, Chorwacja, Republika Cypryjska, Czechy, Dania, Estonia, Finlandia, Francja, Niemcy, Grecja, W\u0119gry, Irlandia, W\u0142ochy, \u0141otwa, Litwa, Luksemburg, Malta, Holandia, Polska, Portugalia, Rumunia, S\u0142owacja, S\u0142owenia, Hiszpania i Szwecja. Koszty wysy\u0142ki Koszt wysy\u0142ki zostanie obliczony na podstawie preferencji dotycz\u0105cych [&hellip;]\" \/>\n<meta property=\"og:url\" content=\"https:\/\/ohmytuft.com\/pl\/zasady-i-warunki\/\" \/>\n<meta property=\"og:site_name\" content=\"Ohmytuft.com\" \/>\n<meta property=\"article:modified_time\" content=\"2024-03-13T18:43:58+00:00\" \/>\n<meta name=\"twitter:card\" content=\"summary_large_image\" \/>\n<meta name=\"twitter:label1\" content=\"Szacowany czas czytania\" \/>\n\t<meta name=\"twitter:data1\" content=\"1 minuta\" \/>\n<script type=\"application\/ld+json\" class=\"yoast-schema-graph\">{\"@context\":\"https:\/\/schema.org\",\"@graph\":[{\"@type\":\"WebPage\",\"@id\":\"https:\/\/ohmytuft.com\/pl\/zasady-i-warunki\/\",\"url\":\"https:\/\/ohmytuft.com\/pl\/zasady-i-warunki\/\",\"name\":\"Zasady i warunki - Ohmytuft.com\",\"isPartOf\":{\"@id\":\"https:\/\/ohmytuft.com\/pl\/#website\"},\"datePublished\":\"2021-02-28T21:01:54+00:00\",\"dateModified\":\"2024-03-13T18:43:58+00:00\",\"breadcrumb\":{\"@id\":\"https:\/\/ohmytuft.com\/pl\/zasady-i-warunki\/#breadcrumb\"},\"inLanguage\":\"pl-PL\",\"potentialAction\":[{\"@type\":\"ReadAction\",\"target\":[\"https:\/\/ohmytuft.com\/pl\/zasady-i-warunki\/\"]}]},{\"@type\":\"BreadcrumbList\",\"@id\":\"https:\/\/ohmytuft.com\/pl\/zasady-i-warunki\/#breadcrumb\",\"itemListElement\":[{\"@type\":\"ListItem\",\"position\":1,\"name\":\"Home\",\"item\":\"https:\/\/ohmytuft.com\/pl\/\"},{\"@type\":\"ListItem\",\"position\":2,\"name\":\"Zasady i warunki\"}]},{\"@type\":\"WebSite\",\"@id\":\"https:\/\/ohmytuft.com\/pl\/#website\",\"url\":\"https:\/\/ohmytuft.com\/pl\/\",\"name\":\"Oh my tuft\",\"description\":\"Oh my tuft\",\"publisher\":{\"@id\":\"https:\/\/ohmytuft.com\/pl\/#organization\"},\"potentialAction\":[{\"@type\":\"SearchAction\",\"target\":{\"@type\":\"EntryPoint\",\"urlTemplate\":\"https:\/\/ohmytuft.com\/pl\/?s={search_term_string}\"},\"query-input\":{\"@type\":\"PropertyValueSpecification\",\"valueRequired\":true,\"valueName\":\"search_term_string\"}}],\"inLanguage\":\"pl-PL\"},{\"@type\":\"Organization\",\"@id\":\"https:\/\/ohmytuft.com\/pl\/#organization\",\"name\":\"Oh my tuft\",\"url\":\"https:\/\/ohmytuft.com\/pl\/\",\"logo\":{\"@type\":\"ImageObject\",\"inLanguage\":\"pl-PL\",\"@id\":\"https:\/\/ohmytuft.com\/pl\/#\/schema\/logo\/image\/\",\"url\":\"https:\/\/ohmytuft.com\/wp-content\/uploads\/2021\/02\/WEB-20.png\",\"contentUrl\":\"https:\/\/ohmytuft.com\/wp-content\/uploads\/2021\/02\/WEB-20.png\",\"width\":2085,\"height\":764,\"caption\":\"Oh my tuft\"},\"image\":{\"@id\":\"https:\/\/ohmytuft.com\/pl\/#\/schema\/logo\/image\/\"},\"sameAs\":[\"https:\/\/www.instagram.com\/tuftinggunsupplies\/\",\"https:\/\/www.tiktok.com\/@tuftinggun\"]}]}<\/script>\n<!-- \/ Yoast SEO plugin. -->","yoast_head_json":{"title":"Zasady i warunki - Ohmytuft.com","robots":{"index":"noindex","follow":"follow"},"og_locale":"pl_PL","og_type":"article","og_title":"Zasady i warunki - Ohmytuft.com","og_description":"Kraje wysy\u0142ki Wysy\u0142amy nasze produkty z Hiszpanii na terenie ca\u0142ej Unii Europejskiej, kt\u00f3ra obejmuje nast\u0119puj\u0105ce kraje: Austria, Belgia, Bu\u0142garia, Chorwacja, Republika Cypryjska, Czechy, Dania, Estonia, Finlandia, Francja, Niemcy, Grecja, W\u0119gry, Irlandia, W\u0142ochy, \u0141otwa, Litwa, Luksemburg, Malta, Holandia, Polska, Portugalia, Rumunia, S\u0142owacja, S\u0142owenia, Hiszpania i Szwecja. Koszty wysy\u0142ki Koszt wysy\u0142ki zostanie obliczony na podstawie preferencji dotycz\u0105cych [&hellip;]","og_url":"https:\/\/ohmytuft.com\/pl\/zasady-i-warunki\/","og_site_name":"Ohmytuft.com","article_modified_time":"2024-03-13T18:43:58+00:00","twitter_card":"summary_large_image","twitter_misc":{"Szacowany czas czytania":"1 minuta"},"schema":{"@context":"https:\/\/schema.org","@graph":[{"@type":"WebPage","@id":"https:\/\/ohmytuft.com\/pl\/zasady-i-warunki\/","url":"https:\/\/ohmytuft.com\/pl\/zasady-i-warunki\/","name":"Zasady i warunki - Ohmytuft.com","isPartOf":{"@id":"https:\/\/ohmytuft.com\/pl\/#website"},"datePublished":"2021-02-28T21:01:54+00:00","dateModified":"2024-03-13T18:43:58+00:00","breadcrumb":{"@id":"https:\/\/ohmytuft.com\/pl\/zasady-i-warunki\/#breadcrumb"},"inLanguage":"pl-PL","potentialAction":[{"@type":"ReadAction","target":["https:\/\/ohmytuft.com\/pl\/zasady-i-warunki\/"]}]},{"@type":"BreadcrumbList","@id":"https:\/\/ohmytuft.com\/pl\/zasady-i-warunki\/#breadcrumb","itemListElement":[{"@type":"ListItem","position":1,"name":"Home","item":"https:\/\/ohmytuft.com\/pl\/"},{"@type":"ListItem","position":2,"name":"Zasady i warunki"}]},{"@type":"WebSite","@id":"https:\/\/ohmytuft.com\/pl\/#website","url":"https:\/\/ohmytuft.com\/pl\/","name":"Oh my tuft","description":"Oh my tuft","publisher":{"@id":"https:\/\/ohmytuft.com\/pl\/#organization"},"potentialAction":[{"@type":"SearchAction","target":{"@type":"EntryPoint","urlTemplate":"https:\/\/ohmytuft.com\/pl\/?s={search_term_string}"},"query-input":{"@type":"PropertyValueSpecification","valueRequired":true,"valueName":"search_term_string"}}],"inLanguage":"pl-PL"},{"@type":"Organization","@id":"https:\/\/ohmytuft.com\/pl\/#organization","name":"Oh my tuft","url":"https:\/\/ohmytuft.com\/pl\/","logo":{"@type":"ImageObject","inLanguage":"pl-PL","@id":"https:\/\/ohmytuft.com\/pl\/#\/schema\/logo\/image\/","url":"https:\/\/ohmytuft.com\/wp-content\/uploads\/2021\/02\/WEB-20.png","contentUrl":"https:\/\/ohmytuft.com\/wp-content\/uploads\/2021\/02\/WEB-20.png","width":2085,"height":764,"caption":"Oh my tuft"},"image":{"@id":"https:\/\/ohmytuft.com\/pl\/#\/schema\/logo\/image\/"},"sameAs":["https:\/\/www.instagram.com\/tuftinggunsupplies\/","https:\/\/www.tiktok.com\/@tuftinggun"]}]}},"_links":{"self":[{"href":"https:\/\/ohmytuft.com\/pl\/wp-json\/wp\/v2\/pages\/6699","targetHints":{"allow":["GET"]}}],"collection":[{"href":"https:\/\/ohmytuft.com\/pl\/wp-json\/wp\/v2\/pages"}],"about":[{"href":"https:\/\/ohmytuft.com\/pl\/wp-json\/wp\/v2\/types\/page"}],"author":[{"embeddable":true,"href":"https:\/\/ohmytuft.com\/pl\/wp-json\/wp\/v2\/users\/3"}],"replies":[{"embeddable":true,"href":"https:\/\/ohmytuft.com\/pl\/wp-json\/wp\/v2\/comments?post=6699"}],"version-history":[{"count":0,"href":"https:\/\/ohmytuft.com\/pl\/wp-json\/wp\/v2\/pages\/6699\/revisions"}],"wp:attachment":[{"href":"https:\/\/ohmytuft.com\/pl\/wp-json\/wp\/v2\/media?parent=6699"}],"curies":[{"name":"wp","href":"https:\/\/api.w.org\/{rel}","templated":true}]}}