{"id":6707,"date":"2020-10-06T14:03:14","date_gmt":"2020-10-06T14:03:14","guid":{"rendered":"https:\/\/ohmytuft.com\/polityka-prywatnosci\/"},"modified":"2024-03-13T18:44:00","modified_gmt":"2024-03-13T18:44:00","slug":"polityka-prywatnosci","status":"publish","type":"page","link":"https:\/\/ohmytuft.com\/pl\/polityka-prywatnosci\/","title":{"rendered":"Polityka prywatno\u015bci"},"content":{"rendered":"\n<p>W Tufting Gun Supplies, dost\u0119pnym pod adresem https:\/\/ohmytuft.com\/, jednym z naszych g\u0142\u00f3wnych priorytet\u00f3w jest prywatno\u015b\u0107 odwiedzaj\u0105cych. Niniejsza Polityka prywatno\u015bci zawiera rodzaje informacji gromadzonych i rejestrowanych przez Tufting Gun Supplies oraz spos\u00f3b ich wykorzystywania.<\/p>\n\n<p>Je\u015bli masz dodatkowe pytania lub potrzebujesz wi\u0119cej informacji na temat naszej Polityki prywatno\u015bci, nie wahaj si\u0119 z nami skontaktowa\u0107.<\/p>\n\n<p>Niniejsza Polityka prywatno\u015bci dotyczy wy\u0142\u0105cznie naszej dzia\u0142alno\u015bci online i obowi\u0105zuje odwiedzaj\u0105cych nasz\u0105 witryn\u0119 w odniesieniu do informacji, kt\u00f3re udost\u0119pniaj\u0105 i\/lub gromadz\u0105 w Tufting Gun Supplies. Niniejsza polityka nie ma zastosowania do \u017cadnych informacji gromadzonych offline lub za po\u015brednictwem kana\u0142\u00f3w innych ni\u017c niniejsza strona internetowa.  <\/p>\n\n<h2 class=\"wp-block-heading\">Zgoda<\/h2>\n\n<p>Korzystaj\u0105c z naszej strony internetowej, u\u017cytkownik niniejszym wyra\u017ca zgod\u0119 na nasz\u0105 Polityk\u0119 prywatno\u015bci i akceptuje jej warunki.<\/p>\n\n<h2 class=\"wp-block-heading\">Gromadzone przez nas informacje<\/h2>\n\n<p>Dane osobowe, o kt\u00f3rych podanie u\u017cytkownik jest proszony, oraz powody, dla kt\u00f3rych u\u017cytkownik jest proszony o ich podanie, zostan\u0105 mu wyja\u015bnione w momencie, gdy poprosimy go o podanie danych osobowych.<\/p>\n\n<p>Je\u015bli u\u017cytkownik skontaktuje si\u0119 z nami bezpo\u015brednio, mo\u017cemy otrzyma\u0107 dodatkowe informacje o u\u017cytkowniku, takie jak imi\u0119 i nazwisko, adres e-mail, numer telefonu, tre\u015b\u0107 wiadomo\u015bci i\/lub za\u0142\u0105cznik\u00f3w, kt\u00f3re u\u017cytkownik mo\u017ce nam przes\u0142a\u0107, oraz wszelkie inne informacje, kt\u00f3re u\u017cytkownik zdecyduje si\u0119 poda\u0107.<\/p>\n\n<p>Podczas rejestracji Konta mo\u017cemy poprosi\u0107 o podanie danych kontaktowych, w tym imienia i nazwiska, nazwy firmy, adresu, adresu e-mail i numeru telefonu.<\/p>\n\n<h2 class=\"wp-block-heading\">Jak wykorzystujemy informacje o u\u017cytkowniku<\/h2>\n\n<p>Gromadzone przez nas informacje wykorzystujemy na r\u00f3\u017cne sposoby, w tym do:<\/p>\n\n<ul class=\"wp-block-list\"><li>Zapewnienie, obs\u0142uga i utrzymanie naszej strony internetowej<\/li><li>Ulepszanie, personalizowanie i rozszerzanie naszej strony internetowej<\/li><li>Zrozumie\u0107 i przeanalizowa\u0107 spos\u00f3b, w jaki u\u017cytkownik korzysta z naszej strony internetowej<\/li><li>Opracowywanie nowych produkt\u00f3w, us\u0142ug, funkcji i funkcjonalno\u015bci<\/li><li>Komunikowanie si\u0119 z u\u017cytkownikiem, bezpo\u015brednio lub za po\u015brednictwem jednego z naszych partner\u00f3w, w tym w celu obs\u0142ugi klienta, dostarczania aktualizacji i innych informacji zwi\u0105zanych ze stron\u0105 internetow\u0105 oraz w celach marketingowych i promocyjnych.<\/li><li>Wysy\u0142anie wiadomo\u015bci e-mail<\/li><li>Znajdowanie i zapobieganie oszustwom<\/li><\/ul>\n\n<h2 class=\"wp-block-heading\">Pliki dziennika<\/h2>\n\n<p>Tufting Gun Supplies stosuje standardow\u0105 procedur\u0119 korzystania z plik\u00f3w dziennika. Pliki te rejestruj\u0105 odwiedzaj\u0105cych, gdy odwiedzaj\u0105 strony internetowe. Wszystkie firmy hostingowe to robi\u0105 i jest to cz\u0119\u015b\u0107 analityki us\u0142ug hostingowych. Informacje gromadzone przez pliki dziennika obejmuj\u0105 adresy protoko\u0142u internetowego (IP), typ przegl\u0105darki, dostawc\u0119 us\u0142ug internetowych (ISP), znacznik daty i godziny, strony odsy\u0142aj\u0105ce\/wyj\u015bciowe i ewentualnie liczb\u0119 klikni\u0119\u0107. Nie s\u0105 one powi\u0105zane z \u017cadnymi informacjami umo\u017cliwiaj\u0105cymi identyfikacj\u0119 u\u017cytkownika. Celem tych informacji jest analiza trend\u00f3w, administrowanie witryn\u0105, \u015bledzenie ruchu u\u017cytkownik\u00f3w w witrynie oraz gromadzenie informacji demograficznych.<\/p>\n\n<h2 class=\"wp-block-heading\">Pliki cookie i sygna\u0142y nawigacyjne w sieci Web<\/h2>\n\n<p>Jak ka\u017cda inna strona internetowa, Tufting Gun Supplies u\u017cywa plik\u00f3w cookie. Te pliki cookie s\u0105 u\u017cywane do przechowywania informacji, w tym preferencji odwiedzaj\u0105cych oraz stron w witrynie, do kt\u00f3rych odwiedzaj\u0105cy uzyska\u0142 dost\u0119p lub kt\u00f3re odwiedzi\u0142. Informacje te s\u0105 wykorzystywane w celu optymalizacji do\u015bwiadcze\u0144 u\u017cytkownik\u00f3w poprzez dostosowywanie zawarto\u015bci naszych stron internetowych w oparciu o typ przegl\u0105darki odwiedzaj\u0105cych i\/lub inne informacje.<\/p>\n\n<h2 class=\"wp-block-heading\">Polityka prywatno\u015bci partner\u00f3w reklamowych<\/h2>\n\n<p>Mo\u017cesz zapozna\u0107 si\u0119 z t\u0105 list\u0105, aby znale\u017a\u0107 Polityk\u0119 prywatno\u015bci dla ka\u017cdego z partner\u00f3w reklamowych Tufting Gun Supplies.<\/p>\n\n<p>Zewn\u0119trzne serwery reklamowe lub sieci reklamowe wykorzystuj\u0105 technologie, takie jak pliki cookie, JavaScript lub sygna\u0142y nawigacyjne w sieci Web, kt\u00f3re s\u0105 u\u017cywane w odpowiednich reklamach i linkach wy\u015bwietlanych na stronie Tufting Gun Supplies, kt\u00f3re s\u0105 wysy\u0142ane bezpo\u015brednio do przegl\u0105darki u\u017cytkownika. W takim przypadku automatycznie otrzymuj\u0105 adres IP u\u017cytkownika. Technologie te s\u0105 wykorzystywane do pomiaru skuteczno\u015bci kampanii reklamowych i\/lub personalizacji tre\u015bci reklamowych wy\u015bwietlanych na odwiedzanych stronach internetowych.<\/p>\n\n<p>Nale\u017cy pami\u0119ta\u0107, \u017ce Tufting Gun Supplies nie ma dost\u0119pu ani kontroli nad tymi plikami cookie, kt\u00f3re s\u0105 u\u017cywane przez zewn\u0119trznych reklamodawc\u00f3w.<\/p>\n\n<h2 class=\"wp-block-heading\">Polityka prywatno\u015bci stron trzecich<\/h2>\n\n<p>Polityka prywatno\u015bci Tufting Gun Supplies nie ma zastosowania do innych reklamodawc\u00f3w lub witryn internetowych. W zwi\u0105zku z tym zalecamy zapoznanie si\u0119 z odpowiednimi Politykami prywatno\u015bci tych zewn\u0119trznych serwer\u00f3w reklamowych w celu uzyskania bardziej szczeg\u00f3\u0142owych informacji. Mo\u017ce zawiera\u0107 ich praktyki i instrukcje dotycz\u0105ce sposobu rezygnacji z niekt\u00f3rych opcji.<\/p>\n\n<p>U\u017cytkownik mo\u017ce wy\u0142\u0105czy\u0107 pliki cookie w opcjach swojej przegl\u0105darki. Bardziej szczeg\u00f3\u0142owe informacje na temat zarz\u0105dzania plikami cookie w okre\u015blonych przegl\u0105darkach internetowych mo\u017cna znale\u017a\u0107 na odpowiednich stronach internetowych przegl\u0105darek.<\/p>\n\n<h2 class=\"wp-block-heading\">Prawa do prywatno\u015bci CCPA (Nie sprzedawaj moich danych osobowych)<\/h2>\n\n<p>Zgodnie z CCPA, opr\u00f3cz innych praw, konsumenci w Kalifornii maj\u0105 prawo do:<\/p>\n\n<p>\u017b\u0105danie, aby firma, kt\u00f3ra gromadzi dane osobowe konsumenta, ujawni\u0142a kategorie i konkretne dane osobowe, kt\u00f3re firma zgromadzi\u0142a na temat konsument\u00f3w.<\/p>\n\n<p>\u017b\u0105danie od firmy usuni\u0119cia wszelkich danych osobowych konsumenta, kt\u00f3re firma zgromadzi\u0142a.<\/p>\n\n<p>\u017b\u0105danie, aby firma, kt\u00f3ra sprzedaje dane osobowe konsumenta, nie sprzedawa\u0142a danych osobowych konsumenta.<\/p>\n\n<p>W przypadku z\u0142o\u017cenia wniosku mamy miesi\u0105c na udzielenie odpowiedzi. Je\u015bli chcesz skorzysta\u0107 z kt\u00f3regokolwiek z tych praw, skontaktuj si\u0119 z nami.<\/p>\n\n<h2 class=\"wp-block-heading\">Prawa do ochrony danych wynikaj\u0105ce z RODO<\/h2>\n\n<p>Chcieliby\u015bmy upewni\u0107 si\u0119, \u017ce u\u017cytkownik jest w pe\u0142ni \u015bwiadomy wszystkich swoich praw do ochrony danych. Ka\u017cdy u\u017cytkownik ma prawo do<\/p>\n\n<p>Prawo dost\u0119pu &#8211; U\u017cytkownik ma prawo za\u017c\u0105da\u0107 kopii swoich danych osobowych. Za t\u0119 us\u0142ug\u0119 mo\u017cemy pobra\u0107 niewielk\u0105 op\u0142at\u0119.<\/p>\n\n<p>Prawo do sprostowania &#8211; U\u017cytkownik ma prawo za\u017c\u0105da\u0107 od nas sprostowania wszelkich informacji, kt\u00f3re uwa\u017ca za niedok\u0142adne. U\u017cytkownik ma r\u00f3wnie\u017c prawo za\u017c\u0105da\u0107 od nas uzupe\u0142nienia informacji, kt\u00f3re uwa\u017ca za niekompletne.<\/p>\n\n<p>Prawo do usuni\u0119cia danych &#8211; U\u017cytkownik ma prawo za\u017c\u0105da\u0107 usuni\u0119cia swoich danych osobowych, pod pewnymi warunkami.<\/p>\n\n<p>Prawo do ograniczenia przetwarzania &#8211; U\u017cytkownik ma prawo za\u017c\u0105da\u0107 od nas ograniczenia przetwarzania jego danych osobowych pod pewnymi warunkami.<\/p>\n\n<p>Prawo do sprzeciwu wobec przetwarzania &#8211; U\u017cytkownik ma prawo sprzeciwi\u0107 si\u0119 przetwarzaniu przez nas jego danych osobowych pod pewnymi warunkami.<\/p>\n\n<p>Prawo do przenoszenia danych &#8211; U\u017cytkownik ma prawo za\u017c\u0105da\u0107, aby\u015bmy przekazali zebrane przez nas dane innej organizacji lub bezpo\u015brednio u\u017cytkownikowi, pod pewnymi warunkami.<\/p>\n\n<p>W przypadku z\u0142o\u017cenia wniosku mamy miesi\u0105c na udzielenie odpowiedzi. Je\u015bli chcesz skorzysta\u0107 z kt\u00f3regokolwiek z tych praw, skontaktuj si\u0119 z nami.<\/p>\n\n<h2 class=\"wp-block-heading\">Informacje dla dzieci<\/h2>\n\n<p>Kolejn\u0105 cz\u0119\u015bci\u0105 naszego priorytetu jest dodanie ochrony dla dzieci podczas korzystania z Internetu. Zach\u0119camy rodzic\u00f3w i opiekun\u00f3w do obserwowania, uczestniczenia i\/lub monitorowania i kierowania ich aktywno\u015bci\u0105 online.<\/p>\n\n<p>Tufting Gun Supplies nie gromadzi \u015bwiadomie \u017cadnych danych osobowych od dzieci w wieku poni\u017cej 13 lat. Je\u015bli uwa\u017casz, \u017ce Twoje dziecko poda\u0142o tego rodzaju informacje na naszej stronie internetowej, zdecydowanie zach\u0119camy do natychmiastowego skontaktowania si\u0119 z nami, a my do\u0142o\u017cymy wszelkich stara\u0144, aby niezw\u0142ocznie usun\u0105\u0107 takie informacje z naszych rejestr\u00f3w.<\/p>\n","protected":false},"excerpt":{"rendered":"<p>W Tufting Gun Supplies, dost\u0119pnym pod adresem https:\/\/ohmytuft.com\/, jednym z naszych g\u0142\u00f3wnych priorytet\u00f3w jest prywatno\u015b\u0107 odwiedzaj\u0105cych. Niniejsza Polityka prywatno\u015bci zawiera rodzaje informacji gromadzonych i rejestrowanych przez Tufting Gun Supplies oraz spos\u00f3b ich wykorzystywania. Je\u015bli masz dodatkowe pytania lub potrzebujesz wi\u0119cej informacji na temat naszej Polityki prywatno\u015bci, nie wahaj si\u0119 z nami skontaktowa\u0107. Niniejsza Polityka prywatno\u015bci [&hellip;]<\/p>\n","protected":false},"author":3,"featured_media":0,"parent":0,"menu_order":0,"comment_status":"closed","ping_status":"open","template":"","meta":{"_joinchat":[],"footnotes":""},"class_list":["post-6707","page","type-page","status-publish","hentry"],"yoast_head":"<!-- This site is optimized with the Yoast SEO plugin v27.2 - https:\/\/yoast.com\/product\/yoast-seo-wordpress\/ -->\n<title>Polityka prywatno\u015bci - Ohmytuft.com<\/title>\n<meta name=\"robots\" content=\"noindex, follow\" \/>\n<meta property=\"og:locale\" content=\"pl_PL\" \/>\n<meta property=\"og:type\" content=\"article\" \/>\n<meta property=\"og:title\" content=\"Polityka prywatno\u015bci - Ohmytuft.com\" \/>\n<meta property=\"og:description\" content=\"W Tufting Gun Supplies, dost\u0119pnym pod adresem https:\/\/ohmytuft.com\/, jednym z naszych g\u0142\u00f3wnych priorytet\u00f3w jest prywatno\u015b\u0107 odwiedzaj\u0105cych. Niniejsza Polityka prywatno\u015bci zawiera rodzaje informacji gromadzonych i rejestrowanych przez Tufting Gun Supplies oraz spos\u00f3b ich wykorzystywania. Je\u015bli masz dodatkowe pytania lub potrzebujesz wi\u0119cej informacji na temat naszej Polityki prywatno\u015bci, nie wahaj si\u0119 z nami skontaktowa\u0107. Niniejsza Polityka prywatno\u015bci [&hellip;]\" \/>\n<meta property=\"og:url\" content=\"https:\/\/ohmytuft.com\/pl\/polityka-prywatnosci\/\" \/>\n<meta property=\"og:site_name\" content=\"Ohmytuft.com\" \/>\n<meta property=\"article:modified_time\" content=\"2024-03-13T18:44:00+00:00\" \/>\n<meta name=\"twitter:card\" content=\"summary_large_image\" \/>\n<meta name=\"twitter:label1\" content=\"Szacowany czas czytania\" \/>\n\t<meta name=\"twitter:data1\" content=\"6 minut\" \/>\n<script type=\"application\/ld+json\" class=\"yoast-schema-graph\">{\"@context\":\"https:\/\/schema.org\",\"@graph\":[{\"@type\":\"WebPage\",\"@id\":\"https:\/\/ohmytuft.com\/pl\/polityka-prywatnosci\/\",\"url\":\"https:\/\/ohmytuft.com\/pl\/polityka-prywatnosci\/\",\"name\":\"Polityka prywatno\u015bci - Ohmytuft.com\",\"isPartOf\":{\"@id\":\"https:\/\/ohmytuft.com\/pl\/#website\"},\"datePublished\":\"2020-10-06T14:03:14+00:00\",\"dateModified\":\"2024-03-13T18:44:00+00:00\",\"breadcrumb\":{\"@id\":\"https:\/\/ohmytuft.com\/pl\/polityka-prywatnosci\/#breadcrumb\"},\"inLanguage\":\"pl-PL\",\"potentialAction\":[{\"@type\":\"ReadAction\",\"target\":[\"https:\/\/ohmytuft.com\/pl\/polityka-prywatnosci\/\"]}]},{\"@type\":\"BreadcrumbList\",\"@id\":\"https:\/\/ohmytuft.com\/pl\/polityka-prywatnosci\/#breadcrumb\",\"itemListElement\":[{\"@type\":\"ListItem\",\"position\":1,\"name\":\"Home\",\"item\":\"https:\/\/ohmytuft.com\/pl\/\"},{\"@type\":\"ListItem\",\"position\":2,\"name\":\"Polityka prywatno\u015bci\"}]},{\"@type\":\"WebSite\",\"@id\":\"https:\/\/ohmytuft.com\/pl\/#website\",\"url\":\"https:\/\/ohmytuft.com\/pl\/\",\"name\":\"Oh my tuft\",\"description\":\"Oh my tuft\",\"publisher\":{\"@id\":\"https:\/\/ohmytuft.com\/pl\/#organization\"},\"potentialAction\":[{\"@type\":\"SearchAction\",\"target\":{\"@type\":\"EntryPoint\",\"urlTemplate\":\"https:\/\/ohmytuft.com\/pl\/?s={search_term_string}\"},\"query-input\":{\"@type\":\"PropertyValueSpecification\",\"valueRequired\":true,\"valueName\":\"search_term_string\"}}],\"inLanguage\":\"pl-PL\"},{\"@type\":\"Organization\",\"@id\":\"https:\/\/ohmytuft.com\/pl\/#organization\",\"name\":\"Oh my tuft\",\"url\":\"https:\/\/ohmytuft.com\/pl\/\",\"logo\":{\"@type\":\"ImageObject\",\"inLanguage\":\"pl-PL\",\"@id\":\"https:\/\/ohmytuft.com\/pl\/#\/schema\/logo\/image\/\",\"url\":\"https:\/\/ohmytuft.com\/wp-content\/uploads\/2021\/02\/WEB-20.png\",\"contentUrl\":\"https:\/\/ohmytuft.com\/wp-content\/uploads\/2021\/02\/WEB-20.png\",\"width\":2085,\"height\":764,\"caption\":\"Oh my tuft\"},\"image\":{\"@id\":\"https:\/\/ohmytuft.com\/pl\/#\/schema\/logo\/image\/\"},\"sameAs\":[\"https:\/\/www.instagram.com\/tuftinggunsupplies\/\",\"https:\/\/www.tiktok.com\/@tuftinggun\"]}]}<\/script>\n<!-- \/ Yoast SEO plugin. -->","yoast_head_json":{"title":"Polityka prywatno\u015bci - Ohmytuft.com","robots":{"index":"noindex","follow":"follow"},"og_locale":"pl_PL","og_type":"article","og_title":"Polityka prywatno\u015bci - Ohmytuft.com","og_description":"W Tufting Gun Supplies, dost\u0119pnym pod adresem https:\/\/ohmytuft.com\/, jednym z naszych g\u0142\u00f3wnych priorytet\u00f3w jest prywatno\u015b\u0107 odwiedzaj\u0105cych. Niniejsza Polityka prywatno\u015bci zawiera rodzaje informacji gromadzonych i rejestrowanych przez Tufting Gun Supplies oraz spos\u00f3b ich wykorzystywania. Je\u015bli masz dodatkowe pytania lub potrzebujesz wi\u0119cej informacji na temat naszej Polityki prywatno\u015bci, nie wahaj si\u0119 z nami skontaktowa\u0107. Niniejsza Polityka prywatno\u015bci [&hellip;]","og_url":"https:\/\/ohmytuft.com\/pl\/polityka-prywatnosci\/","og_site_name":"Ohmytuft.com","article_modified_time":"2024-03-13T18:44:00+00:00","twitter_card":"summary_large_image","twitter_misc":{"Szacowany czas czytania":"6 minut"},"schema":{"@context":"https:\/\/schema.org","@graph":[{"@type":"WebPage","@id":"https:\/\/ohmytuft.com\/pl\/polityka-prywatnosci\/","url":"https:\/\/ohmytuft.com\/pl\/polityka-prywatnosci\/","name":"Polityka prywatno\u015bci - Ohmytuft.com","isPartOf":{"@id":"https:\/\/ohmytuft.com\/pl\/#website"},"datePublished":"2020-10-06T14:03:14+00:00","dateModified":"2024-03-13T18:44:00+00:00","breadcrumb":{"@id":"https:\/\/ohmytuft.com\/pl\/polityka-prywatnosci\/#breadcrumb"},"inLanguage":"pl-PL","potentialAction":[{"@type":"ReadAction","target":["https:\/\/ohmytuft.com\/pl\/polityka-prywatnosci\/"]}]},{"@type":"BreadcrumbList","@id":"https:\/\/ohmytuft.com\/pl\/polityka-prywatnosci\/#breadcrumb","itemListElement":[{"@type":"ListItem","position":1,"name":"Home","item":"https:\/\/ohmytuft.com\/pl\/"},{"@type":"ListItem","position":2,"name":"Polityka prywatno\u015bci"}]},{"@type":"WebSite","@id":"https:\/\/ohmytuft.com\/pl\/#website","url":"https:\/\/ohmytuft.com\/pl\/","name":"Oh my tuft","description":"Oh my tuft","publisher":{"@id":"https:\/\/ohmytuft.com\/pl\/#organization"},"potentialAction":[{"@type":"SearchAction","target":{"@type":"EntryPoint","urlTemplate":"https:\/\/ohmytuft.com\/pl\/?s={search_term_string}"},"query-input":{"@type":"PropertyValueSpecification","valueRequired":true,"valueName":"search_term_string"}}],"inLanguage":"pl-PL"},{"@type":"Organization","@id":"https:\/\/ohmytuft.com\/pl\/#organization","name":"Oh my tuft","url":"https:\/\/ohmytuft.com\/pl\/","logo":{"@type":"ImageObject","inLanguage":"pl-PL","@id":"https:\/\/ohmytuft.com\/pl\/#\/schema\/logo\/image\/","url":"https:\/\/ohmytuft.com\/wp-content\/uploads\/2021\/02\/WEB-20.png","contentUrl":"https:\/\/ohmytuft.com\/wp-content\/uploads\/2021\/02\/WEB-20.png","width":2085,"height":764,"caption":"Oh my tuft"},"image":{"@id":"https:\/\/ohmytuft.com\/pl\/#\/schema\/logo\/image\/"},"sameAs":["https:\/\/www.instagram.com\/tuftinggunsupplies\/","https:\/\/www.tiktok.com\/@tuftinggun"]}]}},"_links":{"self":[{"href":"https:\/\/ohmytuft.com\/pl\/wp-json\/wp\/v2\/pages\/6707","targetHints":{"allow":["GET"]}}],"collection":[{"href":"https:\/\/ohmytuft.com\/pl\/wp-json\/wp\/v2\/pages"}],"about":[{"href":"https:\/\/ohmytuft.com\/pl\/wp-json\/wp\/v2\/types\/page"}],"author":[{"embeddable":true,"href":"https:\/\/ohmytuft.com\/pl\/wp-json\/wp\/v2\/users\/3"}],"replies":[{"embeddable":true,"href":"https:\/\/ohmytuft.com\/pl\/wp-json\/wp\/v2\/comments?post=6707"}],"version-history":[{"count":0,"href":"https:\/\/ohmytuft.com\/pl\/wp-json\/wp\/v2\/pages\/6707\/revisions"}],"wp:attachment":[{"href":"https:\/\/ohmytuft.com\/pl\/wp-json\/wp\/v2\/media?parent=6707"}],"curies":[{"name":"wp","href":"https:\/\/api.w.org\/{rel}","templated":true}]}}