{"id":3742,"date":"2021-02-28T20:55:20","date_gmt":"2021-02-28T20:55:20","guid":{"rendered":"https:\/\/ohmytuft.com\/product\/hand-tufting-gun-ak-i-cut-pile\/"},"modified":"2025-03-20T23:50:00","modified_gmt":"2025-03-20T23:50:00","slug":"tufting-machine-ak-i-cut-pile","status":"publish","type":"product","link":"https:\/\/ohmytuft.com\/pl\/produkt\/tufting-machine-ak-i-cut-pile\/","title":{"rendered":"Hand Tufting Gun AK-I &#8211; Cut Pile"},"content":{"rendered":"<p>Pistolet do ci\u0119cia stosu AK-1 <a href=\"https:\/\/ohmytuft.com\/pl\/buy\/tufting-guns-pl\/\"><br \/>\n  <strong>Tufting Gun<\/strong><br \/>\n<\/a> to niezwyk\u0142e narz\u0119dzie, zaprojektowane w celu wyniesienia sztuki tuftingu na nowy poziom. Oto szczeg\u00f3\u0142owy opis i kilka przekonuj\u0105cych powod\u00f3w, dla kt\u00f3rych jest to niezb\u0119dny element wyposa\u017cenia sklepu z tuftingiem:<\/p>\n<ol>\n<li><strong>Precyzja i kontrola<\/strong>: Pistolet do tuftingu AK-1 zosta\u0142 zaprojektowany z my\u015bl\u0105 o precyzji. Umo\u017cliwia tworzenie skomplikowanych wzor\u00f3w i projekt\u00f3w z \u0142atwo\u015bci\u0105, dzi\u0119ki responsywnym elementom steruj\u0105cym i p\u0142ynnemu dzia\u0142aniu. Niezale\u017cnie od tego, czy pracujesz nad du\u017cymi dywanami, czy szczeg\u00f3\u0142owymi wieszakami \u015bciennymi, narz\u0119dzie to zapewnia niezr\u00f3wnan\u0105 dok\u0142adno\u015b\u0107.<\/li>\n<li><strong>Wydajno\u015b\u0107 i oszcz\u0119dno\u015b\u0107 czasu<\/strong>: Szybko\u015b\u0107 jest istotn\u0105 zalet\u0105 AK-1. Znacznie zwi\u0119ksza pr\u0119dko\u015b\u0107 tuftingu w por\u00f3wnaniu do metod r\u0119cznych, umo\u017cliwiaj\u0105c znacznie szybsze uko\u0144czenie projekt\u00f3w. Ta wydajno\u015b\u0107 jest prze\u0142omem zar\u00f3wno dla hobbyst\u00f3w, jak i profesjonalist\u00f3w, pozwalaj\u0105c na wi\u0119ksz\u0105 produktywno\u015b\u0107 i mo\u017cliwo\u015b\u0107 realizacji wi\u0119kszej liczby projekt\u00f3w.<\/li>\n<li><strong>Wszechstronno\u015b\u0107 w projektowaniu<\/strong>: Ten pistolet do tuftingu jest specjalnie zaprojektowany do tuftingu z ci\u0119tym w\u0142osiem, popularnego stylu tuftingu, kt\u00f3ry nadaje tkaninie pluszow\u0105, aksamitn\u0105 tekstur\u0119. Idealnie nadaje si\u0119 do tworzenia luksusowych dywan\u00f3w, stylowych grafik \u015bciennych i innych element\u00f3w dekoracyjnych. Metoda ci\u0119tego w\u0142osia oferuje r\u00f3wnie\u017c wyj\u0105tkowe wra\u017cenia dotykowe, kt\u00f3re s\u0105 bardzo poszukiwane w wystroju wn\u0119trz.<\/li>\n<li><strong>\u0141atwo\u015b\u0107 obs\u0142ugi<\/strong>: AK-1 zosta\u0142 zaprojektowany z my\u015bl\u0105 o \u0142atwo\u015bci obs\u0142ugi. Jest lekki i \u0142atwy w manewrowaniu, dzi\u0119ki czemu jest dost\u0119pny nawet dla pocz\u0105tkuj\u0105cych. Ergonomiczna konstrukcja zmniejsza zm\u0119czenie, umo\u017cliwiaj\u0105c wygodn\u0105 prac\u0119 przez d\u0142u\u017cszy czas.<\/li>\n<li><strong>Trwa\u0142o\u015b\u0107 i niezawodno\u015b\u0107<\/strong>: Zbudowany z wysokiej jako\u015bci materia\u0142\u00f3w, AK-1 jest trwa\u0142y. Jest to niezawodne narz\u0119dzie, kt\u00f3re wytrzymuje rygory cz\u0119stego u\u017cytkowania, zapewniaj\u0105c, \u017ce inwestycja op\u0142aci si\u0119 w d\u0142u\u017cszej perspektywie.<\/li>\n<li><strong>Zwi\u0119kszona kreatywno\u015b\u0107<\/strong>: W przypadku AK-1 jedynym ograniczeniem jest wyobra\u017ania. Otwiera to \u015bwiat kreatywnych mo\u017cliwo\u015bci, pozwalaj\u0105c na eksperymentowanie z r\u00f3\u017cnymi teksturami, kolorami i wzorami. Narz\u0119dzie to mo\u017ce pom\u00f3c w urzeczywistnieniu najbardziej ambitnych projekt\u00f3w.<\/li>\n<\/ol>\n<p>Podsumowuj\u0105c, pistolet do tuftingu ci\u0119tego AK-1 jest cennym dodatkiem do ka\u017cdej maszyny do tuftingu. <a href=\"https:\/\/ohmytuft.com\/pl\/\"><br \/>\n  <strong>tufting<\/strong><br \/>\n<\/a> artysty. \u0141\u0105czy w sobie wydajno\u015b\u0107, precyzj\u0119 i \u0142atwo\u015b\u0107 obs\u0142ugi w jednym pot\u0119\u017cnym narz\u0119dziu, dzi\u0119ki czemu jest idealny zar\u00f3wno dla amator\u00f3w, jak i profesjonalist\u00f3w. Inwestycja w to narz\u0119dzie oznacza inwestycj\u0119 w jako\u015b\u0107 i kreatywno\u015b\u0107 projekt\u00f3w tuftingu.<\/p>\n","protected":false},"excerpt":{"rendered":"<p><b>Elektryczny r\u0119czny pistolet do tuftingu &#8211; Ci\u0119cie runa.<\/b><\/p>\n<ul>\n<li>100-240 V z wtyczk\u0105 Euro<\/li>\n<li>Regulowana wysoko\u015b\u0107 runa: 7-21 mm<\/li>\n<li>Waga: 1,40 kg<\/li>\n<li>Regulowana pr\u0119dko\u015b\u0107: 5-40 \u015bcieg\u00f3w\/s i regulowana. Mo\u017cesz kontrolowa\u0107 pr\u0119dko\u015b\u0107, aby uzyska\u0107 szczeg\u00f3\u0142owe informacje.<\/li>\n<\/ul>\n<p>Maszyna ta jest \u0142atwa w nauce i obs\u0142udze. Samouczki ju\u017c wkr\u00f3tce!<br \/>\nOkresowa konserwacja zapewnia d\u0142u\u017csz\u0105 \u017cywotno\u015b\u0107 narz\u0119dzia.<\/p>\n<p><strong>Pude\u0142ko zawiera:<\/strong><\/p>\n<ul>\n<li>Tufting Gun Machine<\/li>\n<li>Zasilacz AC\/DC z wtyczk\u0105 Euro<\/li>\n<li>Narz\u0119dzia i \u015bruby do konserwacji<\/li>\n<\/ul>\n<p><strong>Safety First!<\/strong><\/p>\n<ol>\n<li>Stosowa\u0107 \u015brodki ochrony s\u0142uchu i oczu.<\/li>\n<li>Unikaj sprz\u0119tu i mechanizm\u00f3w.<\/li>\n<li>Wy\u0142\u0105cz zasilanie, gdy urz\u0105dzenie nie jest u\u017cywane.<\/li>\n<\/ol>\n","protected":false},"featured_media":8938,"comment_status":"open","ping_status":"closed","template":"","meta":{"_joinchat":[]},"product_brand":[],"product_cat":[165],"product_tag":[],"class_list":{"0":"post-3742","1":"product","2":"type-product","3":"status-publish","4":"has-post-thumbnail","6":"product_cat-tufting-guns-pl","8":"first","9":"outofstock","10":"sale","11":"taxable","12":"shipping-taxable","13":"purchasable","14":"product-type-simple"},"yoast_head":"<!-- This site is optimized with the Yoast SEO plugin v27.2 - https:\/\/yoast.com\/product\/yoast-seo-wordpress\/ -->\n<title>Hand Tufting Gun AK-I - Cut Pile - Ohmytuft.com<\/title>\n<meta name=\"robots\" content=\"index, follow, max-snippet:-1, max-image-preview:large, max-video-preview:-1\" \/>\n<link rel=\"canonical\" href=\"https:\/\/ohmytuft.com\/pl\/produkt\/tufting-machine-ak-i-cut-pile\/\" \/>\n<meta property=\"og:locale\" content=\"pl_PL\" \/>\n<meta property=\"og:type\" content=\"article\" \/>\n<meta property=\"og:title\" content=\"Hand Tufting Gun AK-I - Cut Pile - Ohmytuft.com\" \/>\n<meta property=\"og:description\" content=\"Elektryczny r\u0119czny pistolet do tuftingu - Ci\u0119cie runa.  100-240 V z wtyczk\u0105 Euro  Regulowana wysoko\u015b\u0107 runa: 7-21 mm  Waga: 1,40 kg  Regulowana pr\u0119dko\u015b\u0107: 5-40 \u015bcieg\u00f3w\/s i regulowana. Mo\u017cesz kontrolowa\u0107 pr\u0119dko\u015b\u0107, aby uzyska\u0107 szczeg\u00f3\u0142owe informacje. Maszyna ta jest \u0142atwa w nauce i obs\u0142udze. Samouczki ju\u017c wkr\u00f3tce! Okresowa konserwacja zapewnia d\u0142u\u017csz\u0105 \u017cywotno\u015b\u0107 narz\u0119dzia. Pude\u0142ko zawiera:  Tufting Gun Machine  Zasilacz AC\/DC z wtyczk\u0105 Euro  Narz\u0119dzia i \u015bruby do konserwacji Safety First!  Stosowa\u0107 \u015brodki ochrony s\u0142uchu i oczu.  Unikaj sprz\u0119tu i mechanizm\u00f3w.  Wy\u0142\u0105cz zasilanie, gdy urz\u0105dzenie nie jest u\u017cywane.\" \/>\n<meta property=\"og:url\" content=\"https:\/\/ohmytuft.com\/pl\/produkt\/tufting-machine-ak-i-cut-pile\/\" \/>\n<meta property=\"og:site_name\" content=\"Ohmytuft.com\" \/>\n<meta property=\"article:modified_time\" content=\"2025-03-20T23:50:00+00:00\" \/>\n<meta property=\"og:image\" content=\"https:\/\/ohmytuft.com\/wp-content\/uploads\/2021\/02\/23022021-IMG_4393-scaled.jpg\" \/>\n\t<meta property=\"og:image:width\" content=\"2560\" \/>\n\t<meta property=\"og:image:height\" content=\"2560\" \/>\n\t<meta property=\"og:image:type\" content=\"image\/jpeg\" \/>\n<meta name=\"twitter:card\" content=\"summary_large_image\" \/>\n<meta name=\"twitter:label1\" content=\"Szacowany czas czytania\" \/>\n\t<meta name=\"twitter:data1\" content=\"2 minuty\" \/>\n<script type=\"application\/ld+json\" class=\"yoast-schema-graph\">{\"@context\":\"https:\/\/schema.org\",\"@graph\":[{\"@type\":\"WebPage\",\"@id\":\"https:\/\/ohmytuft.com\/pl\/produkt\/tufting-machine-ak-i-cut-pile\/\",\"url\":\"https:\/\/ohmytuft.com\/pl\/produkt\/tufting-machine-ak-i-cut-pile\/\",\"name\":\"Hand Tufting Gun AK-I - Cut Pile - Ohmytuft.com\",\"isPartOf\":{\"@id\":\"https:\/\/ohmytuft.com\/pl\/#website\"},\"primaryImageOfPage\":{\"@id\":\"https:\/\/ohmytuft.com\/pl\/produkt\/tufting-machine-ak-i-cut-pile\/#primaryimage\"},\"image\":{\"@id\":\"https:\/\/ohmytuft.com\/pl\/produkt\/tufting-machine-ak-i-cut-pile\/#primaryimage\"},\"thumbnailUrl\":\"https:\/\/ohmytuft.com\/wp-content\/uploads\/2021\/02\/tufting-gun-ak1.png\",\"datePublished\":\"2021-02-28T20:55:20+00:00\",\"dateModified\":\"2025-03-20T23:50:00+00:00\",\"breadcrumb\":{\"@id\":\"https:\/\/ohmytuft.com\/pl\/produkt\/tufting-machine-ak-i-cut-pile\/#breadcrumb\"},\"inLanguage\":\"pl-PL\",\"potentialAction\":[{\"@type\":\"ReadAction\",\"target\":[\"https:\/\/ohmytuft.com\/pl\/produkt\/tufting-machine-ak-i-cut-pile\/\"]}]},{\"@type\":\"ImageObject\",\"inLanguage\":\"pl-PL\",\"@id\":\"https:\/\/ohmytuft.com\/pl\/produkt\/tufting-machine-ak-i-cut-pile\/#primaryimage\",\"url\":\"https:\/\/ohmytuft.com\/wp-content\/uploads\/2021\/02\/tufting-gun-ak1.png\",\"contentUrl\":\"https:\/\/ohmytuft.com\/wp-content\/uploads\/2021\/02\/tufting-gun-ak1.png\",\"width\":800,\"height\":800,\"caption\":\"tufting gun AK1\"},{\"@type\":\"BreadcrumbList\",\"@id\":\"https:\/\/ohmytuft.com\/pl\/produkt\/tufting-machine-ak-i-cut-pile\/#breadcrumb\",\"itemListElement\":[{\"@type\":\"ListItem\",\"position\":1,\"name\":\"Home\",\"item\":\"https:\/\/ohmytuft.com\/pl\/\"},{\"@type\":\"ListItem\",\"position\":2,\"name\":\"Sklep\",\"item\":\"https:\/\/ohmytuft.com\/pl\/sklep\/\"},{\"@type\":\"ListItem\",\"position\":3,\"name\":\"Hand Tufting Gun AK-I &#8211; Cut Pile\"}]},{\"@type\":\"WebSite\",\"@id\":\"https:\/\/ohmytuft.com\/pl\/#website\",\"url\":\"https:\/\/ohmytuft.com\/pl\/\",\"name\":\"Oh my tuft\",\"description\":\"Oh my tuft\",\"publisher\":{\"@id\":\"https:\/\/ohmytuft.com\/pl\/#organization\"},\"potentialAction\":[{\"@type\":\"SearchAction\",\"target\":{\"@type\":\"EntryPoint\",\"urlTemplate\":\"https:\/\/ohmytuft.com\/pl\/?s={search_term_string}\"},\"query-input\":{\"@type\":\"PropertyValueSpecification\",\"valueRequired\":true,\"valueName\":\"search_term_string\"}}],\"inLanguage\":\"pl-PL\"},{\"@type\":\"Organization\",\"@id\":\"https:\/\/ohmytuft.com\/pl\/#organization\",\"name\":\"Oh my tuft\",\"url\":\"https:\/\/ohmytuft.com\/pl\/\",\"logo\":{\"@type\":\"ImageObject\",\"inLanguage\":\"pl-PL\",\"@id\":\"https:\/\/ohmytuft.com\/pl\/#\/schema\/logo\/image\/\",\"url\":\"https:\/\/ohmytuft.com\/wp-content\/uploads\/2021\/02\/WEB-20.png\",\"contentUrl\":\"https:\/\/ohmytuft.com\/wp-content\/uploads\/2021\/02\/WEB-20.png\",\"width\":2085,\"height\":764,\"caption\":\"Oh my tuft\"},\"image\":{\"@id\":\"https:\/\/ohmytuft.com\/pl\/#\/schema\/logo\/image\/\"},\"sameAs\":[\"https:\/\/www.instagram.com\/tuftinggunsupplies\/\",\"https:\/\/www.tiktok.com\/@tuftinggun\"]}]}<\/script>\n<!-- \/ Yoast SEO plugin. -->","yoast_head_json":{"title":"Hand Tufting Gun AK-I - Cut Pile - Ohmytuft.com","robots":{"index":"index","follow":"follow","max-snippet":"max-snippet:-1","max-image-preview":"max-image-preview:large","max-video-preview":"max-video-preview:-1"},"canonical":"https:\/\/ohmytuft.com\/pl\/produkt\/tufting-machine-ak-i-cut-pile\/","og_locale":"pl_PL","og_type":"article","og_title":"Hand Tufting Gun AK-I - Cut Pile - Ohmytuft.com","og_description":"Elektryczny r\u0119czny pistolet do tuftingu - Ci\u0119cie runa.  100-240 V z wtyczk\u0105 Euro  Regulowana wysoko\u015b\u0107 runa: 7-21 mm  Waga: 1,40 kg  Regulowana pr\u0119dko\u015b\u0107: 5-40 \u015bcieg\u00f3w\/s i regulowana. Mo\u017cesz kontrolowa\u0107 pr\u0119dko\u015b\u0107, aby uzyska\u0107 szczeg\u00f3\u0142owe informacje. Maszyna ta jest \u0142atwa w nauce i obs\u0142udze. Samouczki ju\u017c wkr\u00f3tce! Okresowa konserwacja zapewnia d\u0142u\u017csz\u0105 \u017cywotno\u015b\u0107 narz\u0119dzia. Pude\u0142ko zawiera:  Tufting Gun Machine  Zasilacz AC\/DC z wtyczk\u0105 Euro  Narz\u0119dzia i \u015bruby do konserwacji Safety First!  Stosowa\u0107 \u015brodki ochrony s\u0142uchu i oczu.  Unikaj sprz\u0119tu i mechanizm\u00f3w.  Wy\u0142\u0105cz zasilanie, gdy urz\u0105dzenie nie jest u\u017cywane.","og_url":"https:\/\/ohmytuft.com\/pl\/produkt\/tufting-machine-ak-i-cut-pile\/","og_site_name":"Ohmytuft.com","article_modified_time":"2025-03-20T23:50:00+00:00","og_image":[{"width":2560,"height":2560,"url":"https:\/\/ohmytuft.com\/wp-content\/uploads\/2021\/02\/23022021-IMG_4393-scaled.jpg","type":"image\/jpeg"}],"twitter_card":"summary_large_image","twitter_misc":{"Szacowany czas czytania":"2 minuty"},"schema":{"@context":"https:\/\/schema.org","@graph":[{"@type":"WebPage","@id":"https:\/\/ohmytuft.com\/pl\/produkt\/tufting-machine-ak-i-cut-pile\/","url":"https:\/\/ohmytuft.com\/pl\/produkt\/tufting-machine-ak-i-cut-pile\/","name":"Hand Tufting Gun AK-I - Cut Pile - Ohmytuft.com","isPartOf":{"@id":"https:\/\/ohmytuft.com\/pl\/#website"},"primaryImageOfPage":{"@id":"https:\/\/ohmytuft.com\/pl\/produkt\/tufting-machine-ak-i-cut-pile\/#primaryimage"},"image":{"@id":"https:\/\/ohmytuft.com\/pl\/produkt\/tufting-machine-ak-i-cut-pile\/#primaryimage"},"thumbnailUrl":"https:\/\/ohmytuft.com\/wp-content\/uploads\/2021\/02\/tufting-gun-ak1.png","datePublished":"2021-02-28T20:55:20+00:00","dateModified":"2025-03-20T23:50:00+00:00","breadcrumb":{"@id":"https:\/\/ohmytuft.com\/pl\/produkt\/tufting-machine-ak-i-cut-pile\/#breadcrumb"},"inLanguage":"pl-PL","potentialAction":[{"@type":"ReadAction","target":["https:\/\/ohmytuft.com\/pl\/produkt\/tufting-machine-ak-i-cut-pile\/"]}]},{"@type":"ImageObject","inLanguage":"pl-PL","@id":"https:\/\/ohmytuft.com\/pl\/produkt\/tufting-machine-ak-i-cut-pile\/#primaryimage","url":"https:\/\/ohmytuft.com\/wp-content\/uploads\/2021\/02\/tufting-gun-ak1.png","contentUrl":"https:\/\/ohmytuft.com\/wp-content\/uploads\/2021\/02\/tufting-gun-ak1.png","width":800,"height":800,"caption":"tufting gun AK1"},{"@type":"BreadcrumbList","@id":"https:\/\/ohmytuft.com\/pl\/produkt\/tufting-machine-ak-i-cut-pile\/#breadcrumb","itemListElement":[{"@type":"ListItem","position":1,"name":"Home","item":"https:\/\/ohmytuft.com\/pl\/"},{"@type":"ListItem","position":2,"name":"Sklep","item":"https:\/\/ohmytuft.com\/pl\/sklep\/"},{"@type":"ListItem","position":3,"name":"Hand Tufting Gun AK-I &#8211; Cut Pile"}]},{"@type":"WebSite","@id":"https:\/\/ohmytuft.com\/pl\/#website","url":"https:\/\/ohmytuft.com\/pl\/","name":"Oh my tuft","description":"Oh my tuft","publisher":{"@id":"https:\/\/ohmytuft.com\/pl\/#organization"},"potentialAction":[{"@type":"SearchAction","target":{"@type":"EntryPoint","urlTemplate":"https:\/\/ohmytuft.com\/pl\/?s={search_term_string}"},"query-input":{"@type":"PropertyValueSpecification","valueRequired":true,"valueName":"search_term_string"}}],"inLanguage":"pl-PL"},{"@type":"Organization","@id":"https:\/\/ohmytuft.com\/pl\/#organization","name":"Oh my tuft","url":"https:\/\/ohmytuft.com\/pl\/","logo":{"@type":"ImageObject","inLanguage":"pl-PL","@id":"https:\/\/ohmytuft.com\/pl\/#\/schema\/logo\/image\/","url":"https:\/\/ohmytuft.com\/wp-content\/uploads\/2021\/02\/WEB-20.png","contentUrl":"https:\/\/ohmytuft.com\/wp-content\/uploads\/2021\/02\/WEB-20.png","width":2085,"height":764,"caption":"Oh my tuft"},"image":{"@id":"https:\/\/ohmytuft.com\/pl\/#\/schema\/logo\/image\/"},"sameAs":["https:\/\/www.instagram.com\/tuftinggunsupplies\/","https:\/\/www.tiktok.com\/@tuftinggun"]}]}},"_links":{"self":[{"href":"https:\/\/ohmytuft.com\/pl\/wp-json\/wp\/v2\/product\/3742","targetHints":{"allow":["GET"]}}],"collection":[{"href":"https:\/\/ohmytuft.com\/pl\/wp-json\/wp\/v2\/product"}],"about":[{"href":"https:\/\/ohmytuft.com\/pl\/wp-json\/wp\/v2\/types\/product"}],"replies":[{"embeddable":true,"href":"https:\/\/ohmytuft.com\/pl\/wp-json\/wp\/v2\/comments?post=3742"}],"wp:featuredmedia":[{"embeddable":true,"href":"https:\/\/ohmytuft.com\/pl\/wp-json\/wp\/v2\/media\/8938"}],"wp:attachment":[{"href":"https:\/\/ohmytuft.com\/pl\/wp-json\/wp\/v2\/media?parent=3742"}],"wp:term":[{"taxonomy":"product_brand","embeddable":true,"href":"https:\/\/ohmytuft.com\/pl\/wp-json\/wp\/v2\/product_brand?post=3742"},{"taxonomy":"product_cat","embeddable":true,"href":"https:\/\/ohmytuft.com\/pl\/wp-json\/wp\/v2\/product_cat?post=3742"},{"taxonomy":"product_tag","embeddable":true,"href":"https:\/\/ohmytuft.com\/pl\/wp-json\/wp\/v2\/product_tag?post=3742"}],"curies":[{"name":"wp","href":"https:\/\/api.w.org\/{rel}","templated":true}]}}