{"id":3743,"date":"2021-02-09T13:33:15","date_gmt":"2021-02-09T13:33:15","guid":{"rendered":"https:\/\/ohmytuft.com\/product\/hand-tufting-gun-ak-ii-loop-pile\/"},"modified":"2024-05-25T11:01:15","modified_gmt":"2024-05-25T11:01:15","slug":"tufting-machine-ak-ii-loop-pile","status":"publish","type":"product","link":"https:\/\/ohmytuft.com\/pl\/produkt\/tufting-machine-ak-ii-loop-pile\/","title":{"rendered":"Hand Tufting Gun AK-II &#8211; Loop Pile"},"content":{"rendered":"<div class=\"flex-1 overflow-hidden\">\n<div class=\"react-scroll-to-bottom--css-zhypp-79elbk h-full\">\n<div class=\"react-scroll-to-bottom--css-zhypp-1n7m0yu\">\n<div class=\"flex flex-col pb-9 text-sm\">\n<div class=\"w-full text-token-text-primary\" data-testid=\"conversation-turn-7\">\n<div class=\"px-4 py-2 justify-center text-base md:gap-6 m-auto\">\n<div class=\"flex flex-1 text-base mx-auto gap-3 md:px-5 lg:px-1 xl:px-5 md:max-w-3xl lg:max-w-[40rem] xl:max-w-[48rem] group final-completion\">\n<div class=\"relative flex w-full flex-col lg:w-[calc(100%-115px)] agent-turn\">\n<div class=\"flex-col gap-1 md:gap-3\">\n<div class=\"flex flex-grow flex-col max-w-full\">\n<div class=\"min-h-[20px] text-message flex flex-col items-start gap-3 whitespace-pre-wrap break-words [.text-message+&amp;]:mt-5 overflow-x-auto\" data-message-author-role=\"assistant\" data-message-id=\"d24ca839-c467-4488-8fff-83d8a15f5126\">\n<div class=\"markdown prose w-full break-words dark:prose-invert dark\">\n<p>P\u0119tla AK-2 <a href=\"https:\/\/ohmytuft.com\/pl\/buy\/tufting-guns-pl\/\"><br \/>\n  <strong>Tufting Gun<\/strong><br \/>\n<\/a> to innowacyjne narz\u0119dzie, kt\u00f3re wyr\u00f3\u017cnia si\u0119 w \u015bwiecie produkcji tekstyli\u00f3w. Oto szczeg\u00f3\u0142owy opis i przekonuj\u0105ce powody, dla kt\u00f3rych jest to niezb\u0119dny zakup dla Twojego sklepu z tuftingiem:<\/p>\n<ol>\n<li><strong>Specjalistyczny do tu<\/strong>ftingu p\u0119telkowego: AK-2 jest specjalnie zaprojektowany do tuftingu p\u0119telkowego, techniki, kt\u00f3ra tworzy unikaln\u0105 zap\u0119tlon\u0105 tekstur\u0119 w tekstyliach. Styl ten jest preferowany ze wzgl\u0119du na sw\u00f3j charakterystyczny, przyjemny w dotyku wygl\u0105d, dzi\u0119ki czemu jest popularny w wystroju wn\u0119trz i zastosowaniach modowych.<\/li>\n<li><strong>Rozszerzone mo\u017cliwo\u015bci<\/strong> teksturowania: Dzi\u0119ki AK-2 mo\u017cesz wprowadzi\u0107 nowy zakres tekstur do swoich produkt\u00f3w. Technika p\u0119telkowego w\u0142osia tworzy g\u0119st\u0105, mi\u0119kk\u0105 powierzchni\u0119, kt\u00f3ra jest nie tylko atrakcyjna wizualnie, ale tak\u017ce wygodna w dotyku. Mo\u017ce to znacznie poszerzy\u0107 atrakcyjno\u015b\u0107 twoich kreacji, przyci\u0105gaj\u0105c szersz\u0105 baz\u0119 klient\u00f3w.<\/li>\n<li><strong>Precyzja i sp\u00f3jno\u015b\u0107<\/strong>: Ten pistolet do tuftingu zapewnia precyzj\u0119 pracy. Tworzone p\u0119tle maj\u0105 sta\u0142\u0105 wysoko\u015b\u0107 i g\u0119sto\u015b\u0107, co ma kluczowe znaczenie dla uzyskania profesjonalnych rezultat\u00f3w. Niezale\u017cnie od tego, czy pracujesz nad skomplikowanymi projektami, czy projektami na du\u017c\u0105 skal\u0119, AK-2 zapewnia jednolito\u015b\u0107 i precyzj\u0119.<\/li>\n<li><strong>Wydajny i przyjazny dla u\u017cytkownika<\/strong>: AK-2 zwi\u0119ksza wydajno\u015b\u0107 tuftingu, umo\u017cliwiaj\u0105c szybsze uko\u0144czenie projektu w por\u00f3wnaniu z metodami r\u0119cznymi. Zosta\u0142 zaprojektowany tak, aby by\u0142 przyjazny dla u\u017cytkownika, z intuicyjnymi elementami steruj\u0105cymi i ergonomiczn\u0105 konstrukcj\u0105, kt\u00f3ra sprawia, \u017ce jest odpowiedni zar\u00f3wno dla pocz\u0105tkuj\u0105cych, jak i do\u015bwiadczonych tufter\u00f3w.<\/li>\n<li><strong>Trwa\u0142o\u015b\u0107 i niezawodno\u015b\u0107<\/strong>: Zbudowany z wysokiej jako\u015bci materia\u0142\u00f3w, AK-2 jest trwa\u0142ym narz\u0119dziem, kt\u00f3re wytrzymuje cz\u0119ste u\u017cytkowanie. Inwestycja w ten pistolet do tuftingu oznacza inwestycj\u0119 w narz\u0119dzie, kt\u00f3re b\u0119dzie niezawodnie s\u0142u\u017cy\u0107 przez d\u0142ugi czas.<\/li>\n<li><strong>Kreatywna elastyczno\u015b\u0107<\/strong>: AK-2 otwiera nowe mo\u017cliwo\u015bci kreatywnej ekspresji. Pozwala eksperymentowa\u0107 z r\u00f3\u017cnymi rodzajami i kolorami prz\u0119dzy, umo\u017cliwiaj\u0105c tworzenie unikalnych i przyci\u0105gaj\u0105cych wzrok projekt\u00f3w, kt\u00f3re wyr\u00f3\u017cniaj\u0105 si\u0119 na rynku.<\/li>\n<li><strong>Idealny do r\u00f3\u017cnych<\/strong> projekt\u00f3w: Narz\u0119dzie to jest idealne do tworzenia r\u00f3\u017cnorodnych produkt\u00f3w, od dywan\u00f3w i wyk\u0142adzin po zawieszki \u015bcienne i elementy mody. Jego wszechstronno\u015b\u0107 w obs\u0142udze r\u00f3\u017cnych materia\u0142\u00f3w i rozmiar\u00f3w projekt\u00f3w sprawia, \u017ce jest to nieoceniony atut w warsztacie tuftingu.<\/li>\n<\/ol>\n<p>Podsumowuj\u0105c, pistolet do tuftingu AK-2 Loop Pile jest niezb\u0119dny w ka\u017cdym zak\u0142adzie tuftingowym, kt\u00f3ry chce poszerzy\u0107 swoje kreatywne horyzonty i poprawi\u0107 wydajno\u015b\u0107. Jest to wszechstronne, przyjazne dla u\u017cytkownika i niezawodne narz\u0119dzie, kt\u00f3re umo\u017cliwia tworzenie wysokiej jako\u015bci, bogatych w tekstury produkt\u00f3w, kt\u00f3re przyci\u0105gn\u0105 i zachwyc\u0105 klient\u00f3w. Inwestycja w AK-2 to nie tylko zakup narz\u0119dzia; to inwestycja w potencja\u0142 i jako\u015b\u0107 Twoich projekt\u00f3w. <a href=\"https:\/\/ohmytuft.com\/pl\/\"><br \/>\n  <strong>projekt\u00f3w tuftingu<\/strong><br \/>\n<\/a>.<\/p>\n<\/div>\n<\/div>\n<\/div>\n<div class=\"mt-1 flex justify-start gap-3 empty:hidden\">\n<div class=\"text-gray-400 flex self-end lg:self-center justify-center lg:justify-start mt-0 gap-1 visible\">\n<p>&nbsp;<\/p>\n<div class=\"flex items-center gap-1.5 text-xs\"><\/div>\n<\/div>\n<\/div>\n<\/div>\n<\/div>\n<\/div>\n<\/div>\n<\/div>\n<\/div>\n<\/div>\n<\/div>\n<\/div>\n<div class=\"w-full pt-2 md:pt-0 dark:border-white\/20 md:border-transparent md:dark:border-transparent md:w-[calc(100%-.5rem)]\">\n<form class=\"stretch mx-2 flex flex-row gap-3 last:mb-2 md:mx-4 md:last:mb-6 lg:mx-auto lg:max-w-2xl xl:max-w-3xl\">\n<div class=\"relative flex h-full flex-1 items-stretch md:flex-col\">\n<div class=\"flex w-full items-center\"><\/div>\n<\/div>\n<\/form>\n<\/div>\n","protected":false},"excerpt":{"rendered":"<p><b>Elektryczny pistolet do tuftingu r\u0119cznego &#8211; Runo p\u0119telkowe.<\/b><\/p>\n<ul>\n<li>100-240 V z wtyczk\u0105 Euro<\/li>\n<li>Regulowana wysoko\u015b\u0107 runa: 4-13 mm<\/li>\n<li>Waga: 1,40 kg<\/li>\n<li>Regulowana pr\u0119dko\u015b\u0107: 5-45 \u015bcieg\u00f3w\/s i regulowana. Mo\u017cesz kontrolowa\u0107 pr\u0119dko\u015b\u0107, aby uzyska\u0107 szczeg\u00f3\u0142owe informacje.<\/li>\n<\/ul>\n<p>Maszyna ta jest \u0142atwa w nauce i obs\u0142udze. Samouczki ju\u017c wkr\u00f3tce!<br \/>\nOkresowa konserwacja zapewnia d\u0142u\u017csz\u0105 \u017cywotno\u015b\u0107 narz\u0119dzia.<\/p>\n<p><strong>Pude\u0142ko zawiera:<\/strong><\/p>\n<ul>\n<li>Tufting Gun Machine<\/li>\n<li>Zasilacz AC\/DC z wtyczk\u0105 Euro<\/li>\n<li>Narz\u0119dzia i \u015bruby do konserwacji<\/li>\n<\/ul>\n<p>Safety First!<\/p>\n<p>Stosowa\u0107 \u015brodki ochrony s\u0142uchu i oczu.<br \/>\nUnikaj sprz\u0119tu i mechanizm\u00f3w.<br \/>\nWy\u0142\u0105cz zasilanie, gdy urz\u0105dzenie nie jest u\u017cywane.<\/p>\n","protected":false},"featured_media":8951,"comment_status":"open","ping_status":"closed","template":"","meta":{"_joinchat":[]},"product_brand":[],"product_cat":[165],"product_tag":[],"class_list":{"0":"post-3743","1":"product","2":"type-product","3":"status-publish","4":"has-post-thumbnail","6":"product_cat-tufting-guns-pl","8":"first","9":"onbackorder","10":"sale","11":"taxable","12":"shipping-taxable","13":"purchasable","14":"product-type-simple"},"yoast_head":"<!-- This site is optimized with the Yoast SEO plugin v27.2 - https:\/\/yoast.com\/product\/yoast-seo-wordpress\/ -->\n<title>Hand Tufting Gun AK-II - Loop Pile - Ohmytuft.com<\/title>\n<meta name=\"robots\" content=\"index, follow, max-snippet:-1, max-image-preview:large, max-video-preview:-1\" \/>\n<link rel=\"canonical\" href=\"https:\/\/ohmytuft.com\/pl\/produkt\/tufting-machine-ak-ii-loop-pile\/\" \/>\n<meta property=\"og:locale\" content=\"pl_PL\" \/>\n<meta property=\"og:type\" content=\"article\" \/>\n<meta property=\"og:title\" content=\"Hand Tufting Gun AK-II - Loop Pile - Ohmytuft.com\" \/>\n<meta property=\"og:description\" content=\"Elektryczny pistolet do tuftingu r\u0119cznego - Runo p\u0119telkowe.  100-240 V z wtyczk\u0105 Euro  Regulowana wysoko\u015b\u0107 runa: 4-13 mm  Waga: 1,40 kg  Regulowana pr\u0119dko\u015b\u0107: 5-45 \u015bcieg\u00f3w\/s i regulowana. Mo\u017cesz kontrolowa\u0107 pr\u0119dko\u015b\u0107, aby uzyska\u0107 szczeg\u00f3\u0142owe informacje. Maszyna ta jest \u0142atwa w nauce i obs\u0142udze. Samouczki ju\u017c wkr\u00f3tce! Okresowa konserwacja zapewnia d\u0142u\u017csz\u0105 \u017cywotno\u015b\u0107 narz\u0119dzia. Pude\u0142ko zawiera:  Tufting Gun Machine  Zasilacz AC\/DC z wtyczk\u0105 Euro  Narz\u0119dzia i \u015bruby do konserwacji Safety First! Stosowa\u0107 \u015brodki ochrony s\u0142uchu i oczu. Unikaj sprz\u0119tu i mechanizm\u00f3w. Wy\u0142\u0105cz zasilanie, gdy urz\u0105dzenie nie jest u\u017cywane.\" \/>\n<meta property=\"og:url\" content=\"https:\/\/ohmytuft.com\/pl\/produkt\/tufting-machine-ak-ii-loop-pile\/\" \/>\n<meta property=\"og:site_name\" content=\"Ohmytuft.com\" \/>\n<meta property=\"article:modified_time\" content=\"2024-05-25T11:01:15+00:00\" \/>\n<meta property=\"og:image\" content=\"https:\/\/ohmytuft.com\/wp-content\/uploads\/2021\/02\/23022021-IMG_4443-scaled.jpg\" \/>\n\t<meta property=\"og:image:width\" content=\"2560\" \/>\n\t<meta property=\"og:image:height\" content=\"2560\" \/>\n\t<meta property=\"og:image:type\" content=\"image\/jpeg\" \/>\n<meta name=\"twitter:card\" content=\"summary_large_image\" \/>\n<meta name=\"twitter:label1\" content=\"Szacowany czas czytania\" \/>\n\t<meta name=\"twitter:data1\" content=\"2 minuty\" \/>\n<script type=\"application\/ld+json\" class=\"yoast-schema-graph\">{\"@context\":\"https:\/\/schema.org\",\"@graph\":[{\"@type\":\"WebPage\",\"@id\":\"https:\/\/ohmytuft.com\/pl\/produkt\/tufting-machine-ak-ii-loop-pile\/\",\"url\":\"https:\/\/ohmytuft.com\/pl\/produkt\/tufting-machine-ak-ii-loop-pile\/\",\"name\":\"Hand Tufting Gun AK-II - Loop Pile - Ohmytuft.com\",\"isPartOf\":{\"@id\":\"https:\/\/ohmytuft.com\/pl\/#website\"},\"primaryImageOfPage\":{\"@id\":\"https:\/\/ohmytuft.com\/pl\/produkt\/tufting-machine-ak-ii-loop-pile\/#primaryimage\"},\"image\":{\"@id\":\"https:\/\/ohmytuft.com\/pl\/produkt\/tufting-machine-ak-ii-loop-pile\/#primaryimage\"},\"thumbnailUrl\":\"https:\/\/ohmytuft.com\/wp-content\/uploads\/2021\/02\/tufting-gun-ak2.jpg\",\"datePublished\":\"2021-02-09T13:33:15+00:00\",\"dateModified\":\"2024-05-25T11:01:15+00:00\",\"breadcrumb\":{\"@id\":\"https:\/\/ohmytuft.com\/pl\/produkt\/tufting-machine-ak-ii-loop-pile\/#breadcrumb\"},\"inLanguage\":\"pl-PL\",\"potentialAction\":[{\"@type\":\"ReadAction\",\"target\":[\"https:\/\/ohmytuft.com\/pl\/produkt\/tufting-machine-ak-ii-loop-pile\/\"]}]},{\"@type\":\"ImageObject\",\"inLanguage\":\"pl-PL\",\"@id\":\"https:\/\/ohmytuft.com\/pl\/produkt\/tufting-machine-ak-ii-loop-pile\/#primaryimage\",\"url\":\"https:\/\/ohmytuft.com\/wp-content\/uploads\/2021\/02\/tufting-gun-ak2.jpg\",\"contentUrl\":\"https:\/\/ohmytuft.com\/wp-content\/uploads\/2021\/02\/tufting-gun-ak2.jpg\",\"width\":2560,\"height\":2560},{\"@type\":\"BreadcrumbList\",\"@id\":\"https:\/\/ohmytuft.com\/pl\/produkt\/tufting-machine-ak-ii-loop-pile\/#breadcrumb\",\"itemListElement\":[{\"@type\":\"ListItem\",\"position\":1,\"name\":\"Home\",\"item\":\"https:\/\/ohmytuft.com\/pl\/\"},{\"@type\":\"ListItem\",\"position\":2,\"name\":\"Sklep\",\"item\":\"https:\/\/ohmytuft.com\/pl\/sklep\/\"},{\"@type\":\"ListItem\",\"position\":3,\"name\":\"Hand Tufting Gun AK-II &#8211; Loop Pile\"}]},{\"@type\":\"WebSite\",\"@id\":\"https:\/\/ohmytuft.com\/pl\/#website\",\"url\":\"https:\/\/ohmytuft.com\/pl\/\",\"name\":\"Oh my tuft\",\"description\":\"Oh my tuft\",\"publisher\":{\"@id\":\"https:\/\/ohmytuft.com\/pl\/#organization\"},\"potentialAction\":[{\"@type\":\"SearchAction\",\"target\":{\"@type\":\"EntryPoint\",\"urlTemplate\":\"https:\/\/ohmytuft.com\/pl\/?s={search_term_string}\"},\"query-input\":{\"@type\":\"PropertyValueSpecification\",\"valueRequired\":true,\"valueName\":\"search_term_string\"}}],\"inLanguage\":\"pl-PL\"},{\"@type\":\"Organization\",\"@id\":\"https:\/\/ohmytuft.com\/pl\/#organization\",\"name\":\"Oh my tuft\",\"url\":\"https:\/\/ohmytuft.com\/pl\/\",\"logo\":{\"@type\":\"ImageObject\",\"inLanguage\":\"pl-PL\",\"@id\":\"https:\/\/ohmytuft.com\/pl\/#\/schema\/logo\/image\/\",\"url\":\"https:\/\/ohmytuft.com\/wp-content\/uploads\/2021\/02\/WEB-20.png\",\"contentUrl\":\"https:\/\/ohmytuft.com\/wp-content\/uploads\/2021\/02\/WEB-20.png\",\"width\":2085,\"height\":764,\"caption\":\"Oh my tuft\"},\"image\":{\"@id\":\"https:\/\/ohmytuft.com\/pl\/#\/schema\/logo\/image\/\"},\"sameAs\":[\"https:\/\/www.instagram.com\/tuftinggunsupplies\/\",\"https:\/\/www.tiktok.com\/@tuftinggun\"]}]}<\/script>\n<!-- \/ Yoast SEO plugin. -->","yoast_head_json":{"title":"Hand Tufting Gun AK-II - Loop Pile - Ohmytuft.com","robots":{"index":"index","follow":"follow","max-snippet":"max-snippet:-1","max-image-preview":"max-image-preview:large","max-video-preview":"max-video-preview:-1"},"canonical":"https:\/\/ohmytuft.com\/pl\/produkt\/tufting-machine-ak-ii-loop-pile\/","og_locale":"pl_PL","og_type":"article","og_title":"Hand Tufting Gun AK-II - Loop Pile - Ohmytuft.com","og_description":"Elektryczny pistolet do tuftingu r\u0119cznego - Runo p\u0119telkowe.  100-240 V z wtyczk\u0105 Euro  Regulowana wysoko\u015b\u0107 runa: 4-13 mm  Waga: 1,40 kg  Regulowana pr\u0119dko\u015b\u0107: 5-45 \u015bcieg\u00f3w\/s i regulowana. Mo\u017cesz kontrolowa\u0107 pr\u0119dko\u015b\u0107, aby uzyska\u0107 szczeg\u00f3\u0142owe informacje. Maszyna ta jest \u0142atwa w nauce i obs\u0142udze. Samouczki ju\u017c wkr\u00f3tce! Okresowa konserwacja zapewnia d\u0142u\u017csz\u0105 \u017cywotno\u015b\u0107 narz\u0119dzia. Pude\u0142ko zawiera:  Tufting Gun Machine  Zasilacz AC\/DC z wtyczk\u0105 Euro  Narz\u0119dzia i \u015bruby do konserwacji Safety First! Stosowa\u0107 \u015brodki ochrony s\u0142uchu i oczu. Unikaj sprz\u0119tu i mechanizm\u00f3w. Wy\u0142\u0105cz zasilanie, gdy urz\u0105dzenie nie jest u\u017cywane.","og_url":"https:\/\/ohmytuft.com\/pl\/produkt\/tufting-machine-ak-ii-loop-pile\/","og_site_name":"Ohmytuft.com","article_modified_time":"2024-05-25T11:01:15+00:00","og_image":[{"width":2560,"height":2560,"url":"https:\/\/ohmytuft.com\/wp-content\/uploads\/2021\/02\/23022021-IMG_4443-scaled.jpg","type":"image\/jpeg"}],"twitter_card":"summary_large_image","twitter_misc":{"Szacowany czas czytania":"2 minuty"},"schema":{"@context":"https:\/\/schema.org","@graph":[{"@type":"WebPage","@id":"https:\/\/ohmytuft.com\/pl\/produkt\/tufting-machine-ak-ii-loop-pile\/","url":"https:\/\/ohmytuft.com\/pl\/produkt\/tufting-machine-ak-ii-loop-pile\/","name":"Hand Tufting Gun AK-II - Loop Pile - Ohmytuft.com","isPartOf":{"@id":"https:\/\/ohmytuft.com\/pl\/#website"},"primaryImageOfPage":{"@id":"https:\/\/ohmytuft.com\/pl\/produkt\/tufting-machine-ak-ii-loop-pile\/#primaryimage"},"image":{"@id":"https:\/\/ohmytuft.com\/pl\/produkt\/tufting-machine-ak-ii-loop-pile\/#primaryimage"},"thumbnailUrl":"https:\/\/ohmytuft.com\/wp-content\/uploads\/2021\/02\/tufting-gun-ak2.jpg","datePublished":"2021-02-09T13:33:15+00:00","dateModified":"2024-05-25T11:01:15+00:00","breadcrumb":{"@id":"https:\/\/ohmytuft.com\/pl\/produkt\/tufting-machine-ak-ii-loop-pile\/#breadcrumb"},"inLanguage":"pl-PL","potentialAction":[{"@type":"ReadAction","target":["https:\/\/ohmytuft.com\/pl\/produkt\/tufting-machine-ak-ii-loop-pile\/"]}]},{"@type":"ImageObject","inLanguage":"pl-PL","@id":"https:\/\/ohmytuft.com\/pl\/produkt\/tufting-machine-ak-ii-loop-pile\/#primaryimage","url":"https:\/\/ohmytuft.com\/wp-content\/uploads\/2021\/02\/tufting-gun-ak2.jpg","contentUrl":"https:\/\/ohmytuft.com\/wp-content\/uploads\/2021\/02\/tufting-gun-ak2.jpg","width":2560,"height":2560},{"@type":"BreadcrumbList","@id":"https:\/\/ohmytuft.com\/pl\/produkt\/tufting-machine-ak-ii-loop-pile\/#breadcrumb","itemListElement":[{"@type":"ListItem","position":1,"name":"Home","item":"https:\/\/ohmytuft.com\/pl\/"},{"@type":"ListItem","position":2,"name":"Sklep","item":"https:\/\/ohmytuft.com\/pl\/sklep\/"},{"@type":"ListItem","position":3,"name":"Hand Tufting Gun AK-II &#8211; Loop Pile"}]},{"@type":"WebSite","@id":"https:\/\/ohmytuft.com\/pl\/#website","url":"https:\/\/ohmytuft.com\/pl\/","name":"Oh my tuft","description":"Oh my tuft","publisher":{"@id":"https:\/\/ohmytuft.com\/pl\/#organization"},"potentialAction":[{"@type":"SearchAction","target":{"@type":"EntryPoint","urlTemplate":"https:\/\/ohmytuft.com\/pl\/?s={search_term_string}"},"query-input":{"@type":"PropertyValueSpecification","valueRequired":true,"valueName":"search_term_string"}}],"inLanguage":"pl-PL"},{"@type":"Organization","@id":"https:\/\/ohmytuft.com\/pl\/#organization","name":"Oh my tuft","url":"https:\/\/ohmytuft.com\/pl\/","logo":{"@type":"ImageObject","inLanguage":"pl-PL","@id":"https:\/\/ohmytuft.com\/pl\/#\/schema\/logo\/image\/","url":"https:\/\/ohmytuft.com\/wp-content\/uploads\/2021\/02\/WEB-20.png","contentUrl":"https:\/\/ohmytuft.com\/wp-content\/uploads\/2021\/02\/WEB-20.png","width":2085,"height":764,"caption":"Oh my tuft"},"image":{"@id":"https:\/\/ohmytuft.com\/pl\/#\/schema\/logo\/image\/"},"sameAs":["https:\/\/www.instagram.com\/tuftinggunsupplies\/","https:\/\/www.tiktok.com\/@tuftinggun"]}]}},"_links":{"self":[{"href":"https:\/\/ohmytuft.com\/pl\/wp-json\/wp\/v2\/product\/3743","targetHints":{"allow":["GET"]}}],"collection":[{"href":"https:\/\/ohmytuft.com\/pl\/wp-json\/wp\/v2\/product"}],"about":[{"href":"https:\/\/ohmytuft.com\/pl\/wp-json\/wp\/v2\/types\/product"}],"replies":[{"embeddable":true,"href":"https:\/\/ohmytuft.com\/pl\/wp-json\/wp\/v2\/comments?post=3743"}],"wp:featuredmedia":[{"embeddable":true,"href":"https:\/\/ohmytuft.com\/pl\/wp-json\/wp\/v2\/media\/8951"}],"wp:attachment":[{"href":"https:\/\/ohmytuft.com\/pl\/wp-json\/wp\/v2\/media?parent=3743"}],"wp:term":[{"taxonomy":"product_brand","embeddable":true,"href":"https:\/\/ohmytuft.com\/pl\/wp-json\/wp\/v2\/product_brand?post=3743"},{"taxonomy":"product_cat","embeddable":true,"href":"https:\/\/ohmytuft.com\/pl\/wp-json\/wp\/v2\/product_cat?post=3743"},{"taxonomy":"product_tag","embeddable":true,"href":"https:\/\/ohmytuft.com\/pl\/wp-json\/wp\/v2\/product_tag?post=3743"}],"curies":[{"name":"wp","href":"https:\/\/api.w.org\/{rel}","templated":true}]}}