{"id":3749,"date":"2023-05-12T13:54:50","date_gmt":"2023-05-12T13:54:50","guid":{"rendered":"https:\/\/ohmytuft.com\/product\/handmade-narzedzie-do-tuftingu\/"},"modified":"2023-05-12T13:54:50","modified_gmt":"2023-05-12T13:54:50","slug":"handmade-narzedzie-tuftingu","status":"publish","type":"product","link":"https:\/\/ohmytuft.com\/pl\/produkt\/handmade-narzedzie-tuftingu\/","title":{"rendered":"Handmade narz\u0119dzie do tuftingu"},"content":{"rendered":"","protected":false},"excerpt":{"rendered":"<p>Tuftowanie za pomoc\u0105 naszego najta\u0144szego r\u0119cznego narz\u0119dzia do tuftowania \ud83d\ude09<\/p>\n","protected":false},"featured_media":3424,"comment_status":"open","ping_status":"closed","template":"","meta":{"_joinchat":[]},"product_brand":[],"product_cat":[167,165],"product_tag":[],"class_list":{"0":"post-3749","1":"product","2":"type-product","3":"status-publish","4":"has-post-thumbnail","6":"product_cat-akcesoria","7":"product_cat-tufting-guns-pl","9":"first","10":"instock","11":"taxable","12":"shipping-taxable","13":"purchasable","14":"product-type-simple"},"yoast_head":"<!-- This site is optimized with the Yoast SEO plugin v27.2 - https:\/\/yoast.com\/product\/yoast-seo-wordpress\/ -->\n<title>Handmade narz\u0119dzie do tuftingu - Ohmytuft.com<\/title>\n<meta name=\"robots\" content=\"index, follow, max-snippet:-1, max-image-preview:large, max-video-preview:-1\" \/>\n<link rel=\"canonical\" href=\"https:\/\/ohmytuft.com\/pl\/produkt\/handmade-narzedzie-tuftingu\/\" \/>\n<meta property=\"og:locale\" content=\"pl_PL\" \/>\n<meta property=\"og:type\" content=\"article\" \/>\n<meta property=\"og:title\" content=\"Handmade narz\u0119dzie do tuftingu - Ohmytuft.com\" \/>\n<meta property=\"og:description\" content=\"Tuftowanie za pomoc\u0105 naszego najta\u0144szego r\u0119cznego narz\u0119dzia do tuftowania ;)\" \/>\n<meta property=\"og:url\" content=\"https:\/\/ohmytuft.com\/pl\/produkt\/handmade-narzedzie-tuftingu\/\" \/>\n<meta property=\"og:site_name\" content=\"Ohmytuft.com\" \/>\n<meta property=\"og:image\" content=\"https:\/\/ohmytuft.com\/wp-content\/uploads\/2023\/05\/handmade-tufting-tool.png\" \/>\n\t<meta property=\"og:image:width\" content=\"926\" \/>\n\t<meta property=\"og:image:height\" content=\"884\" \/>\n\t<meta property=\"og:image:type\" content=\"image\/png\" \/>\n<meta name=\"twitter:card\" content=\"summary_large_image\" \/>\n<script type=\"application\/ld+json\" class=\"yoast-schema-graph\">{\"@context\":\"https:\/\/schema.org\",\"@graph\":[{\"@type\":\"WebPage\",\"@id\":\"https:\/\/ohmytuft.com\/pl\/produkt\/handmade-narzedzie-tuftingu\/\",\"url\":\"https:\/\/ohmytuft.com\/pl\/produkt\/handmade-narzedzie-tuftingu\/\",\"name\":\"Handmade narz\u0119dzie do tuftingu - Ohmytuft.com\",\"isPartOf\":{\"@id\":\"https:\/\/ohmytuft.com\/pl\/#website\"},\"primaryImageOfPage\":{\"@id\":\"https:\/\/ohmytuft.com\/pl\/produkt\/handmade-narzedzie-tuftingu\/#primaryimage\"},\"image\":{\"@id\":\"https:\/\/ohmytuft.com\/pl\/produkt\/handmade-narzedzie-tuftingu\/#primaryimage\"},\"thumbnailUrl\":\"https:\/\/ohmytuft.com\/wp-content\/uploads\/2023\/05\/handmade-tufting-tool.png\",\"datePublished\":\"2023-05-12T13:54:50+00:00\",\"breadcrumb\":{\"@id\":\"https:\/\/ohmytuft.com\/pl\/produkt\/handmade-narzedzie-tuftingu\/#breadcrumb\"},\"inLanguage\":\"pl-PL\",\"potentialAction\":[{\"@type\":\"ReadAction\",\"target\":[\"https:\/\/ohmytuft.com\/pl\/produkt\/handmade-narzedzie-tuftingu\/\"]}]},{\"@type\":\"ImageObject\",\"inLanguage\":\"pl-PL\",\"@id\":\"https:\/\/ohmytuft.com\/pl\/produkt\/handmade-narzedzie-tuftingu\/#primaryimage\",\"url\":\"https:\/\/ohmytuft.com\/wp-content\/uploads\/2023\/05\/handmade-tufting-tool.png\",\"contentUrl\":\"https:\/\/ohmytuft.com\/wp-content\/uploads\/2023\/05\/handmade-tufting-tool.png\",\"width\":926,\"height\":884,\"caption\":\"handmade tufting tool\"},{\"@type\":\"BreadcrumbList\",\"@id\":\"https:\/\/ohmytuft.com\/pl\/produkt\/handmade-narzedzie-tuftingu\/#breadcrumb\",\"itemListElement\":[{\"@type\":\"ListItem\",\"position\":1,\"name\":\"Home\",\"item\":\"https:\/\/ohmytuft.com\/pl\/\"},{\"@type\":\"ListItem\",\"position\":2,\"name\":\"Sklep\",\"item\":\"https:\/\/ohmytuft.com\/pl\/sklep\/\"},{\"@type\":\"ListItem\",\"position\":3,\"name\":\"Handmade narz\u0119dzie do tuftingu\"}]},{\"@type\":\"WebSite\",\"@id\":\"https:\/\/ohmytuft.com\/pl\/#website\",\"url\":\"https:\/\/ohmytuft.com\/pl\/\",\"name\":\"Oh my tuft\",\"description\":\"Oh my tuft\",\"publisher\":{\"@id\":\"https:\/\/ohmytuft.com\/pl\/#organization\"},\"potentialAction\":[{\"@type\":\"SearchAction\",\"target\":{\"@type\":\"EntryPoint\",\"urlTemplate\":\"https:\/\/ohmytuft.com\/pl\/?s={search_term_string}\"},\"query-input\":{\"@type\":\"PropertyValueSpecification\",\"valueRequired\":true,\"valueName\":\"search_term_string\"}}],\"inLanguage\":\"pl-PL\"},{\"@type\":\"Organization\",\"@id\":\"https:\/\/ohmytuft.com\/pl\/#organization\",\"name\":\"Oh my tuft\",\"url\":\"https:\/\/ohmytuft.com\/pl\/\",\"logo\":{\"@type\":\"ImageObject\",\"inLanguage\":\"pl-PL\",\"@id\":\"https:\/\/ohmytuft.com\/pl\/#\/schema\/logo\/image\/\",\"url\":\"https:\/\/ohmytuft.com\/wp-content\/uploads\/2021\/02\/WEB-20.png\",\"contentUrl\":\"https:\/\/ohmytuft.com\/wp-content\/uploads\/2021\/02\/WEB-20.png\",\"width\":2085,\"height\":764,\"caption\":\"Oh my tuft\"},\"image\":{\"@id\":\"https:\/\/ohmytuft.com\/pl\/#\/schema\/logo\/image\/\"},\"sameAs\":[\"https:\/\/www.instagram.com\/tuftinggunsupplies\/\",\"https:\/\/www.tiktok.com\/@tuftinggun\"]}]}<\/script>\n<!-- \/ Yoast SEO plugin. -->","yoast_head_json":{"title":"Handmade narz\u0119dzie do tuftingu - Ohmytuft.com","robots":{"index":"index","follow":"follow","max-snippet":"max-snippet:-1","max-image-preview":"max-image-preview:large","max-video-preview":"max-video-preview:-1"},"canonical":"https:\/\/ohmytuft.com\/pl\/produkt\/handmade-narzedzie-tuftingu\/","og_locale":"pl_PL","og_type":"article","og_title":"Handmade narz\u0119dzie do tuftingu - Ohmytuft.com","og_description":"Tuftowanie za pomoc\u0105 naszego najta\u0144szego r\u0119cznego narz\u0119dzia do tuftowania ;)","og_url":"https:\/\/ohmytuft.com\/pl\/produkt\/handmade-narzedzie-tuftingu\/","og_site_name":"Ohmytuft.com","og_image":[{"width":926,"height":884,"url":"https:\/\/ohmytuft.com\/wp-content\/uploads\/2023\/05\/handmade-tufting-tool.png","type":"image\/png"}],"twitter_card":"summary_large_image","schema":{"@context":"https:\/\/schema.org","@graph":[{"@type":"WebPage","@id":"https:\/\/ohmytuft.com\/pl\/produkt\/handmade-narzedzie-tuftingu\/","url":"https:\/\/ohmytuft.com\/pl\/produkt\/handmade-narzedzie-tuftingu\/","name":"Handmade narz\u0119dzie do tuftingu - Ohmytuft.com","isPartOf":{"@id":"https:\/\/ohmytuft.com\/pl\/#website"},"primaryImageOfPage":{"@id":"https:\/\/ohmytuft.com\/pl\/produkt\/handmade-narzedzie-tuftingu\/#primaryimage"},"image":{"@id":"https:\/\/ohmytuft.com\/pl\/produkt\/handmade-narzedzie-tuftingu\/#primaryimage"},"thumbnailUrl":"https:\/\/ohmytuft.com\/wp-content\/uploads\/2023\/05\/handmade-tufting-tool.png","datePublished":"2023-05-12T13:54:50+00:00","breadcrumb":{"@id":"https:\/\/ohmytuft.com\/pl\/produkt\/handmade-narzedzie-tuftingu\/#breadcrumb"},"inLanguage":"pl-PL","potentialAction":[{"@type":"ReadAction","target":["https:\/\/ohmytuft.com\/pl\/produkt\/handmade-narzedzie-tuftingu\/"]}]},{"@type":"ImageObject","inLanguage":"pl-PL","@id":"https:\/\/ohmytuft.com\/pl\/produkt\/handmade-narzedzie-tuftingu\/#primaryimage","url":"https:\/\/ohmytuft.com\/wp-content\/uploads\/2023\/05\/handmade-tufting-tool.png","contentUrl":"https:\/\/ohmytuft.com\/wp-content\/uploads\/2023\/05\/handmade-tufting-tool.png","width":926,"height":884,"caption":"handmade tufting tool"},{"@type":"BreadcrumbList","@id":"https:\/\/ohmytuft.com\/pl\/produkt\/handmade-narzedzie-tuftingu\/#breadcrumb","itemListElement":[{"@type":"ListItem","position":1,"name":"Home","item":"https:\/\/ohmytuft.com\/pl\/"},{"@type":"ListItem","position":2,"name":"Sklep","item":"https:\/\/ohmytuft.com\/pl\/sklep\/"},{"@type":"ListItem","position":3,"name":"Handmade narz\u0119dzie do tuftingu"}]},{"@type":"WebSite","@id":"https:\/\/ohmytuft.com\/pl\/#website","url":"https:\/\/ohmytuft.com\/pl\/","name":"Oh my tuft","description":"Oh my tuft","publisher":{"@id":"https:\/\/ohmytuft.com\/pl\/#organization"},"potentialAction":[{"@type":"SearchAction","target":{"@type":"EntryPoint","urlTemplate":"https:\/\/ohmytuft.com\/pl\/?s={search_term_string}"},"query-input":{"@type":"PropertyValueSpecification","valueRequired":true,"valueName":"search_term_string"}}],"inLanguage":"pl-PL"},{"@type":"Organization","@id":"https:\/\/ohmytuft.com\/pl\/#organization","name":"Oh my tuft","url":"https:\/\/ohmytuft.com\/pl\/","logo":{"@type":"ImageObject","inLanguage":"pl-PL","@id":"https:\/\/ohmytuft.com\/pl\/#\/schema\/logo\/image\/","url":"https:\/\/ohmytuft.com\/wp-content\/uploads\/2021\/02\/WEB-20.png","contentUrl":"https:\/\/ohmytuft.com\/wp-content\/uploads\/2021\/02\/WEB-20.png","width":2085,"height":764,"caption":"Oh my tuft"},"image":{"@id":"https:\/\/ohmytuft.com\/pl\/#\/schema\/logo\/image\/"},"sameAs":["https:\/\/www.instagram.com\/tuftinggunsupplies\/","https:\/\/www.tiktok.com\/@tuftinggun"]}]}},"_links":{"self":[{"href":"https:\/\/ohmytuft.com\/pl\/wp-json\/wp\/v2\/product\/3749","targetHints":{"allow":["GET"]}}],"collection":[{"href":"https:\/\/ohmytuft.com\/pl\/wp-json\/wp\/v2\/product"}],"about":[{"href":"https:\/\/ohmytuft.com\/pl\/wp-json\/wp\/v2\/types\/product"}],"replies":[{"embeddable":true,"href":"https:\/\/ohmytuft.com\/pl\/wp-json\/wp\/v2\/comments?post=3749"}],"wp:featuredmedia":[{"embeddable":true,"href":"https:\/\/ohmytuft.com\/pl\/wp-json\/wp\/v2\/media\/3424"}],"wp:attachment":[{"href":"https:\/\/ohmytuft.com\/pl\/wp-json\/wp\/v2\/media?parent=3749"}],"wp:term":[{"taxonomy":"product_brand","embeddable":true,"href":"https:\/\/ohmytuft.com\/pl\/wp-json\/wp\/v2\/product_brand?post=3749"},{"taxonomy":"product_cat","embeddable":true,"href":"https:\/\/ohmytuft.com\/pl\/wp-json\/wp\/v2\/product_cat?post=3749"},{"taxonomy":"product_tag","embeddable":true,"href":"https:\/\/ohmytuft.com\/pl\/wp-json\/wp\/v2\/product_tag?post=3749"}],"curies":[{"name":"wp","href":"https:\/\/api.w.org\/{rel}","templated":true}]}}