{"id":3755,"date":"2024-03-14T08:51:57","date_gmt":"2024-03-14T08:51:57","guid":{"rendered":"https:\/\/ohmytuft.com\/product\/hand-tufting-gun-2-in-1-loop-cut\/"},"modified":"2024-11-13T15:13:30","modified_gmt":"2024-11-13T15:13:30","slug":"tufting-machine-2-in-1-loop-cut","status":"publish","type":"product","link":"https:\/\/ohmytuft.com\/pl\/produkt\/tufting-machine-2-in-1-loop-cut\/","title":{"rendered":"Hand Tufting Gun 2-in-1 Loop &amp; Cut"},"content":{"rendered":"","protected":false},"excerpt":{"rendered":"<p><b>Elektryczny r\u0119czny pistolet do tuftingu 2 w 1 z p\u0119telk\u0105 i ci\u0119tym w\u0142osiem.<\/b><\/p>\n<ul>\n<li>100-240 V z wtyczk\u0105 Euro<\/li>\n<li>Regulowana wysoko\u015b\u0107 runa: 7-21 mm<\/li>\n<li>Waga: 1,40 kg<\/li>\n<li>Regulowana pr\u0119dko\u015b\u0107: 5-40 \u015bcieg\u00f3w\/s i regulowana. Mo\u017cesz kontrolowa\u0107 pr\u0119dko\u015b\u0107, aby uzyska\u0107 szczeg\u00f3\u0142owe informacje.<\/li>\n<li>Wymienne no\u017cyczki Loop &amp; Cut<\/li>\n<li>Black Edition<\/li>\n<\/ul>\n<p>Maszyna ta jest \u0142atwa w nauce i obs\u0142udze. Samouczki ju\u017c wkr\u00f3tce!<br \/>\nOkresowa konserwacja zapewnia d\u0142u\u017csz\u0105 \u017cywotno\u015b\u0107 narz\u0119dzia.<\/p>\n<p><strong>Pude\u0142ko zawiera:<\/strong><\/p>\n<ul>\n<li>Tufting Gun Machine<\/li>\n<li>Zasilacz AC\/DC z wtyczk\u0105 Euro<\/li>\n<li>Narz\u0119dzia i \u015bruby do konserwacji<\/li>\n<li>Nawlekacz ig\u0142y<\/li>\n<li>2 no\u017cyczki do ci\u0119cia + 1 no\u017cyczka do p\u0119tli<\/li>\n<\/ul>\n<p>Safety First!<br \/>\nStosowa\u0107 \u015brodki ochrony s\u0142uchu i oczu.<br \/>\nUnikaj sprz\u0119tu i mechanizm\u00f3w.<br \/>\nWy\u0142\u0105cz zasilanie, gdy urz\u0105dzenie nie jest u\u017cywane.<\/p>\n","protected":false},"featured_media":820,"comment_status":"open","ping_status":"closed","template":"","meta":{"_joinchat":[]},"product_brand":[],"product_cat":[165],"product_tag":[],"class_list":{"0":"post-3755","1":"product","2":"type-product","3":"status-publish","4":"has-post-thumbnail","6":"product_cat-tufting-guns-pl","8":"first","9":"onbackorder","10":"sale","11":"taxable","12":"shipping-taxable","13":"purchasable","14":"product-type-simple"},"yoast_head":"<!-- This site is optimized with the Yoast SEO plugin v27.2 - https:\/\/yoast.com\/product\/yoast-seo-wordpress\/ -->\n<title>Hand Tufting Gun 2-in-1 Loop &amp; Cut - Ohmytuft.com<\/title>\n<meta name=\"robots\" content=\"index, follow, max-snippet:-1, max-image-preview:large, max-video-preview:-1\" \/>\n<link rel=\"canonical\" href=\"https:\/\/ohmytuft.com\/pl\/produkt\/tufting-machine-2-in-1-loop-cut\/\" \/>\n<meta property=\"og:locale\" content=\"pl_PL\" \/>\n<meta property=\"og:type\" content=\"article\" \/>\n<meta property=\"og:title\" content=\"Hand Tufting Gun 2-in-1 Loop &amp; Cut - Ohmytuft.com\" \/>\n<meta property=\"og:description\" content=\"Elektryczny r\u0119czny pistolet do tuftingu 2 w 1 z p\u0119telk\u0105 i ci\u0119tym w\u0142osiem.  100-240 V z wtyczk\u0105 Euro  Regulowana wysoko\u015b\u0107 runa: 7-21 mm  Waga: 1,40 kg  Regulowana pr\u0119dko\u015b\u0107: 5-40 \u015bcieg\u00f3w\/s i regulowana. Mo\u017cesz kontrolowa\u0107 pr\u0119dko\u015b\u0107, aby uzyska\u0107 szczeg\u00f3\u0142owe informacje.  Wymienne no\u017cyczki Loop &amp; Cut  Black Edition Maszyna ta jest \u0142atwa w nauce i obs\u0142udze. Samouczki ju\u017c wkr\u00f3tce! Okresowa konserwacja zapewnia d\u0142u\u017csz\u0105 \u017cywotno\u015b\u0107 narz\u0119dzia. Pude\u0142ko zawiera:  Tufting Gun Machine  Zasilacz AC\/DC z wtyczk\u0105 Euro  Narz\u0119dzia i \u015bruby do konserwacji  Nawlekacz ig\u0142y  2 no\u017cyczki do ci\u0119cia + 1 no\u017cyczka do p\u0119tli Safety First! Stosowa\u0107 \u015brodki ochrony s\u0142uchu i oczu. Unikaj sprz\u0119tu i mechanizm\u00f3w. Wy\u0142\u0105cz zasilanie, gdy urz\u0105dzenie nie jest u\u017cywane.\" \/>\n<meta property=\"og:url\" content=\"https:\/\/ohmytuft.com\/pl\/produkt\/tufting-machine-2-in-1-loop-cut\/\" \/>\n<meta property=\"og:site_name\" content=\"Ohmytuft.com\" \/>\n<meta property=\"article:modified_time\" content=\"2024-11-13T15:13:30+00:00\" \/>\n<meta property=\"og:image\" content=\"https:\/\/ohmytuft.com\/wp-content\/uploads\/2022\/03\/tuftinggunsupplies_europe_tufting_gun_loop_cut_01.jpg\" \/>\n\t<meta property=\"og:image:width\" content=\"1200\" \/>\n\t<meta property=\"og:image:height\" content=\"1200\" \/>\n\t<meta property=\"og:image:type\" content=\"image\/jpeg\" \/>\n<meta name=\"twitter:card\" content=\"summary_large_image\" \/>\n<script type=\"application\/ld+json\" class=\"yoast-schema-graph\">{\"@context\":\"https:\/\/schema.org\",\"@graph\":[{\"@type\":\"WebPage\",\"@id\":\"https:\/\/ohmytuft.com\/pl\/produkt\/tufting-machine-2-in-1-loop-cut\/\",\"url\":\"https:\/\/ohmytuft.com\/pl\/produkt\/tufting-machine-2-in-1-loop-cut\/\",\"name\":\"Hand Tufting Gun 2-in-1 Loop &amp; Cut - Ohmytuft.com\",\"isPartOf\":{\"@id\":\"https:\/\/ohmytuft.com\/pl\/#website\"},\"primaryImageOfPage\":{\"@id\":\"https:\/\/ohmytuft.com\/pl\/produkt\/tufting-machine-2-in-1-loop-cut\/#primaryimage\"},\"image\":{\"@id\":\"https:\/\/ohmytuft.com\/pl\/produkt\/tufting-machine-2-in-1-loop-cut\/#primaryimage\"},\"thumbnailUrl\":\"https:\/\/ohmytuft.com\/wp-content\/uploads\/2022\/03\/tuftinggunsupplies_europe_tufting_gun_loop_cut_01.jpg\",\"datePublished\":\"2024-03-14T08:51:57+00:00\",\"dateModified\":\"2024-11-13T15:13:30+00:00\",\"breadcrumb\":{\"@id\":\"https:\/\/ohmytuft.com\/pl\/produkt\/tufting-machine-2-in-1-loop-cut\/#breadcrumb\"},\"inLanguage\":\"pl-PL\",\"potentialAction\":[{\"@type\":\"ReadAction\",\"target\":[\"https:\/\/ohmytuft.com\/pl\/produkt\/tufting-machine-2-in-1-loop-cut\/\"]}]},{\"@type\":\"ImageObject\",\"inLanguage\":\"pl-PL\",\"@id\":\"https:\/\/ohmytuft.com\/pl\/produkt\/tufting-machine-2-in-1-loop-cut\/#primaryimage\",\"url\":\"https:\/\/ohmytuft.com\/wp-content\/uploads\/2022\/03\/tuftinggunsupplies_europe_tufting_gun_loop_cut_01.jpg\",\"contentUrl\":\"https:\/\/ohmytuft.com\/wp-content\/uploads\/2022\/03\/tuftinggunsupplies_europe_tufting_gun_loop_cut_01.jpg\",\"width\":1200,\"height\":1200},{\"@type\":\"BreadcrumbList\",\"@id\":\"https:\/\/ohmytuft.com\/pl\/produkt\/tufting-machine-2-in-1-loop-cut\/#breadcrumb\",\"itemListElement\":[{\"@type\":\"ListItem\",\"position\":1,\"name\":\"Home\",\"item\":\"https:\/\/ohmytuft.com\/pl\/\"},{\"@type\":\"ListItem\",\"position\":2,\"name\":\"Sklep\",\"item\":\"https:\/\/ohmytuft.com\/pl\/sklep\/\"},{\"@type\":\"ListItem\",\"position\":3,\"name\":\"Hand Tufting Gun 2-in-1 Loop &amp; Cut\"}]},{\"@type\":\"WebSite\",\"@id\":\"https:\/\/ohmytuft.com\/pl\/#website\",\"url\":\"https:\/\/ohmytuft.com\/pl\/\",\"name\":\"Oh my tuft\",\"description\":\"Oh my tuft\",\"publisher\":{\"@id\":\"https:\/\/ohmytuft.com\/pl\/#organization\"},\"potentialAction\":[{\"@type\":\"SearchAction\",\"target\":{\"@type\":\"EntryPoint\",\"urlTemplate\":\"https:\/\/ohmytuft.com\/pl\/?s={search_term_string}\"},\"query-input\":{\"@type\":\"PropertyValueSpecification\",\"valueRequired\":true,\"valueName\":\"search_term_string\"}}],\"inLanguage\":\"pl-PL\"},{\"@type\":\"Organization\",\"@id\":\"https:\/\/ohmytuft.com\/pl\/#organization\",\"name\":\"Oh my tuft\",\"url\":\"https:\/\/ohmytuft.com\/pl\/\",\"logo\":{\"@type\":\"ImageObject\",\"inLanguage\":\"pl-PL\",\"@id\":\"https:\/\/ohmytuft.com\/pl\/#\/schema\/logo\/image\/\",\"url\":\"https:\/\/ohmytuft.com\/wp-content\/uploads\/2021\/02\/WEB-20.png\",\"contentUrl\":\"https:\/\/ohmytuft.com\/wp-content\/uploads\/2021\/02\/WEB-20.png\",\"width\":2085,\"height\":764,\"caption\":\"Oh my tuft\"},\"image\":{\"@id\":\"https:\/\/ohmytuft.com\/pl\/#\/schema\/logo\/image\/\"},\"sameAs\":[\"https:\/\/www.instagram.com\/tuftinggunsupplies\/\",\"https:\/\/www.tiktok.com\/@tuftinggun\"]}]}<\/script>\n<!-- \/ Yoast SEO plugin. -->","yoast_head_json":{"title":"Hand Tufting Gun 2-in-1 Loop &amp; Cut - Ohmytuft.com","robots":{"index":"index","follow":"follow","max-snippet":"max-snippet:-1","max-image-preview":"max-image-preview:large","max-video-preview":"max-video-preview:-1"},"canonical":"https:\/\/ohmytuft.com\/pl\/produkt\/tufting-machine-2-in-1-loop-cut\/","og_locale":"pl_PL","og_type":"article","og_title":"Hand Tufting Gun 2-in-1 Loop &amp; Cut - Ohmytuft.com","og_description":"Elektryczny r\u0119czny pistolet do tuftingu 2 w 1 z p\u0119telk\u0105 i ci\u0119tym w\u0142osiem.  100-240 V z wtyczk\u0105 Euro  Regulowana wysoko\u015b\u0107 runa: 7-21 mm  Waga: 1,40 kg  Regulowana pr\u0119dko\u015b\u0107: 5-40 \u015bcieg\u00f3w\/s i regulowana. Mo\u017cesz kontrolowa\u0107 pr\u0119dko\u015b\u0107, aby uzyska\u0107 szczeg\u00f3\u0142owe informacje.  Wymienne no\u017cyczki Loop &amp; Cut  Black Edition Maszyna ta jest \u0142atwa w nauce i obs\u0142udze. Samouczki ju\u017c wkr\u00f3tce! Okresowa konserwacja zapewnia d\u0142u\u017csz\u0105 \u017cywotno\u015b\u0107 narz\u0119dzia. Pude\u0142ko zawiera:  Tufting Gun Machine  Zasilacz AC\/DC z wtyczk\u0105 Euro  Narz\u0119dzia i \u015bruby do konserwacji  Nawlekacz ig\u0142y  2 no\u017cyczki do ci\u0119cia + 1 no\u017cyczka do p\u0119tli Safety First! Stosowa\u0107 \u015brodki ochrony s\u0142uchu i oczu. Unikaj sprz\u0119tu i mechanizm\u00f3w. Wy\u0142\u0105cz zasilanie, gdy urz\u0105dzenie nie jest u\u017cywane.","og_url":"https:\/\/ohmytuft.com\/pl\/produkt\/tufting-machine-2-in-1-loop-cut\/","og_site_name":"Ohmytuft.com","article_modified_time":"2024-11-13T15:13:30+00:00","og_image":[{"width":1200,"height":1200,"url":"https:\/\/ohmytuft.com\/wp-content\/uploads\/2022\/03\/tuftinggunsupplies_europe_tufting_gun_loop_cut_01.jpg","type":"image\/jpeg"}],"twitter_card":"summary_large_image","schema":{"@context":"https:\/\/schema.org","@graph":[{"@type":"WebPage","@id":"https:\/\/ohmytuft.com\/pl\/produkt\/tufting-machine-2-in-1-loop-cut\/","url":"https:\/\/ohmytuft.com\/pl\/produkt\/tufting-machine-2-in-1-loop-cut\/","name":"Hand Tufting Gun 2-in-1 Loop &amp; Cut - Ohmytuft.com","isPartOf":{"@id":"https:\/\/ohmytuft.com\/pl\/#website"},"primaryImageOfPage":{"@id":"https:\/\/ohmytuft.com\/pl\/produkt\/tufting-machine-2-in-1-loop-cut\/#primaryimage"},"image":{"@id":"https:\/\/ohmytuft.com\/pl\/produkt\/tufting-machine-2-in-1-loop-cut\/#primaryimage"},"thumbnailUrl":"https:\/\/ohmytuft.com\/wp-content\/uploads\/2022\/03\/tuftinggunsupplies_europe_tufting_gun_loop_cut_01.jpg","datePublished":"2024-03-14T08:51:57+00:00","dateModified":"2024-11-13T15:13:30+00:00","breadcrumb":{"@id":"https:\/\/ohmytuft.com\/pl\/produkt\/tufting-machine-2-in-1-loop-cut\/#breadcrumb"},"inLanguage":"pl-PL","potentialAction":[{"@type":"ReadAction","target":["https:\/\/ohmytuft.com\/pl\/produkt\/tufting-machine-2-in-1-loop-cut\/"]}]},{"@type":"ImageObject","inLanguage":"pl-PL","@id":"https:\/\/ohmytuft.com\/pl\/produkt\/tufting-machine-2-in-1-loop-cut\/#primaryimage","url":"https:\/\/ohmytuft.com\/wp-content\/uploads\/2022\/03\/tuftinggunsupplies_europe_tufting_gun_loop_cut_01.jpg","contentUrl":"https:\/\/ohmytuft.com\/wp-content\/uploads\/2022\/03\/tuftinggunsupplies_europe_tufting_gun_loop_cut_01.jpg","width":1200,"height":1200},{"@type":"BreadcrumbList","@id":"https:\/\/ohmytuft.com\/pl\/produkt\/tufting-machine-2-in-1-loop-cut\/#breadcrumb","itemListElement":[{"@type":"ListItem","position":1,"name":"Home","item":"https:\/\/ohmytuft.com\/pl\/"},{"@type":"ListItem","position":2,"name":"Sklep","item":"https:\/\/ohmytuft.com\/pl\/sklep\/"},{"@type":"ListItem","position":3,"name":"Hand Tufting Gun 2-in-1 Loop &amp; Cut"}]},{"@type":"WebSite","@id":"https:\/\/ohmytuft.com\/pl\/#website","url":"https:\/\/ohmytuft.com\/pl\/","name":"Oh my tuft","description":"Oh my tuft","publisher":{"@id":"https:\/\/ohmytuft.com\/pl\/#organization"},"potentialAction":[{"@type":"SearchAction","target":{"@type":"EntryPoint","urlTemplate":"https:\/\/ohmytuft.com\/pl\/?s={search_term_string}"},"query-input":{"@type":"PropertyValueSpecification","valueRequired":true,"valueName":"search_term_string"}}],"inLanguage":"pl-PL"},{"@type":"Organization","@id":"https:\/\/ohmytuft.com\/pl\/#organization","name":"Oh my tuft","url":"https:\/\/ohmytuft.com\/pl\/","logo":{"@type":"ImageObject","inLanguage":"pl-PL","@id":"https:\/\/ohmytuft.com\/pl\/#\/schema\/logo\/image\/","url":"https:\/\/ohmytuft.com\/wp-content\/uploads\/2021\/02\/WEB-20.png","contentUrl":"https:\/\/ohmytuft.com\/wp-content\/uploads\/2021\/02\/WEB-20.png","width":2085,"height":764,"caption":"Oh my tuft"},"image":{"@id":"https:\/\/ohmytuft.com\/pl\/#\/schema\/logo\/image\/"},"sameAs":["https:\/\/www.instagram.com\/tuftinggunsupplies\/","https:\/\/www.tiktok.com\/@tuftinggun"]}]}},"_links":{"self":[{"href":"https:\/\/ohmytuft.com\/pl\/wp-json\/wp\/v2\/product\/3755","targetHints":{"allow":["GET"]}}],"collection":[{"href":"https:\/\/ohmytuft.com\/pl\/wp-json\/wp\/v2\/product"}],"about":[{"href":"https:\/\/ohmytuft.com\/pl\/wp-json\/wp\/v2\/types\/product"}],"replies":[{"embeddable":true,"href":"https:\/\/ohmytuft.com\/pl\/wp-json\/wp\/v2\/comments?post=3755"}],"wp:featuredmedia":[{"embeddable":true,"href":"https:\/\/ohmytuft.com\/pl\/wp-json\/wp\/v2\/media\/820"}],"wp:attachment":[{"href":"https:\/\/ohmytuft.com\/pl\/wp-json\/wp\/v2\/media?parent=3755"}],"wp:term":[{"taxonomy":"product_brand","embeddable":true,"href":"https:\/\/ohmytuft.com\/pl\/wp-json\/wp\/v2\/product_brand?post=3755"},{"taxonomy":"product_cat","embeddable":true,"href":"https:\/\/ohmytuft.com\/pl\/wp-json\/wp\/v2\/product_cat?post=3755"},{"taxonomy":"product_tag","embeddable":true,"href":"https:\/\/ohmytuft.com\/pl\/wp-json\/wp\/v2\/product_tag?post=3755"}],"curies":[{"name":"wp","href":"https:\/\/api.w.org\/{rel}","templated":true}]}}