{"id":3765,"date":"2023-04-03T11:58:52","date_gmt":"2023-04-03T11:58:52","guid":{"rendered":"https:\/\/ohmytuft.com\/product\/akrylowa-przedza-dywanowa-stozek-250g-zielony\/"},"modified":"2023-04-03T11:58:52","modified_gmt":"2023-04-03T11:58:52","slug":"akrylowa-przedza-dywanowa-250g-zielony","status":"publish","type":"product","link":"https:\/\/ohmytuft.com\/pl\/produkt\/akrylowa-przedza-dywanowa-250g-zielony\/","title":{"rendered":"Akrylowa prz\u0119dza dywanowa sto\u017cek 250g &#8211; Zielony"},"content":{"rendered":"","protected":false},"excerpt":{"rendered":"<p>100% prz\u0119dza akrylowa Dralon doskona\u0142ej jako\u015bci. Doskonale <strong>nadaje si\u0119 do tuftingu<\/strong>.<\/p>\n<ul>\n<li>250 g na sto\u017cek (505 m)<\/li>\n<li>Grubo\u015b\u0107: 3,5-45<\/li>\n<li>Wyprodukowano w Europie<\/li>\n<\/ul>\n","protected":false},"featured_media":1150,"comment_status":"open","ping_status":"closed","template":"","meta":{"_joinchat":[]},"product_brand":[],"product_cat":[163],"product_tag":[],"class_list":{"0":"post-3765","1":"product","2":"type-product","3":"status-publish","4":"has-post-thumbnail","6":"product_cat-nic","8":"first","9":"instock","10":"taxable","11":"shipping-taxable","12":"purchasable","13":"product-type-simple"},"yoast_head":"<!-- This site is optimized with the Yoast SEO plugin v27.2 - https:\/\/yoast.com\/product\/yoast-seo-wordpress\/ -->\n<title>Akrylowa prz\u0119dza dywanowa sto\u017cek 250g - Zielony - Ohmytuft.com<\/title>\n<meta name=\"robots\" content=\"index, follow, max-snippet:-1, max-image-preview:large, max-video-preview:-1\" \/>\n<link rel=\"canonical\" href=\"https:\/\/ohmytuft.com\/pl\/produkt\/akrylowa-przedza-dywanowa-250g-zielony\/\" \/>\n<meta property=\"og:locale\" content=\"pl_PL\" \/>\n<meta property=\"og:type\" content=\"article\" \/>\n<meta property=\"og:title\" content=\"Akrylowa prz\u0119dza dywanowa sto\u017cek 250g - Zielony - Ohmytuft.com\" \/>\n<meta property=\"og:description\" content=\"100% prz\u0119dza akrylowa Dralon doskona\u0142ej jako\u015bci. Doskonale nadaje si\u0119 do tuftingu.  250 g na sto\u017cek (505 m)  Grubo\u015b\u0107: 3,5-45  Wyprodukowano w Europie\" \/>\n<meta property=\"og:url\" content=\"https:\/\/ohmytuft.com\/pl\/produkt\/akrylowa-przedza-dywanowa-250g-zielony\/\" \/>\n<meta property=\"og:site_name\" content=\"Ohmytuft.com\" \/>\n<meta property=\"og:image\" content=\"https:\/\/ohmytuft.com\/wp-content\/uploads\/2023\/04\/acrylic-green-yarn.png\" \/>\n\t<meta property=\"og:image:width\" content=\"281\" \/>\n\t<meta property=\"og:image:height\" content=\"296\" \/>\n\t<meta property=\"og:image:type\" content=\"image\/png\" \/>\n<meta name=\"twitter:card\" content=\"summary_large_image\" \/>\n<script type=\"application\/ld+json\" class=\"yoast-schema-graph\">{\"@context\":\"https:\/\/schema.org\",\"@graph\":[{\"@type\":\"WebPage\",\"@id\":\"https:\/\/ohmytuft.com\/pl\/produkt\/akrylowa-przedza-dywanowa-250g-zielony\/\",\"url\":\"https:\/\/ohmytuft.com\/pl\/produkt\/akrylowa-przedza-dywanowa-250g-zielony\/\",\"name\":\"Akrylowa prz\u0119dza dywanowa sto\u017cek 250g - Zielony - Ohmytuft.com\",\"isPartOf\":{\"@id\":\"https:\/\/ohmytuft.com\/pl\/#website\"},\"primaryImageOfPage\":{\"@id\":\"https:\/\/ohmytuft.com\/pl\/produkt\/akrylowa-przedza-dywanowa-250g-zielony\/#primaryimage\"},\"image\":{\"@id\":\"https:\/\/ohmytuft.com\/pl\/produkt\/akrylowa-przedza-dywanowa-250g-zielony\/#primaryimage\"},\"thumbnailUrl\":\"https:\/\/ohmytuft.com\/wp-content\/uploads\/2023\/04\/acrylic-green-yarn.png\",\"datePublished\":\"2023-04-03T11:58:52+00:00\",\"breadcrumb\":{\"@id\":\"https:\/\/ohmytuft.com\/pl\/produkt\/akrylowa-przedza-dywanowa-250g-zielony\/#breadcrumb\"},\"inLanguage\":\"pl-PL\",\"potentialAction\":[{\"@type\":\"ReadAction\",\"target\":[\"https:\/\/ohmytuft.com\/pl\/produkt\/akrylowa-przedza-dywanowa-250g-zielony\/\"]}]},{\"@type\":\"ImageObject\",\"inLanguage\":\"pl-PL\",\"@id\":\"https:\/\/ohmytuft.com\/pl\/produkt\/akrylowa-przedza-dywanowa-250g-zielony\/#primaryimage\",\"url\":\"https:\/\/ohmytuft.com\/wp-content\/uploads\/2023\/04\/acrylic-green-yarn.png\",\"contentUrl\":\"https:\/\/ohmytuft.com\/wp-content\/uploads\/2023\/04\/acrylic-green-yarn.png\",\"width\":281,\"height\":296,\"caption\":\"acrylic green yarn\"},{\"@type\":\"BreadcrumbList\",\"@id\":\"https:\/\/ohmytuft.com\/pl\/produkt\/akrylowa-przedza-dywanowa-250g-zielony\/#breadcrumb\",\"itemListElement\":[{\"@type\":\"ListItem\",\"position\":1,\"name\":\"Home\",\"item\":\"https:\/\/ohmytuft.com\/pl\/\"},{\"@type\":\"ListItem\",\"position\":2,\"name\":\"Sklep\",\"item\":\"https:\/\/ohmytuft.com\/pl\/sklep\/\"},{\"@type\":\"ListItem\",\"position\":3,\"name\":\"Akrylowa prz\u0119dza dywanowa sto\u017cek 250g &#8211; Zielony\"}]},{\"@type\":\"WebSite\",\"@id\":\"https:\/\/ohmytuft.com\/pl\/#website\",\"url\":\"https:\/\/ohmytuft.com\/pl\/\",\"name\":\"Oh my tuft\",\"description\":\"Oh my tuft\",\"publisher\":{\"@id\":\"https:\/\/ohmytuft.com\/pl\/#organization\"},\"potentialAction\":[{\"@type\":\"SearchAction\",\"target\":{\"@type\":\"EntryPoint\",\"urlTemplate\":\"https:\/\/ohmytuft.com\/pl\/?s={search_term_string}\"},\"query-input\":{\"@type\":\"PropertyValueSpecification\",\"valueRequired\":true,\"valueName\":\"search_term_string\"}}],\"inLanguage\":\"pl-PL\"},{\"@type\":\"Organization\",\"@id\":\"https:\/\/ohmytuft.com\/pl\/#organization\",\"name\":\"Oh my tuft\",\"url\":\"https:\/\/ohmytuft.com\/pl\/\",\"logo\":{\"@type\":\"ImageObject\",\"inLanguage\":\"pl-PL\",\"@id\":\"https:\/\/ohmytuft.com\/pl\/#\/schema\/logo\/image\/\",\"url\":\"https:\/\/ohmytuft.com\/wp-content\/uploads\/2021\/02\/WEB-20.png\",\"contentUrl\":\"https:\/\/ohmytuft.com\/wp-content\/uploads\/2021\/02\/WEB-20.png\",\"width\":2085,\"height\":764,\"caption\":\"Oh my tuft\"},\"image\":{\"@id\":\"https:\/\/ohmytuft.com\/pl\/#\/schema\/logo\/image\/\"},\"sameAs\":[\"https:\/\/www.instagram.com\/tuftinggunsupplies\/\",\"https:\/\/www.tiktok.com\/@tuftinggun\"]}]}<\/script>\n<!-- \/ Yoast SEO plugin. -->","yoast_head_json":{"title":"Akrylowa prz\u0119dza dywanowa sto\u017cek 250g - Zielony - Ohmytuft.com","robots":{"index":"index","follow":"follow","max-snippet":"max-snippet:-1","max-image-preview":"max-image-preview:large","max-video-preview":"max-video-preview:-1"},"canonical":"https:\/\/ohmytuft.com\/pl\/produkt\/akrylowa-przedza-dywanowa-250g-zielony\/","og_locale":"pl_PL","og_type":"article","og_title":"Akrylowa prz\u0119dza dywanowa sto\u017cek 250g - Zielony - Ohmytuft.com","og_description":"100% prz\u0119dza akrylowa Dralon doskona\u0142ej jako\u015bci. Doskonale nadaje si\u0119 do tuftingu.  250 g na sto\u017cek (505 m)  Grubo\u015b\u0107: 3,5-45  Wyprodukowano w Europie","og_url":"https:\/\/ohmytuft.com\/pl\/produkt\/akrylowa-przedza-dywanowa-250g-zielony\/","og_site_name":"Ohmytuft.com","og_image":[{"width":281,"height":296,"url":"https:\/\/ohmytuft.com\/wp-content\/uploads\/2023\/04\/acrylic-green-yarn.png","type":"image\/png"}],"twitter_card":"summary_large_image","schema":{"@context":"https:\/\/schema.org","@graph":[{"@type":"WebPage","@id":"https:\/\/ohmytuft.com\/pl\/produkt\/akrylowa-przedza-dywanowa-250g-zielony\/","url":"https:\/\/ohmytuft.com\/pl\/produkt\/akrylowa-przedza-dywanowa-250g-zielony\/","name":"Akrylowa prz\u0119dza dywanowa sto\u017cek 250g - Zielony - Ohmytuft.com","isPartOf":{"@id":"https:\/\/ohmytuft.com\/pl\/#website"},"primaryImageOfPage":{"@id":"https:\/\/ohmytuft.com\/pl\/produkt\/akrylowa-przedza-dywanowa-250g-zielony\/#primaryimage"},"image":{"@id":"https:\/\/ohmytuft.com\/pl\/produkt\/akrylowa-przedza-dywanowa-250g-zielony\/#primaryimage"},"thumbnailUrl":"https:\/\/ohmytuft.com\/wp-content\/uploads\/2023\/04\/acrylic-green-yarn.png","datePublished":"2023-04-03T11:58:52+00:00","breadcrumb":{"@id":"https:\/\/ohmytuft.com\/pl\/produkt\/akrylowa-przedza-dywanowa-250g-zielony\/#breadcrumb"},"inLanguage":"pl-PL","potentialAction":[{"@type":"ReadAction","target":["https:\/\/ohmytuft.com\/pl\/produkt\/akrylowa-przedza-dywanowa-250g-zielony\/"]}]},{"@type":"ImageObject","inLanguage":"pl-PL","@id":"https:\/\/ohmytuft.com\/pl\/produkt\/akrylowa-przedza-dywanowa-250g-zielony\/#primaryimage","url":"https:\/\/ohmytuft.com\/wp-content\/uploads\/2023\/04\/acrylic-green-yarn.png","contentUrl":"https:\/\/ohmytuft.com\/wp-content\/uploads\/2023\/04\/acrylic-green-yarn.png","width":281,"height":296,"caption":"acrylic green yarn"},{"@type":"BreadcrumbList","@id":"https:\/\/ohmytuft.com\/pl\/produkt\/akrylowa-przedza-dywanowa-250g-zielony\/#breadcrumb","itemListElement":[{"@type":"ListItem","position":1,"name":"Home","item":"https:\/\/ohmytuft.com\/pl\/"},{"@type":"ListItem","position":2,"name":"Sklep","item":"https:\/\/ohmytuft.com\/pl\/sklep\/"},{"@type":"ListItem","position":3,"name":"Akrylowa prz\u0119dza dywanowa sto\u017cek 250g &#8211; Zielony"}]},{"@type":"WebSite","@id":"https:\/\/ohmytuft.com\/pl\/#website","url":"https:\/\/ohmytuft.com\/pl\/","name":"Oh my tuft","description":"Oh my tuft","publisher":{"@id":"https:\/\/ohmytuft.com\/pl\/#organization"},"potentialAction":[{"@type":"SearchAction","target":{"@type":"EntryPoint","urlTemplate":"https:\/\/ohmytuft.com\/pl\/?s={search_term_string}"},"query-input":{"@type":"PropertyValueSpecification","valueRequired":true,"valueName":"search_term_string"}}],"inLanguage":"pl-PL"},{"@type":"Organization","@id":"https:\/\/ohmytuft.com\/pl\/#organization","name":"Oh my tuft","url":"https:\/\/ohmytuft.com\/pl\/","logo":{"@type":"ImageObject","inLanguage":"pl-PL","@id":"https:\/\/ohmytuft.com\/pl\/#\/schema\/logo\/image\/","url":"https:\/\/ohmytuft.com\/wp-content\/uploads\/2021\/02\/WEB-20.png","contentUrl":"https:\/\/ohmytuft.com\/wp-content\/uploads\/2021\/02\/WEB-20.png","width":2085,"height":764,"caption":"Oh my tuft"},"image":{"@id":"https:\/\/ohmytuft.com\/pl\/#\/schema\/logo\/image\/"},"sameAs":["https:\/\/www.instagram.com\/tuftinggunsupplies\/","https:\/\/www.tiktok.com\/@tuftinggun"]}]}},"_links":{"self":[{"href":"https:\/\/ohmytuft.com\/pl\/wp-json\/wp\/v2\/product\/3765","targetHints":{"allow":["GET"]}}],"collection":[{"href":"https:\/\/ohmytuft.com\/pl\/wp-json\/wp\/v2\/product"}],"about":[{"href":"https:\/\/ohmytuft.com\/pl\/wp-json\/wp\/v2\/types\/product"}],"replies":[{"embeddable":true,"href":"https:\/\/ohmytuft.com\/pl\/wp-json\/wp\/v2\/comments?post=3765"}],"wp:featuredmedia":[{"embeddable":true,"href":"https:\/\/ohmytuft.com\/pl\/wp-json\/wp\/v2\/media\/1150"}],"wp:attachment":[{"href":"https:\/\/ohmytuft.com\/pl\/wp-json\/wp\/v2\/media?parent=3765"}],"wp:term":[{"taxonomy":"product_brand","embeddable":true,"href":"https:\/\/ohmytuft.com\/pl\/wp-json\/wp\/v2\/product_brand?post=3765"},{"taxonomy":"product_cat","embeddable":true,"href":"https:\/\/ohmytuft.com\/pl\/wp-json\/wp\/v2\/product_cat?post=3765"},{"taxonomy":"product_tag","embeddable":true,"href":"https:\/\/ohmytuft.com\/pl\/wp-json\/wp\/v2\/product_tag?post=3765"}],"curies":[{"name":"wp","href":"https:\/\/api.w.org\/{rel}","templated":true}]}}