{"id":4025,"date":"2023-07-10T09:59:16","date_gmt":"2023-07-10T09:59:16","guid":{"rendered":"https:\/\/ohmytuft.com\/product\/rama-do-tuftingu\/"},"modified":"2023-07-10T09:59:16","modified_gmt":"2023-07-10T09:59:16","slug":"rama-do-tuftingu","status":"publish","type":"product","link":"https:\/\/ohmytuft.com\/pl\/produkt\/rama-do-tuftingu\/","title":{"rendered":"Rama do tuftingu"},"content":{"rendered":"","protected":false},"excerpt":{"rendered":"<p>Idealna rama do tuftingu na pocz\u0105tek, to element wykonany z drewna, kt\u00f3ry przetrwa w idealnym stanie przez d\u0142ugi czas.<\/p>\n","protected":false},"featured_media":8869,"comment_status":"open","ping_status":"closed","template":"","meta":{"_joinchat":[]},"product_brand":[],"product_cat":[167,234],"product_tag":[],"class_list":{"0":"post-4025","1":"product","2":"type-product","3":"status-publish","4":"has-post-thumbnail","6":"product_cat-akcesoria","7":"product_cat-rama-do-tuftingu","9":"first","10":"outofstock","11":"taxable","12":"shipping-taxable","13":"purchasable","14":"product-type-simple"},"yoast_head":"<!-- This site is optimized with the Yoast SEO plugin v27.2 - https:\/\/yoast.com\/product\/yoast-seo-wordpress\/ -->\n<title>Rama do tuftingu - Ohmytuft.com<\/title>\n<meta name=\"robots\" content=\"index, follow, max-snippet:-1, max-image-preview:large, max-video-preview:-1\" \/>\n<link rel=\"canonical\" href=\"https:\/\/ohmytuft.com\/pl\/produkt\/rama-do-tuftingu\/\" \/>\n<meta property=\"og:locale\" content=\"pl_PL\" \/>\n<meta property=\"og:type\" content=\"article\" \/>\n<meta property=\"og:title\" content=\"Rama do tuftingu - Ohmytuft.com\" \/>\n<meta property=\"og:description\" content=\"Idealna rama do tuftingu na pocz\u0105tek, to element wykonany z drewna, kt\u00f3ry przetrwa w idealnym stanie przez d\u0142ugi czas.\" \/>\n<meta property=\"og:url\" content=\"https:\/\/ohmytuft.com\/pl\/produkt\/rama-do-tuftingu\/\" \/>\n<meta property=\"og:site_name\" content=\"Ohmytuft.com\" \/>\n<meta property=\"og:image\" content=\"https:\/\/ohmytuft.com\/wp-content\/uploads\/2023\/07\/bastidor-tufting.jpeg\" \/>\n\t<meta property=\"og:image:width\" content=\"896\" \/>\n\t<meta property=\"og:image:height\" content=\"958\" \/>\n\t<meta property=\"og:image:type\" content=\"image\/jpeg\" \/>\n<meta name=\"twitter:card\" content=\"summary_large_image\" \/>\n<script type=\"application\/ld+json\" class=\"yoast-schema-graph\">{\"@context\":\"https:\/\/schema.org\",\"@graph\":[{\"@type\":\"WebPage\",\"@id\":\"https:\/\/ohmytuft.com\/pl\/produkt\/rama-do-tuftingu\/\",\"url\":\"https:\/\/ohmytuft.com\/pl\/produkt\/rama-do-tuftingu\/\",\"name\":\"Rama do tuftingu - Ohmytuft.com\",\"isPartOf\":{\"@id\":\"https:\/\/ohmytuft.com\/pl\/#website\"},\"primaryImageOfPage\":{\"@id\":\"https:\/\/ohmytuft.com\/pl\/produkt\/rama-do-tuftingu\/#primaryimage\"},\"image\":{\"@id\":\"https:\/\/ohmytuft.com\/pl\/produkt\/rama-do-tuftingu\/#primaryimage\"},\"thumbnailUrl\":\"https:\/\/ohmytuft.com\/wp-content\/uploads\/2023\/07\/tufting-frame.avif\",\"datePublished\":\"2023-07-10T09:59:16+00:00\",\"breadcrumb\":{\"@id\":\"https:\/\/ohmytuft.com\/pl\/produkt\/rama-do-tuftingu\/#breadcrumb\"},\"inLanguage\":\"pl-PL\",\"potentialAction\":[{\"@type\":\"ReadAction\",\"target\":[\"https:\/\/ohmytuft.com\/pl\/produkt\/rama-do-tuftingu\/\"]}]},{\"@type\":\"ImageObject\",\"inLanguage\":\"pl-PL\",\"@id\":\"https:\/\/ohmytuft.com\/pl\/produkt\/rama-do-tuftingu\/#primaryimage\",\"url\":\"https:\/\/ohmytuft.com\/wp-content\/uploads\/2023\/07\/tufting-frame.avif\",\"contentUrl\":\"https:\/\/ohmytuft.com\/wp-content\/uploads\/2023\/07\/tufting-frame.avif\",\"width\":621,\"height\":640,\"caption\":\"tufting frame\"},{\"@type\":\"BreadcrumbList\",\"@id\":\"https:\/\/ohmytuft.com\/pl\/produkt\/rama-do-tuftingu\/#breadcrumb\",\"itemListElement\":[{\"@type\":\"ListItem\",\"position\":1,\"name\":\"Home\",\"item\":\"https:\/\/ohmytuft.com\/pl\/\"},{\"@type\":\"ListItem\",\"position\":2,\"name\":\"Sklep\",\"item\":\"https:\/\/ohmytuft.com\/pl\/sklep\/\"},{\"@type\":\"ListItem\",\"position\":3,\"name\":\"Rama do tuftingu\"}]},{\"@type\":\"WebSite\",\"@id\":\"https:\/\/ohmytuft.com\/pl\/#website\",\"url\":\"https:\/\/ohmytuft.com\/pl\/\",\"name\":\"Oh my tuft\",\"description\":\"Oh my tuft\",\"publisher\":{\"@id\":\"https:\/\/ohmytuft.com\/pl\/#organization\"},\"potentialAction\":[{\"@type\":\"SearchAction\",\"target\":{\"@type\":\"EntryPoint\",\"urlTemplate\":\"https:\/\/ohmytuft.com\/pl\/?s={search_term_string}\"},\"query-input\":{\"@type\":\"PropertyValueSpecification\",\"valueRequired\":true,\"valueName\":\"search_term_string\"}}],\"inLanguage\":\"pl-PL\"},{\"@type\":\"Organization\",\"@id\":\"https:\/\/ohmytuft.com\/pl\/#organization\",\"name\":\"Oh my tuft\",\"url\":\"https:\/\/ohmytuft.com\/pl\/\",\"logo\":{\"@type\":\"ImageObject\",\"inLanguage\":\"pl-PL\",\"@id\":\"https:\/\/ohmytuft.com\/pl\/#\/schema\/logo\/image\/\",\"url\":\"https:\/\/ohmytuft.com\/wp-content\/uploads\/2021\/02\/WEB-20.png\",\"contentUrl\":\"https:\/\/ohmytuft.com\/wp-content\/uploads\/2021\/02\/WEB-20.png\",\"width\":2085,\"height\":764,\"caption\":\"Oh my tuft\"},\"image\":{\"@id\":\"https:\/\/ohmytuft.com\/pl\/#\/schema\/logo\/image\/\"},\"sameAs\":[\"https:\/\/www.instagram.com\/tuftinggunsupplies\/\",\"https:\/\/www.tiktok.com\/@tuftinggun\"]}]}<\/script>\n<!-- \/ Yoast SEO plugin. -->","yoast_head_json":{"title":"Rama do tuftingu - Ohmytuft.com","robots":{"index":"index","follow":"follow","max-snippet":"max-snippet:-1","max-image-preview":"max-image-preview:large","max-video-preview":"max-video-preview:-1"},"canonical":"https:\/\/ohmytuft.com\/pl\/produkt\/rama-do-tuftingu\/","og_locale":"pl_PL","og_type":"article","og_title":"Rama do tuftingu - Ohmytuft.com","og_description":"Idealna rama do tuftingu na pocz\u0105tek, to element wykonany z drewna, kt\u00f3ry przetrwa w idealnym stanie przez d\u0142ugi czas.","og_url":"https:\/\/ohmytuft.com\/pl\/produkt\/rama-do-tuftingu\/","og_site_name":"Ohmytuft.com","og_image":[{"width":896,"height":958,"url":"https:\/\/ohmytuft.com\/wp-content\/uploads\/2023\/07\/bastidor-tufting.jpeg","type":"image\/jpeg"}],"twitter_card":"summary_large_image","schema":{"@context":"https:\/\/schema.org","@graph":[{"@type":"WebPage","@id":"https:\/\/ohmytuft.com\/pl\/produkt\/rama-do-tuftingu\/","url":"https:\/\/ohmytuft.com\/pl\/produkt\/rama-do-tuftingu\/","name":"Rama do tuftingu - Ohmytuft.com","isPartOf":{"@id":"https:\/\/ohmytuft.com\/pl\/#website"},"primaryImageOfPage":{"@id":"https:\/\/ohmytuft.com\/pl\/produkt\/rama-do-tuftingu\/#primaryimage"},"image":{"@id":"https:\/\/ohmytuft.com\/pl\/produkt\/rama-do-tuftingu\/#primaryimage"},"thumbnailUrl":"https:\/\/ohmytuft.com\/wp-content\/uploads\/2023\/07\/tufting-frame.avif","datePublished":"2023-07-10T09:59:16+00:00","breadcrumb":{"@id":"https:\/\/ohmytuft.com\/pl\/produkt\/rama-do-tuftingu\/#breadcrumb"},"inLanguage":"pl-PL","potentialAction":[{"@type":"ReadAction","target":["https:\/\/ohmytuft.com\/pl\/produkt\/rama-do-tuftingu\/"]}]},{"@type":"ImageObject","inLanguage":"pl-PL","@id":"https:\/\/ohmytuft.com\/pl\/produkt\/rama-do-tuftingu\/#primaryimage","url":"https:\/\/ohmytuft.com\/wp-content\/uploads\/2023\/07\/tufting-frame.avif","contentUrl":"https:\/\/ohmytuft.com\/wp-content\/uploads\/2023\/07\/tufting-frame.avif","width":621,"height":640,"caption":"tufting frame"},{"@type":"BreadcrumbList","@id":"https:\/\/ohmytuft.com\/pl\/produkt\/rama-do-tuftingu\/#breadcrumb","itemListElement":[{"@type":"ListItem","position":1,"name":"Home","item":"https:\/\/ohmytuft.com\/pl\/"},{"@type":"ListItem","position":2,"name":"Sklep","item":"https:\/\/ohmytuft.com\/pl\/sklep\/"},{"@type":"ListItem","position":3,"name":"Rama do tuftingu"}]},{"@type":"WebSite","@id":"https:\/\/ohmytuft.com\/pl\/#website","url":"https:\/\/ohmytuft.com\/pl\/","name":"Oh my tuft","description":"Oh my tuft","publisher":{"@id":"https:\/\/ohmytuft.com\/pl\/#organization"},"potentialAction":[{"@type":"SearchAction","target":{"@type":"EntryPoint","urlTemplate":"https:\/\/ohmytuft.com\/pl\/?s={search_term_string}"},"query-input":{"@type":"PropertyValueSpecification","valueRequired":true,"valueName":"search_term_string"}}],"inLanguage":"pl-PL"},{"@type":"Organization","@id":"https:\/\/ohmytuft.com\/pl\/#organization","name":"Oh my tuft","url":"https:\/\/ohmytuft.com\/pl\/","logo":{"@type":"ImageObject","inLanguage":"pl-PL","@id":"https:\/\/ohmytuft.com\/pl\/#\/schema\/logo\/image\/","url":"https:\/\/ohmytuft.com\/wp-content\/uploads\/2021\/02\/WEB-20.png","contentUrl":"https:\/\/ohmytuft.com\/wp-content\/uploads\/2021\/02\/WEB-20.png","width":2085,"height":764,"caption":"Oh my tuft"},"image":{"@id":"https:\/\/ohmytuft.com\/pl\/#\/schema\/logo\/image\/"},"sameAs":["https:\/\/www.instagram.com\/tuftinggunsupplies\/","https:\/\/www.tiktok.com\/@tuftinggun"]}]}},"_links":{"self":[{"href":"https:\/\/ohmytuft.com\/pl\/wp-json\/wp\/v2\/product\/4025","targetHints":{"allow":["GET"]}}],"collection":[{"href":"https:\/\/ohmytuft.com\/pl\/wp-json\/wp\/v2\/product"}],"about":[{"href":"https:\/\/ohmytuft.com\/pl\/wp-json\/wp\/v2\/types\/product"}],"replies":[{"embeddable":true,"href":"https:\/\/ohmytuft.com\/pl\/wp-json\/wp\/v2\/comments?post=4025"}],"wp:featuredmedia":[{"embeddable":true,"href":"https:\/\/ohmytuft.com\/pl\/wp-json\/wp\/v2\/media\/8869"}],"wp:attachment":[{"href":"https:\/\/ohmytuft.com\/pl\/wp-json\/wp\/v2\/media?parent=4025"}],"wp:term":[{"taxonomy":"product_brand","embeddable":true,"href":"https:\/\/ohmytuft.com\/pl\/wp-json\/wp\/v2\/product_brand?post=4025"},{"taxonomy":"product_cat","embeddable":true,"href":"https:\/\/ohmytuft.com\/pl\/wp-json\/wp\/v2\/product_cat?post=4025"},{"taxonomy":"product_tag","embeddable":true,"href":"https:\/\/ohmytuft.com\/pl\/wp-json\/wp\/v2\/product_tag?post=4025"}],"curies":[{"name":"wp","href":"https:\/\/api.w.org\/{rel}","templated":true}]}}