{"id":4834,"date":"2023-10-19T17:16:13","date_gmt":"2023-10-19T17:16:13","guid":{"rendered":"https:\/\/ohmytuft.com\/?post_type=product&#038;p=4834"},"modified":"2025-05-05T17:09:47","modified_gmt":"2025-05-05T17:09:47","slug":"tufting-pro-pack-2-in-1-pl","status":"publish","type":"product","link":"https:\/\/ohmytuft.com\/pl\/produkt\/tufting-pro-pack-2-in-1-pl\/","title":{"rendered":"Tufting Pro Pack &#8211; 2 in 1"},"content":{"rendered":"<p>Wszystko, czego potrzebujesz, aby rozpocz\u0105\u0107 swoje nowe hobby. Odwa\u017c si\u0119 wypr\u00f3bowa\u0107 tufting z naszymi pakietami rabatowymi. Sprawd\u017a nasz <strong>pistolet do tuftingu<\/strong> 2 w 1 i baw si\u0119 dobrze.<\/p>\n<p>Tanie przesy\u0142ki na terenie ca\u0142ej Europy. Je\u015bli masz w\u0105tpliwo\u015bci, po prostu zapytaj!<\/p>\n","protected":false},"excerpt":{"rendered":"<p>\u015awietny wyb\u00f3r dla przysz\u0142ych uzale\u017cnionych od tuftingu. Je\u015bli chcesz by\u0107 profesjonalist\u0105, jest to najlepsza opcja.<\/p>\n<p>Zestaw zawiera:<\/p>\n<ul>\n<li>R\u0119czny pistolet do tuftingu 2 in 1 &#8211; Cut &amp; loop<\/li>\n<li>Tkanina podk\u0142adowa &#8211; 200&#215;200<\/li>\n<li>Tkanina podstawowa &#8211; 200&#215;200<\/li>\n<li>Maszyna do rze\u017abienia i prowadnica<\/li>\n<\/ul>\n","protected":false},"featured_media":5188,"comment_status":"open","ping_status":"closed","template":"","meta":{"_joinchat":[]},"product_brand":[],"product_cat":[164],"product_tag":[],"class_list":{"0":"post-4834","1":"product","2":"type-product","3":"status-publish","4":"has-post-thumbnail","6":"product_cat-tufting-kits-pl","8":"first","9":"outofstock","10":"sale","11":"taxable","12":"shipping-taxable","13":"purchasable","14":"product-type-simple"},"yoast_head":"<!-- This site is optimized with the Yoast SEO plugin v27.2 - https:\/\/yoast.com\/product\/yoast-seo-wordpress\/ -->\n<title>Tufting Pro Pack - 2 in 1 - Ohmytuft.com<\/title>\n<meta name=\"robots\" content=\"index, follow, max-snippet:-1, max-image-preview:large, max-video-preview:-1\" \/>\n<link rel=\"canonical\" href=\"https:\/\/ohmytuft.com\/pl\/produkt\/tufting-pro-pack-2-in-1-pl\/\" \/>\n<meta property=\"og:locale\" content=\"pl_PL\" \/>\n<meta property=\"og:type\" content=\"article\" \/>\n<meta property=\"og:title\" content=\"Tufting Pro Pack - 2 in 1 - Ohmytuft.com\" \/>\n<meta property=\"og:description\" content=\"\u015awietny wyb\u00f3r dla przysz\u0142ych uzale\u017cnionych od tuftingu. Je\u015bli chcesz by\u0107 profesjonalist\u0105, jest to najlepsza opcja.  Zestaw zawiera:   R\u0119czny pistolet do tuftingu 2 in 1 - Cut &amp; loop  Tkanina podk\u0142adowa - 200x200  Tkanina podstawowa - 200x200  Maszyna do rze\u017abienia i prowadnica\" \/>\n<meta property=\"og:url\" content=\"https:\/\/ohmytuft.com\/pl\/produkt\/tufting-pro-pack-2-in-1-pl\/\" \/>\n<meta property=\"og:site_name\" content=\"Ohmytuft.com\" \/>\n<meta property=\"article:modified_time\" content=\"2025-05-05T17:09:47+00:00\" \/>\n<meta property=\"og:image\" content=\"https:\/\/ohmytuft.com\/wp-content\/uploads\/2023\/11\/Tufting-packs-02.jpg\" \/>\n\t<meta property=\"og:image:width\" content=\"900\" \/>\n\t<meta property=\"og:image:height\" content=\"900\" \/>\n\t<meta property=\"og:image:type\" content=\"image\/jpeg\" \/>\n<meta name=\"twitter:card\" content=\"summary_large_image\" \/>\n<script type=\"application\/ld+json\" class=\"yoast-schema-graph\">{\"@context\":\"https:\/\/schema.org\",\"@graph\":[{\"@type\":\"WebPage\",\"@id\":\"https:\/\/ohmytuft.com\/pl\/produkt\/tufting-pro-pack-2-in-1-pl\/\",\"url\":\"https:\/\/ohmytuft.com\/pl\/produkt\/tufting-pro-pack-2-in-1-pl\/\",\"name\":\"Tufting Pro Pack - 2 in 1 - Ohmytuft.com\",\"isPartOf\":{\"@id\":\"https:\/\/ohmytuft.com\/pl\/#website\"},\"primaryImageOfPage\":{\"@id\":\"https:\/\/ohmytuft.com\/pl\/produkt\/tufting-pro-pack-2-in-1-pl\/#primaryimage\"},\"image\":{\"@id\":\"https:\/\/ohmytuft.com\/pl\/produkt\/tufting-pro-pack-2-in-1-pl\/#primaryimage\"},\"thumbnailUrl\":\"https:\/\/ohmytuft.com\/wp-content\/uploads\/2023\/11\/Tufting-packs-02.jpg\",\"datePublished\":\"2023-10-19T17:16:13+00:00\",\"dateModified\":\"2025-05-05T17:09:47+00:00\",\"breadcrumb\":{\"@id\":\"https:\/\/ohmytuft.com\/pl\/produkt\/tufting-pro-pack-2-in-1-pl\/#breadcrumb\"},\"inLanguage\":\"pl-PL\",\"potentialAction\":[{\"@type\":\"ReadAction\",\"target\":[\"https:\/\/ohmytuft.com\/pl\/produkt\/tufting-pro-pack-2-in-1-pl\/\"]}]},{\"@type\":\"ImageObject\",\"inLanguage\":\"pl-PL\",\"@id\":\"https:\/\/ohmytuft.com\/pl\/produkt\/tufting-pro-pack-2-in-1-pl\/#primaryimage\",\"url\":\"https:\/\/ohmytuft.com\/wp-content\/uploads\/2023\/11\/Tufting-packs-02.jpg\",\"contentUrl\":\"https:\/\/ohmytuft.com\/wp-content\/uploads\/2023\/11\/Tufting-packs-02.jpg\",\"width\":900,\"height\":900,\"caption\":\"tufting gun kit\"},{\"@type\":\"BreadcrumbList\",\"@id\":\"https:\/\/ohmytuft.com\/pl\/produkt\/tufting-pro-pack-2-in-1-pl\/#breadcrumb\",\"itemListElement\":[{\"@type\":\"ListItem\",\"position\":1,\"name\":\"Home\",\"item\":\"https:\/\/ohmytuft.com\/pl\/\"},{\"@type\":\"ListItem\",\"position\":2,\"name\":\"Sklep\",\"item\":\"https:\/\/ohmytuft.com\/pl\/sklep\/\"},{\"@type\":\"ListItem\",\"position\":3,\"name\":\"Tufting Pro Pack &#8211; 2 in 1\"}]},{\"@type\":\"WebSite\",\"@id\":\"https:\/\/ohmytuft.com\/pl\/#website\",\"url\":\"https:\/\/ohmytuft.com\/pl\/\",\"name\":\"Oh my tuft\",\"description\":\"Oh my tuft\",\"publisher\":{\"@id\":\"https:\/\/ohmytuft.com\/pl\/#organization\"},\"potentialAction\":[{\"@type\":\"SearchAction\",\"target\":{\"@type\":\"EntryPoint\",\"urlTemplate\":\"https:\/\/ohmytuft.com\/pl\/?s={search_term_string}\"},\"query-input\":{\"@type\":\"PropertyValueSpecification\",\"valueRequired\":true,\"valueName\":\"search_term_string\"}}],\"inLanguage\":\"pl-PL\"},{\"@type\":\"Organization\",\"@id\":\"https:\/\/ohmytuft.com\/pl\/#organization\",\"name\":\"Oh my tuft\",\"url\":\"https:\/\/ohmytuft.com\/pl\/\",\"logo\":{\"@type\":\"ImageObject\",\"inLanguage\":\"pl-PL\",\"@id\":\"https:\/\/ohmytuft.com\/pl\/#\/schema\/logo\/image\/\",\"url\":\"https:\/\/ohmytuft.com\/wp-content\/uploads\/2021\/02\/WEB-20.png\",\"contentUrl\":\"https:\/\/ohmytuft.com\/wp-content\/uploads\/2021\/02\/WEB-20.png\",\"width\":2085,\"height\":764,\"caption\":\"Oh my tuft\"},\"image\":{\"@id\":\"https:\/\/ohmytuft.com\/pl\/#\/schema\/logo\/image\/\"},\"sameAs\":[\"https:\/\/www.instagram.com\/tuftinggunsupplies\/\",\"https:\/\/www.tiktok.com\/@tuftinggun\"]}]}<\/script>\n<!-- \/ Yoast SEO plugin. -->","yoast_head_json":{"title":"Tufting Pro Pack - 2 in 1 - Ohmytuft.com","robots":{"index":"index","follow":"follow","max-snippet":"max-snippet:-1","max-image-preview":"max-image-preview:large","max-video-preview":"max-video-preview:-1"},"canonical":"https:\/\/ohmytuft.com\/pl\/produkt\/tufting-pro-pack-2-in-1-pl\/","og_locale":"pl_PL","og_type":"article","og_title":"Tufting Pro Pack - 2 in 1 - Ohmytuft.com","og_description":"\u015awietny wyb\u00f3r dla przysz\u0142ych uzale\u017cnionych od tuftingu. Je\u015bli chcesz by\u0107 profesjonalist\u0105, jest to najlepsza opcja.  Zestaw zawiera:   R\u0119czny pistolet do tuftingu 2 in 1 - Cut &amp; loop  Tkanina podk\u0142adowa - 200x200  Tkanina podstawowa - 200x200  Maszyna do rze\u017abienia i prowadnica","og_url":"https:\/\/ohmytuft.com\/pl\/produkt\/tufting-pro-pack-2-in-1-pl\/","og_site_name":"Ohmytuft.com","article_modified_time":"2025-05-05T17:09:47+00:00","og_image":[{"width":900,"height":900,"url":"https:\/\/ohmytuft.com\/wp-content\/uploads\/2023\/11\/Tufting-packs-02.jpg","type":"image\/jpeg"}],"twitter_card":"summary_large_image","schema":{"@context":"https:\/\/schema.org","@graph":[{"@type":"WebPage","@id":"https:\/\/ohmytuft.com\/pl\/produkt\/tufting-pro-pack-2-in-1-pl\/","url":"https:\/\/ohmytuft.com\/pl\/produkt\/tufting-pro-pack-2-in-1-pl\/","name":"Tufting Pro Pack - 2 in 1 - Ohmytuft.com","isPartOf":{"@id":"https:\/\/ohmytuft.com\/pl\/#website"},"primaryImageOfPage":{"@id":"https:\/\/ohmytuft.com\/pl\/produkt\/tufting-pro-pack-2-in-1-pl\/#primaryimage"},"image":{"@id":"https:\/\/ohmytuft.com\/pl\/produkt\/tufting-pro-pack-2-in-1-pl\/#primaryimage"},"thumbnailUrl":"https:\/\/ohmytuft.com\/wp-content\/uploads\/2023\/11\/Tufting-packs-02.jpg","datePublished":"2023-10-19T17:16:13+00:00","dateModified":"2025-05-05T17:09:47+00:00","breadcrumb":{"@id":"https:\/\/ohmytuft.com\/pl\/produkt\/tufting-pro-pack-2-in-1-pl\/#breadcrumb"},"inLanguage":"pl-PL","potentialAction":[{"@type":"ReadAction","target":["https:\/\/ohmytuft.com\/pl\/produkt\/tufting-pro-pack-2-in-1-pl\/"]}]},{"@type":"ImageObject","inLanguage":"pl-PL","@id":"https:\/\/ohmytuft.com\/pl\/produkt\/tufting-pro-pack-2-in-1-pl\/#primaryimage","url":"https:\/\/ohmytuft.com\/wp-content\/uploads\/2023\/11\/Tufting-packs-02.jpg","contentUrl":"https:\/\/ohmytuft.com\/wp-content\/uploads\/2023\/11\/Tufting-packs-02.jpg","width":900,"height":900,"caption":"tufting gun kit"},{"@type":"BreadcrumbList","@id":"https:\/\/ohmytuft.com\/pl\/produkt\/tufting-pro-pack-2-in-1-pl\/#breadcrumb","itemListElement":[{"@type":"ListItem","position":1,"name":"Home","item":"https:\/\/ohmytuft.com\/pl\/"},{"@type":"ListItem","position":2,"name":"Sklep","item":"https:\/\/ohmytuft.com\/pl\/sklep\/"},{"@type":"ListItem","position":3,"name":"Tufting Pro Pack &#8211; 2 in 1"}]},{"@type":"WebSite","@id":"https:\/\/ohmytuft.com\/pl\/#website","url":"https:\/\/ohmytuft.com\/pl\/","name":"Oh my tuft","description":"Oh my tuft","publisher":{"@id":"https:\/\/ohmytuft.com\/pl\/#organization"},"potentialAction":[{"@type":"SearchAction","target":{"@type":"EntryPoint","urlTemplate":"https:\/\/ohmytuft.com\/pl\/?s={search_term_string}"},"query-input":{"@type":"PropertyValueSpecification","valueRequired":true,"valueName":"search_term_string"}}],"inLanguage":"pl-PL"},{"@type":"Organization","@id":"https:\/\/ohmytuft.com\/pl\/#organization","name":"Oh my tuft","url":"https:\/\/ohmytuft.com\/pl\/","logo":{"@type":"ImageObject","inLanguage":"pl-PL","@id":"https:\/\/ohmytuft.com\/pl\/#\/schema\/logo\/image\/","url":"https:\/\/ohmytuft.com\/wp-content\/uploads\/2021\/02\/WEB-20.png","contentUrl":"https:\/\/ohmytuft.com\/wp-content\/uploads\/2021\/02\/WEB-20.png","width":2085,"height":764,"caption":"Oh my tuft"},"image":{"@id":"https:\/\/ohmytuft.com\/pl\/#\/schema\/logo\/image\/"},"sameAs":["https:\/\/www.instagram.com\/tuftinggunsupplies\/","https:\/\/www.tiktok.com\/@tuftinggun"]}]}},"_links":{"self":[{"href":"https:\/\/ohmytuft.com\/pl\/wp-json\/wp\/v2\/product\/4834","targetHints":{"allow":["GET"]}}],"collection":[{"href":"https:\/\/ohmytuft.com\/pl\/wp-json\/wp\/v2\/product"}],"about":[{"href":"https:\/\/ohmytuft.com\/pl\/wp-json\/wp\/v2\/types\/product"}],"replies":[{"embeddable":true,"href":"https:\/\/ohmytuft.com\/pl\/wp-json\/wp\/v2\/comments?post=4834"}],"wp:featuredmedia":[{"embeddable":true,"href":"https:\/\/ohmytuft.com\/pl\/wp-json\/wp\/v2\/media\/5188"}],"wp:attachment":[{"href":"https:\/\/ohmytuft.com\/pl\/wp-json\/wp\/v2\/media?parent=4834"}],"wp:term":[{"taxonomy":"product_brand","embeddable":true,"href":"https:\/\/ohmytuft.com\/pl\/wp-json\/wp\/v2\/product_brand?post=4834"},{"taxonomy":"product_cat","embeddable":true,"href":"https:\/\/ohmytuft.com\/pl\/wp-json\/wp\/v2\/product_cat?post=4834"},{"taxonomy":"product_tag","embeddable":true,"href":"https:\/\/ohmytuft.com\/pl\/wp-json\/wp\/v2\/product_tag?post=4834"}],"curies":[{"name":"wp","href":"https:\/\/api.w.org\/{rel}","templated":true}]}}