{"id":6658,"date":"2021-02-28T21:01:54","date_gmt":"2021-02-28T21:01:54","guid":{"rendered":"https:\/\/ohmytuft.com\/termos-e-condicoes\/"},"modified":"2024-03-13T18:43:57","modified_gmt":"2024-03-13T18:43:57","slug":"termos-e-condicoes","status":"publish","type":"page","link":"https:\/\/ohmytuft.com\/pt-pt\/termos-e-condicoes\/","title":{"rendered":"Termos e condi\u00e7\u00f5es"},"content":{"rendered":"\n<h3 class=\"wp-block-heading\">Pa\u00edses de expedi\u00e7\u00e3o<\/h3>\n\n<p>Enviamos os nossos produtos de Espanha para toda a Uni\u00e3o Europeia, que inclui os seguintes pa\u00edses:<\/p>\n\n<p>\u00c1ustria, B\u00e9lgica, Bulg\u00e1ria, Cro\u00e1cia, Rep\u00fablica de Chipre, Rep\u00fablica Checa, Dinamarca, Est\u00f3nia, Finl\u00e2ndia, Fran\u00e7a, Alemanha, Gr\u00e9cia, Hungria, Irlanda, It\u00e1lia, Let\u00f3nia, Litu\u00e2nia, Luxemburgo, Malta, Pa\u00edses Baixos, Pol\u00f3nia, Portugal, Rom\u00e9nia, Eslov\u00e1quia, Eslov\u00e9nia, Espanha e Su\u00e9cia.<\/p>\n\n<h3 class=\"wp-block-heading\">Custos de envio<\/h3>\n\n<p>O custo de envio ser\u00e1 calculado de acordo com as suas prefer\u00eancias em termos de prazo de entrega, o tamanho da encomenda e o pa\u00eds de entrega.  <\/p>\n\n<p>Adicione os produtos ao carrinho de compras e escolha as suas prefer\u00eancias. Os custos de envio s\u00e3o calculados automaticamente.<\/p>\n\n<h3 class=\"wp-block-heading\">Envio gratuito<\/h3>\n\n<p>Oferecemos portes de envio gratuitos para encomendas superiores a 100 euros<\/p>\n\n<h3 class=\"wp-block-heading\">Pol\u00edtica de devolu\u00e7\u00e3o<\/h3>\n\n<p>As devolu\u00e7\u00f5es ser\u00e3o efectuadas no prazo de 14 dias a contar da rece\u00e7\u00e3o da encomenda. O comprador deve suportar os custos da devolu\u00e7\u00e3o.  <\/p>\n\n<p>As encomendas n\u00e3o reclamadas ser\u00e3o reenviadas a expensas do comprador.<\/p>\n\n<p>O artigo devolvido deve estar na embalagem original e n\u00e3o ter sido utilizado.<\/p>\n\n<h3 class=\"wp-block-heading\">\u00bfComo devolver um artigo?<\/h3>\n\n<p>Contacte-nos com o seu n\u00famero de encomenda para solicitar uma devolu\u00e7\u00e3o: <a href=\"https:\/\/ohmytuft.com\/pt-pt\/contacto\/\">https:\/\/ohmytuft.com\/contact\/<\/a><\/p>\n\n<p>Os artigos devem ser embalados com muito cuidado para evitar que sejam danificados durante o transporte. Especialmente as pistolas de tufos.  <\/p>\n\n<p>O reembolso do dinheiro ser\u00e1 efectuado assim que a encomenda chegar ao nosso armaz\u00e9m.<\/p>\n\n<h3 class=\"wp-block-heading\">Pagamentos<\/h3>\n\n<p>Pode pagar com Paypal ou com o seu cart\u00e3o de d\u00e9bito\/cr\u00e9dito atrav\u00e9s do Paypal.<\/p>\n\n<h3 class=\"wp-block-heading\">Contacto<\/h3>\n\n<p>S\u00e3o Raimundo 28<br\/>28039 Madrid. Espanha<br\/>info@tuftunggunsupplies.com<br\/>660167517<\/p>\n","protected":false},"excerpt":{"rendered":"<p>Pa\u00edses de expedi\u00e7\u00e3o Enviamos os nossos produtos de Espanha para toda a Uni\u00e3o Europeia, que inclui os seguintes pa\u00edses: \u00c1ustria, B\u00e9lgica, Bulg\u00e1ria, Cro\u00e1cia, Rep\u00fablica de Chipre, Rep\u00fablica Checa, Dinamarca, Est\u00f3nia, Finl\u00e2ndia, Fran\u00e7a, Alemanha, Gr\u00e9cia, Hungria, Irlanda, It\u00e1lia, Let\u00f3nia, Litu\u00e2nia, Luxemburgo, Malta, Pa\u00edses Baixos, Pol\u00f3nia, Portugal, Rom\u00e9nia, Eslov\u00e1quia, Eslov\u00e9nia, Espanha e Su\u00e9cia. Custos de envio O [&hellip;]<\/p>\n","protected":false},"author":3,"featured_media":0,"parent":0,"menu_order":0,"comment_status":"closed","ping_status":"closed","template":"","meta":{"_joinchat":[],"footnotes":""},"class_list":["post-6658","page","type-page","status-publish","hentry"],"yoast_head":"<!-- This site is optimized with the Yoast SEO plugin v27.2 - https:\/\/yoast.com\/product\/yoast-seo-wordpress\/ -->\n<title>Termos e condi\u00e7\u00f5es - Ohmytuft.com<\/title>\n<meta name=\"robots\" content=\"noindex, follow\" \/>\n<meta property=\"og:locale\" content=\"pt_PT\" \/>\n<meta property=\"og:type\" content=\"article\" \/>\n<meta property=\"og:title\" content=\"Termos e condi\u00e7\u00f5es - Ohmytuft.com\" \/>\n<meta property=\"og:description\" content=\"Pa\u00edses de expedi\u00e7\u00e3o Enviamos os nossos produtos de Espanha para toda a Uni\u00e3o Europeia, que inclui os seguintes pa\u00edses: \u00c1ustria, B\u00e9lgica, Bulg\u00e1ria, Cro\u00e1cia, Rep\u00fablica de Chipre, Rep\u00fablica Checa, Dinamarca, Est\u00f3nia, Finl\u00e2ndia, Fran\u00e7a, Alemanha, Gr\u00e9cia, Hungria, Irlanda, It\u00e1lia, Let\u00f3nia, Litu\u00e2nia, Luxemburgo, Malta, Pa\u00edses Baixos, Pol\u00f3nia, Portugal, Rom\u00e9nia, Eslov\u00e1quia, Eslov\u00e9nia, Espanha e Su\u00e9cia. Custos de envio O [&hellip;]\" \/>\n<meta property=\"og:url\" content=\"https:\/\/ohmytuft.com\/pt-pt\/termos-e-condicoes\/\" \/>\n<meta property=\"og:site_name\" content=\"Ohmytuft.com\" \/>\n<meta property=\"article:modified_time\" content=\"2024-03-13T18:43:57+00:00\" \/>\n<meta name=\"twitter:card\" content=\"summary_large_image\" \/>\n<meta name=\"twitter:label1\" content=\"Tempo estimado de leitura\" \/>\n\t<meta name=\"twitter:data1\" content=\"1 minuto\" \/>\n<script type=\"application\/ld+json\" class=\"yoast-schema-graph\">{\"@context\":\"https:\/\/schema.org\",\"@graph\":[{\"@type\":\"WebPage\",\"@id\":\"https:\/\/ohmytuft.com\/pt-pt\/termos-e-condicoes\/\",\"url\":\"https:\/\/ohmytuft.com\/pt-pt\/termos-e-condicoes\/\",\"name\":\"Termos e condi\u00e7\u00f5es - Ohmytuft.com\",\"isPartOf\":{\"@id\":\"https:\/\/ohmytuft.com\/pt-pt\/#website\"},\"datePublished\":\"2021-02-28T21:01:54+00:00\",\"dateModified\":\"2024-03-13T18:43:57+00:00\",\"breadcrumb\":{\"@id\":\"https:\/\/ohmytuft.com\/pt-pt\/termos-e-condicoes\/#breadcrumb\"},\"inLanguage\":\"pt-PT\",\"potentialAction\":[{\"@type\":\"ReadAction\",\"target\":[\"https:\/\/ohmytuft.com\/pt-pt\/termos-e-condicoes\/\"]}]},{\"@type\":\"BreadcrumbList\",\"@id\":\"https:\/\/ohmytuft.com\/pt-pt\/termos-e-condicoes\/#breadcrumb\",\"itemListElement\":[{\"@type\":\"ListItem\",\"position\":1,\"name\":\"Home\",\"item\":\"https:\/\/ohmytuft.com\/pt-pt\/\"},{\"@type\":\"ListItem\",\"position\":2,\"name\":\"Termos e condi\u00e7\u00f5es\"}]},{\"@type\":\"WebSite\",\"@id\":\"https:\/\/ohmytuft.com\/pt-pt\/#website\",\"url\":\"https:\/\/ohmytuft.com\/pt-pt\/\",\"name\":\"Oh my tuft\",\"description\":\"Oh my tuft\",\"publisher\":{\"@id\":\"https:\/\/ohmytuft.com\/pt-pt\/#organization\"},\"potentialAction\":[{\"@type\":\"SearchAction\",\"target\":{\"@type\":\"EntryPoint\",\"urlTemplate\":\"https:\/\/ohmytuft.com\/pt-pt\/?s={search_term_string}\"},\"query-input\":{\"@type\":\"PropertyValueSpecification\",\"valueRequired\":true,\"valueName\":\"search_term_string\"}}],\"inLanguage\":\"pt-PT\"},{\"@type\":\"Organization\",\"@id\":\"https:\/\/ohmytuft.com\/pt-pt\/#organization\",\"name\":\"Oh my tuft\",\"url\":\"https:\/\/ohmytuft.com\/pt-pt\/\",\"logo\":{\"@type\":\"ImageObject\",\"inLanguage\":\"pt-PT\",\"@id\":\"https:\/\/ohmytuft.com\/pt-pt\/#\/schema\/logo\/image\/\",\"url\":\"https:\/\/ohmytuft.com\/wp-content\/uploads\/2021\/02\/WEB-20.png\",\"contentUrl\":\"https:\/\/ohmytuft.com\/wp-content\/uploads\/2021\/02\/WEB-20.png\",\"width\":2085,\"height\":764,\"caption\":\"Oh my tuft\"},\"image\":{\"@id\":\"https:\/\/ohmytuft.com\/pt-pt\/#\/schema\/logo\/image\/\"},\"sameAs\":[\"https:\/\/www.instagram.com\/tuftinggunsupplies\/\",\"https:\/\/www.tiktok.com\/@tuftinggun\"]}]}<\/script>\n<!-- \/ Yoast SEO plugin. -->","yoast_head_json":{"title":"Termos e condi\u00e7\u00f5es - Ohmytuft.com","robots":{"index":"noindex","follow":"follow"},"og_locale":"pt_PT","og_type":"article","og_title":"Termos e condi\u00e7\u00f5es - Ohmytuft.com","og_description":"Pa\u00edses de expedi\u00e7\u00e3o Enviamos os nossos produtos de Espanha para toda a Uni\u00e3o Europeia, que inclui os seguintes pa\u00edses: \u00c1ustria, B\u00e9lgica, Bulg\u00e1ria, Cro\u00e1cia, Rep\u00fablica de Chipre, Rep\u00fablica Checa, Dinamarca, Est\u00f3nia, Finl\u00e2ndia, Fran\u00e7a, Alemanha, Gr\u00e9cia, Hungria, Irlanda, It\u00e1lia, Let\u00f3nia, Litu\u00e2nia, Luxemburgo, Malta, Pa\u00edses Baixos, Pol\u00f3nia, Portugal, Rom\u00e9nia, Eslov\u00e1quia, Eslov\u00e9nia, Espanha e Su\u00e9cia. Custos de envio O [&hellip;]","og_url":"https:\/\/ohmytuft.com\/pt-pt\/termos-e-condicoes\/","og_site_name":"Ohmytuft.com","article_modified_time":"2024-03-13T18:43:57+00:00","twitter_card":"summary_large_image","twitter_misc":{"Tempo estimado de leitura":"1 minuto"},"schema":{"@context":"https:\/\/schema.org","@graph":[{"@type":"WebPage","@id":"https:\/\/ohmytuft.com\/pt-pt\/termos-e-condicoes\/","url":"https:\/\/ohmytuft.com\/pt-pt\/termos-e-condicoes\/","name":"Termos e condi\u00e7\u00f5es - Ohmytuft.com","isPartOf":{"@id":"https:\/\/ohmytuft.com\/pt-pt\/#website"},"datePublished":"2021-02-28T21:01:54+00:00","dateModified":"2024-03-13T18:43:57+00:00","breadcrumb":{"@id":"https:\/\/ohmytuft.com\/pt-pt\/termos-e-condicoes\/#breadcrumb"},"inLanguage":"pt-PT","potentialAction":[{"@type":"ReadAction","target":["https:\/\/ohmytuft.com\/pt-pt\/termos-e-condicoes\/"]}]},{"@type":"BreadcrumbList","@id":"https:\/\/ohmytuft.com\/pt-pt\/termos-e-condicoes\/#breadcrumb","itemListElement":[{"@type":"ListItem","position":1,"name":"Home","item":"https:\/\/ohmytuft.com\/pt-pt\/"},{"@type":"ListItem","position":2,"name":"Termos e condi\u00e7\u00f5es"}]},{"@type":"WebSite","@id":"https:\/\/ohmytuft.com\/pt-pt\/#website","url":"https:\/\/ohmytuft.com\/pt-pt\/","name":"Oh my tuft","description":"Oh my tuft","publisher":{"@id":"https:\/\/ohmytuft.com\/pt-pt\/#organization"},"potentialAction":[{"@type":"SearchAction","target":{"@type":"EntryPoint","urlTemplate":"https:\/\/ohmytuft.com\/pt-pt\/?s={search_term_string}"},"query-input":{"@type":"PropertyValueSpecification","valueRequired":true,"valueName":"search_term_string"}}],"inLanguage":"pt-PT"},{"@type":"Organization","@id":"https:\/\/ohmytuft.com\/pt-pt\/#organization","name":"Oh my tuft","url":"https:\/\/ohmytuft.com\/pt-pt\/","logo":{"@type":"ImageObject","inLanguage":"pt-PT","@id":"https:\/\/ohmytuft.com\/pt-pt\/#\/schema\/logo\/image\/","url":"https:\/\/ohmytuft.com\/wp-content\/uploads\/2021\/02\/WEB-20.png","contentUrl":"https:\/\/ohmytuft.com\/wp-content\/uploads\/2021\/02\/WEB-20.png","width":2085,"height":764,"caption":"Oh my tuft"},"image":{"@id":"https:\/\/ohmytuft.com\/pt-pt\/#\/schema\/logo\/image\/"},"sameAs":["https:\/\/www.instagram.com\/tuftinggunsupplies\/","https:\/\/www.tiktok.com\/@tuftinggun"]}]}},"_links":{"self":[{"href":"https:\/\/ohmytuft.com\/pt-pt\/wp-json\/wp\/v2\/pages\/6658","targetHints":{"allow":["GET"]}}],"collection":[{"href":"https:\/\/ohmytuft.com\/pt-pt\/wp-json\/wp\/v2\/pages"}],"about":[{"href":"https:\/\/ohmytuft.com\/pt-pt\/wp-json\/wp\/v2\/types\/page"}],"author":[{"embeddable":true,"href":"https:\/\/ohmytuft.com\/pt-pt\/wp-json\/wp\/v2\/users\/3"}],"replies":[{"embeddable":true,"href":"https:\/\/ohmytuft.com\/pt-pt\/wp-json\/wp\/v2\/comments?post=6658"}],"version-history":[{"count":0,"href":"https:\/\/ohmytuft.com\/pt-pt\/wp-json\/wp\/v2\/pages\/6658\/revisions"}],"wp:attachment":[{"href":"https:\/\/ohmytuft.com\/pt-pt\/wp-json\/wp\/v2\/media?parent=6658"}],"curies":[{"name":"wp","href":"https:\/\/api.w.org\/{rel}","templated":true}]}}