{"id":1011,"date":"2021-02-28T20:55:20","date_gmt":"2021-02-28T20:55:20","guid":{"rendered":"https:\/\/tuftinggunsupplies.com\/product\/tufting-gun-ak-i-cut-pile\/"},"modified":"2024-05-25T11:01:21","modified_gmt":"2024-05-25T11:01:21","slug":"tufting-gun-ak-i-cut-pile","status":"publish","type":"product","link":"https:\/\/ohmytuft.com\/pt-pt\/produto\/tufting-gun-ak-i-cut-pile\/","title":{"rendered":"Tufting Gun AK-I &#8211; Cut Pile"},"content":{"rendered":"<p>A pistola de corte AK-1 <a href=\"https:\/\/ohmytuft.com\/pt-pt\/buy\/tufting-guns-pt\/\"><br \/>\n  <strong>Pilha Cortada<\/strong><br \/>\n<\/a> \u00e9 uma ferramenta not\u00e1vel, concebida para elevar a arte da tufagem a novos patamares. Segue-se uma descri\u00e7\u00e3o detalhada e algumas raz\u00f5es convincentes pelas quais \u00e9 imprescind\u00edvel para a tua oficina de tufos:<\/p>\n<ol>\n<li><strong>Precis\u00e3o e controlo<\/strong>: A pistola de tufagem de pelo cortado AK-1 foi concebida para ser precisa. Permite-te criar padr\u00f5es e desenhos complexos com facilidade, gra\u00e7as aos seus controlos responsivos e ao seu funcionamento suave. Quer estejas a trabalhar em tapetes grandes ou em tape\u00e7arias de parede detalhadas, esta ferramenta proporciona uma precis\u00e3o inigual\u00e1vel.<\/li>\n<li><strong>Eficiente e economiza tempo<\/strong>: A velocidade \u00e9 uma vantagem significativa do AK-1. Aumenta drasticamente a velocidade do tufo em compara\u00e7\u00e3o com os m\u00e9todos manuais, permitindo-te concluir os projectos muito mais rapidamente. Esta efici\u00eancia \u00e9 um divisor de \u00e1guas tanto para amadores como para profissionais, permitindo uma maior produtividade e a capacidade de realizar mais projectos.<\/li>\n<li><strong>Versatilidade no design<\/strong>: Esta pistola de tufagem foi especialmente concebida para o corte de pelo, um estilo de tufagem popular que d\u00e1 uma textura aveludada e macia ao tecido. \u00c9 ideal para criar tapetes luxuosos, arte de parede com estilo e outros artigos decorativos. O m\u00e9todo de pelo cortado tamb\u00e9m oferece uma experi\u00eancia t\u00e1til \u00fanica que \u00e9 muito procurada na decora\u00e7\u00e3o da casa.<\/li>\n<li><strong>Facilidade de utiliza\u00e7\u00e3o<\/strong>: O AK-1 foi concebido a pensar na facilidade de <strong>utiliza\u00e7\u00e3o<\/strong>. \u00c9 leve e f\u00e1cil de manobrar, o que a torna acess\u00edvel mesmo para principiantes. O design ergon\u00f3mico reduz a fadiga, permitindo-te trabalhar confortavelmente durante per\u00edodos mais longos.<\/li>\n<li><strong>Durabilidade e fiabilidade<\/strong>: Constru\u00eddo com materiais de alta qualidade, o AK-1 foi feito para durar. \u00c9 uma ferramenta fi\u00e1vel que resiste aos rigores da utiliza\u00e7\u00e3o frequente, assegurando que o teu investimento compensa a longo prazo.<\/li>\n<li><strong>Criatividade melhorada<\/strong>: Com o AK-1, o \u00fanico limite \u00e9 a tua imagina\u00e7\u00e3o. Abre um mundo de possibilidades criativas, permitindo-te experimentar diferentes texturas, cores e padr\u00f5es. Esta ferramenta pode ajudar a dar vida aos teus projectos mais ambiciosos.<\/li>\n<\/ol>\n<p>Em resumo, a pistola de tufagem de pelo cortado AK-1 \u00e9 um complemento valioso para qualquer <a href=\"https:\/\/ohmytuft.com\/pt-pt\/\"><br \/>\n  <strong>tufting<\/strong><br \/>\n<\/a> artista. Combina efici\u00eancia, precis\u00e3o e facilidade de utiliza\u00e7\u00e3o numa ferramenta poderosa, tornando-a ideal tanto para entusiastas amadores como para tufadores profissionais. Investir nesta ferramenta significa investir na qualidade e na criatividade dos teus projectos de tufos.<\/p>\n","protected":false},"excerpt":{"rendered":"<p><b>Pistola de tufting el\u00e9ctrica &#8211; Cut pile<\/b><\/p>\n<ul>\n<li>100- 240 V<\/li>\n<li>Regul\u00e1vel em altura: 7-21 mm<\/li>\n<li>Peso: 1.40 kg<\/li>\n<li>Velocidade ajust\u00e1vel: 5-40 pontos\/seg. A velocidade pode ser controlada.<\/li>\n<\/ul>\n<p>Esta m\u00e1quina \u00e9 f\u00e1cil de aprender e utilizar. Tutoriais em breve!<br \/>\nA manuten\u00e7\u00e3o peri\u00f3dica proporcionar\u00e1 uma vida \u00fatil mais longa das ferramentas.<\/p>\n<p><strong>A caixa inclui:<\/strong><\/p>\n<ul>\n<li>Tufting Gun<\/li>\n<li>Adaptador AC\/DC com Europlug<\/li>\n<li>Ferramentas para manuten\u00e7\u00e3o<\/li>\n<\/ul>\n<p><strong>Safety First!<\/strong><\/p>\n<ol>\n<li>Usar protec\u00e7\u00e3o auditiva e ocular.<\/li>\n<li>Evitar manipular as engrenagens e os mecanismos.<\/li>\n<li>Desligue a corrente enquanto n\u00e3o a estiver a utilizar.<\/li>\n<\/ol>\n","protected":false},"featured_media":8939,"comment_status":"open","ping_status":"closed","template":"","meta":{"_joinchat":[]},"product_brand":[],"product_cat":[92],"product_tag":[],"class_list":{"0":"post-1011","1":"product","2":"type-product","3":"status-publish","4":"has-post-thumbnail","6":"product_cat-tufting-guns-pt","8":"first","9":"outofstock","10":"sale","11":"taxable","12":"shipping-taxable","13":"purchasable","14":"product-type-simple"},"yoast_head":"<!-- This site is optimized with the Yoast SEO plugin v27.2 - https:\/\/yoast.com\/product\/yoast-seo-wordpress\/ -->\n<title>Tufting Gun AK-I - Cut Pile - Ohmytuft.com<\/title>\n<meta name=\"robots\" content=\"index, follow, max-snippet:-1, max-image-preview:large, max-video-preview:-1\" \/>\n<link rel=\"canonical\" href=\"https:\/\/ohmytuft.com\/pt-pt\/produto\/tufting-gun-ak-i-cut-pile\/\" \/>\n<meta property=\"og:locale\" content=\"pt_PT\" \/>\n<meta property=\"og:type\" content=\"article\" \/>\n<meta property=\"og:title\" content=\"Tufting Gun AK-I - Cut Pile - Ohmytuft.com\" \/>\n<meta property=\"og:description\" content=\"Pistola de tufting el\u00e9ctrica - Cut pile  100- 240 V  Regul\u00e1vel em altura: 7-21 mm  Peso: 1.40 kg  Velocidade ajust\u00e1vel: 5-40 pontos\/seg. A velocidade pode ser controlada. Esta m\u00e1quina \u00e9 f\u00e1cil de aprender e utilizar. Tutoriais em breve! A manuten\u00e7\u00e3o peri\u00f3dica proporcionar\u00e1 uma vida \u00fatil mais longa das ferramentas. A caixa inclui:  Tufting Gun  Adaptador AC\/DC com Europlug  Ferramentas para manuten\u00e7\u00e3o Safety First!  Usar protec\u00e7\u00e3o auditiva e ocular.  Evitar manipular as engrenagens e os mecanismos.  Desligue a corrente enquanto n\u00e3o a estiver a utilizar.\" \/>\n<meta property=\"og:url\" content=\"https:\/\/ohmytuft.com\/pt-pt\/produto\/tufting-gun-ak-i-cut-pile\/\" \/>\n<meta property=\"og:site_name\" content=\"Ohmytuft.com\" \/>\n<meta property=\"article:modified_time\" content=\"2024-05-25T11:01:21+00:00\" \/>\n<meta property=\"og:image\" content=\"https:\/\/ohmytuft.com\/wp-content\/uploads\/2021\/02\/23022021-IMG_4393-scaled.jpg\" \/>\n\t<meta property=\"og:image:width\" content=\"2560\" \/>\n\t<meta property=\"og:image:height\" content=\"2560\" \/>\n\t<meta property=\"og:image:type\" content=\"image\/jpeg\" \/>\n<meta name=\"twitter:card\" content=\"summary_large_image\" \/>\n<meta name=\"twitter:label1\" content=\"Tempo estimado de leitura\" \/>\n\t<meta name=\"twitter:data1\" content=\"2 minutos\" \/>\n<script type=\"application\/ld+json\" class=\"yoast-schema-graph\">{\"@context\":\"https:\/\/schema.org\",\"@graph\":[{\"@type\":\"WebPage\",\"@id\":\"https:\/\/ohmytuft.com\/pt-pt\/produto\/tufting-gun-ak-i-cut-pile\/\",\"url\":\"https:\/\/ohmytuft.com\/pt-pt\/produto\/tufting-gun-ak-i-cut-pile\/\",\"name\":\"Tufting Gun AK-I - Cut Pile - Ohmytuft.com\",\"isPartOf\":{\"@id\":\"https:\/\/ohmytuft.com\/pt-pt\/#website\"},\"primaryImageOfPage\":{\"@id\":\"https:\/\/ohmytuft.com\/pt-pt\/produto\/tufting-gun-ak-i-cut-pile\/#primaryimage\"},\"image\":{\"@id\":\"https:\/\/ohmytuft.com\/pt-pt\/produto\/tufting-gun-ak-i-cut-pile\/#primaryimage\"},\"thumbnailUrl\":\"https:\/\/ohmytuft.com\/wp-content\/uploads\/2021\/02\/tufting-gun-ak1.png\",\"datePublished\":\"2021-02-28T20:55:20+00:00\",\"dateModified\":\"2024-05-25T11:01:21+00:00\",\"breadcrumb\":{\"@id\":\"https:\/\/ohmytuft.com\/pt-pt\/produto\/tufting-gun-ak-i-cut-pile\/#breadcrumb\"},\"inLanguage\":\"pt-PT\",\"potentialAction\":[{\"@type\":\"ReadAction\",\"target\":[\"https:\/\/ohmytuft.com\/pt-pt\/produto\/tufting-gun-ak-i-cut-pile\/\"]}]},{\"@type\":\"ImageObject\",\"inLanguage\":\"pt-PT\",\"@id\":\"https:\/\/ohmytuft.com\/pt-pt\/produto\/tufting-gun-ak-i-cut-pile\/#primaryimage\",\"url\":\"https:\/\/ohmytuft.com\/wp-content\/uploads\/2021\/02\/tufting-gun-ak1.png\",\"contentUrl\":\"https:\/\/ohmytuft.com\/wp-content\/uploads\/2021\/02\/tufting-gun-ak1.png\",\"width\":800,\"height\":800,\"caption\":\"tufting gun AK1\"},{\"@type\":\"BreadcrumbList\",\"@id\":\"https:\/\/ohmytuft.com\/pt-pt\/produto\/tufting-gun-ak-i-cut-pile\/#breadcrumb\",\"itemListElement\":[{\"@type\":\"ListItem\",\"position\":1,\"name\":\"Home\",\"item\":\"https:\/\/ohmytuft.com\/pt-pt\/\"},{\"@type\":\"ListItem\",\"position\":2,\"name\":\"Loja\",\"item\":\"https:\/\/ohmytuft.com\/pt-pt\/shop-2\/\"},{\"@type\":\"ListItem\",\"position\":3,\"name\":\"Tufting Gun AK-I &#8211; Cut Pile\"}]},{\"@type\":\"WebSite\",\"@id\":\"https:\/\/ohmytuft.com\/pt-pt\/#website\",\"url\":\"https:\/\/ohmytuft.com\/pt-pt\/\",\"name\":\"Oh my tuft\",\"description\":\"Oh my tuft\",\"publisher\":{\"@id\":\"https:\/\/ohmytuft.com\/pt-pt\/#organization\"},\"potentialAction\":[{\"@type\":\"SearchAction\",\"target\":{\"@type\":\"EntryPoint\",\"urlTemplate\":\"https:\/\/ohmytuft.com\/pt-pt\/?s={search_term_string}\"},\"query-input\":{\"@type\":\"PropertyValueSpecification\",\"valueRequired\":true,\"valueName\":\"search_term_string\"}}],\"inLanguage\":\"pt-PT\"},{\"@type\":\"Organization\",\"@id\":\"https:\/\/ohmytuft.com\/pt-pt\/#organization\",\"name\":\"Oh my tuft\",\"url\":\"https:\/\/ohmytuft.com\/pt-pt\/\",\"logo\":{\"@type\":\"ImageObject\",\"inLanguage\":\"pt-PT\",\"@id\":\"https:\/\/ohmytuft.com\/pt-pt\/#\/schema\/logo\/image\/\",\"url\":\"https:\/\/ohmytuft.com\/wp-content\/uploads\/2021\/02\/WEB-20.png\",\"contentUrl\":\"https:\/\/ohmytuft.com\/wp-content\/uploads\/2021\/02\/WEB-20.png\",\"width\":2085,\"height\":764,\"caption\":\"Oh my tuft\"},\"image\":{\"@id\":\"https:\/\/ohmytuft.com\/pt-pt\/#\/schema\/logo\/image\/\"},\"sameAs\":[\"https:\/\/www.instagram.com\/tuftinggunsupplies\/\",\"https:\/\/www.tiktok.com\/@tuftinggun\"]}]}<\/script>\n<!-- \/ Yoast SEO plugin. -->","yoast_head_json":{"title":"Tufting Gun AK-I - Cut Pile - Ohmytuft.com","robots":{"index":"index","follow":"follow","max-snippet":"max-snippet:-1","max-image-preview":"max-image-preview:large","max-video-preview":"max-video-preview:-1"},"canonical":"https:\/\/ohmytuft.com\/pt-pt\/produto\/tufting-gun-ak-i-cut-pile\/","og_locale":"pt_PT","og_type":"article","og_title":"Tufting Gun AK-I - Cut Pile - Ohmytuft.com","og_description":"Pistola de tufting el\u00e9ctrica - Cut pile  100- 240 V  Regul\u00e1vel em altura: 7-21 mm  Peso: 1.40 kg  Velocidade ajust\u00e1vel: 5-40 pontos\/seg. A velocidade pode ser controlada. Esta m\u00e1quina \u00e9 f\u00e1cil de aprender e utilizar. Tutoriais em breve! A manuten\u00e7\u00e3o peri\u00f3dica proporcionar\u00e1 uma vida \u00fatil mais longa das ferramentas. A caixa inclui:  Tufting Gun  Adaptador AC\/DC com Europlug  Ferramentas para manuten\u00e7\u00e3o Safety First!  Usar protec\u00e7\u00e3o auditiva e ocular.  Evitar manipular as engrenagens e os mecanismos.  Desligue a corrente enquanto n\u00e3o a estiver a utilizar.","og_url":"https:\/\/ohmytuft.com\/pt-pt\/produto\/tufting-gun-ak-i-cut-pile\/","og_site_name":"Ohmytuft.com","article_modified_time":"2024-05-25T11:01:21+00:00","og_image":[{"width":2560,"height":2560,"url":"https:\/\/ohmytuft.com\/wp-content\/uploads\/2021\/02\/23022021-IMG_4393-scaled.jpg","type":"image\/jpeg"}],"twitter_card":"summary_large_image","twitter_misc":{"Tempo estimado de leitura":"2 minutos"},"schema":{"@context":"https:\/\/schema.org","@graph":[{"@type":"WebPage","@id":"https:\/\/ohmytuft.com\/pt-pt\/produto\/tufting-gun-ak-i-cut-pile\/","url":"https:\/\/ohmytuft.com\/pt-pt\/produto\/tufting-gun-ak-i-cut-pile\/","name":"Tufting Gun AK-I - Cut Pile - Ohmytuft.com","isPartOf":{"@id":"https:\/\/ohmytuft.com\/pt-pt\/#website"},"primaryImageOfPage":{"@id":"https:\/\/ohmytuft.com\/pt-pt\/produto\/tufting-gun-ak-i-cut-pile\/#primaryimage"},"image":{"@id":"https:\/\/ohmytuft.com\/pt-pt\/produto\/tufting-gun-ak-i-cut-pile\/#primaryimage"},"thumbnailUrl":"https:\/\/ohmytuft.com\/wp-content\/uploads\/2021\/02\/tufting-gun-ak1.png","datePublished":"2021-02-28T20:55:20+00:00","dateModified":"2024-05-25T11:01:21+00:00","breadcrumb":{"@id":"https:\/\/ohmytuft.com\/pt-pt\/produto\/tufting-gun-ak-i-cut-pile\/#breadcrumb"},"inLanguage":"pt-PT","potentialAction":[{"@type":"ReadAction","target":["https:\/\/ohmytuft.com\/pt-pt\/produto\/tufting-gun-ak-i-cut-pile\/"]}]},{"@type":"ImageObject","inLanguage":"pt-PT","@id":"https:\/\/ohmytuft.com\/pt-pt\/produto\/tufting-gun-ak-i-cut-pile\/#primaryimage","url":"https:\/\/ohmytuft.com\/wp-content\/uploads\/2021\/02\/tufting-gun-ak1.png","contentUrl":"https:\/\/ohmytuft.com\/wp-content\/uploads\/2021\/02\/tufting-gun-ak1.png","width":800,"height":800,"caption":"tufting gun AK1"},{"@type":"BreadcrumbList","@id":"https:\/\/ohmytuft.com\/pt-pt\/produto\/tufting-gun-ak-i-cut-pile\/#breadcrumb","itemListElement":[{"@type":"ListItem","position":1,"name":"Home","item":"https:\/\/ohmytuft.com\/pt-pt\/"},{"@type":"ListItem","position":2,"name":"Loja","item":"https:\/\/ohmytuft.com\/pt-pt\/shop-2\/"},{"@type":"ListItem","position":3,"name":"Tufting Gun AK-I &#8211; Cut Pile"}]},{"@type":"WebSite","@id":"https:\/\/ohmytuft.com\/pt-pt\/#website","url":"https:\/\/ohmytuft.com\/pt-pt\/","name":"Oh my tuft","description":"Oh my tuft","publisher":{"@id":"https:\/\/ohmytuft.com\/pt-pt\/#organization"},"potentialAction":[{"@type":"SearchAction","target":{"@type":"EntryPoint","urlTemplate":"https:\/\/ohmytuft.com\/pt-pt\/?s={search_term_string}"},"query-input":{"@type":"PropertyValueSpecification","valueRequired":true,"valueName":"search_term_string"}}],"inLanguage":"pt-PT"},{"@type":"Organization","@id":"https:\/\/ohmytuft.com\/pt-pt\/#organization","name":"Oh my tuft","url":"https:\/\/ohmytuft.com\/pt-pt\/","logo":{"@type":"ImageObject","inLanguage":"pt-PT","@id":"https:\/\/ohmytuft.com\/pt-pt\/#\/schema\/logo\/image\/","url":"https:\/\/ohmytuft.com\/wp-content\/uploads\/2021\/02\/WEB-20.png","contentUrl":"https:\/\/ohmytuft.com\/wp-content\/uploads\/2021\/02\/WEB-20.png","width":2085,"height":764,"caption":"Oh my tuft"},"image":{"@id":"https:\/\/ohmytuft.com\/pt-pt\/#\/schema\/logo\/image\/"},"sameAs":["https:\/\/www.instagram.com\/tuftinggunsupplies\/","https:\/\/www.tiktok.com\/@tuftinggun"]}]}},"_links":{"self":[{"href":"https:\/\/ohmytuft.com\/pt-pt\/wp-json\/wp\/v2\/product\/1011","targetHints":{"allow":["GET"]}}],"collection":[{"href":"https:\/\/ohmytuft.com\/pt-pt\/wp-json\/wp\/v2\/product"}],"about":[{"href":"https:\/\/ohmytuft.com\/pt-pt\/wp-json\/wp\/v2\/types\/product"}],"replies":[{"embeddable":true,"href":"https:\/\/ohmytuft.com\/pt-pt\/wp-json\/wp\/v2\/comments?post=1011"}],"wp:featuredmedia":[{"embeddable":true,"href":"https:\/\/ohmytuft.com\/pt-pt\/wp-json\/wp\/v2\/media\/8939"}],"wp:attachment":[{"href":"https:\/\/ohmytuft.com\/pt-pt\/wp-json\/wp\/v2\/media?parent=1011"}],"wp:term":[{"taxonomy":"product_brand","embeddable":true,"href":"https:\/\/ohmytuft.com\/pt-pt\/wp-json\/wp\/v2\/product_brand?post=1011"},{"taxonomy":"product_cat","embeddable":true,"href":"https:\/\/ohmytuft.com\/pt-pt\/wp-json\/wp\/v2\/product_cat?post=1011"},{"taxonomy":"product_tag","embeddable":true,"href":"https:\/\/ohmytuft.com\/pt-pt\/wp-json\/wp\/v2\/product_tag?post=1011"}],"curies":[{"name":"wp","href":"https:\/\/api.w.org\/{rel}","templated":true}]}}