{"id":1012,"date":"2021-02-09T13:33:15","date_gmt":"2021-02-09T13:33:15","guid":{"rendered":"https:\/\/tuftinggunsupplies.com\/product\/tufting-gun-ak-ii-loop-pile\/"},"modified":"2024-05-25T11:01:19","modified_gmt":"2024-05-25T11:01:19","slug":"tufting-gun-ak-ii-loop-pile","status":"publish","type":"product","link":"https:\/\/ohmytuft.com\/pt-pt\/produto\/tufting-gun-ak-ii-loop-pile\/","title":{"rendered":"Tufting Gun AK-II &#8211; Loop Pile"},"content":{"rendered":"<div class=\"flex-1 overflow-hidden\">\n<div class=\"react-scroll-to-bottom--css-zhypp-79elbk h-full\">\n<div class=\"react-scroll-to-bottom--css-zhypp-1n7m0yu\">\n<div class=\"flex flex-col pb-9 text-sm\">\n<div class=\"w-full text-token-text-primary\" data-testid=\"conversation-turn-7\">\n<div class=\"px-4 py-2 justify-center text-base md:gap-6 m-auto\">\n<div class=\"flex flex-1 text-base mx-auto gap-3 md:px-5 lg:px-1 xl:px-5 md:max-w-3xl lg:max-w-[40rem] xl:max-w-[48rem] group final-completion\">\n<div class=\"relative flex w-full flex-col lg:w-[calc(100%-115px)] agent-turn\">\n<div class=\"flex-col gap-1 md:gap-3\">\n<div class=\"flex flex-grow flex-col max-w-full\">\n<div class=\"min-h-[20px] text-message flex flex-col items-start gap-3 whitespace-pre-wrap break-words [.text-message+&amp;]:mt-5 overflow-x-auto\" data-message-author-role=\"assistant\" data-message-id=\"d24ca839-c467-4488-8fff-83d8a15f5126\">\n<div class=\"markdown prose w-full break-words dark:prose-invert dark\">\n<p>A pilha de la\u00e7os AK-2 <a href=\"https:\/\/ohmytuft.com\/pt-pt\/buy\/tufting-guns-pt\/\"><br \/>\n  <strong>Tufting Gun<\/strong><br \/>\n<\/a> \u00e9 uma ferramenta inovadora que se destaca no mundo do artesanato t\u00eaxtil. Aqui tens uma descri\u00e7\u00e3o detalhada e raz\u00f5es persuasivas pelas quais \u00e9 uma compra essencial para a tua loja de tufos:<\/p>\n<ol>\n<li><strong>Especializado para<\/strong> tufos de pelo em la\u00e7o: O AK-2 foi concebido especificamente para tufos de pelo em la\u00e7o, uma t\u00e9cnica que cria uma textura em la\u00e7o \u00fanica nos t\u00eaxteis. Este estilo \u00e9 preferido pelo seu toque e apar\u00eancia distintos e t\u00e1cteis, tornando-o popular em aplica\u00e7\u00f5es de decora\u00e7\u00e3o e moda.<\/li>\n<li><strong>Capacidades de textura melhoradas<\/strong>: Com o AK-2, podes introduzir uma nova gama de texturas nos teus produtos. A t\u00e9cnica do pelo em la\u00e7o cria uma superf\u00edcie densa e almofadada que n\u00e3o s\u00f3 \u00e9 visualmente atractiva como tamb\u00e9m confort\u00e1vel ao toque. Isto pode alargar significativamente o apelo das tuas cria\u00e7\u00f5es, atraindo uma base de clientes mais vasta.<\/li>\n<li><strong>Precis\u00e3o e consist\u00eancia<\/strong>: Esta pistola de tufos garante a precis\u00e3o do teu trabalho. Os la\u00e7os criados s\u00e3o consistentes em altura e densidade, o que \u00e9 crucial para resultados de qualidade profissional. Quer estejas a trabalhar em desenhos complexos ou em projectos de grande escala, a AK-2 proporciona uniformidade e precis\u00e3o.<\/li>\n<li><strong>Eficiente e de f\u00e1cil utiliza\u00e7\u00e3o<\/strong>: O AK-2 aumenta a sua efici\u00eancia de tufagem, permitindo uma conclus\u00e3o mais r\u00e1pida do projeto em compara\u00e7\u00e3o com os m\u00e9todos manuais. Foi concebido para ser de f\u00e1cil utiliza\u00e7\u00e3o, com controlos intuitivos e um design ergon\u00f3mico que o torna adequado tanto para principiantes como para tufadores experientes.<\/li>\n<li><strong>Dur\u00e1vel e fi\u00e1vel<\/strong>: Constru\u00eddo com materiais de alta qualidade, o AK-2 \u00e9 uma ferramenta dur\u00e1vel que suporta as exig\u00eancias de uma utiliza\u00e7\u00e3o frequente. Investir nesta pistola de tufos significa investir numa ferramenta que ir\u00e1 servir a tua oficina de forma fi\u00e1vel ao longo do tempo.<\/li>\n<li><strong>Flexibilidade criativa<\/strong>: O AK-2 abre novas possibilidades de express\u00e3o criativa. Permite-te experimentar diferentes tipos de fios e cores, permitindo-te criar designs \u00fanicos e apelativos que se destacam no mercado.<\/li>\n<li><strong>Ideal para uma s\u00e9rie de projectos<\/strong>: Esta ferramenta \u00e9 perfeita para criar uma variedade de produtos, desde tapetes e carpetes a tape\u00e7arias de parede e artigos de moda. A sua versatilidade no manuseamento de diferentes materiais e tamanhos de projectos torna-a uma mais-valia inestim\u00e1vel numa oficina de tufos.<\/li>\n<\/ol>\n<p>Em suma, a pistola de tufagem AK-2 Loop Pile \u00e9 indispens\u00e1vel para qualquer oficina de tufagem que pretenda expandir os seus horizontes criativos e melhorar a efici\u00eancia. \u00c9 uma ferramenta vers\u00e1til, f\u00e1cil de utilizar e fi\u00e1vel que permite a cria\u00e7\u00e3o de produtos de alta qualidade, ricos em termos de textura, que ir\u00e3o atrair e encantar os clientes. Investir no AK-2 n\u00e3o \u00e9 apenas comprar uma ferramenta; \u00e9 um investimento no potencial e na qualidade dos teus <a href=\"https:\/\/ohmytuft.com\/pt-pt\/\"><br \/>\n  <strong>projectos de tufos<\/strong><br \/>\n<\/a>.<\/p>\n<\/div>\n<\/div>\n<\/div>\n<div class=\"mt-1 flex justify-start gap-3 empty:hidden\">\n<div class=\"text-gray-400 flex self-end lg:self-center justify-center lg:justify-start mt-0 gap-1 visible\">\n<p>&nbsp;<\/p>\n<div class=\"flex items-center gap-1.5 text-xs\"><\/div>\n<\/div>\n<\/div>\n<\/div>\n<\/div>\n<\/div>\n<\/div>\n<\/div>\n<\/div>\n<\/div>\n<\/div>\n<\/div>\n<div class=\"w-full pt-2 md:pt-0 dark:border-white\/20 md:border-transparent md:dark:border-transparent md:w-[calc(100%-.5rem)]\">\n<form class=\"stretch mx-2 flex flex-row gap-3 last:mb-2 md:mx-4 md:last:mb-6 lg:mx-auto lg:max-w-2xl xl:max-w-3xl\">\n<div class=\"relative flex h-full flex-1 items-stretch md:flex-col\">\n<div class=\"flex w-full items-center\"><\/div>\n<\/div>\n<\/form>\n<\/div>\n","protected":false},"excerpt":{"rendered":"<p><b>Tufting gun el\u00e9ctrica &#8211; Loop pile<\/b><\/p>\n<ul>\n<li>100- 240 V<\/li>\n<li>Altura ajust\u00e1vel: 4-13 mm<\/li>\n<li>Peso: 1.40 kg<\/li>\n<li>Velocidade ajust\u00e1vel: 5-45 pontos\/seg. A velocidade pode ser controlada.<\/li>\n<\/ul>\n<p>Esta m\u00e1quina \u00e9 f\u00e1cil de aprender e utilizar. Tutoriais em breve!<br \/>\nA manuten\u00e7\u00e3o peri\u00f3dica proporcionar\u00e1 uma vida \u00fatil mais longa das ferramentas.<\/p>\n<p><strong>A caixa inclui:<\/strong><\/p>\n<ul>\n<li>Tufting Gun<\/li>\n<li>Adaptador AC\/DC com Europlug<\/li>\n<li>Ferramentas para manuten\u00e7\u00e3o<\/li>\n<\/ul>\n<p>Safety First!<\/p>\n<p>Usar protec\u00e7\u00e3o auditiva e ocular.<br \/>\nEvitar manipular as engrenagens e os mecanismos.<br \/>\nDesligue a corrente enquanto n\u00e3o a estiver a utilizar.<\/p>\n","protected":false},"featured_media":8952,"comment_status":"open","ping_status":"closed","template":"","meta":{"_joinchat":[]},"product_brand":[],"product_cat":[92],"product_tag":[],"class_list":{"0":"post-1012","1":"product","2":"type-product","3":"status-publish","4":"has-post-thumbnail","6":"product_cat-tufting-guns-pt","8":"first","9":"onbackorder","10":"sale","11":"taxable","12":"shipping-taxable","13":"purchasable","14":"product-type-simple"},"yoast_head":"<!-- This site is optimized with the Yoast SEO plugin v27.2 - https:\/\/yoast.com\/product\/yoast-seo-wordpress\/ -->\n<title>Tufting Gun AK-II - Loop Pile - Ohmytuft.com<\/title>\n<meta name=\"robots\" content=\"index, follow, max-snippet:-1, max-image-preview:large, max-video-preview:-1\" \/>\n<link rel=\"canonical\" href=\"https:\/\/ohmytuft.com\/pt-pt\/produto\/tufting-gun-ak-ii-loop-pile\/\" \/>\n<meta property=\"og:locale\" content=\"pt_PT\" \/>\n<meta property=\"og:type\" content=\"article\" \/>\n<meta property=\"og:title\" content=\"Tufting Gun AK-II - Loop Pile - Ohmytuft.com\" \/>\n<meta property=\"og:description\" content=\"Tufting gun el\u00e9ctrica - Loop pile  100- 240 V  Altura ajust\u00e1vel: 4-13 mm  Peso: 1.40 kg  Velocidade ajust\u00e1vel: 5-45 pontos\/seg. A velocidade pode ser controlada. Esta m\u00e1quina \u00e9 f\u00e1cil de aprender e utilizar. Tutoriais em breve! A manuten\u00e7\u00e3o peri\u00f3dica proporcionar\u00e1 uma vida \u00fatil mais longa das ferramentas. A caixa inclui:  Tufting Gun  Adaptador AC\/DC com Europlug  Ferramentas para manuten\u00e7\u00e3o Safety First! Usar protec\u00e7\u00e3o auditiva e ocular. Evitar manipular as engrenagens e os mecanismos. Desligue a corrente enquanto n\u00e3o a estiver a utilizar.\" \/>\n<meta property=\"og:url\" content=\"https:\/\/ohmytuft.com\/pt-pt\/produto\/tufting-gun-ak-ii-loop-pile\/\" \/>\n<meta property=\"og:site_name\" content=\"Ohmytuft.com\" \/>\n<meta property=\"article:modified_time\" content=\"2024-05-25T11:01:19+00:00\" \/>\n<meta property=\"og:image\" content=\"https:\/\/ohmytuft.com\/wp-content\/uploads\/2021\/02\/23022021-IMG_4443-scaled.jpg\" \/>\n\t<meta property=\"og:image:width\" content=\"2560\" \/>\n\t<meta property=\"og:image:height\" content=\"2560\" \/>\n\t<meta property=\"og:image:type\" content=\"image\/jpeg\" \/>\n<meta name=\"twitter:card\" content=\"summary_large_image\" \/>\n<meta name=\"twitter:label1\" content=\"Tempo estimado de leitura\" \/>\n\t<meta name=\"twitter:data1\" content=\"2 minutos\" \/>\n<script type=\"application\/ld+json\" class=\"yoast-schema-graph\">{\"@context\":\"https:\/\/schema.org\",\"@graph\":[{\"@type\":\"WebPage\",\"@id\":\"https:\/\/ohmytuft.com\/pt-pt\/produto\/tufting-gun-ak-ii-loop-pile\/\",\"url\":\"https:\/\/ohmytuft.com\/pt-pt\/produto\/tufting-gun-ak-ii-loop-pile\/\",\"name\":\"Tufting Gun AK-II - Loop Pile - Ohmytuft.com\",\"isPartOf\":{\"@id\":\"https:\/\/ohmytuft.com\/pt-pt\/#website\"},\"primaryImageOfPage\":{\"@id\":\"https:\/\/ohmytuft.com\/pt-pt\/produto\/tufting-gun-ak-ii-loop-pile\/#primaryimage\"},\"image\":{\"@id\":\"https:\/\/ohmytuft.com\/pt-pt\/produto\/tufting-gun-ak-ii-loop-pile\/#primaryimage\"},\"thumbnailUrl\":\"https:\/\/ohmytuft.com\/wp-content\/uploads\/2021\/02\/tufting-gun-ak2.jpg\",\"datePublished\":\"2021-02-09T13:33:15+00:00\",\"dateModified\":\"2024-05-25T11:01:19+00:00\",\"breadcrumb\":{\"@id\":\"https:\/\/ohmytuft.com\/pt-pt\/produto\/tufting-gun-ak-ii-loop-pile\/#breadcrumb\"},\"inLanguage\":\"pt-PT\",\"potentialAction\":[{\"@type\":\"ReadAction\",\"target\":[\"https:\/\/ohmytuft.com\/pt-pt\/produto\/tufting-gun-ak-ii-loop-pile\/\"]}]},{\"@type\":\"ImageObject\",\"inLanguage\":\"pt-PT\",\"@id\":\"https:\/\/ohmytuft.com\/pt-pt\/produto\/tufting-gun-ak-ii-loop-pile\/#primaryimage\",\"url\":\"https:\/\/ohmytuft.com\/wp-content\/uploads\/2021\/02\/tufting-gun-ak2.jpg\",\"contentUrl\":\"https:\/\/ohmytuft.com\/wp-content\/uploads\/2021\/02\/tufting-gun-ak2.jpg\",\"width\":2560,\"height\":2560},{\"@type\":\"BreadcrumbList\",\"@id\":\"https:\/\/ohmytuft.com\/pt-pt\/produto\/tufting-gun-ak-ii-loop-pile\/#breadcrumb\",\"itemListElement\":[{\"@type\":\"ListItem\",\"position\":1,\"name\":\"Home\",\"item\":\"https:\/\/ohmytuft.com\/pt-pt\/\"},{\"@type\":\"ListItem\",\"position\":2,\"name\":\"Loja\",\"item\":\"https:\/\/ohmytuft.com\/pt-pt\/shop-2\/\"},{\"@type\":\"ListItem\",\"position\":3,\"name\":\"Tufting Gun AK-II &#8211; Loop Pile\"}]},{\"@type\":\"WebSite\",\"@id\":\"https:\/\/ohmytuft.com\/pt-pt\/#website\",\"url\":\"https:\/\/ohmytuft.com\/pt-pt\/\",\"name\":\"Oh my tuft\",\"description\":\"Oh my tuft\",\"publisher\":{\"@id\":\"https:\/\/ohmytuft.com\/pt-pt\/#organization\"},\"potentialAction\":[{\"@type\":\"SearchAction\",\"target\":{\"@type\":\"EntryPoint\",\"urlTemplate\":\"https:\/\/ohmytuft.com\/pt-pt\/?s={search_term_string}\"},\"query-input\":{\"@type\":\"PropertyValueSpecification\",\"valueRequired\":true,\"valueName\":\"search_term_string\"}}],\"inLanguage\":\"pt-PT\"},{\"@type\":\"Organization\",\"@id\":\"https:\/\/ohmytuft.com\/pt-pt\/#organization\",\"name\":\"Oh my tuft\",\"url\":\"https:\/\/ohmytuft.com\/pt-pt\/\",\"logo\":{\"@type\":\"ImageObject\",\"inLanguage\":\"pt-PT\",\"@id\":\"https:\/\/ohmytuft.com\/pt-pt\/#\/schema\/logo\/image\/\",\"url\":\"https:\/\/ohmytuft.com\/wp-content\/uploads\/2021\/02\/WEB-20.png\",\"contentUrl\":\"https:\/\/ohmytuft.com\/wp-content\/uploads\/2021\/02\/WEB-20.png\",\"width\":2085,\"height\":764,\"caption\":\"Oh my tuft\"},\"image\":{\"@id\":\"https:\/\/ohmytuft.com\/pt-pt\/#\/schema\/logo\/image\/\"},\"sameAs\":[\"https:\/\/www.instagram.com\/tuftinggunsupplies\/\",\"https:\/\/www.tiktok.com\/@tuftinggun\"]}]}<\/script>\n<!-- \/ Yoast SEO plugin. -->","yoast_head_json":{"title":"Tufting Gun AK-II - Loop Pile - Ohmytuft.com","robots":{"index":"index","follow":"follow","max-snippet":"max-snippet:-1","max-image-preview":"max-image-preview:large","max-video-preview":"max-video-preview:-1"},"canonical":"https:\/\/ohmytuft.com\/pt-pt\/produto\/tufting-gun-ak-ii-loop-pile\/","og_locale":"pt_PT","og_type":"article","og_title":"Tufting Gun AK-II - Loop Pile - Ohmytuft.com","og_description":"Tufting gun el\u00e9ctrica - Loop pile  100- 240 V  Altura ajust\u00e1vel: 4-13 mm  Peso: 1.40 kg  Velocidade ajust\u00e1vel: 5-45 pontos\/seg. A velocidade pode ser controlada. Esta m\u00e1quina \u00e9 f\u00e1cil de aprender e utilizar. Tutoriais em breve! A manuten\u00e7\u00e3o peri\u00f3dica proporcionar\u00e1 uma vida \u00fatil mais longa das ferramentas. A caixa inclui:  Tufting Gun  Adaptador AC\/DC com Europlug  Ferramentas para manuten\u00e7\u00e3o Safety First! Usar protec\u00e7\u00e3o auditiva e ocular. Evitar manipular as engrenagens e os mecanismos. Desligue a corrente enquanto n\u00e3o a estiver a utilizar.","og_url":"https:\/\/ohmytuft.com\/pt-pt\/produto\/tufting-gun-ak-ii-loop-pile\/","og_site_name":"Ohmytuft.com","article_modified_time":"2024-05-25T11:01:19+00:00","og_image":[{"width":2560,"height":2560,"url":"https:\/\/ohmytuft.com\/wp-content\/uploads\/2021\/02\/23022021-IMG_4443-scaled.jpg","type":"image\/jpeg"}],"twitter_card":"summary_large_image","twitter_misc":{"Tempo estimado de leitura":"2 minutos"},"schema":{"@context":"https:\/\/schema.org","@graph":[{"@type":"WebPage","@id":"https:\/\/ohmytuft.com\/pt-pt\/produto\/tufting-gun-ak-ii-loop-pile\/","url":"https:\/\/ohmytuft.com\/pt-pt\/produto\/tufting-gun-ak-ii-loop-pile\/","name":"Tufting Gun AK-II - Loop Pile - Ohmytuft.com","isPartOf":{"@id":"https:\/\/ohmytuft.com\/pt-pt\/#website"},"primaryImageOfPage":{"@id":"https:\/\/ohmytuft.com\/pt-pt\/produto\/tufting-gun-ak-ii-loop-pile\/#primaryimage"},"image":{"@id":"https:\/\/ohmytuft.com\/pt-pt\/produto\/tufting-gun-ak-ii-loop-pile\/#primaryimage"},"thumbnailUrl":"https:\/\/ohmytuft.com\/wp-content\/uploads\/2021\/02\/tufting-gun-ak2.jpg","datePublished":"2021-02-09T13:33:15+00:00","dateModified":"2024-05-25T11:01:19+00:00","breadcrumb":{"@id":"https:\/\/ohmytuft.com\/pt-pt\/produto\/tufting-gun-ak-ii-loop-pile\/#breadcrumb"},"inLanguage":"pt-PT","potentialAction":[{"@type":"ReadAction","target":["https:\/\/ohmytuft.com\/pt-pt\/produto\/tufting-gun-ak-ii-loop-pile\/"]}]},{"@type":"ImageObject","inLanguage":"pt-PT","@id":"https:\/\/ohmytuft.com\/pt-pt\/produto\/tufting-gun-ak-ii-loop-pile\/#primaryimage","url":"https:\/\/ohmytuft.com\/wp-content\/uploads\/2021\/02\/tufting-gun-ak2.jpg","contentUrl":"https:\/\/ohmytuft.com\/wp-content\/uploads\/2021\/02\/tufting-gun-ak2.jpg","width":2560,"height":2560},{"@type":"BreadcrumbList","@id":"https:\/\/ohmytuft.com\/pt-pt\/produto\/tufting-gun-ak-ii-loop-pile\/#breadcrumb","itemListElement":[{"@type":"ListItem","position":1,"name":"Home","item":"https:\/\/ohmytuft.com\/pt-pt\/"},{"@type":"ListItem","position":2,"name":"Loja","item":"https:\/\/ohmytuft.com\/pt-pt\/shop-2\/"},{"@type":"ListItem","position":3,"name":"Tufting Gun AK-II &#8211; Loop Pile"}]},{"@type":"WebSite","@id":"https:\/\/ohmytuft.com\/pt-pt\/#website","url":"https:\/\/ohmytuft.com\/pt-pt\/","name":"Oh my tuft","description":"Oh my tuft","publisher":{"@id":"https:\/\/ohmytuft.com\/pt-pt\/#organization"},"potentialAction":[{"@type":"SearchAction","target":{"@type":"EntryPoint","urlTemplate":"https:\/\/ohmytuft.com\/pt-pt\/?s={search_term_string}"},"query-input":{"@type":"PropertyValueSpecification","valueRequired":true,"valueName":"search_term_string"}}],"inLanguage":"pt-PT"},{"@type":"Organization","@id":"https:\/\/ohmytuft.com\/pt-pt\/#organization","name":"Oh my tuft","url":"https:\/\/ohmytuft.com\/pt-pt\/","logo":{"@type":"ImageObject","inLanguage":"pt-PT","@id":"https:\/\/ohmytuft.com\/pt-pt\/#\/schema\/logo\/image\/","url":"https:\/\/ohmytuft.com\/wp-content\/uploads\/2021\/02\/WEB-20.png","contentUrl":"https:\/\/ohmytuft.com\/wp-content\/uploads\/2021\/02\/WEB-20.png","width":2085,"height":764,"caption":"Oh my tuft"},"image":{"@id":"https:\/\/ohmytuft.com\/pt-pt\/#\/schema\/logo\/image\/"},"sameAs":["https:\/\/www.instagram.com\/tuftinggunsupplies\/","https:\/\/www.tiktok.com\/@tuftinggun"]}]}},"_links":{"self":[{"href":"https:\/\/ohmytuft.com\/pt-pt\/wp-json\/wp\/v2\/product\/1012","targetHints":{"allow":["GET"]}}],"collection":[{"href":"https:\/\/ohmytuft.com\/pt-pt\/wp-json\/wp\/v2\/product"}],"about":[{"href":"https:\/\/ohmytuft.com\/pt-pt\/wp-json\/wp\/v2\/types\/product"}],"replies":[{"embeddable":true,"href":"https:\/\/ohmytuft.com\/pt-pt\/wp-json\/wp\/v2\/comments?post=1012"}],"wp:featuredmedia":[{"embeddable":true,"href":"https:\/\/ohmytuft.com\/pt-pt\/wp-json\/wp\/v2\/media\/8952"}],"wp:attachment":[{"href":"https:\/\/ohmytuft.com\/pt-pt\/wp-json\/wp\/v2\/media?parent=1012"}],"wp:term":[{"taxonomy":"product_brand","embeddable":true,"href":"https:\/\/ohmytuft.com\/pt-pt\/wp-json\/wp\/v2\/product_brand?post=1012"},{"taxonomy":"product_cat","embeddable":true,"href":"https:\/\/ohmytuft.com\/pt-pt\/wp-json\/wp\/v2\/product_cat?post=1012"},{"taxonomy":"product_tag","embeddable":true,"href":"https:\/\/ohmytuft.com\/pt-pt\/wp-json\/wp\/v2\/product_tag?post=1012"}],"curies":[{"name":"wp","href":"https:\/\/api.w.org\/{rel}","templated":true}]}}