{"id":4022,"date":"2023-07-10T09:59:16","date_gmt":"2023-07-10T09:59:16","guid":{"rendered":"https:\/\/ohmytuft.com\/product\/cadre-de-tufting\/"},"modified":"2024-12-20T12:38:18","modified_gmt":"2024-12-20T12:38:18","slug":"moldura-tufting","status":"publish","type":"product","link":"https:\/\/ohmytuft.com\/pt-pt\/produto\/moldura-tufting\/","title":{"rendered":"Moldura para tufting"},"content":{"rendered":"","protected":false},"excerpt":{"rendered":"<p>Uma moldura de tufos perfeita para come\u00e7ar, esta \u00e9 uma pe\u00e7a feita de madeira que durar\u00e1 em perfeitas condi\u00e7\u00f5es durante muito tempo.<\/p>\n","protected":false},"featured_media":8870,"comment_status":"open","ping_status":"closed","template":"","meta":{"_joinchat":[]},"product_brand":[],"product_cat":[91,231],"product_tag":[],"class_list":{"0":"post-4022","1":"product","2":"type-product","3":"status-publish","4":"has-post-thumbnail","6":"product_cat-acessorios-de-tufting","7":"product_cat-cadre-a-touffeter","9":"first","10":"outofstock","11":"taxable","12":"shipping-taxable","13":"purchasable","14":"product-type-simple"},"yoast_head":"<!-- This site is optimized with the Yoast SEO plugin v27.2 - https:\/\/yoast.com\/product\/yoast-seo-wordpress\/ -->\n<title>Moldura para tufting - Ohmytuft.com<\/title>\n<meta name=\"robots\" content=\"index, follow, max-snippet:-1, max-image-preview:large, max-video-preview:-1\" \/>\n<link rel=\"canonical\" href=\"https:\/\/ohmytuft.com\/pt-pt\/produto\/moldura-tufting\/\" \/>\n<meta property=\"og:locale\" content=\"pt_PT\" \/>\n<meta property=\"og:type\" content=\"article\" \/>\n<meta property=\"og:title\" content=\"Moldura para tufting - Ohmytuft.com\" \/>\n<meta property=\"og:description\" content=\"Uma moldura de tufos perfeita para come\u00e7ar, esta \u00e9 uma pe\u00e7a feita de madeira que durar\u00e1 em perfeitas condi\u00e7\u00f5es durante muito tempo.\" \/>\n<meta property=\"og:url\" content=\"https:\/\/ohmytuft.com\/pt-pt\/produto\/moldura-tufting\/\" \/>\n<meta property=\"og:site_name\" content=\"Ohmytuft.com\" \/>\n<meta property=\"article:modified_time\" content=\"2024-12-20T12:38:18+00:00\" \/>\n<meta property=\"og:image\" content=\"https:\/\/ohmytuft.com\/wp-content\/uploads\/2023\/07\/bastidor-tufting.jpeg\" \/>\n\t<meta property=\"og:image:width\" content=\"896\" \/>\n\t<meta property=\"og:image:height\" content=\"958\" \/>\n\t<meta property=\"og:image:type\" content=\"image\/jpeg\" \/>\n<meta name=\"twitter:card\" content=\"summary_large_image\" \/>\n<script type=\"application\/ld+json\" class=\"yoast-schema-graph\">{\"@context\":\"https:\/\/schema.org\",\"@graph\":[{\"@type\":\"WebPage\",\"@id\":\"https:\/\/ohmytuft.com\/pt-pt\/produto\/moldura-tufting\/\",\"url\":\"https:\/\/ohmytuft.com\/pt-pt\/produto\/moldura-tufting\/\",\"name\":\"Moldura para tufting - Ohmytuft.com\",\"isPartOf\":{\"@id\":\"https:\/\/ohmytuft.com\/pt-pt\/#website\"},\"primaryImageOfPage\":{\"@id\":\"https:\/\/ohmytuft.com\/pt-pt\/produto\/moldura-tufting\/#primaryimage\"},\"image\":{\"@id\":\"https:\/\/ohmytuft.com\/pt-pt\/produto\/moldura-tufting\/#primaryimage\"},\"thumbnailUrl\":\"https:\/\/ohmytuft.com\/wp-content\/uploads\/2023\/07\/tufting-frame.avif\",\"datePublished\":\"2023-07-10T09:59:16+00:00\",\"dateModified\":\"2024-12-20T12:38:18+00:00\",\"breadcrumb\":{\"@id\":\"https:\/\/ohmytuft.com\/pt-pt\/produto\/moldura-tufting\/#breadcrumb\"},\"inLanguage\":\"pt-PT\",\"potentialAction\":[{\"@type\":\"ReadAction\",\"target\":[\"https:\/\/ohmytuft.com\/pt-pt\/produto\/moldura-tufting\/\"]}]},{\"@type\":\"ImageObject\",\"inLanguage\":\"pt-PT\",\"@id\":\"https:\/\/ohmytuft.com\/pt-pt\/produto\/moldura-tufting\/#primaryimage\",\"url\":\"https:\/\/ohmytuft.com\/wp-content\/uploads\/2023\/07\/tufting-frame.avif\",\"contentUrl\":\"https:\/\/ohmytuft.com\/wp-content\/uploads\/2023\/07\/tufting-frame.avif\",\"width\":621,\"height\":640,\"caption\":\"tufting frame\"},{\"@type\":\"BreadcrumbList\",\"@id\":\"https:\/\/ohmytuft.com\/pt-pt\/produto\/moldura-tufting\/#breadcrumb\",\"itemListElement\":[{\"@type\":\"ListItem\",\"position\":1,\"name\":\"Home\",\"item\":\"https:\/\/ohmytuft.com\/pt-pt\/\"},{\"@type\":\"ListItem\",\"position\":2,\"name\":\"Loja\",\"item\":\"https:\/\/ohmytuft.com\/pt-pt\/shop-2\/\"},{\"@type\":\"ListItem\",\"position\":3,\"name\":\"Moldura para tufting\"}]},{\"@type\":\"WebSite\",\"@id\":\"https:\/\/ohmytuft.com\/pt-pt\/#website\",\"url\":\"https:\/\/ohmytuft.com\/pt-pt\/\",\"name\":\"Oh my tuft\",\"description\":\"Oh my tuft\",\"publisher\":{\"@id\":\"https:\/\/ohmytuft.com\/pt-pt\/#organization\"},\"potentialAction\":[{\"@type\":\"SearchAction\",\"target\":{\"@type\":\"EntryPoint\",\"urlTemplate\":\"https:\/\/ohmytuft.com\/pt-pt\/?s={search_term_string}\"},\"query-input\":{\"@type\":\"PropertyValueSpecification\",\"valueRequired\":true,\"valueName\":\"search_term_string\"}}],\"inLanguage\":\"pt-PT\"},{\"@type\":\"Organization\",\"@id\":\"https:\/\/ohmytuft.com\/pt-pt\/#organization\",\"name\":\"Oh my tuft\",\"url\":\"https:\/\/ohmytuft.com\/pt-pt\/\",\"logo\":{\"@type\":\"ImageObject\",\"inLanguage\":\"pt-PT\",\"@id\":\"https:\/\/ohmytuft.com\/pt-pt\/#\/schema\/logo\/image\/\",\"url\":\"https:\/\/ohmytuft.com\/wp-content\/uploads\/2021\/02\/WEB-20.png\",\"contentUrl\":\"https:\/\/ohmytuft.com\/wp-content\/uploads\/2021\/02\/WEB-20.png\",\"width\":2085,\"height\":764,\"caption\":\"Oh my tuft\"},\"image\":{\"@id\":\"https:\/\/ohmytuft.com\/pt-pt\/#\/schema\/logo\/image\/\"},\"sameAs\":[\"https:\/\/www.instagram.com\/tuftinggunsupplies\/\",\"https:\/\/www.tiktok.com\/@tuftinggun\"]}]}<\/script>\n<!-- \/ Yoast SEO plugin. -->","yoast_head_json":{"title":"Moldura para tufting - Ohmytuft.com","robots":{"index":"index","follow":"follow","max-snippet":"max-snippet:-1","max-image-preview":"max-image-preview:large","max-video-preview":"max-video-preview:-1"},"canonical":"https:\/\/ohmytuft.com\/pt-pt\/produto\/moldura-tufting\/","og_locale":"pt_PT","og_type":"article","og_title":"Moldura para tufting - Ohmytuft.com","og_description":"Uma moldura de tufos perfeita para come\u00e7ar, esta \u00e9 uma pe\u00e7a feita de madeira que durar\u00e1 em perfeitas condi\u00e7\u00f5es durante muito tempo.","og_url":"https:\/\/ohmytuft.com\/pt-pt\/produto\/moldura-tufting\/","og_site_name":"Ohmytuft.com","article_modified_time":"2024-12-20T12:38:18+00:00","og_image":[{"width":896,"height":958,"url":"https:\/\/ohmytuft.com\/wp-content\/uploads\/2023\/07\/bastidor-tufting.jpeg","type":"image\/jpeg"}],"twitter_card":"summary_large_image","schema":{"@context":"https:\/\/schema.org","@graph":[{"@type":"WebPage","@id":"https:\/\/ohmytuft.com\/pt-pt\/produto\/moldura-tufting\/","url":"https:\/\/ohmytuft.com\/pt-pt\/produto\/moldura-tufting\/","name":"Moldura para tufting - Ohmytuft.com","isPartOf":{"@id":"https:\/\/ohmytuft.com\/pt-pt\/#website"},"primaryImageOfPage":{"@id":"https:\/\/ohmytuft.com\/pt-pt\/produto\/moldura-tufting\/#primaryimage"},"image":{"@id":"https:\/\/ohmytuft.com\/pt-pt\/produto\/moldura-tufting\/#primaryimage"},"thumbnailUrl":"https:\/\/ohmytuft.com\/wp-content\/uploads\/2023\/07\/tufting-frame.avif","datePublished":"2023-07-10T09:59:16+00:00","dateModified":"2024-12-20T12:38:18+00:00","breadcrumb":{"@id":"https:\/\/ohmytuft.com\/pt-pt\/produto\/moldura-tufting\/#breadcrumb"},"inLanguage":"pt-PT","potentialAction":[{"@type":"ReadAction","target":["https:\/\/ohmytuft.com\/pt-pt\/produto\/moldura-tufting\/"]}]},{"@type":"ImageObject","inLanguage":"pt-PT","@id":"https:\/\/ohmytuft.com\/pt-pt\/produto\/moldura-tufting\/#primaryimage","url":"https:\/\/ohmytuft.com\/wp-content\/uploads\/2023\/07\/tufting-frame.avif","contentUrl":"https:\/\/ohmytuft.com\/wp-content\/uploads\/2023\/07\/tufting-frame.avif","width":621,"height":640,"caption":"tufting frame"},{"@type":"BreadcrumbList","@id":"https:\/\/ohmytuft.com\/pt-pt\/produto\/moldura-tufting\/#breadcrumb","itemListElement":[{"@type":"ListItem","position":1,"name":"Home","item":"https:\/\/ohmytuft.com\/pt-pt\/"},{"@type":"ListItem","position":2,"name":"Loja","item":"https:\/\/ohmytuft.com\/pt-pt\/shop-2\/"},{"@type":"ListItem","position":3,"name":"Moldura para tufting"}]},{"@type":"WebSite","@id":"https:\/\/ohmytuft.com\/pt-pt\/#website","url":"https:\/\/ohmytuft.com\/pt-pt\/","name":"Oh my tuft","description":"Oh my tuft","publisher":{"@id":"https:\/\/ohmytuft.com\/pt-pt\/#organization"},"potentialAction":[{"@type":"SearchAction","target":{"@type":"EntryPoint","urlTemplate":"https:\/\/ohmytuft.com\/pt-pt\/?s={search_term_string}"},"query-input":{"@type":"PropertyValueSpecification","valueRequired":true,"valueName":"search_term_string"}}],"inLanguage":"pt-PT"},{"@type":"Organization","@id":"https:\/\/ohmytuft.com\/pt-pt\/#organization","name":"Oh my tuft","url":"https:\/\/ohmytuft.com\/pt-pt\/","logo":{"@type":"ImageObject","inLanguage":"pt-PT","@id":"https:\/\/ohmytuft.com\/pt-pt\/#\/schema\/logo\/image\/","url":"https:\/\/ohmytuft.com\/wp-content\/uploads\/2021\/02\/WEB-20.png","contentUrl":"https:\/\/ohmytuft.com\/wp-content\/uploads\/2021\/02\/WEB-20.png","width":2085,"height":764,"caption":"Oh my tuft"},"image":{"@id":"https:\/\/ohmytuft.com\/pt-pt\/#\/schema\/logo\/image\/"},"sameAs":["https:\/\/www.instagram.com\/tuftinggunsupplies\/","https:\/\/www.tiktok.com\/@tuftinggun"]}]}},"_links":{"self":[{"href":"https:\/\/ohmytuft.com\/pt-pt\/wp-json\/wp\/v2\/product\/4022","targetHints":{"allow":["GET"]}}],"collection":[{"href":"https:\/\/ohmytuft.com\/pt-pt\/wp-json\/wp\/v2\/product"}],"about":[{"href":"https:\/\/ohmytuft.com\/pt-pt\/wp-json\/wp\/v2\/types\/product"}],"replies":[{"embeddable":true,"href":"https:\/\/ohmytuft.com\/pt-pt\/wp-json\/wp\/v2\/comments?post=4022"}],"wp:featuredmedia":[{"embeddable":true,"href":"https:\/\/ohmytuft.com\/pt-pt\/wp-json\/wp\/v2\/media\/8870"}],"wp:attachment":[{"href":"https:\/\/ohmytuft.com\/pt-pt\/wp-json\/wp\/v2\/media?parent=4022"}],"wp:term":[{"taxonomy":"product_brand","embeddable":true,"href":"https:\/\/ohmytuft.com\/pt-pt\/wp-json\/wp\/v2\/product_brand?post=4022"},{"taxonomy":"product_cat","embeddable":true,"href":"https:\/\/ohmytuft.com\/pt-pt\/wp-json\/wp\/v2\/product_cat?post=4022"},{"taxonomy":"product_tag","embeddable":true,"href":"https:\/\/ohmytuft.com\/pt-pt\/wp-json\/wp\/v2\/product_tag?post=4022"}],"curies":[{"name":"wp","href":"https:\/\/api.w.org\/{rel}","templated":true}]}}