{"id":4835,"date":"2023-10-19T17:16:13","date_gmt":"2023-10-19T17:16:13","guid":{"rendered":"https:\/\/ohmytuft.com\/?post_type=product&#038;p=4835"},"modified":"2024-03-13T17:42:09","modified_gmt":"2024-03-13T17:42:09","slug":"tufting-pro-pack-2-in-1-pt","status":"publish","type":"product","link":"https:\/\/ohmytuft.com\/pt-pt\/produto\/tufting-pro-pack-2-in-1-pt\/","title":{"rendered":"Tufting Pro Pack &#8211; 2 in 1"},"content":{"rendered":"<p>Tudo o que precisa para come\u00e7ar o seu novo hobby. Atreva-se a experimentar o tufting com os nossos packs de desconto. Veja a nossa <strong>pistola de tufos<\/strong> 2 em 1 e divirta-se.<\/p>\n<p>Envios baratos para toda a Europa. Se tiver alguma d\u00favida, pergunte!<\/p>\n","protected":false},"excerpt":{"rendered":"<p>\u00d3ptima escolha para os futuros viciados em tufos. Se quiser tornar-se profissional, esta \u00e9 a melhor op\u00e7\u00e3o.<\/p>\n<p>O pacote inclui:<\/p>\n<ul>\n<li>Pistola de tufagem manual 2 in 1 &#8211; Cut &amp; loop<\/li>\n<li>Tecido de suporte &#8211; 200&#215;200<\/li>\n<li>Tecido prim\u00e1rio &#8211; 200&#215;200<\/li>\n<li>M\u00e1quina de entalhar e guider<\/li>\n<\/ul>\n","protected":false},"featured_media":5189,"comment_status":"open","ping_status":"closed","template":"","meta":{"_joinchat":[]},"product_brand":[],"product_cat":[90],"product_tag":[],"class_list":{"0":"post-4835","1":"product","2":"type-product","3":"status-publish","4":"has-post-thumbnail","6":"product_cat-tufting-kits","8":"first","9":"outofstock","10":"sale","11":"taxable","12":"shipping-taxable","13":"purchasable","14":"product-type-simple"},"yoast_head":"<!-- This site is optimized with the Yoast SEO plugin v27.2 - https:\/\/yoast.com\/product\/yoast-seo-wordpress\/ -->\n<title>Tufting Pro Pack - 2 in 1 - Ohmytuft.com<\/title>\n<meta name=\"robots\" content=\"index, follow, max-snippet:-1, max-image-preview:large, max-video-preview:-1\" \/>\n<link rel=\"canonical\" href=\"https:\/\/ohmytuft.com\/pt-pt\/produto\/tufting-pro-pack-2-in-1-pt\/\" \/>\n<meta property=\"og:locale\" content=\"pt_PT\" \/>\n<meta property=\"og:type\" content=\"article\" \/>\n<meta property=\"og:title\" content=\"Tufting Pro Pack - 2 in 1 - Ohmytuft.com\" \/>\n<meta property=\"og:description\" content=\"\u00d3ptima escolha para os futuros viciados em tufos. Se quiser tornar-se profissional, esta \u00e9 a melhor op\u00e7\u00e3o.  O pacote inclui:   Pistola de tufagem manual 2 in 1 - Cut &amp; loop  Tecido de suporte - 200x200  Tecido prim\u00e1rio - 200x200  M\u00e1quina de entalhar e guider\" \/>\n<meta property=\"og:url\" content=\"https:\/\/ohmytuft.com\/pt-pt\/produto\/tufting-pro-pack-2-in-1-pt\/\" \/>\n<meta property=\"og:site_name\" content=\"Ohmytuft.com\" \/>\n<meta property=\"article:modified_time\" content=\"2024-03-13T17:42:09+00:00\" \/>\n<meta property=\"og:image\" content=\"https:\/\/ohmytuft.com\/wp-content\/uploads\/2023\/11\/Tufting-packs-02.jpg\" \/>\n\t<meta property=\"og:image:width\" content=\"900\" \/>\n\t<meta property=\"og:image:height\" content=\"900\" \/>\n\t<meta property=\"og:image:type\" content=\"image\/jpeg\" \/>\n<meta name=\"twitter:card\" content=\"summary_large_image\" \/>\n<script type=\"application\/ld+json\" class=\"yoast-schema-graph\">{\"@context\":\"https:\/\/schema.org\",\"@graph\":[{\"@type\":\"WebPage\",\"@id\":\"https:\/\/ohmytuft.com\/pt-pt\/produto\/tufting-pro-pack-2-in-1-pt\/\",\"url\":\"https:\/\/ohmytuft.com\/pt-pt\/produto\/tufting-pro-pack-2-in-1-pt\/\",\"name\":\"Tufting Pro Pack - 2 in 1 - Ohmytuft.com\",\"isPartOf\":{\"@id\":\"https:\/\/ohmytuft.com\/pt-pt\/#website\"},\"primaryImageOfPage\":{\"@id\":\"https:\/\/ohmytuft.com\/pt-pt\/produto\/tufting-pro-pack-2-in-1-pt\/#primaryimage\"},\"image\":{\"@id\":\"https:\/\/ohmytuft.com\/pt-pt\/produto\/tufting-pro-pack-2-in-1-pt\/#primaryimage\"},\"thumbnailUrl\":\"https:\/\/ohmytuft.com\/wp-content\/uploads\/2023\/11\/Tufting-packs-02.jpg\",\"datePublished\":\"2023-10-19T17:16:13+00:00\",\"dateModified\":\"2024-03-13T17:42:09+00:00\",\"breadcrumb\":{\"@id\":\"https:\/\/ohmytuft.com\/pt-pt\/produto\/tufting-pro-pack-2-in-1-pt\/#breadcrumb\"},\"inLanguage\":\"pt-PT\",\"potentialAction\":[{\"@type\":\"ReadAction\",\"target\":[\"https:\/\/ohmytuft.com\/pt-pt\/produto\/tufting-pro-pack-2-in-1-pt\/\"]}]},{\"@type\":\"ImageObject\",\"inLanguage\":\"pt-PT\",\"@id\":\"https:\/\/ohmytuft.com\/pt-pt\/produto\/tufting-pro-pack-2-in-1-pt\/#primaryimage\",\"url\":\"https:\/\/ohmytuft.com\/wp-content\/uploads\/2023\/11\/Tufting-packs-02.jpg\",\"contentUrl\":\"https:\/\/ohmytuft.com\/wp-content\/uploads\/2023\/11\/Tufting-packs-02.jpg\",\"width\":900,\"height\":900,\"caption\":\"tufting gun kit\"},{\"@type\":\"BreadcrumbList\",\"@id\":\"https:\/\/ohmytuft.com\/pt-pt\/produto\/tufting-pro-pack-2-in-1-pt\/#breadcrumb\",\"itemListElement\":[{\"@type\":\"ListItem\",\"position\":1,\"name\":\"Home\",\"item\":\"https:\/\/ohmytuft.com\/pt-pt\/\"},{\"@type\":\"ListItem\",\"position\":2,\"name\":\"Loja\",\"item\":\"https:\/\/ohmytuft.com\/pt-pt\/shop-2\/\"},{\"@type\":\"ListItem\",\"position\":3,\"name\":\"Tufting Pro Pack &#8211; 2 in 1\"}]},{\"@type\":\"WebSite\",\"@id\":\"https:\/\/ohmytuft.com\/pt-pt\/#website\",\"url\":\"https:\/\/ohmytuft.com\/pt-pt\/\",\"name\":\"Oh my tuft\",\"description\":\"Oh my tuft\",\"publisher\":{\"@id\":\"https:\/\/ohmytuft.com\/pt-pt\/#organization\"},\"potentialAction\":[{\"@type\":\"SearchAction\",\"target\":{\"@type\":\"EntryPoint\",\"urlTemplate\":\"https:\/\/ohmytuft.com\/pt-pt\/?s={search_term_string}\"},\"query-input\":{\"@type\":\"PropertyValueSpecification\",\"valueRequired\":true,\"valueName\":\"search_term_string\"}}],\"inLanguage\":\"pt-PT\"},{\"@type\":\"Organization\",\"@id\":\"https:\/\/ohmytuft.com\/pt-pt\/#organization\",\"name\":\"Oh my tuft\",\"url\":\"https:\/\/ohmytuft.com\/pt-pt\/\",\"logo\":{\"@type\":\"ImageObject\",\"inLanguage\":\"pt-PT\",\"@id\":\"https:\/\/ohmytuft.com\/pt-pt\/#\/schema\/logo\/image\/\",\"url\":\"https:\/\/ohmytuft.com\/wp-content\/uploads\/2021\/02\/WEB-20.png\",\"contentUrl\":\"https:\/\/ohmytuft.com\/wp-content\/uploads\/2021\/02\/WEB-20.png\",\"width\":2085,\"height\":764,\"caption\":\"Oh my tuft\"},\"image\":{\"@id\":\"https:\/\/ohmytuft.com\/pt-pt\/#\/schema\/logo\/image\/\"},\"sameAs\":[\"https:\/\/www.instagram.com\/tuftinggunsupplies\/\",\"https:\/\/www.tiktok.com\/@tuftinggun\"]}]}<\/script>\n<!-- \/ Yoast SEO plugin. -->","yoast_head_json":{"title":"Tufting Pro Pack - 2 in 1 - Ohmytuft.com","robots":{"index":"index","follow":"follow","max-snippet":"max-snippet:-1","max-image-preview":"max-image-preview:large","max-video-preview":"max-video-preview:-1"},"canonical":"https:\/\/ohmytuft.com\/pt-pt\/produto\/tufting-pro-pack-2-in-1-pt\/","og_locale":"pt_PT","og_type":"article","og_title":"Tufting Pro Pack - 2 in 1 - Ohmytuft.com","og_description":"\u00d3ptima escolha para os futuros viciados em tufos. Se quiser tornar-se profissional, esta \u00e9 a melhor op\u00e7\u00e3o.  O pacote inclui:   Pistola de tufagem manual 2 in 1 - Cut &amp; loop  Tecido de suporte - 200x200  Tecido prim\u00e1rio - 200x200  M\u00e1quina de entalhar e guider","og_url":"https:\/\/ohmytuft.com\/pt-pt\/produto\/tufting-pro-pack-2-in-1-pt\/","og_site_name":"Ohmytuft.com","article_modified_time":"2024-03-13T17:42:09+00:00","og_image":[{"width":900,"height":900,"url":"https:\/\/ohmytuft.com\/wp-content\/uploads\/2023\/11\/Tufting-packs-02.jpg","type":"image\/jpeg"}],"twitter_card":"summary_large_image","schema":{"@context":"https:\/\/schema.org","@graph":[{"@type":"WebPage","@id":"https:\/\/ohmytuft.com\/pt-pt\/produto\/tufting-pro-pack-2-in-1-pt\/","url":"https:\/\/ohmytuft.com\/pt-pt\/produto\/tufting-pro-pack-2-in-1-pt\/","name":"Tufting Pro Pack - 2 in 1 - Ohmytuft.com","isPartOf":{"@id":"https:\/\/ohmytuft.com\/pt-pt\/#website"},"primaryImageOfPage":{"@id":"https:\/\/ohmytuft.com\/pt-pt\/produto\/tufting-pro-pack-2-in-1-pt\/#primaryimage"},"image":{"@id":"https:\/\/ohmytuft.com\/pt-pt\/produto\/tufting-pro-pack-2-in-1-pt\/#primaryimage"},"thumbnailUrl":"https:\/\/ohmytuft.com\/wp-content\/uploads\/2023\/11\/Tufting-packs-02.jpg","datePublished":"2023-10-19T17:16:13+00:00","dateModified":"2024-03-13T17:42:09+00:00","breadcrumb":{"@id":"https:\/\/ohmytuft.com\/pt-pt\/produto\/tufting-pro-pack-2-in-1-pt\/#breadcrumb"},"inLanguage":"pt-PT","potentialAction":[{"@type":"ReadAction","target":["https:\/\/ohmytuft.com\/pt-pt\/produto\/tufting-pro-pack-2-in-1-pt\/"]}]},{"@type":"ImageObject","inLanguage":"pt-PT","@id":"https:\/\/ohmytuft.com\/pt-pt\/produto\/tufting-pro-pack-2-in-1-pt\/#primaryimage","url":"https:\/\/ohmytuft.com\/wp-content\/uploads\/2023\/11\/Tufting-packs-02.jpg","contentUrl":"https:\/\/ohmytuft.com\/wp-content\/uploads\/2023\/11\/Tufting-packs-02.jpg","width":900,"height":900,"caption":"tufting gun kit"},{"@type":"BreadcrumbList","@id":"https:\/\/ohmytuft.com\/pt-pt\/produto\/tufting-pro-pack-2-in-1-pt\/#breadcrumb","itemListElement":[{"@type":"ListItem","position":1,"name":"Home","item":"https:\/\/ohmytuft.com\/pt-pt\/"},{"@type":"ListItem","position":2,"name":"Loja","item":"https:\/\/ohmytuft.com\/pt-pt\/shop-2\/"},{"@type":"ListItem","position":3,"name":"Tufting Pro Pack &#8211; 2 in 1"}]},{"@type":"WebSite","@id":"https:\/\/ohmytuft.com\/pt-pt\/#website","url":"https:\/\/ohmytuft.com\/pt-pt\/","name":"Oh my tuft","description":"Oh my tuft","publisher":{"@id":"https:\/\/ohmytuft.com\/pt-pt\/#organization"},"potentialAction":[{"@type":"SearchAction","target":{"@type":"EntryPoint","urlTemplate":"https:\/\/ohmytuft.com\/pt-pt\/?s={search_term_string}"},"query-input":{"@type":"PropertyValueSpecification","valueRequired":true,"valueName":"search_term_string"}}],"inLanguage":"pt-PT"},{"@type":"Organization","@id":"https:\/\/ohmytuft.com\/pt-pt\/#organization","name":"Oh my tuft","url":"https:\/\/ohmytuft.com\/pt-pt\/","logo":{"@type":"ImageObject","inLanguage":"pt-PT","@id":"https:\/\/ohmytuft.com\/pt-pt\/#\/schema\/logo\/image\/","url":"https:\/\/ohmytuft.com\/wp-content\/uploads\/2021\/02\/WEB-20.png","contentUrl":"https:\/\/ohmytuft.com\/wp-content\/uploads\/2021\/02\/WEB-20.png","width":2085,"height":764,"caption":"Oh my tuft"},"image":{"@id":"https:\/\/ohmytuft.com\/pt-pt\/#\/schema\/logo\/image\/"},"sameAs":["https:\/\/www.instagram.com\/tuftinggunsupplies\/","https:\/\/www.tiktok.com\/@tuftinggun"]}]}},"_links":{"self":[{"href":"https:\/\/ohmytuft.com\/pt-pt\/wp-json\/wp\/v2\/product\/4835","targetHints":{"allow":["GET"]}}],"collection":[{"href":"https:\/\/ohmytuft.com\/pt-pt\/wp-json\/wp\/v2\/product"}],"about":[{"href":"https:\/\/ohmytuft.com\/pt-pt\/wp-json\/wp\/v2\/types\/product"}],"replies":[{"embeddable":true,"href":"https:\/\/ohmytuft.com\/pt-pt\/wp-json\/wp\/v2\/comments?post=4835"}],"wp:featuredmedia":[{"embeddable":true,"href":"https:\/\/ohmytuft.com\/pt-pt\/wp-json\/wp\/v2\/media\/5189"}],"wp:attachment":[{"href":"https:\/\/ohmytuft.com\/pt-pt\/wp-json\/wp\/v2\/media?parent=4835"}],"wp:term":[{"taxonomy":"product_brand","embeddable":true,"href":"https:\/\/ohmytuft.com\/pt-pt\/wp-json\/wp\/v2\/product_brand?post=4835"},{"taxonomy":"product_cat","embeddable":true,"href":"https:\/\/ohmytuft.com\/pt-pt\/wp-json\/wp\/v2\/product_cat?post=4835"},{"taxonomy":"product_tag","embeddable":true,"href":"https:\/\/ohmytuft.com\/pt-pt\/wp-json\/wp\/v2\/product_tag?post=4835"}],"curies":[{"name":"wp","href":"https:\/\/api.w.org\/{rel}","templated":true}]}}