{"id":7905,"date":"2024-05-16T21:08:35","date_gmt":"2024-05-16T21:08:35","guid":{"rendered":"https:\/\/ohmytuft.com\/?post_type=product&#038;p=7905"},"modified":"2024-05-23T16:40:39","modified_gmt":"2024-05-23T16:40:39","slug":"cone-de-fio-acrilico-para-tapetes-250g-granada-copia-copia-copia-copia-copia-copia-copy","status":"publish","type":"product","link":"https:\/\/ohmytuft.com\/pt-pt\/produto\/cone-de-fio-acrilico-para-tapetes-250g-granada-copia-copia-copia-copia-copia-copia-copy\/","title":{"rendered":"Pacote de cones de fios acr\u00edlicos para tapetes &#8211; 10 unidades"},"content":{"rendered":"<p>Precisas de um pacote de fios de qualidade? Ent\u00e3o esta \u00e9 a tua melhor escolha. Compra os teus <a href=\"https:\/\/ohmytuft.com\/\"><br \/>\n  <strong>materiais de tufos<\/strong><br \/>\n<\/a> faz um desconto \ud83d\ude09<\/p>\n<p>Se tiveres alguma d\u00favida, contacta-nos.<\/p>\n","protected":false},"excerpt":{"rendered":"<p>Fio 100% acr\u00edlico Dralon de excelente qualidade. \u00c9 <strong>perfeito para tufting<\/strong>.<\/p>\n<ul>\n<li>250gr por cone (505m)<\/li>\n<li>Espessura: 3,5-4,5<\/li>\n<li>Fabricado na Europa<\/li>\n<li>Embalagem com 10 unidades<\/li>\n<\/ul>\n","protected":false},"featured_media":7926,"comment_status":"open","ping_status":"closed","template":"","meta":{"_joinchat":[]},"product_brand":[],"product_cat":[162,90],"product_tag":[],"class_list":{"0":"post-7905","1":"product","2":"type-product","3":"status-publish","4":"has-post-thumbnail","6":"product_cat-fio","7":"product_cat-tufting-kits","9":"first","10":"instock","11":"sale","12":"taxable","13":"shipping-taxable","14":"purchasable","15":"product-type-variable"},"yoast_head":"<!-- This site is optimized with the Yoast SEO plugin v27.2 - https:\/\/yoast.com\/product\/yoast-seo-wordpress\/ -->\n<title>Pacote de cones de fios acr\u00edlicos para tapetes - 10 unidades - Ohmytuft.com<\/title>\n<meta name=\"robots\" content=\"index, follow, max-snippet:-1, max-image-preview:large, max-video-preview:-1\" \/>\n<link rel=\"canonical\" href=\"https:\/\/ohmytuft.com\/pt-pt\/produto\/cone-de-fio-acrilico-para-tapetes-250g-granada-copia-copia-copia-copia-copia-copia-copy\/\" \/>\n<meta property=\"og:locale\" content=\"pt_PT\" \/>\n<meta property=\"og:type\" content=\"article\" \/>\n<meta property=\"og:title\" content=\"Pacote de cones de fios acr\u00edlicos para tapetes - 10 unidades - Ohmytuft.com\" \/>\n<meta property=\"og:description\" content=\"Fio 100% acr\u00edlico Dralon de excelente qualidade. \u00c9 perfeito para tufting.  250gr por cone (505m)  Espessura: 3,5-4,5  Fabricado na Europa  Embalagem com 10 unidades\" \/>\n<meta property=\"og:url\" content=\"https:\/\/ohmytuft.com\/pt-pt\/produto\/cone-de-fio-acrilico-para-tapetes-250g-granada-copia-copia-copia-copia-copia-copia-copy\/\" \/>\n<meta property=\"og:site_name\" content=\"Ohmytuft.com\" \/>\n<meta property=\"article:modified_time\" content=\"2024-05-23T16:40:39+00:00\" \/>\n<meta property=\"og:image\" content=\"https:\/\/ohmytuft.com\/wp-content\/uploads\/2024\/05\/Packs-Tufting_Mesa-de-trabajo-1.jpg\" \/>\n\t<meta property=\"og:image:width\" content=\"1000\" \/>\n\t<meta property=\"og:image:height\" content=\"1000\" \/>\n\t<meta property=\"og:image:type\" content=\"image\/jpeg\" \/>\n<meta name=\"twitter:card\" content=\"summary_large_image\" \/>\n<script type=\"application\/ld+json\" class=\"yoast-schema-graph\">{\"@context\":\"https:\/\/schema.org\",\"@graph\":[{\"@type\":\"WebPage\",\"@id\":\"https:\/\/ohmytuft.com\/pt-pt\/produto\/cone-de-fio-acrilico-para-tapetes-250g-granada-copia-copia-copia-copia-copia-copia-copy\/\",\"url\":\"https:\/\/ohmytuft.com\/pt-pt\/produto\/cone-de-fio-acrilico-para-tapetes-250g-granada-copia-copia-copia-copia-copia-copia-copy\/\",\"name\":\"Pacote de cones de fios acr\u00edlicos para tapetes - 10 unidades - Ohmytuft.com\",\"isPartOf\":{\"@id\":\"https:\/\/ohmytuft.com\/pt-pt\/#website\"},\"primaryImageOfPage\":{\"@id\":\"https:\/\/ohmytuft.com\/pt-pt\/produto\/cone-de-fio-acrilico-para-tapetes-250g-granada-copia-copia-copia-copia-copia-copia-copy\/#primaryimage\"},\"image\":{\"@id\":\"https:\/\/ohmytuft.com\/pt-pt\/produto\/cone-de-fio-acrilico-para-tapetes-250g-granada-copia-copia-copia-copia-copia-copia-copy\/#primaryimage\"},\"thumbnailUrl\":\"https:\/\/ohmytuft.com\/wp-content\/uploads\/2024\/05\/Packs-Tufting_Mesa-de-trabajo-1.jpg\",\"datePublished\":\"2024-05-16T21:08:35+00:00\",\"dateModified\":\"2024-05-23T16:40:39+00:00\",\"breadcrumb\":{\"@id\":\"https:\/\/ohmytuft.com\/pt-pt\/produto\/cone-de-fio-acrilico-para-tapetes-250g-granada-copia-copia-copia-copia-copia-copia-copy\/#breadcrumb\"},\"inLanguage\":\"pt-PT\",\"potentialAction\":[{\"@type\":\"ReadAction\",\"target\":[\"https:\/\/ohmytuft.com\/pt-pt\/produto\/cone-de-fio-acrilico-para-tapetes-250g-granada-copia-copia-copia-copia-copia-copia-copy\/\"]}]},{\"@type\":\"ImageObject\",\"inLanguage\":\"pt-PT\",\"@id\":\"https:\/\/ohmytuft.com\/pt-pt\/produto\/cone-de-fio-acrilico-para-tapetes-250g-granada-copia-copia-copia-copia-copia-copia-copy\/#primaryimage\",\"url\":\"https:\/\/ohmytuft.com\/wp-content\/uploads\/2024\/05\/Packs-Tufting_Mesa-de-trabajo-1.jpg\",\"contentUrl\":\"https:\/\/ohmytuft.com\/wp-content\/uploads\/2024\/05\/Packs-Tufting_Mesa-de-trabajo-1.jpg\",\"width\":1000,\"height\":1000,\"caption\":\"tufting yarn pack\"},{\"@type\":\"BreadcrumbList\",\"@id\":\"https:\/\/ohmytuft.com\/pt-pt\/produto\/cone-de-fio-acrilico-para-tapetes-250g-granada-copia-copia-copia-copia-copia-copia-copy\/#breadcrumb\",\"itemListElement\":[{\"@type\":\"ListItem\",\"position\":1,\"name\":\"Home\",\"item\":\"https:\/\/ohmytuft.com\/pt-pt\/\"},{\"@type\":\"ListItem\",\"position\":2,\"name\":\"Loja\",\"item\":\"https:\/\/ohmytuft.com\/pt-pt\/shop-2\/\"},{\"@type\":\"ListItem\",\"position\":3,\"name\":\"Pacote de cones de fios acr\u00edlicos para tapetes &#8211; 10 unidades\"}]},{\"@type\":\"WebSite\",\"@id\":\"https:\/\/ohmytuft.com\/pt-pt\/#website\",\"url\":\"https:\/\/ohmytuft.com\/pt-pt\/\",\"name\":\"Oh my tuft\",\"description\":\"Oh my tuft\",\"publisher\":{\"@id\":\"https:\/\/ohmytuft.com\/pt-pt\/#organization\"},\"potentialAction\":[{\"@type\":\"SearchAction\",\"target\":{\"@type\":\"EntryPoint\",\"urlTemplate\":\"https:\/\/ohmytuft.com\/pt-pt\/?s={search_term_string}\"},\"query-input\":{\"@type\":\"PropertyValueSpecification\",\"valueRequired\":true,\"valueName\":\"search_term_string\"}}],\"inLanguage\":\"pt-PT\"},{\"@type\":\"Organization\",\"@id\":\"https:\/\/ohmytuft.com\/pt-pt\/#organization\",\"name\":\"Oh my tuft\",\"url\":\"https:\/\/ohmytuft.com\/pt-pt\/\",\"logo\":{\"@type\":\"ImageObject\",\"inLanguage\":\"pt-PT\",\"@id\":\"https:\/\/ohmytuft.com\/pt-pt\/#\/schema\/logo\/image\/\",\"url\":\"https:\/\/ohmytuft.com\/wp-content\/uploads\/2021\/02\/WEB-20.png\",\"contentUrl\":\"https:\/\/ohmytuft.com\/wp-content\/uploads\/2021\/02\/WEB-20.png\",\"width\":2085,\"height\":764,\"caption\":\"Oh my tuft\"},\"image\":{\"@id\":\"https:\/\/ohmytuft.com\/pt-pt\/#\/schema\/logo\/image\/\"},\"sameAs\":[\"https:\/\/www.instagram.com\/tuftinggunsupplies\/\",\"https:\/\/www.tiktok.com\/@tuftinggun\"]}]}<\/script>\n<!-- \/ Yoast SEO plugin. -->","yoast_head_json":{"title":"Pacote de cones de fios acr\u00edlicos para tapetes - 10 unidades - Ohmytuft.com","robots":{"index":"index","follow":"follow","max-snippet":"max-snippet:-1","max-image-preview":"max-image-preview:large","max-video-preview":"max-video-preview:-1"},"canonical":"https:\/\/ohmytuft.com\/pt-pt\/produto\/cone-de-fio-acrilico-para-tapetes-250g-granada-copia-copia-copia-copia-copia-copia-copy\/","og_locale":"pt_PT","og_type":"article","og_title":"Pacote de cones de fios acr\u00edlicos para tapetes - 10 unidades - Ohmytuft.com","og_description":"Fio 100% acr\u00edlico Dralon de excelente qualidade. \u00c9 perfeito para tufting.  250gr por cone (505m)  Espessura: 3,5-4,5  Fabricado na Europa  Embalagem com 10 unidades","og_url":"https:\/\/ohmytuft.com\/pt-pt\/produto\/cone-de-fio-acrilico-para-tapetes-250g-granada-copia-copia-copia-copia-copia-copia-copy\/","og_site_name":"Ohmytuft.com","article_modified_time":"2024-05-23T16:40:39+00:00","og_image":[{"width":1000,"height":1000,"url":"https:\/\/ohmytuft.com\/wp-content\/uploads\/2024\/05\/Packs-Tufting_Mesa-de-trabajo-1.jpg","type":"image\/jpeg"}],"twitter_card":"summary_large_image","schema":{"@context":"https:\/\/schema.org","@graph":[{"@type":"WebPage","@id":"https:\/\/ohmytuft.com\/pt-pt\/produto\/cone-de-fio-acrilico-para-tapetes-250g-granada-copia-copia-copia-copia-copia-copia-copy\/","url":"https:\/\/ohmytuft.com\/pt-pt\/produto\/cone-de-fio-acrilico-para-tapetes-250g-granada-copia-copia-copia-copia-copia-copia-copy\/","name":"Pacote de cones de fios acr\u00edlicos para tapetes - 10 unidades - Ohmytuft.com","isPartOf":{"@id":"https:\/\/ohmytuft.com\/pt-pt\/#website"},"primaryImageOfPage":{"@id":"https:\/\/ohmytuft.com\/pt-pt\/produto\/cone-de-fio-acrilico-para-tapetes-250g-granada-copia-copia-copia-copia-copia-copia-copy\/#primaryimage"},"image":{"@id":"https:\/\/ohmytuft.com\/pt-pt\/produto\/cone-de-fio-acrilico-para-tapetes-250g-granada-copia-copia-copia-copia-copia-copia-copy\/#primaryimage"},"thumbnailUrl":"https:\/\/ohmytuft.com\/wp-content\/uploads\/2024\/05\/Packs-Tufting_Mesa-de-trabajo-1.jpg","datePublished":"2024-05-16T21:08:35+00:00","dateModified":"2024-05-23T16:40:39+00:00","breadcrumb":{"@id":"https:\/\/ohmytuft.com\/pt-pt\/produto\/cone-de-fio-acrilico-para-tapetes-250g-granada-copia-copia-copia-copia-copia-copia-copy\/#breadcrumb"},"inLanguage":"pt-PT","potentialAction":[{"@type":"ReadAction","target":["https:\/\/ohmytuft.com\/pt-pt\/produto\/cone-de-fio-acrilico-para-tapetes-250g-granada-copia-copia-copia-copia-copia-copia-copy\/"]}]},{"@type":"ImageObject","inLanguage":"pt-PT","@id":"https:\/\/ohmytuft.com\/pt-pt\/produto\/cone-de-fio-acrilico-para-tapetes-250g-granada-copia-copia-copia-copia-copia-copia-copy\/#primaryimage","url":"https:\/\/ohmytuft.com\/wp-content\/uploads\/2024\/05\/Packs-Tufting_Mesa-de-trabajo-1.jpg","contentUrl":"https:\/\/ohmytuft.com\/wp-content\/uploads\/2024\/05\/Packs-Tufting_Mesa-de-trabajo-1.jpg","width":1000,"height":1000,"caption":"tufting yarn pack"},{"@type":"BreadcrumbList","@id":"https:\/\/ohmytuft.com\/pt-pt\/produto\/cone-de-fio-acrilico-para-tapetes-250g-granada-copia-copia-copia-copia-copia-copia-copy\/#breadcrumb","itemListElement":[{"@type":"ListItem","position":1,"name":"Home","item":"https:\/\/ohmytuft.com\/pt-pt\/"},{"@type":"ListItem","position":2,"name":"Loja","item":"https:\/\/ohmytuft.com\/pt-pt\/shop-2\/"},{"@type":"ListItem","position":3,"name":"Pacote de cones de fios acr\u00edlicos para tapetes &#8211; 10 unidades"}]},{"@type":"WebSite","@id":"https:\/\/ohmytuft.com\/pt-pt\/#website","url":"https:\/\/ohmytuft.com\/pt-pt\/","name":"Oh my tuft","description":"Oh my tuft","publisher":{"@id":"https:\/\/ohmytuft.com\/pt-pt\/#organization"},"potentialAction":[{"@type":"SearchAction","target":{"@type":"EntryPoint","urlTemplate":"https:\/\/ohmytuft.com\/pt-pt\/?s={search_term_string}"},"query-input":{"@type":"PropertyValueSpecification","valueRequired":true,"valueName":"search_term_string"}}],"inLanguage":"pt-PT"},{"@type":"Organization","@id":"https:\/\/ohmytuft.com\/pt-pt\/#organization","name":"Oh my tuft","url":"https:\/\/ohmytuft.com\/pt-pt\/","logo":{"@type":"ImageObject","inLanguage":"pt-PT","@id":"https:\/\/ohmytuft.com\/pt-pt\/#\/schema\/logo\/image\/","url":"https:\/\/ohmytuft.com\/wp-content\/uploads\/2021\/02\/WEB-20.png","contentUrl":"https:\/\/ohmytuft.com\/wp-content\/uploads\/2021\/02\/WEB-20.png","width":2085,"height":764,"caption":"Oh my tuft"},"image":{"@id":"https:\/\/ohmytuft.com\/pt-pt\/#\/schema\/logo\/image\/"},"sameAs":["https:\/\/www.instagram.com\/tuftinggunsupplies\/","https:\/\/www.tiktok.com\/@tuftinggun"]}]}},"_links":{"self":[{"href":"https:\/\/ohmytuft.com\/pt-pt\/wp-json\/wp\/v2\/product\/7905","targetHints":{"allow":["GET"]}}],"collection":[{"href":"https:\/\/ohmytuft.com\/pt-pt\/wp-json\/wp\/v2\/product"}],"about":[{"href":"https:\/\/ohmytuft.com\/pt-pt\/wp-json\/wp\/v2\/types\/product"}],"replies":[{"embeddable":true,"href":"https:\/\/ohmytuft.com\/pt-pt\/wp-json\/wp\/v2\/comments?post=7905"}],"wp:featuredmedia":[{"embeddable":true,"href":"https:\/\/ohmytuft.com\/pt-pt\/wp-json\/wp\/v2\/media\/7926"}],"wp:attachment":[{"href":"https:\/\/ohmytuft.com\/pt-pt\/wp-json\/wp\/v2\/media?parent=7905"}],"wp:term":[{"taxonomy":"product_brand","embeddable":true,"href":"https:\/\/ohmytuft.com\/pt-pt\/wp-json\/wp\/v2\/product_brand?post=7905"},{"taxonomy":"product_cat","embeddable":true,"href":"https:\/\/ohmytuft.com\/pt-pt\/wp-json\/wp\/v2\/product_cat?post=7905"},{"taxonomy":"product_tag","embeddable":true,"href":"https:\/\/ohmytuft.com\/pt-pt\/wp-json\/wp\/v2\/product_tag?post=7905"}],"curies":[{"name":"wp","href":"https:\/\/api.w.org\/{rel}","templated":true}]}}