{"id":8632,"date":"2024-06-23T11:42:53","date_gmt":"2024-06-23T11:42:53","guid":{"rendered":"https:\/\/ohmytuft.com\/product\/tufting-ak-1-ak-2-pack\/"},"modified":"2024-06-23T12:03:15","modified_gmt":"2024-06-23T12:03:15","slug":"tufting-ak-1-ak-2-pack","status":"publish","type":"product","link":"https:\/\/ohmytuft.com\/pt-pt\/produto\/tufting-ak-1-ak-2-pack\/","title":{"rendered":"Tufting AK-1 &#038; AK-2 pack"},"content":{"rendered":"<p>Um pacote perfeito para testar os diferentes acabamentos dos teus tapetes. Se tiveres alguma d\u00favida, contacta-nos.<\/p>\n","protected":false},"excerpt":{"rendered":"<p>Com este pack poder\u00e1s testar as nossas pistolas AK-1 (corte) e AK-2 (la\u00e7o) da forma mais econ\u00f3mica. Com este pacote poupar\u00e1s dinheiro na tua compra.<\/p>\n","protected":false},"featured_media":8568,"comment_status":"closed","ping_status":"closed","template":"","meta":{"_joinchat":[]},"product_brand":[],"product_cat":[92,90],"product_tag":[],"class_list":{"0":"post-8632","1":"product","2":"type-product","3":"status-publish","4":"has-post-thumbnail","6":"product_cat-tufting-guns-pt","7":"product_cat-tufting-kits","9":"first","10":"instock","11":"sale","12":"taxable","13":"shipping-taxable","14":"purchasable","15":"product-type-simple"},"yoast_head":"<!-- This site is optimized with the Yoast SEO plugin v27.2 - https:\/\/yoast.com\/product\/yoast-seo-wordpress\/ -->\n<title>Tufting AK-1 &amp; AK-2 pack - Ohmytuft.com<\/title>\n<meta name=\"robots\" content=\"index, follow, max-snippet:-1, max-image-preview:large, max-video-preview:-1\" \/>\n<link rel=\"canonical\" href=\"https:\/\/ohmytuft.com\/pt-pt\/produto\/tufting-ak-1-ak-2-pack\/\" \/>\n<meta property=\"og:locale\" content=\"pt_PT\" \/>\n<meta property=\"og:type\" content=\"article\" \/>\n<meta property=\"og:title\" content=\"Tufting AK-1 &amp; AK-2 pack - Ohmytuft.com\" \/>\n<meta property=\"og:description\" content=\"Com este pack poder\u00e1s testar as nossas pistolas AK-1 (corte) e AK-2 (la\u00e7o) da forma mais econ\u00f3mica. Com este pacote poupar\u00e1s dinheiro na tua compra.\" \/>\n<meta property=\"og:url\" content=\"https:\/\/ohmytuft.com\/pt-pt\/produto\/tufting-ak-1-ak-2-pack\/\" \/>\n<meta property=\"og:site_name\" content=\"Ohmytuft.com\" \/>\n<meta property=\"article:modified_time\" content=\"2024-06-23T12:03:15+00:00\" \/>\n<meta property=\"og:image\" content=\"https:\/\/ohmytuft.com\/wp-content\/uploads\/2024\/06\/tufting-gun-pack.png\" \/>\n\t<meta property=\"og:image:width\" content=\"1080\" \/>\n\t<meta property=\"og:image:height\" content=\"1080\" \/>\n\t<meta property=\"og:image:type\" content=\"image\/png\" \/>\n<meta name=\"twitter:card\" content=\"summary_large_image\" \/>\n<script type=\"application\/ld+json\" class=\"yoast-schema-graph\">{\"@context\":\"https:\/\/schema.org\",\"@graph\":[{\"@type\":\"WebPage\",\"@id\":\"https:\/\/ohmytuft.com\/pt-pt\/produto\/tufting-ak-1-ak-2-pack\/\",\"url\":\"https:\/\/ohmytuft.com\/pt-pt\/produto\/tufting-ak-1-ak-2-pack\/\",\"name\":\"Tufting AK-1 & AK-2 pack - Ohmytuft.com\",\"isPartOf\":{\"@id\":\"https:\/\/ohmytuft.com\/pt-pt\/#website\"},\"primaryImageOfPage\":{\"@id\":\"https:\/\/ohmytuft.com\/pt-pt\/produto\/tufting-ak-1-ak-2-pack\/#primaryimage\"},\"image\":{\"@id\":\"https:\/\/ohmytuft.com\/pt-pt\/produto\/tufting-ak-1-ak-2-pack\/#primaryimage\"},\"thumbnailUrl\":\"https:\/\/ohmytuft.com\/wp-content\/uploads\/2024\/06\/tufting-gun-pack.png\",\"datePublished\":\"2024-06-23T11:42:53+00:00\",\"dateModified\":\"2024-06-23T12:03:15+00:00\",\"breadcrumb\":{\"@id\":\"https:\/\/ohmytuft.com\/pt-pt\/produto\/tufting-ak-1-ak-2-pack\/#breadcrumb\"},\"inLanguage\":\"pt-PT\",\"potentialAction\":[{\"@type\":\"ReadAction\",\"target\":[\"https:\/\/ohmytuft.com\/pt-pt\/produto\/tufting-ak-1-ak-2-pack\/\"]}]},{\"@type\":\"ImageObject\",\"inLanguage\":\"pt-PT\",\"@id\":\"https:\/\/ohmytuft.com\/pt-pt\/produto\/tufting-ak-1-ak-2-pack\/#primaryimage\",\"url\":\"https:\/\/ohmytuft.com\/wp-content\/uploads\/2024\/06\/tufting-gun-pack.png\",\"contentUrl\":\"https:\/\/ohmytuft.com\/wp-content\/uploads\/2024\/06\/tufting-gun-pack.png\",\"width\":1080,\"height\":1080},{\"@type\":\"BreadcrumbList\",\"@id\":\"https:\/\/ohmytuft.com\/pt-pt\/produto\/tufting-ak-1-ak-2-pack\/#breadcrumb\",\"itemListElement\":[{\"@type\":\"ListItem\",\"position\":1,\"name\":\"Home\",\"item\":\"https:\/\/ohmytuft.com\/pt-pt\/\"},{\"@type\":\"ListItem\",\"position\":2,\"name\":\"Loja\",\"item\":\"https:\/\/ohmytuft.com\/pt-pt\/shop-2\/\"},{\"@type\":\"ListItem\",\"position\":3,\"name\":\"Tufting AK-1 &#038; AK-2 pack\"}]},{\"@type\":\"WebSite\",\"@id\":\"https:\/\/ohmytuft.com\/pt-pt\/#website\",\"url\":\"https:\/\/ohmytuft.com\/pt-pt\/\",\"name\":\"Oh my tuft\",\"description\":\"Oh my tuft\",\"publisher\":{\"@id\":\"https:\/\/ohmytuft.com\/pt-pt\/#organization\"},\"potentialAction\":[{\"@type\":\"SearchAction\",\"target\":{\"@type\":\"EntryPoint\",\"urlTemplate\":\"https:\/\/ohmytuft.com\/pt-pt\/?s={search_term_string}\"},\"query-input\":{\"@type\":\"PropertyValueSpecification\",\"valueRequired\":true,\"valueName\":\"search_term_string\"}}],\"inLanguage\":\"pt-PT\"},{\"@type\":\"Organization\",\"@id\":\"https:\/\/ohmytuft.com\/pt-pt\/#organization\",\"name\":\"Oh my tuft\",\"url\":\"https:\/\/ohmytuft.com\/pt-pt\/\",\"logo\":{\"@type\":\"ImageObject\",\"inLanguage\":\"pt-PT\",\"@id\":\"https:\/\/ohmytuft.com\/pt-pt\/#\/schema\/logo\/image\/\",\"url\":\"https:\/\/ohmytuft.com\/wp-content\/uploads\/2021\/02\/WEB-20.png\",\"contentUrl\":\"https:\/\/ohmytuft.com\/wp-content\/uploads\/2021\/02\/WEB-20.png\",\"width\":2085,\"height\":764,\"caption\":\"Oh my tuft\"},\"image\":{\"@id\":\"https:\/\/ohmytuft.com\/pt-pt\/#\/schema\/logo\/image\/\"},\"sameAs\":[\"https:\/\/www.instagram.com\/tuftinggunsupplies\/\",\"https:\/\/www.tiktok.com\/@tuftinggun\"]}]}<\/script>\n<!-- \/ Yoast SEO plugin. -->","yoast_head_json":{"title":"Tufting AK-1 & AK-2 pack - Ohmytuft.com","robots":{"index":"index","follow":"follow","max-snippet":"max-snippet:-1","max-image-preview":"max-image-preview:large","max-video-preview":"max-video-preview:-1"},"canonical":"https:\/\/ohmytuft.com\/pt-pt\/produto\/tufting-ak-1-ak-2-pack\/","og_locale":"pt_PT","og_type":"article","og_title":"Tufting AK-1 & AK-2 pack - Ohmytuft.com","og_description":"Com este pack poder\u00e1s testar as nossas pistolas AK-1 (corte) e AK-2 (la\u00e7o) da forma mais econ\u00f3mica. Com este pacote poupar\u00e1s dinheiro na tua compra.","og_url":"https:\/\/ohmytuft.com\/pt-pt\/produto\/tufting-ak-1-ak-2-pack\/","og_site_name":"Ohmytuft.com","article_modified_time":"2024-06-23T12:03:15+00:00","og_image":[{"width":1080,"height":1080,"url":"https:\/\/ohmytuft.com\/wp-content\/uploads\/2024\/06\/tufting-gun-pack.png","type":"image\/png"}],"twitter_card":"summary_large_image","schema":{"@context":"https:\/\/schema.org","@graph":[{"@type":"WebPage","@id":"https:\/\/ohmytuft.com\/pt-pt\/produto\/tufting-ak-1-ak-2-pack\/","url":"https:\/\/ohmytuft.com\/pt-pt\/produto\/tufting-ak-1-ak-2-pack\/","name":"Tufting AK-1 & AK-2 pack - Ohmytuft.com","isPartOf":{"@id":"https:\/\/ohmytuft.com\/pt-pt\/#website"},"primaryImageOfPage":{"@id":"https:\/\/ohmytuft.com\/pt-pt\/produto\/tufting-ak-1-ak-2-pack\/#primaryimage"},"image":{"@id":"https:\/\/ohmytuft.com\/pt-pt\/produto\/tufting-ak-1-ak-2-pack\/#primaryimage"},"thumbnailUrl":"https:\/\/ohmytuft.com\/wp-content\/uploads\/2024\/06\/tufting-gun-pack.png","datePublished":"2024-06-23T11:42:53+00:00","dateModified":"2024-06-23T12:03:15+00:00","breadcrumb":{"@id":"https:\/\/ohmytuft.com\/pt-pt\/produto\/tufting-ak-1-ak-2-pack\/#breadcrumb"},"inLanguage":"pt-PT","potentialAction":[{"@type":"ReadAction","target":["https:\/\/ohmytuft.com\/pt-pt\/produto\/tufting-ak-1-ak-2-pack\/"]}]},{"@type":"ImageObject","inLanguage":"pt-PT","@id":"https:\/\/ohmytuft.com\/pt-pt\/produto\/tufting-ak-1-ak-2-pack\/#primaryimage","url":"https:\/\/ohmytuft.com\/wp-content\/uploads\/2024\/06\/tufting-gun-pack.png","contentUrl":"https:\/\/ohmytuft.com\/wp-content\/uploads\/2024\/06\/tufting-gun-pack.png","width":1080,"height":1080},{"@type":"BreadcrumbList","@id":"https:\/\/ohmytuft.com\/pt-pt\/produto\/tufting-ak-1-ak-2-pack\/#breadcrumb","itemListElement":[{"@type":"ListItem","position":1,"name":"Home","item":"https:\/\/ohmytuft.com\/pt-pt\/"},{"@type":"ListItem","position":2,"name":"Loja","item":"https:\/\/ohmytuft.com\/pt-pt\/shop-2\/"},{"@type":"ListItem","position":3,"name":"Tufting AK-1 &#038; AK-2 pack"}]},{"@type":"WebSite","@id":"https:\/\/ohmytuft.com\/pt-pt\/#website","url":"https:\/\/ohmytuft.com\/pt-pt\/","name":"Oh my tuft","description":"Oh my tuft","publisher":{"@id":"https:\/\/ohmytuft.com\/pt-pt\/#organization"},"potentialAction":[{"@type":"SearchAction","target":{"@type":"EntryPoint","urlTemplate":"https:\/\/ohmytuft.com\/pt-pt\/?s={search_term_string}"},"query-input":{"@type":"PropertyValueSpecification","valueRequired":true,"valueName":"search_term_string"}}],"inLanguage":"pt-PT"},{"@type":"Organization","@id":"https:\/\/ohmytuft.com\/pt-pt\/#organization","name":"Oh my tuft","url":"https:\/\/ohmytuft.com\/pt-pt\/","logo":{"@type":"ImageObject","inLanguage":"pt-PT","@id":"https:\/\/ohmytuft.com\/pt-pt\/#\/schema\/logo\/image\/","url":"https:\/\/ohmytuft.com\/wp-content\/uploads\/2021\/02\/WEB-20.png","contentUrl":"https:\/\/ohmytuft.com\/wp-content\/uploads\/2021\/02\/WEB-20.png","width":2085,"height":764,"caption":"Oh my tuft"},"image":{"@id":"https:\/\/ohmytuft.com\/pt-pt\/#\/schema\/logo\/image\/"},"sameAs":["https:\/\/www.instagram.com\/tuftinggunsupplies\/","https:\/\/www.tiktok.com\/@tuftinggun"]}]}},"_links":{"self":[{"href":"https:\/\/ohmytuft.com\/pt-pt\/wp-json\/wp\/v2\/product\/8632","targetHints":{"allow":["GET"]}}],"collection":[{"href":"https:\/\/ohmytuft.com\/pt-pt\/wp-json\/wp\/v2\/product"}],"about":[{"href":"https:\/\/ohmytuft.com\/pt-pt\/wp-json\/wp\/v2\/types\/product"}],"replies":[{"embeddable":true,"href":"https:\/\/ohmytuft.com\/pt-pt\/wp-json\/wp\/v2\/comments?post=8632"}],"wp:featuredmedia":[{"embeddable":true,"href":"https:\/\/ohmytuft.com\/pt-pt\/wp-json\/wp\/v2\/media\/8568"}],"wp:attachment":[{"href":"https:\/\/ohmytuft.com\/pt-pt\/wp-json\/wp\/v2\/media?parent=8632"}],"wp:term":[{"taxonomy":"product_brand","embeddable":true,"href":"https:\/\/ohmytuft.com\/pt-pt\/wp-json\/wp\/v2\/product_brand?post=8632"},{"taxonomy":"product_cat","embeddable":true,"href":"https:\/\/ohmytuft.com\/pt-pt\/wp-json\/wp\/v2\/product_cat?post=8632"},{"taxonomy":"product_tag","embeddable":true,"href":"https:\/\/ohmytuft.com\/pt-pt\/wp-json\/wp\/v2\/product_tag?post=8632"}],"curies":[{"name":"wp","href":"https:\/\/api.w.org\/{rel}","templated":true}]}}