{"id":6541,"date":"2023-04-03T14:25:43","date_gmt":"2023-04-03T14:25:43","guid":{"rendered":"https:\/\/ohmytuft.com\/program-de-afiliere\/"},"modified":"2024-03-13T18:40:52","modified_gmt":"2024-03-13T18:40:52","slug":"program-de-afiliere","status":"publish","type":"page","link":"https:\/\/ohmytuft.com\/ro\/program-de-afiliere\/","title":{"rendered":"Program de afiliere"},"content":{"rendered":"\n<p>Deveni\u021bi un afiliat!<\/p>\n\n<p>Al\u0103tura\u021bi-v\u0103 programului de afiliere <strong>Ohmytuft.com<\/strong> \u0219i c\u00e2\u0219tiga\u021bi un comision de 15% pentru fiecare v\u00e2nzare pe care o trimite\u021bi la noi. Vinde\u021bi-ne <strong>\n  <a href=\"https:\/\/ohmytuft.com\/buy\/tufting-guns\/\">pistoale de tufting<\/a>\n<\/strong>, <strong>\n  <a href=\"https:\/\/ohmytuft.com\/buy\/yarn\/\">fire<\/a>\n<\/strong>, <strong>\n  <a href=\"https:\/\/ohmytuft.com\/buy\/tufting-cloth\/\">c\u00e2rpe<\/a>\n<\/strong> \u0219i toate produsele noastre f\u0103r\u0103 a investi niciun ban.<\/p>\n\n<h3 class=\"wp-block-heading\">De ce s\u0103 lucra\u021bi cu noi?<\/h3>\n\n<ul class=\"wp-block-list\">\n<li>15% comision la fiecare v\u00e2nzare<\/li>\n\n\n\n<li>Cookie de urm\u0103rire pentru 30 de zile<\/li>\n\n\n\n<li>Pl\u0103\u021bi lunare prin PayPal (minim 50 euro)<\/li>\n\n\n\n<li>Suport rapid \u0219i personal<\/li>\n<\/ul>\n\n<p>Nu ezita\u021bi s\u0103 ne contacta\u021bi, pune\u021bi orice \u00eentrebare <strong>\n  <a href=\"https:\/\/ohmytuft.com\/contact\/\">aici<\/a>\n<\/strong>.<\/p>\n\n","protected":false},"excerpt":{"rendered":"<p>Deveni\u021bi un afiliat! Al\u0103tura\u021bi-v\u0103 programului de afiliere Ohmytuft.com \u0219i c\u00e2\u0219tiga\u021bi un comision de 15% pentru fiecare v\u00e2nzare pe care o trimite\u021bi la noi. Vinde\u021bi-ne pistoale de tufting , fire , c\u00e2rpe \u0219i toate produsele noastre f\u0103r\u0103 a investi niciun ban. De ce s\u0103 lucra\u021bi cu noi? Nu ezita\u021bi s\u0103 ne contacta\u021bi, pune\u021bi orice \u00eentrebare aici [&hellip;]<\/p>\n","protected":false},"author":3,"featured_media":0,"parent":0,"menu_order":0,"comment_status":"closed","ping_status":"closed","template":"","meta":{"_joinchat":[],"footnotes":""},"class_list":["post-6541","page","type-page","status-publish","hentry"],"yoast_head":"<!-- This site is optimized with the Yoast SEO plugin v27.2 - https:\/\/yoast.com\/product\/yoast-seo-wordpress\/ -->\n<title>Programul de afiliere Tufting - Ohmytuft.com<\/title>\n<meta name=\"robots\" content=\"index, follow, max-snippet:-1, max-image-preview:large, max-video-preview:-1\" \/>\n<link rel=\"canonical\" href=\"https:\/\/ohmytuft.com\/ro\/program-de-afiliere\/\" \/>\n<meta property=\"og:locale\" content=\"ro_RO\" \/>\n<meta property=\"og:type\" content=\"article\" \/>\n<meta property=\"og:title\" content=\"Programul de afiliere Tufting - Ohmytuft.com\" \/>\n<meta property=\"og:description\" content=\"Deveni\u021bi un afiliat! Al\u0103tura\u021bi-v\u0103 programului de afiliere Ohmytuft.com \u0219i c\u00e2\u0219tiga\u021bi un comision de 15% pentru fiecare v\u00e2nzare pe care o trimite\u021bi la noi. Vinde\u021bi-ne pistoale de tufting , fire , c\u00e2rpe \u0219i toate produsele noastre f\u0103r\u0103 a investi niciun ban. De ce s\u0103 lucra\u021bi cu noi? Nu ezita\u021bi s\u0103 ne contacta\u021bi, pune\u021bi orice \u00eentrebare aici [&hellip;]\" \/>\n<meta property=\"og:url\" content=\"https:\/\/ohmytuft.com\/ro\/program-de-afiliere\/\" \/>\n<meta property=\"og:site_name\" content=\"Ohmytuft.com\" \/>\n<meta property=\"article:modified_time\" content=\"2024-03-13T18:40:52+00:00\" \/>\n<meta name=\"twitter:card\" content=\"summary_large_image\" \/>\n<script type=\"application\/ld+json\" class=\"yoast-schema-graph\">{\"@context\":\"https:\/\/schema.org\",\"@graph\":[{\"@type\":\"WebPage\",\"@id\":\"https:\/\/ohmytuft.com\/ro\/program-de-afiliere\/\",\"url\":\"https:\/\/ohmytuft.com\/ro\/program-de-afiliere\/\",\"name\":\"Programul de afiliere Tufting - Ohmytuft.com\",\"isPartOf\":{\"@id\":\"https:\/\/ohmytuft.com\/ro\/#website\"},\"datePublished\":\"2023-04-03T14:25:43+00:00\",\"dateModified\":\"2024-03-13T18:40:52+00:00\",\"breadcrumb\":{\"@id\":\"https:\/\/ohmytuft.com\/ro\/program-de-afiliere\/#breadcrumb\"},\"inLanguage\":\"ro-RO\",\"potentialAction\":[{\"@type\":\"ReadAction\",\"target\":[\"https:\/\/ohmytuft.com\/ro\/program-de-afiliere\/\"]}]},{\"@type\":\"BreadcrumbList\",\"@id\":\"https:\/\/ohmytuft.com\/ro\/program-de-afiliere\/#breadcrumb\",\"itemListElement\":[{\"@type\":\"ListItem\",\"position\":1,\"name\":\"Home\",\"item\":\"https:\/\/ohmytuft.com\/ro\/\"},{\"@type\":\"ListItem\",\"position\":2,\"name\":\"Program de afiliere\"}]},{\"@type\":\"WebSite\",\"@id\":\"https:\/\/ohmytuft.com\/ro\/#website\",\"url\":\"https:\/\/ohmytuft.com\/ro\/\",\"name\":\"Oh my tuft\",\"description\":\"Oh my tuft\",\"publisher\":{\"@id\":\"https:\/\/ohmytuft.com\/ro\/#organization\"},\"potentialAction\":[{\"@type\":\"SearchAction\",\"target\":{\"@type\":\"EntryPoint\",\"urlTemplate\":\"https:\/\/ohmytuft.com\/ro\/?s={search_term_string}\"},\"query-input\":{\"@type\":\"PropertyValueSpecification\",\"valueRequired\":true,\"valueName\":\"search_term_string\"}}],\"inLanguage\":\"ro-RO\"},{\"@type\":\"Organization\",\"@id\":\"https:\/\/ohmytuft.com\/ro\/#organization\",\"name\":\"Oh my tuft\",\"url\":\"https:\/\/ohmytuft.com\/ro\/\",\"logo\":{\"@type\":\"ImageObject\",\"inLanguage\":\"ro-RO\",\"@id\":\"https:\/\/ohmytuft.com\/ro\/#\/schema\/logo\/image\/\",\"url\":\"https:\/\/ohmytuft.com\/wp-content\/uploads\/2021\/02\/WEB-20.png\",\"contentUrl\":\"https:\/\/ohmytuft.com\/wp-content\/uploads\/2021\/02\/WEB-20.png\",\"width\":2085,\"height\":764,\"caption\":\"Oh my tuft\"},\"image\":{\"@id\":\"https:\/\/ohmytuft.com\/ro\/#\/schema\/logo\/image\/\"},\"sameAs\":[\"https:\/\/www.instagram.com\/tuftinggunsupplies\/\",\"https:\/\/www.tiktok.com\/@tuftinggun\"]}]}<\/script>\n<!-- \/ Yoast SEO plugin. -->","yoast_head_json":{"title":"Programul de afiliere Tufting - Ohmytuft.com","robots":{"index":"index","follow":"follow","max-snippet":"max-snippet:-1","max-image-preview":"max-image-preview:large","max-video-preview":"max-video-preview:-1"},"canonical":"https:\/\/ohmytuft.com\/ro\/program-de-afiliere\/","og_locale":"ro_RO","og_type":"article","og_title":"Programul de afiliere Tufting - Ohmytuft.com","og_description":"Deveni\u021bi un afiliat! Al\u0103tura\u021bi-v\u0103 programului de afiliere Ohmytuft.com \u0219i c\u00e2\u0219tiga\u021bi un comision de 15% pentru fiecare v\u00e2nzare pe care o trimite\u021bi la noi. Vinde\u021bi-ne pistoale de tufting , fire , c\u00e2rpe \u0219i toate produsele noastre f\u0103r\u0103 a investi niciun ban. De ce s\u0103 lucra\u021bi cu noi? Nu ezita\u021bi s\u0103 ne contacta\u021bi, pune\u021bi orice \u00eentrebare aici [&hellip;]","og_url":"https:\/\/ohmytuft.com\/ro\/program-de-afiliere\/","og_site_name":"Ohmytuft.com","article_modified_time":"2024-03-13T18:40:52+00:00","twitter_card":"summary_large_image","schema":{"@context":"https:\/\/schema.org","@graph":[{"@type":"WebPage","@id":"https:\/\/ohmytuft.com\/ro\/program-de-afiliere\/","url":"https:\/\/ohmytuft.com\/ro\/program-de-afiliere\/","name":"Programul de afiliere Tufting - Ohmytuft.com","isPartOf":{"@id":"https:\/\/ohmytuft.com\/ro\/#website"},"datePublished":"2023-04-03T14:25:43+00:00","dateModified":"2024-03-13T18:40:52+00:00","breadcrumb":{"@id":"https:\/\/ohmytuft.com\/ro\/program-de-afiliere\/#breadcrumb"},"inLanguage":"ro-RO","potentialAction":[{"@type":"ReadAction","target":["https:\/\/ohmytuft.com\/ro\/program-de-afiliere\/"]}]},{"@type":"BreadcrumbList","@id":"https:\/\/ohmytuft.com\/ro\/program-de-afiliere\/#breadcrumb","itemListElement":[{"@type":"ListItem","position":1,"name":"Home","item":"https:\/\/ohmytuft.com\/ro\/"},{"@type":"ListItem","position":2,"name":"Program de afiliere"}]},{"@type":"WebSite","@id":"https:\/\/ohmytuft.com\/ro\/#website","url":"https:\/\/ohmytuft.com\/ro\/","name":"Oh my tuft","description":"Oh my tuft","publisher":{"@id":"https:\/\/ohmytuft.com\/ro\/#organization"},"potentialAction":[{"@type":"SearchAction","target":{"@type":"EntryPoint","urlTemplate":"https:\/\/ohmytuft.com\/ro\/?s={search_term_string}"},"query-input":{"@type":"PropertyValueSpecification","valueRequired":true,"valueName":"search_term_string"}}],"inLanguage":"ro-RO"},{"@type":"Organization","@id":"https:\/\/ohmytuft.com\/ro\/#organization","name":"Oh my tuft","url":"https:\/\/ohmytuft.com\/ro\/","logo":{"@type":"ImageObject","inLanguage":"ro-RO","@id":"https:\/\/ohmytuft.com\/ro\/#\/schema\/logo\/image\/","url":"https:\/\/ohmytuft.com\/wp-content\/uploads\/2021\/02\/WEB-20.png","contentUrl":"https:\/\/ohmytuft.com\/wp-content\/uploads\/2021\/02\/WEB-20.png","width":2085,"height":764,"caption":"Oh my tuft"},"image":{"@id":"https:\/\/ohmytuft.com\/ro\/#\/schema\/logo\/image\/"},"sameAs":["https:\/\/www.instagram.com\/tuftinggunsupplies\/","https:\/\/www.tiktok.com\/@tuftinggun"]}]}},"_links":{"self":[{"href":"https:\/\/ohmytuft.com\/ro\/wp-json\/wp\/v2\/pages\/6541","targetHints":{"allow":["GET"]}}],"collection":[{"href":"https:\/\/ohmytuft.com\/ro\/wp-json\/wp\/v2\/pages"}],"about":[{"href":"https:\/\/ohmytuft.com\/ro\/wp-json\/wp\/v2\/types\/page"}],"author":[{"embeddable":true,"href":"https:\/\/ohmytuft.com\/ro\/wp-json\/wp\/v2\/users\/3"}],"replies":[{"embeddable":true,"href":"https:\/\/ohmytuft.com\/ro\/wp-json\/wp\/v2\/comments?post=6541"}],"version-history":[{"count":0,"href":"https:\/\/ohmytuft.com\/ro\/wp-json\/wp\/v2\/pages\/6541\/revisions"}],"wp:attachment":[{"href":"https:\/\/ohmytuft.com\/ro\/wp-json\/wp\/v2\/media?parent=6541"}],"curies":[{"name":"wp","href":"https:\/\/api.w.org\/{rel}","templated":true}]}}