{"id":6589,"date":"2021-02-28T21:01:54","date_gmt":"2021-02-28T21:01:54","guid":{"rendered":"https:\/\/ohmytuft.com\/termeni-si-conditii\/"},"modified":"2024-03-13T18:41:05","modified_gmt":"2024-03-13T18:41:05","slug":"termeni-si-conditii","status":"publish","type":"page","link":"https:\/\/ohmytuft.com\/ro\/termeni-si-conditii\/","title":{"rendered":"Termeni \u0219i condi\u021bii"},"content":{"rendered":"\n<h3 class=\"wp-block-heading\">\u021a\u0103rile de expediere<\/h3>\n\n<p>Livr\u0103m produsele noastre din Spania \u00een \u00eentreaga Uniune European\u0103, care include urm\u0103toarele \u021b\u0103ri:<\/p>\n\n<p>Austria, Belgia, Bulgaria, Croa\u021bia, Republica Ceh\u0103, Republica Cipru, Danemarca, Estonia, Finlanda, Fran\u021ba, Germania, Grecia, Irlanda, Italia, Letonia, Lituania, Luxemburg, Malta, \u021a\u0103rile de Jos, Polonia, Portugalia, Rom\u00e2nia, Slovacia, Slovenia, Spania, Suedia \u0219i Ungaria.<\/p>\n\n<h3 class=\"wp-block-heading\">Costuri de expediere<\/h3>\n\n<p>Costul de expediere va fi calculat \u00een func\u021bie de preferin\u021bele dvs. \u00een ceea ce prive\u0219te livrarea \u00een timp util, de m\u0103rimea comenzii \u0219i de \u021bara de livrare.  <\/p>\n\n<p>Ad\u0103uga\u021bi produsele \u00een co\u0219ul de cump\u0103r\u0103turi \u0219i alege\u021bi preferin\u021bele dumneavoastr\u0103. Costurile de expediere sunt calculate automat.<\/p>\n\n<h3 class=\"wp-block-heading\">Livrare gratuit\u0103<\/h3>\n\n<p>Oferim transport gratuit pentru comenzi mai mari de 100\u20ac<\/p>\n\n<h3 class=\"wp-block-heading\">Politica de returnare<\/h3>\n\n<p>Returul se va face \u00een termen de 14 zile de la primirea coletului. Cump\u0103r\u0103torul trebuie s\u0103 suporte costurile de returnare.  <\/p>\n\n<p>Pachetele nerevendicate vor fi reexpediate pe cheltuiala cump\u0103r\u0103torului.<\/p>\n\n<p>Articolul returnat trebuie s\u0103 fie \u00een ambalajul original \u0219i nefolosit.<\/p>\n\n<h3 class=\"wp-block-heading\">Cum se returneaz\u0103 un articol?<\/h3>\n\n<p>Contacta\u021bi-ne cu num\u0103rul comenzii dvs. pentru a solicita o returnare: <a href=\"https:\/\/ohmytuft.com\/contact\/\">https:\/\/ohmytuft.com\/contact\/<\/a><\/p>\n\n<p>Articolele trebuie s\u0103 fie ambalate foarte atent pentru a evita deteriorarea lor \u00een timpul transportului. Mai ales pistoalele de tufuit.  <\/p>\n\n<p>Trebuie s\u0103 furniza\u021bi un num\u0103r de urm\u0103rire, rambursarea banilor se va face imediat ce pachetul ajunge la depozitul nostru.<\/p>\n\n<h3 class=\"wp-block-heading\">Pl\u0103\u021bi<\/h3>\n\n<p>Pute\u021bi pl\u0103ti cu Paypal sau cu cardul dumneavoastr\u0103 de debit\/credit prin Paypal.<\/p>\n\n<h3 class=\"wp-block-heading\">Contacta\u021bi<\/h3>\n\n<p>San Raimundo 28<br\/>28039 Madrid. Spania<br\/>info@tuftunggunsupplies.com<br\/>660167517<\/p>\n","protected":false},"excerpt":{"rendered":"<p>\u021a\u0103rile de expediere Livr\u0103m produsele noastre din Spania \u00een \u00eentreaga Uniune European\u0103, care include urm\u0103toarele \u021b\u0103ri: Austria, Belgia, Bulgaria, Croa\u021bia, Republica Ceh\u0103, Republica Cipru, Danemarca, Estonia, Finlanda, Fran\u021ba, Germania, Grecia, Irlanda, Italia, Letonia, Lituania, Luxemburg, Malta, \u021a\u0103rile de Jos, Polonia, Portugalia, Rom\u00e2nia, Slovacia, Slovenia, Spania, Suedia \u0219i Ungaria. Costuri de expediere Costul de expediere va [&hellip;]<\/p>\n","protected":false},"author":3,"featured_media":0,"parent":0,"menu_order":0,"comment_status":"closed","ping_status":"closed","template":"","meta":{"_joinchat":[],"footnotes":""},"class_list":["post-6589","page","type-page","status-publish","hentry"],"yoast_head":"<!-- This site is optimized with the Yoast SEO plugin v27.2 - https:\/\/yoast.com\/product\/yoast-seo-wordpress\/ -->\n<title>Termeni \u0219i condi\u021bii - Ohmytuft.com<\/title>\n<meta name=\"robots\" content=\"noindex, follow\" \/>\n<meta property=\"og:locale\" content=\"ro_RO\" \/>\n<meta property=\"og:type\" content=\"article\" \/>\n<meta property=\"og:title\" content=\"Termeni \u0219i condi\u021bii - Ohmytuft.com\" \/>\n<meta property=\"og:description\" content=\"\u021a\u0103rile de expediere Livr\u0103m produsele noastre din Spania \u00een \u00eentreaga Uniune European\u0103, care include urm\u0103toarele \u021b\u0103ri: Austria, Belgia, Bulgaria, Croa\u021bia, Republica Ceh\u0103, Republica Cipru, Danemarca, Estonia, Finlanda, Fran\u021ba, Germania, Grecia, Irlanda, Italia, Letonia, Lituania, Luxemburg, Malta, \u021a\u0103rile de Jos, Polonia, Portugalia, Rom\u00e2nia, Slovacia, Slovenia, Spania, Suedia \u0219i Ungaria. Costuri de expediere Costul de expediere va [&hellip;]\" \/>\n<meta property=\"og:url\" content=\"https:\/\/ohmytuft.com\/ro\/termeni-si-conditii\/\" \/>\n<meta property=\"og:site_name\" content=\"Ohmytuft.com\" \/>\n<meta property=\"article:modified_time\" content=\"2024-03-13T18:41:05+00:00\" \/>\n<meta name=\"twitter:card\" content=\"summary_large_image\" \/>\n<meta name=\"twitter:label1\" content=\"Timp estimat pentru citire\" \/>\n\t<meta name=\"twitter:data1\" content=\"1 minut\" \/>\n<script type=\"application\/ld+json\" class=\"yoast-schema-graph\">{\"@context\":\"https:\/\/schema.org\",\"@graph\":[{\"@type\":\"WebPage\",\"@id\":\"https:\/\/ohmytuft.com\/ro\/termeni-si-conditii\/\",\"url\":\"https:\/\/ohmytuft.com\/ro\/termeni-si-conditii\/\",\"name\":\"Termeni \u0219i condi\u021bii - Ohmytuft.com\",\"isPartOf\":{\"@id\":\"https:\/\/ohmytuft.com\/ro\/#website\"},\"datePublished\":\"2021-02-28T21:01:54+00:00\",\"dateModified\":\"2024-03-13T18:41:05+00:00\",\"breadcrumb\":{\"@id\":\"https:\/\/ohmytuft.com\/ro\/termeni-si-conditii\/#breadcrumb\"},\"inLanguage\":\"ro-RO\",\"potentialAction\":[{\"@type\":\"ReadAction\",\"target\":[\"https:\/\/ohmytuft.com\/ro\/termeni-si-conditii\/\"]}]},{\"@type\":\"BreadcrumbList\",\"@id\":\"https:\/\/ohmytuft.com\/ro\/termeni-si-conditii\/#breadcrumb\",\"itemListElement\":[{\"@type\":\"ListItem\",\"position\":1,\"name\":\"Home\",\"item\":\"https:\/\/ohmytuft.com\/ro\/\"},{\"@type\":\"ListItem\",\"position\":2,\"name\":\"Termeni \u0219i condi\u021bii\"}]},{\"@type\":\"WebSite\",\"@id\":\"https:\/\/ohmytuft.com\/ro\/#website\",\"url\":\"https:\/\/ohmytuft.com\/ro\/\",\"name\":\"Oh my tuft\",\"description\":\"Oh my tuft\",\"publisher\":{\"@id\":\"https:\/\/ohmytuft.com\/ro\/#organization\"},\"potentialAction\":[{\"@type\":\"SearchAction\",\"target\":{\"@type\":\"EntryPoint\",\"urlTemplate\":\"https:\/\/ohmytuft.com\/ro\/?s={search_term_string}\"},\"query-input\":{\"@type\":\"PropertyValueSpecification\",\"valueRequired\":true,\"valueName\":\"search_term_string\"}}],\"inLanguage\":\"ro-RO\"},{\"@type\":\"Organization\",\"@id\":\"https:\/\/ohmytuft.com\/ro\/#organization\",\"name\":\"Oh my tuft\",\"url\":\"https:\/\/ohmytuft.com\/ro\/\",\"logo\":{\"@type\":\"ImageObject\",\"inLanguage\":\"ro-RO\",\"@id\":\"https:\/\/ohmytuft.com\/ro\/#\/schema\/logo\/image\/\",\"url\":\"https:\/\/ohmytuft.com\/wp-content\/uploads\/2021\/02\/WEB-20.png\",\"contentUrl\":\"https:\/\/ohmytuft.com\/wp-content\/uploads\/2021\/02\/WEB-20.png\",\"width\":2085,\"height\":764,\"caption\":\"Oh my tuft\"},\"image\":{\"@id\":\"https:\/\/ohmytuft.com\/ro\/#\/schema\/logo\/image\/\"},\"sameAs\":[\"https:\/\/www.instagram.com\/tuftinggunsupplies\/\",\"https:\/\/www.tiktok.com\/@tuftinggun\"]}]}<\/script>\n<!-- \/ Yoast SEO plugin. -->","yoast_head_json":{"title":"Termeni \u0219i condi\u021bii - Ohmytuft.com","robots":{"index":"noindex","follow":"follow"},"og_locale":"ro_RO","og_type":"article","og_title":"Termeni \u0219i condi\u021bii - Ohmytuft.com","og_description":"\u021a\u0103rile de expediere Livr\u0103m produsele noastre din Spania \u00een \u00eentreaga Uniune European\u0103, care include urm\u0103toarele \u021b\u0103ri: Austria, Belgia, Bulgaria, Croa\u021bia, Republica Ceh\u0103, Republica Cipru, Danemarca, Estonia, Finlanda, Fran\u021ba, Germania, Grecia, Irlanda, Italia, Letonia, Lituania, Luxemburg, Malta, \u021a\u0103rile de Jos, Polonia, Portugalia, Rom\u00e2nia, Slovacia, Slovenia, Spania, Suedia \u0219i Ungaria. Costuri de expediere Costul de expediere va [&hellip;]","og_url":"https:\/\/ohmytuft.com\/ro\/termeni-si-conditii\/","og_site_name":"Ohmytuft.com","article_modified_time":"2024-03-13T18:41:05+00:00","twitter_card":"summary_large_image","twitter_misc":{"Timp estimat pentru citire":"1 minut"},"schema":{"@context":"https:\/\/schema.org","@graph":[{"@type":"WebPage","@id":"https:\/\/ohmytuft.com\/ro\/termeni-si-conditii\/","url":"https:\/\/ohmytuft.com\/ro\/termeni-si-conditii\/","name":"Termeni \u0219i condi\u021bii - Ohmytuft.com","isPartOf":{"@id":"https:\/\/ohmytuft.com\/ro\/#website"},"datePublished":"2021-02-28T21:01:54+00:00","dateModified":"2024-03-13T18:41:05+00:00","breadcrumb":{"@id":"https:\/\/ohmytuft.com\/ro\/termeni-si-conditii\/#breadcrumb"},"inLanguage":"ro-RO","potentialAction":[{"@type":"ReadAction","target":["https:\/\/ohmytuft.com\/ro\/termeni-si-conditii\/"]}]},{"@type":"BreadcrumbList","@id":"https:\/\/ohmytuft.com\/ro\/termeni-si-conditii\/#breadcrumb","itemListElement":[{"@type":"ListItem","position":1,"name":"Home","item":"https:\/\/ohmytuft.com\/ro\/"},{"@type":"ListItem","position":2,"name":"Termeni \u0219i condi\u021bii"}]},{"@type":"WebSite","@id":"https:\/\/ohmytuft.com\/ro\/#website","url":"https:\/\/ohmytuft.com\/ro\/","name":"Oh my tuft","description":"Oh my tuft","publisher":{"@id":"https:\/\/ohmytuft.com\/ro\/#organization"},"potentialAction":[{"@type":"SearchAction","target":{"@type":"EntryPoint","urlTemplate":"https:\/\/ohmytuft.com\/ro\/?s={search_term_string}"},"query-input":{"@type":"PropertyValueSpecification","valueRequired":true,"valueName":"search_term_string"}}],"inLanguage":"ro-RO"},{"@type":"Organization","@id":"https:\/\/ohmytuft.com\/ro\/#organization","name":"Oh my tuft","url":"https:\/\/ohmytuft.com\/ro\/","logo":{"@type":"ImageObject","inLanguage":"ro-RO","@id":"https:\/\/ohmytuft.com\/ro\/#\/schema\/logo\/image\/","url":"https:\/\/ohmytuft.com\/wp-content\/uploads\/2021\/02\/WEB-20.png","contentUrl":"https:\/\/ohmytuft.com\/wp-content\/uploads\/2021\/02\/WEB-20.png","width":2085,"height":764,"caption":"Oh my tuft"},"image":{"@id":"https:\/\/ohmytuft.com\/ro\/#\/schema\/logo\/image\/"},"sameAs":["https:\/\/www.instagram.com\/tuftinggunsupplies\/","https:\/\/www.tiktok.com\/@tuftinggun"]}]}},"_links":{"self":[{"href":"https:\/\/ohmytuft.com\/ro\/wp-json\/wp\/v2\/pages\/6589","targetHints":{"allow":["GET"]}}],"collection":[{"href":"https:\/\/ohmytuft.com\/ro\/wp-json\/wp\/v2\/pages"}],"about":[{"href":"https:\/\/ohmytuft.com\/ro\/wp-json\/wp\/v2\/types\/page"}],"author":[{"embeddable":true,"href":"https:\/\/ohmytuft.com\/ro\/wp-json\/wp\/v2\/users\/3"}],"replies":[{"embeddable":true,"href":"https:\/\/ohmytuft.com\/ro\/wp-json\/wp\/v2\/comments?post=6589"}],"version-history":[{"count":0,"href":"https:\/\/ohmytuft.com\/ro\/wp-json\/wp\/v2\/pages\/6589\/revisions"}],"wp:attachment":[{"href":"https:\/\/ohmytuft.com\/ro\/wp-json\/wp\/v2\/media?parent=6589"}],"curies":[{"name":"wp","href":"https:\/\/api.w.org\/{rel}","templated":true}]}}