{"id":6653,"date":"2020-10-06T14:03:14","date_gmt":"2020-10-06T14:03:14","guid":{"rendered":"https:\/\/ohmytuft.com\/politica-de-confidentialitate\/"},"modified":"2024-03-13T18:41:24","modified_gmt":"2024-03-13T18:41:24","slug":"politica-de-confidentialitate","status":"publish","type":"page","link":"https:\/\/ohmytuft.com\/ro\/politica-de-confidentialitate\/","title":{"rendered":"Politica de confiden\u021bialitate"},"content":{"rendered":"\n<p>La Tufting Gun Supplies, accesibil de la https:\/\/ohmytuft.com\/, una dintre priorit\u0103\u021bile noastre principale este confiden\u021bialitatea vizitatorilor no\u0219tri. Acest document privind politica de confiden\u021bialitate con\u021bine tipurile de informa\u021bii care sunt colectate \u0219i \u00eenregistrate de Tufting Gun Supplies \u0219i modul \u00een care le folosim.<\/p>\n\n<p>Dac\u0103 ave\u021bi \u00eentreb\u0103ri suplimentare sau dac\u0103 ave\u021bi nevoie de mai multe informa\u021bii despre Politica noastr\u0103 de confiden\u021bialitate, nu ezita\u021bi s\u0103 ne contacta\u021bi.<\/p>\n\n<p>Aceast\u0103 politic\u0103 de confiden\u021bialitate se aplic\u0103 numai activit\u0103\u021bilor noastre online \u0219i este valabil\u0103 pentru vizitatorii site-ului nostru \u00een ceea ce prive\u0219te informa\u021biile pe care le-au \u00eemp\u0103rt\u0103\u0219it \u0219i\/sau colectat \u00een Tufting Gun Supplies. Aceast\u0103 politic\u0103 nu se aplic\u0103 informa\u021biilor colectate offline sau prin alte canale dec\u00e2t acest site web.  <\/p>\n\n<h2 class=\"wp-block-heading\">Consim\u021b\u0103m\u00e2nt<\/h2>\n\n<p>Prin utilizarea site-ului nostru web, sunte\u021bi de acord cu Politica noastr\u0103 de confiden\u021bialitate \u0219i accepta\u021bi termenii acesteia.<\/p>\n\n<h2 class=\"wp-block-heading\">Informa\u021biile pe care le colect\u0103m<\/h2>\n\n<p>Informa\u021biile personale pe care vi se cere s\u0103 le furniza\u021bi \u0219i motivele pentru care vi se cere s\u0103 le furniza\u021bi v\u0103 vor fi explicate \u00een mod clar \u00een momentul \u00een care v\u0103 solicit\u0103m s\u0103 furniza\u021bi informa\u021biile personale.<\/p>\n\n<p>Dac\u0103 ne contacta\u021bi direct, este posibil s\u0103 primim informa\u021bii suplimentare despre dumneavoastr\u0103, cum ar fi numele, adresa de e-mail, num\u0103rul de telefon, con\u021binutul mesajului \u0219i\/sau al ata\u0219amentelor pe care ni le trimite\u021bi \u0219i orice alte informa\u021bii pe care alege\u021bi s\u0103 le furniza\u021bi.<\/p>\n\n<p>Atunci c\u00e2nd v\u0103 \u00eenregistra\u021bi pentru un Cont, v\u0103 putem cere informa\u021bii de contact, inclusiv elemente precum numele, numele companiei, adresa, adresa de e-mail \u0219i num\u0103rul de telefon.<\/p>\n\n<h2 class=\"wp-block-heading\">Cum folosim informa\u021biile dumneavoastr\u0103<\/h2>\n\n<p>Utiliz\u0103m informa\u021biile pe care le colect\u0103m \u00een diverse moduri, inclusiv pentru:<\/p>\n\n<ul class=\"wp-block-list\"><li>Furnizarea, operarea \u0219i \u00eentre\u021binerea site-ului nostru web<\/li><li>\u00cembun\u0103t\u0103\u021birea, personalizarea \u0219i extinderea site-ului nostru web<\/li><li>S\u0103 \u00een\u021belegem \u0219i s\u0103 analiz\u0103m modul \u00een care utiliza\u021bi site-ul nostru web<\/li><li>Dezvoltarea de noi produse, servicii, caracteristici \u0219i func\u021bionalit\u0103\u021bi<\/li><li>S\u0103 comunic\u0103m cu dumneavoastr\u0103, fie direct, fie prin intermediul unuia dintre partenerii no\u0219tri, inclusiv pentru serviciul clien\u021bi, pentru a v\u0103 furniza actualiz\u0103ri \u0219i alte informa\u021bii referitoare la site-ul web \u0219i \u00een scopuri de marketing \u0219i promo\u021bionale.<\/li><li>Trimite\u021bi e-mailuri<\/li><li>G\u0103si\u021bi \u0219i preveni\u021bi frauda<\/li><\/ul>\n\n<h2 class=\"wp-block-heading\">Fi\u0219iere jurnal<\/h2>\n\n<p>Tufting Gun Supplies urmeaz\u0103 o procedur\u0103 standard de utilizare a fi\u0219ierelor jurnal. Aceste fi\u0219iere \u00eenregistreaz\u0103 vizitatorii atunci c\u00e2nd ace\u0219tia viziteaz\u0103 site-uri web. Toate companiile de g\u0103zduire fac acest lucru \u0219i o parte din analiza serviciilor de g\u0103zduire. Informa\u021biile colectate de fi\u0219ierele jurnal includ adresele de protocol internet (IP), tipul de browser, furnizorul de servicii internet (ISP), data \u0219i ora, paginile de trimitere\/ie\u0219ire \u0219i, eventual, num\u0103rul de clicuri. Acestea nu sunt legate de nicio informa\u021bie care s\u0103 permit\u0103 identificarea personal\u0103. Scopul acestor informa\u021bii este de a analiza tendin\u021bele, de a administra site-ul, de a urm\u0103ri mi\u0219c\u0103rile utilizatorilor pe site \u0219i de a colecta informa\u021bii demografice.<\/p>\n\n<h2 class=\"wp-block-heading\">Cookie-uri \u0219i balize web<\/h2>\n\n<p>Ca orice alt site web, Tufting Gun Supplies utilizeaz\u0103 &#8222;cookie-uri&#8221;. Aceste cookie-uri sunt folosite pentru a stoca informa\u021bii, inclusiv preferin\u021bele vizitatorilor \u0219i paginile de pe site pe care vizitatorul le-a accesat sau vizitat. Informa\u021biile sunt utilizate pentru a optimiza experien\u021ba utilizatorilor prin personalizarea con\u021binutului paginilor noastre web pe baza tipului de browser al vizitatorilor \u0219i\/sau a altor informa\u021bii.<\/p>\n\n<h2 class=\"wp-block-heading\">Parteneri publicitari Politici de confiden\u021bialitate<\/h2>\n\n<p>Pute\u021bi consulta aceast\u0103 list\u0103 pentru a g\u0103si politica de confiden\u021bialitate pentru fiecare dintre partenerii publicitari ai Tufting Gun Supplies.<\/p>\n\n<p>Serverele de anun\u021buri sau re\u021belele de anun\u021buri ale ter\u021belor p\u0103r\u021bi utilizeaz\u0103 tehnologii precum cookie-uri, JavaScript sau Web Beacons care sunt utilizate \u00een anun\u021burile \u0219i link-urile lor respective care apar pe Tufting Gun Supplies, care sunt trimise direct la browserul utilizatorilor. \u00cen acest caz, ace\u0219tia primesc automat adresa dumneavoastr\u0103 IP. Aceste tehnologii sunt utilizate pentru a m\u0103sura eficacitatea campaniilor lor publicitare \u0219i\/sau pentru a personaliza con\u021binutul publicitar pe care \u00eel vede\u021bi pe site-urile web pe care le vizita\u021bi.<\/p>\n\n<p>Re\u021bine\u021bi c\u0103 Tufting Gun Supplies nu are acces la sau control asupra acestor cookie-uri care sunt folosite de c\u0103tre agen\u021bii de publicitate ter\u021b\u0103 parte.<\/p>\n\n<h2 class=\"wp-block-heading\">Politicile de confiden\u021bialitate ale ter\u021bilor<\/h2>\n\n<p>Politica de confiden\u021bialitate a Tufting Gun Supplies nu se aplic\u0103 altor agen\u021bi de publicitate sau site-uri web. Astfel, v\u0103 sf\u0103tuim s\u0103 consulta\u021bi Politicile de confiden\u021bialitate ale acestor servere de anun\u021buri ale ter\u021bilor pentru informa\u021bii mai detaliate. Aceasta poate include practicile acestora \u0219i instruc\u021biuni privind modul \u00een care se poate renun\u021ba la anumite op\u021biuni.<\/p>\n\n<p>Pute\u021bi alege s\u0103 dezactiva\u021bi modulele cookie prin intermediul op\u021biunilor individuale ale browserului dumneavoastr\u0103. Pentru a afla informa\u021bii mai detaliate despre gestionarea modulelor cookie cu anumite browsere web, acestea pot fi g\u0103site pe site-urile web respective ale browserelor.<\/p>\n\n<h2 class=\"wp-block-heading\">Drepturile de confiden\u021bialitate CCPA (Nu-mi vinde\u021bi informa\u021biile personale)<\/h2>\n\n<p>\u00cen conformitate cu CCPA, printre alte drepturi, consumatorii din California au dreptul la:<\/p>\n\n<p>Solicitarea ca o \u00eentreprindere care colecteaz\u0103 datele cu caracter personal ale unui consumator s\u0103 dezv\u0103luie categoriile \u0219i elementele specifice de date cu caracter personal pe care o \u00eentreprindere le-a colectat despre consumatori.<\/p>\n\n<p>s\u0103 solicite ca o \u00eentreprindere s\u0103 \u0219tearg\u0103 toate datele cu caracter personal pe care le-a colectat despre consumator.<\/p>\n\n<p>Cere\u021bi ca o \u00eentreprindere care vinde datele personale ale unui consumator s\u0103 nu v\u00e2nd\u0103 datele personale ale consumatorului.<\/p>\n\n<p>Dac\u0103 face\u021bi o cerere, avem la dispozi\u021bie o lun\u0103 pentru a v\u0103 r\u0103spunde. Dac\u0103 dori\u021bi s\u0103 v\u0103 exercita\u021bi oricare dintre aceste drepturi, v\u0103 rug\u0103m s\u0103 ne contacta\u021bi.<\/p>\n\n<h2 class=\"wp-block-heading\">Drepturile de protec\u021bie a datelor GDPR<\/h2>\n\n<p>Dorim s\u0103 ne asigur\u0103m c\u0103 sunte\u021bi pe deplin con\u0219tien\u021bi de toate drepturile dumneavoastr\u0103 \u00een materie de protec\u021bie a datelor. Fiecare utilizator are dreptul la urm\u0103toarele:<\/p>\n\n<p>Dreptul de acces &#8211; Ave\u021bi dreptul de a solicita copii ale datelor dumneavoastr\u0103 cu caracter personal. Este posibil s\u0103 v\u0103 percepem o mic\u0103 tax\u0103 pentru acest serviciu.<\/p>\n\n<p>Dreptul la rectificare &#8211; Ave\u021bi dreptul de a ne solicita s\u0103 corect\u0103m orice informa\u021bie pe care o considera\u021bi inexact\u0103. De asemenea, ave\u021bi dreptul de a ne solicita s\u0103 complet\u0103m informa\u021biile pe care le considera\u021bi incomplete.<\/p>\n\n<p>Dreptul la \u0219tergere &#8211; Ave\u021bi dreptul de a ne solicita s\u0103 v\u0103 \u0219tergem datele cu caracter personal, \u00een anumite condi\u021bii.<\/p>\n\n<p>Dreptul de a restric\u021biona prelucrarea &#8211; Ave\u021bi dreptul de a ne solicita s\u0103 restric\u021bion\u0103m prelucrarea datelor dumneavoastr\u0103 cu caracter personal, \u00een anumite condi\u021bii.<\/p>\n\n<p>Dreptul de a v\u0103 opune prelucr\u0103rii &#8211; Ave\u021bi dreptul de a v\u0103 opune prelucr\u0103rii de c\u0103tre noi a datelor dumneavoastr\u0103 cu caracter personal, \u00een anumite condi\u021bii.<\/p>\n\n<p>Dreptul la portabilitatea datelor &#8211; Ave\u021bi dreptul de a ne solicita s\u0103 transfer\u0103m datele pe care le-am colectat c\u0103tre o alt\u0103 organiza\u021bie sau direct c\u0103tre dumneavoastr\u0103, \u00een anumite condi\u021bii.<\/p>\n\n<p>Dac\u0103 face\u021bi o cerere, avem la dispozi\u021bie o lun\u0103 pentru a v\u0103 r\u0103spunde. Dac\u0103 dori\u021bi s\u0103 v\u0103 exercita\u021bi oricare dintre aceste drepturi, v\u0103 rug\u0103m s\u0103 ne contacta\u021bi.<\/p>\n\n<h2 class=\"wp-block-heading\">Informa\u021bii pentru copii<\/h2>\n\n<p>O alt\u0103 parte a priorit\u0103\u021bii noastre este ad\u0103ugarea de protec\u021bie pentru copii \u00een timpul utiliz\u0103rii internetului. \u00cencuraj\u0103m p\u0103rin\u021bii \u0219i tutorii s\u0103 observe, s\u0103 participe \u0219i\/sau s\u0103 monitorizeze \u0219i s\u0103 \u00eendrume activitatea online a copiilor.<\/p>\n\n<p>Tufting Gun Supplies nu colecteaz\u0103 cu bun\u0103 \u0219tiin\u021b\u0103 informa\u021bii personale identificabile de la copii sub v\u00e2rsta de 13 ani. Dac\u0103 crede\u021bi c\u0103 copilul dvs. a furnizat acest tip de informa\u021bii pe site-ul nostru, v\u0103 \u00eencuraj\u0103m s\u0103 ne contacta\u021bi imediat \u0219i vom face tot posibilul pentru a elimina imediat aceste informa\u021bii din eviden\u021bele noastre.<\/p>\n","protected":false},"excerpt":{"rendered":"<p>La Tufting Gun Supplies, accesibil de la https:\/\/ohmytuft.com\/, una dintre priorit\u0103\u021bile noastre principale este confiden\u021bialitatea vizitatorilor no\u0219tri. Acest document privind politica de confiden\u021bialitate con\u021bine tipurile de informa\u021bii care sunt colectate \u0219i \u00eenregistrate de Tufting Gun Supplies \u0219i modul \u00een care le folosim. Dac\u0103 ave\u021bi \u00eentreb\u0103ri suplimentare sau dac\u0103 ave\u021bi nevoie de mai multe informa\u021bii despre [&hellip;]<\/p>\n","protected":false},"author":3,"featured_media":0,"parent":0,"menu_order":0,"comment_status":"closed","ping_status":"open","template":"","meta":{"_joinchat":[],"footnotes":""},"class_list":["post-6653","page","type-page","status-publish","hentry"],"yoast_head":"<!-- This site is optimized with the Yoast SEO plugin v27.2 - https:\/\/yoast.com\/product\/yoast-seo-wordpress\/ -->\n<title>Politica de confiden\u021bialitate - Ohmytuft.com<\/title>\n<meta name=\"robots\" content=\"noindex, follow\" \/>\n<meta property=\"og:locale\" content=\"ro_RO\" \/>\n<meta property=\"og:type\" content=\"article\" \/>\n<meta property=\"og:title\" content=\"Politica de confiden\u021bialitate - Ohmytuft.com\" \/>\n<meta property=\"og:description\" content=\"La Tufting Gun Supplies, accesibil de la https:\/\/ohmytuft.com\/, una dintre priorit\u0103\u021bile noastre principale este confiden\u021bialitatea vizitatorilor no\u0219tri. Acest document privind politica de confiden\u021bialitate con\u021bine tipurile de informa\u021bii care sunt colectate \u0219i \u00eenregistrate de Tufting Gun Supplies \u0219i modul \u00een care le folosim. Dac\u0103 ave\u021bi \u00eentreb\u0103ri suplimentare sau dac\u0103 ave\u021bi nevoie de mai multe informa\u021bii despre [&hellip;]\" \/>\n<meta property=\"og:url\" content=\"https:\/\/ohmytuft.com\/ro\/politica-de-confidentialitate\/\" \/>\n<meta property=\"og:site_name\" content=\"Ohmytuft.com\" \/>\n<meta property=\"article:modified_time\" content=\"2024-03-13T18:41:24+00:00\" \/>\n<meta name=\"twitter:card\" content=\"summary_large_image\" \/>\n<meta name=\"twitter:label1\" content=\"Timp estimat pentru citire\" \/>\n\t<meta name=\"twitter:data1\" content=\"7 minute\" \/>\n<script type=\"application\/ld+json\" class=\"yoast-schema-graph\">{\"@context\":\"https:\/\/schema.org\",\"@graph\":[{\"@type\":\"WebPage\",\"@id\":\"https:\/\/ohmytuft.com\/ro\/politica-de-confidentialitate\/\",\"url\":\"https:\/\/ohmytuft.com\/ro\/politica-de-confidentialitate\/\",\"name\":\"Politica de confiden\u021bialitate - Ohmytuft.com\",\"isPartOf\":{\"@id\":\"https:\/\/ohmytuft.com\/ro\/#website\"},\"datePublished\":\"2020-10-06T14:03:14+00:00\",\"dateModified\":\"2024-03-13T18:41:24+00:00\",\"breadcrumb\":{\"@id\":\"https:\/\/ohmytuft.com\/ro\/politica-de-confidentialitate\/#breadcrumb\"},\"inLanguage\":\"ro-RO\",\"potentialAction\":[{\"@type\":\"ReadAction\",\"target\":[\"https:\/\/ohmytuft.com\/ro\/politica-de-confidentialitate\/\"]}]},{\"@type\":\"BreadcrumbList\",\"@id\":\"https:\/\/ohmytuft.com\/ro\/politica-de-confidentialitate\/#breadcrumb\",\"itemListElement\":[{\"@type\":\"ListItem\",\"position\":1,\"name\":\"Home\",\"item\":\"https:\/\/ohmytuft.com\/ro\/\"},{\"@type\":\"ListItem\",\"position\":2,\"name\":\"Politica de confiden\u021bialitate\"}]},{\"@type\":\"WebSite\",\"@id\":\"https:\/\/ohmytuft.com\/ro\/#website\",\"url\":\"https:\/\/ohmytuft.com\/ro\/\",\"name\":\"Oh my tuft\",\"description\":\"Oh my tuft\",\"publisher\":{\"@id\":\"https:\/\/ohmytuft.com\/ro\/#organization\"},\"potentialAction\":[{\"@type\":\"SearchAction\",\"target\":{\"@type\":\"EntryPoint\",\"urlTemplate\":\"https:\/\/ohmytuft.com\/ro\/?s={search_term_string}\"},\"query-input\":{\"@type\":\"PropertyValueSpecification\",\"valueRequired\":true,\"valueName\":\"search_term_string\"}}],\"inLanguage\":\"ro-RO\"},{\"@type\":\"Organization\",\"@id\":\"https:\/\/ohmytuft.com\/ro\/#organization\",\"name\":\"Oh my tuft\",\"url\":\"https:\/\/ohmytuft.com\/ro\/\",\"logo\":{\"@type\":\"ImageObject\",\"inLanguage\":\"ro-RO\",\"@id\":\"https:\/\/ohmytuft.com\/ro\/#\/schema\/logo\/image\/\",\"url\":\"https:\/\/ohmytuft.com\/wp-content\/uploads\/2021\/02\/WEB-20.png\",\"contentUrl\":\"https:\/\/ohmytuft.com\/wp-content\/uploads\/2021\/02\/WEB-20.png\",\"width\":2085,\"height\":764,\"caption\":\"Oh my tuft\"},\"image\":{\"@id\":\"https:\/\/ohmytuft.com\/ro\/#\/schema\/logo\/image\/\"},\"sameAs\":[\"https:\/\/www.instagram.com\/tuftinggunsupplies\/\",\"https:\/\/www.tiktok.com\/@tuftinggun\"]}]}<\/script>\n<!-- \/ Yoast SEO plugin. -->","yoast_head_json":{"title":"Politica de confiden\u021bialitate - Ohmytuft.com","robots":{"index":"noindex","follow":"follow"},"og_locale":"ro_RO","og_type":"article","og_title":"Politica de confiden\u021bialitate - Ohmytuft.com","og_description":"La Tufting Gun Supplies, accesibil de la https:\/\/ohmytuft.com\/, una dintre priorit\u0103\u021bile noastre principale este confiden\u021bialitatea vizitatorilor no\u0219tri. Acest document privind politica de confiden\u021bialitate con\u021bine tipurile de informa\u021bii care sunt colectate \u0219i \u00eenregistrate de Tufting Gun Supplies \u0219i modul \u00een care le folosim. Dac\u0103 ave\u021bi \u00eentreb\u0103ri suplimentare sau dac\u0103 ave\u021bi nevoie de mai multe informa\u021bii despre [&hellip;]","og_url":"https:\/\/ohmytuft.com\/ro\/politica-de-confidentialitate\/","og_site_name":"Ohmytuft.com","article_modified_time":"2024-03-13T18:41:24+00:00","twitter_card":"summary_large_image","twitter_misc":{"Timp estimat pentru citire":"7 minute"},"schema":{"@context":"https:\/\/schema.org","@graph":[{"@type":"WebPage","@id":"https:\/\/ohmytuft.com\/ro\/politica-de-confidentialitate\/","url":"https:\/\/ohmytuft.com\/ro\/politica-de-confidentialitate\/","name":"Politica de confiden\u021bialitate - Ohmytuft.com","isPartOf":{"@id":"https:\/\/ohmytuft.com\/ro\/#website"},"datePublished":"2020-10-06T14:03:14+00:00","dateModified":"2024-03-13T18:41:24+00:00","breadcrumb":{"@id":"https:\/\/ohmytuft.com\/ro\/politica-de-confidentialitate\/#breadcrumb"},"inLanguage":"ro-RO","potentialAction":[{"@type":"ReadAction","target":["https:\/\/ohmytuft.com\/ro\/politica-de-confidentialitate\/"]}]},{"@type":"BreadcrumbList","@id":"https:\/\/ohmytuft.com\/ro\/politica-de-confidentialitate\/#breadcrumb","itemListElement":[{"@type":"ListItem","position":1,"name":"Home","item":"https:\/\/ohmytuft.com\/ro\/"},{"@type":"ListItem","position":2,"name":"Politica de confiden\u021bialitate"}]},{"@type":"WebSite","@id":"https:\/\/ohmytuft.com\/ro\/#website","url":"https:\/\/ohmytuft.com\/ro\/","name":"Oh my tuft","description":"Oh my tuft","publisher":{"@id":"https:\/\/ohmytuft.com\/ro\/#organization"},"potentialAction":[{"@type":"SearchAction","target":{"@type":"EntryPoint","urlTemplate":"https:\/\/ohmytuft.com\/ro\/?s={search_term_string}"},"query-input":{"@type":"PropertyValueSpecification","valueRequired":true,"valueName":"search_term_string"}}],"inLanguage":"ro-RO"},{"@type":"Organization","@id":"https:\/\/ohmytuft.com\/ro\/#organization","name":"Oh my tuft","url":"https:\/\/ohmytuft.com\/ro\/","logo":{"@type":"ImageObject","inLanguage":"ro-RO","@id":"https:\/\/ohmytuft.com\/ro\/#\/schema\/logo\/image\/","url":"https:\/\/ohmytuft.com\/wp-content\/uploads\/2021\/02\/WEB-20.png","contentUrl":"https:\/\/ohmytuft.com\/wp-content\/uploads\/2021\/02\/WEB-20.png","width":2085,"height":764,"caption":"Oh my tuft"},"image":{"@id":"https:\/\/ohmytuft.com\/ro\/#\/schema\/logo\/image\/"},"sameAs":["https:\/\/www.instagram.com\/tuftinggunsupplies\/","https:\/\/www.tiktok.com\/@tuftinggun"]}]}},"_links":{"self":[{"href":"https:\/\/ohmytuft.com\/ro\/wp-json\/wp\/v2\/pages\/6653","targetHints":{"allow":["GET"]}}],"collection":[{"href":"https:\/\/ohmytuft.com\/ro\/wp-json\/wp\/v2\/pages"}],"about":[{"href":"https:\/\/ohmytuft.com\/ro\/wp-json\/wp\/v2\/types\/page"}],"author":[{"embeddable":true,"href":"https:\/\/ohmytuft.com\/ro\/wp-json\/wp\/v2\/users\/3"}],"replies":[{"embeddable":true,"href":"https:\/\/ohmytuft.com\/ro\/wp-json\/wp\/v2\/comments?post=6653"}],"version-history":[{"count":0,"href":"https:\/\/ohmytuft.com\/ro\/wp-json\/wp\/v2\/pages\/6653\/revisions"}],"wp:attachment":[{"href":"https:\/\/ohmytuft.com\/ro\/wp-json\/wp\/v2\/media?parent=6653"}],"curies":[{"name":"wp","href":"https:\/\/api.w.org\/{rel}","templated":true}]}}