{"id":6889,"date":"2024-01-07T14:38:37","date_gmt":"2024-01-07T14:38:37","guid":{"rendered":"https:\/\/ohmytuft.com\/product\/kit-de-design-cowboy\/"},"modified":"2024-01-07T14:38:37","modified_gmt":"2024-01-07T14:38:37","slug":"kit-de-design-cowboy","status":"publish","type":"product","link":"https:\/\/ohmytuft.com\/ro\/produs\/kit-de-design-cowboy\/","title":{"rendered":"Kit de design &#8211; Cowboy"},"content":{"rendered":"<p>Tot ce ave\u021bi nevoie pentru a v\u0103 crea covorul \u00eentr-un singur kit. \u00cen fiecare lun\u0103 \u00eenc\u0103rc\u0103m noi modele, astfel \u00eenc\u00e2t s\u0103 pute\u021bi crea proiecte concepute de noi.<\/p>\n<p>Dac\u0103 ave\u021bi \u00eentreb\u0103ri, <strong>v\u0103 rug\u0103m s\u0103 ne contacta\u021bi<\/strong>.<\/p>\n","protected":false},"excerpt":{"rendered":"<p>Kitul include tot ce ai nevoie pentru a crea covorul t\u0103u de cowboy \ud83d\ude09<\/p>\n<ul>\n<li>Fir acrilic pentru covoare con 250g &#8211; Orange<\/li>\n<li>Fir acrilic pentru covoare con 250g &#8211; negru<\/li>\n<li>Fir acrilic pentru covoare con 250g &#8211; alb<\/li>\n<\/ul>\n<p>Op\u021bional, pute\u021bi ad\u0103uga o c\u00e2rp\u0103 de tu\u0219.<\/p>\n","protected":false},"featured_media":6897,"comment_status":"open","ping_status":"closed","template":"","meta":{"_joinchat":[]},"product_brand":[],"product_cat":[369],"product_tag":[],"class_list":{"0":"post-6889","1":"product","2":"type-product","3":"status-publish","4":"has-post-thumbnail","6":"product_cat-modele","8":"first","9":"instock","10":"taxable","11":"shipping-taxable","12":"purchasable","13":"product-type-variable"},"yoast_head":"<!-- This site is optimized with the Yoast SEO plugin v27.2 - https:\/\/yoast.com\/product\/yoast-seo-wordpress\/ -->\n<title>Kit de design - Cowboy - Ohmytuft.com<\/title>\n<meta name=\"robots\" content=\"index, follow, max-snippet:-1, max-image-preview:large, max-video-preview:-1\" \/>\n<link rel=\"canonical\" href=\"https:\/\/ohmytuft.com\/ro\/produs\/kit-de-design-cowboy\/\" \/>\n<meta property=\"og:locale\" content=\"ro_RO\" \/>\n<meta property=\"og:type\" content=\"article\" \/>\n<meta property=\"og:title\" content=\"Kit de design - Cowboy - Ohmytuft.com\" \/>\n<meta property=\"og:description\" content=\"Kitul include tot ce ai nevoie pentru a crea covorul t\u0103u de cowboy ;)  Fir acrilic pentru covoare con 250g - Orange  Fir acrilic pentru covoare con 250g - negru  Fir acrilic pentru covoare con 250g - alb Op\u021bional, pute\u021bi ad\u0103uga o c\u00e2rp\u0103 de tu\u0219.\" \/>\n<meta property=\"og:url\" content=\"https:\/\/ohmytuft.com\/ro\/produs\/kit-de-design-cowboy\/\" \/>\n<meta property=\"og:site_name\" content=\"Ohmytuft.com\" \/>\n<meta property=\"og:image\" content=\"https:\/\/ohmytuft.com\/wp-content\/uploads\/2024\/01\/diseno-tufting-oeste.jpeg\" \/>\n\t<meta property=\"og:image:width\" content=\"900\" \/>\n\t<meta property=\"og:image:height\" content=\"1029\" \/>\n\t<meta property=\"og:image:type\" content=\"image\/jpeg\" \/>\n<meta name=\"twitter:card\" content=\"summary_large_image\" \/>\n<script type=\"application\/ld+json\" class=\"yoast-schema-graph\">{\"@context\":\"https:\/\/schema.org\",\"@graph\":[{\"@type\":\"WebPage\",\"@id\":\"https:\/\/ohmytuft.com\/ro\/produs\/kit-de-design-cowboy\/\",\"url\":\"https:\/\/ohmytuft.com\/ro\/produs\/kit-de-design-cowboy\/\",\"name\":\"Kit de design - Cowboy - Ohmytuft.com\",\"isPartOf\":{\"@id\":\"https:\/\/ohmytuft.com\/ro\/#website\"},\"primaryImageOfPage\":{\"@id\":\"https:\/\/ohmytuft.com\/ro\/produs\/kit-de-design-cowboy\/#primaryimage\"},\"image\":{\"@id\":\"https:\/\/ohmytuft.com\/ro\/produs\/kit-de-design-cowboy\/#primaryimage\"},\"thumbnailUrl\":\"https:\/\/ohmytuft.com\/wp-content\/uploads\/2024\/01\/diseno-tufting-oeste.jpeg\",\"datePublished\":\"2024-01-07T14:38:37+00:00\",\"breadcrumb\":{\"@id\":\"https:\/\/ohmytuft.com\/ro\/produs\/kit-de-design-cowboy\/#breadcrumb\"},\"inLanguage\":\"ro-RO\",\"potentialAction\":[{\"@type\":\"ReadAction\",\"target\":[\"https:\/\/ohmytuft.com\/ro\/produs\/kit-de-design-cowboy\/\"]}]},{\"@type\":\"ImageObject\",\"inLanguage\":\"ro-RO\",\"@id\":\"https:\/\/ohmytuft.com\/ro\/produs\/kit-de-design-cowboy\/#primaryimage\",\"url\":\"https:\/\/ohmytuft.com\/wp-content\/uploads\/2024\/01\/diseno-tufting-oeste.jpeg\",\"contentUrl\":\"https:\/\/ohmytuft.com\/wp-content\/uploads\/2024\/01\/diseno-tufting-oeste.jpeg\",\"width\":900,\"height\":1029},{\"@type\":\"BreadcrumbList\",\"@id\":\"https:\/\/ohmytuft.com\/ro\/produs\/kit-de-design-cowboy\/#breadcrumb\",\"itemListElement\":[{\"@type\":\"ListItem\",\"position\":1,\"name\":\"Home\",\"item\":\"https:\/\/ohmytuft.com\/ro\/\"},{\"@type\":\"ListItem\",\"position\":2,\"name\":\"Magazin\",\"item\":\"https:\/\/ohmytuft.com\/ro\/magazin\/\"},{\"@type\":\"ListItem\",\"position\":3,\"name\":\"Kit de design &#8211; Cowboy\"}]},{\"@type\":\"WebSite\",\"@id\":\"https:\/\/ohmytuft.com\/ro\/#website\",\"url\":\"https:\/\/ohmytuft.com\/ro\/\",\"name\":\"Oh my tuft\",\"description\":\"Oh my tuft\",\"publisher\":{\"@id\":\"https:\/\/ohmytuft.com\/ro\/#organization\"},\"potentialAction\":[{\"@type\":\"SearchAction\",\"target\":{\"@type\":\"EntryPoint\",\"urlTemplate\":\"https:\/\/ohmytuft.com\/ro\/?s={search_term_string}\"},\"query-input\":{\"@type\":\"PropertyValueSpecification\",\"valueRequired\":true,\"valueName\":\"search_term_string\"}}],\"inLanguage\":\"ro-RO\"},{\"@type\":\"Organization\",\"@id\":\"https:\/\/ohmytuft.com\/ro\/#organization\",\"name\":\"Oh my tuft\",\"url\":\"https:\/\/ohmytuft.com\/ro\/\",\"logo\":{\"@type\":\"ImageObject\",\"inLanguage\":\"ro-RO\",\"@id\":\"https:\/\/ohmytuft.com\/ro\/#\/schema\/logo\/image\/\",\"url\":\"https:\/\/ohmytuft.com\/wp-content\/uploads\/2021\/02\/WEB-20.png\",\"contentUrl\":\"https:\/\/ohmytuft.com\/wp-content\/uploads\/2021\/02\/WEB-20.png\",\"width\":2085,\"height\":764,\"caption\":\"Oh my tuft\"},\"image\":{\"@id\":\"https:\/\/ohmytuft.com\/ro\/#\/schema\/logo\/image\/\"},\"sameAs\":[\"https:\/\/www.instagram.com\/tuftinggunsupplies\/\",\"https:\/\/www.tiktok.com\/@tuftinggun\"]}]}<\/script>\n<!-- \/ Yoast SEO plugin. -->","yoast_head_json":{"title":"Kit de design - Cowboy - Ohmytuft.com","robots":{"index":"index","follow":"follow","max-snippet":"max-snippet:-1","max-image-preview":"max-image-preview:large","max-video-preview":"max-video-preview:-1"},"canonical":"https:\/\/ohmytuft.com\/ro\/produs\/kit-de-design-cowboy\/","og_locale":"ro_RO","og_type":"article","og_title":"Kit de design - Cowboy - Ohmytuft.com","og_description":"Kitul include tot ce ai nevoie pentru a crea covorul t\u0103u de cowboy ;)  Fir acrilic pentru covoare con 250g - Orange  Fir acrilic pentru covoare con 250g - negru  Fir acrilic pentru covoare con 250g - alb Op\u021bional, pute\u021bi ad\u0103uga o c\u00e2rp\u0103 de tu\u0219.","og_url":"https:\/\/ohmytuft.com\/ro\/produs\/kit-de-design-cowboy\/","og_site_name":"Ohmytuft.com","og_image":[{"width":900,"height":1029,"url":"https:\/\/ohmytuft.com\/wp-content\/uploads\/2024\/01\/diseno-tufting-oeste.jpeg","type":"image\/jpeg"}],"twitter_card":"summary_large_image","schema":{"@context":"https:\/\/schema.org","@graph":[{"@type":"WebPage","@id":"https:\/\/ohmytuft.com\/ro\/produs\/kit-de-design-cowboy\/","url":"https:\/\/ohmytuft.com\/ro\/produs\/kit-de-design-cowboy\/","name":"Kit de design - Cowboy - Ohmytuft.com","isPartOf":{"@id":"https:\/\/ohmytuft.com\/ro\/#website"},"primaryImageOfPage":{"@id":"https:\/\/ohmytuft.com\/ro\/produs\/kit-de-design-cowboy\/#primaryimage"},"image":{"@id":"https:\/\/ohmytuft.com\/ro\/produs\/kit-de-design-cowboy\/#primaryimage"},"thumbnailUrl":"https:\/\/ohmytuft.com\/wp-content\/uploads\/2024\/01\/diseno-tufting-oeste.jpeg","datePublished":"2024-01-07T14:38:37+00:00","breadcrumb":{"@id":"https:\/\/ohmytuft.com\/ro\/produs\/kit-de-design-cowboy\/#breadcrumb"},"inLanguage":"ro-RO","potentialAction":[{"@type":"ReadAction","target":["https:\/\/ohmytuft.com\/ro\/produs\/kit-de-design-cowboy\/"]}]},{"@type":"ImageObject","inLanguage":"ro-RO","@id":"https:\/\/ohmytuft.com\/ro\/produs\/kit-de-design-cowboy\/#primaryimage","url":"https:\/\/ohmytuft.com\/wp-content\/uploads\/2024\/01\/diseno-tufting-oeste.jpeg","contentUrl":"https:\/\/ohmytuft.com\/wp-content\/uploads\/2024\/01\/diseno-tufting-oeste.jpeg","width":900,"height":1029},{"@type":"BreadcrumbList","@id":"https:\/\/ohmytuft.com\/ro\/produs\/kit-de-design-cowboy\/#breadcrumb","itemListElement":[{"@type":"ListItem","position":1,"name":"Home","item":"https:\/\/ohmytuft.com\/ro\/"},{"@type":"ListItem","position":2,"name":"Magazin","item":"https:\/\/ohmytuft.com\/ro\/magazin\/"},{"@type":"ListItem","position":3,"name":"Kit de design &#8211; Cowboy"}]},{"@type":"WebSite","@id":"https:\/\/ohmytuft.com\/ro\/#website","url":"https:\/\/ohmytuft.com\/ro\/","name":"Oh my tuft","description":"Oh my tuft","publisher":{"@id":"https:\/\/ohmytuft.com\/ro\/#organization"},"potentialAction":[{"@type":"SearchAction","target":{"@type":"EntryPoint","urlTemplate":"https:\/\/ohmytuft.com\/ro\/?s={search_term_string}"},"query-input":{"@type":"PropertyValueSpecification","valueRequired":true,"valueName":"search_term_string"}}],"inLanguage":"ro-RO"},{"@type":"Organization","@id":"https:\/\/ohmytuft.com\/ro\/#organization","name":"Oh my tuft","url":"https:\/\/ohmytuft.com\/ro\/","logo":{"@type":"ImageObject","inLanguage":"ro-RO","@id":"https:\/\/ohmytuft.com\/ro\/#\/schema\/logo\/image\/","url":"https:\/\/ohmytuft.com\/wp-content\/uploads\/2021\/02\/WEB-20.png","contentUrl":"https:\/\/ohmytuft.com\/wp-content\/uploads\/2021\/02\/WEB-20.png","width":2085,"height":764,"caption":"Oh my tuft"},"image":{"@id":"https:\/\/ohmytuft.com\/ro\/#\/schema\/logo\/image\/"},"sameAs":["https:\/\/www.instagram.com\/tuftinggunsupplies\/","https:\/\/www.tiktok.com\/@tuftinggun"]}]}},"_links":{"self":[{"href":"https:\/\/ohmytuft.com\/ro\/wp-json\/wp\/v2\/product\/6889","targetHints":{"allow":["GET"]}}],"collection":[{"href":"https:\/\/ohmytuft.com\/ro\/wp-json\/wp\/v2\/product"}],"about":[{"href":"https:\/\/ohmytuft.com\/ro\/wp-json\/wp\/v2\/types\/product"}],"replies":[{"embeddable":true,"href":"https:\/\/ohmytuft.com\/ro\/wp-json\/wp\/v2\/comments?post=6889"}],"wp:featuredmedia":[{"embeddable":true,"href":"https:\/\/ohmytuft.com\/ro\/wp-json\/wp\/v2\/media\/6897"}],"wp:attachment":[{"href":"https:\/\/ohmytuft.com\/ro\/wp-json\/wp\/v2\/media?parent=6889"}],"wp:term":[{"taxonomy":"product_brand","embeddable":true,"href":"https:\/\/ohmytuft.com\/ro\/wp-json\/wp\/v2\/product_brand?post=6889"},{"taxonomy":"product_cat","embeddable":true,"href":"https:\/\/ohmytuft.com\/ro\/wp-json\/wp\/v2\/product_cat?post=6889"},{"taxonomy":"product_tag","embeddable":true,"href":"https:\/\/ohmytuft.com\/ro\/wp-json\/wp\/v2\/product_tag?post=6889"}],"curies":[{"name":"wp","href":"https:\/\/api.w.org\/{rel}","templated":true}]}}