{"id":6996,"date":"2023-07-10T09:59:16","date_gmt":"2023-07-10T09:59:16","guid":{"rendered":"https:\/\/ohmytuft.com\/product\/tufting-cadru-de-masa-tufting-tabletop\/"},"modified":"2023-07-10T09:59:16","modified_gmt":"2023-07-10T09:59:16","slug":"tufting-cadru-de-masa-tufting-tabletop","status":"publish","type":"product","link":"https:\/\/ohmytuft.com\/ro\/produs\/tufting-cadru-de-masa-tufting-tabletop\/","title":{"rendered":"Tufting cadru de mas\u0103 Tufting tabletop"},"content":{"rendered":"","protected":false},"excerpt":{"rendered":"<p>O ram\u0103 de tu\u0219 perfect pentru \u00eenceput, aceasta este o pies\u0103 din lemn care va rezista \u00een stare perfect\u0103 pentru o perioad\u0103 lung\u0103 de timp.<\/p>\n","protected":false},"featured_media":8871,"comment_status":"open","ping_status":"closed","template":"","meta":{"_joinchat":[]},"product_brand":[],"product_cat":[377,388],"product_tag":[],"class_list":{"0":"post-6996","1":"product","2":"type-product","3":"status-publish","4":"has-post-thumbnail","6":"product_cat-accesorii-tufting","7":"product_cat-cadru-tufting","9":"first","10":"outofstock","11":"taxable","12":"shipping-taxable","13":"purchasable","14":"product-type-simple"},"yoast_head":"<!-- This site is optimized with the Yoast SEO plugin v27.2 - https:\/\/yoast.com\/product\/yoast-seo-wordpress\/ -->\n<title>Tufting cadru de mas\u0103 Tufting tabletop - Ohmytuft.com<\/title>\n<meta name=\"robots\" content=\"index, follow, max-snippet:-1, max-image-preview:large, max-video-preview:-1\" \/>\n<link rel=\"canonical\" href=\"https:\/\/ohmytuft.com\/ro\/produs\/tufting-cadru-de-masa-tufting-tabletop\/\" \/>\n<meta property=\"og:locale\" content=\"ro_RO\" \/>\n<meta property=\"og:type\" content=\"article\" \/>\n<meta property=\"og:title\" content=\"Tufting cadru de mas\u0103 Tufting tabletop - Ohmytuft.com\" \/>\n<meta property=\"og:description\" content=\"O ram\u0103 de tu\u0219 perfect pentru \u00eenceput, aceasta este o pies\u0103 din lemn care va rezista \u00een stare perfect\u0103 pentru o perioad\u0103 lung\u0103 de timp.\" \/>\n<meta property=\"og:url\" content=\"https:\/\/ohmytuft.com\/ro\/produs\/tufting-cadru-de-masa-tufting-tabletop\/\" \/>\n<meta property=\"og:site_name\" content=\"Ohmytuft.com\" \/>\n<meta property=\"og:image\" content=\"https:\/\/ohmytuft.com\/wp-content\/uploads\/2023\/07\/bastidor-tufting.jpeg\" \/>\n\t<meta property=\"og:image:width\" content=\"896\" \/>\n\t<meta property=\"og:image:height\" content=\"958\" \/>\n\t<meta property=\"og:image:type\" content=\"image\/jpeg\" \/>\n<meta name=\"twitter:card\" content=\"summary_large_image\" \/>\n<script type=\"application\/ld+json\" class=\"yoast-schema-graph\">{\"@context\":\"https:\/\/schema.org\",\"@graph\":[{\"@type\":\"WebPage\",\"@id\":\"https:\/\/ohmytuft.com\/ro\/produs\/tufting-cadru-de-masa-tufting-tabletop\/\",\"url\":\"https:\/\/ohmytuft.com\/ro\/produs\/tufting-cadru-de-masa-tufting-tabletop\/\",\"name\":\"Tufting cadru de mas\u0103 Tufting tabletop - Ohmytuft.com\",\"isPartOf\":{\"@id\":\"https:\/\/ohmytuft.com\/ro\/#website\"},\"primaryImageOfPage\":{\"@id\":\"https:\/\/ohmytuft.com\/ro\/produs\/tufting-cadru-de-masa-tufting-tabletop\/#primaryimage\"},\"image\":{\"@id\":\"https:\/\/ohmytuft.com\/ro\/produs\/tufting-cadru-de-masa-tufting-tabletop\/#primaryimage\"},\"thumbnailUrl\":\"https:\/\/ohmytuft.com\/wp-content\/uploads\/2023\/07\/tufting-frame.avif\",\"datePublished\":\"2023-07-10T09:59:16+00:00\",\"breadcrumb\":{\"@id\":\"https:\/\/ohmytuft.com\/ro\/produs\/tufting-cadru-de-masa-tufting-tabletop\/#breadcrumb\"},\"inLanguage\":\"ro-RO\",\"potentialAction\":[{\"@type\":\"ReadAction\",\"target\":[\"https:\/\/ohmytuft.com\/ro\/produs\/tufting-cadru-de-masa-tufting-tabletop\/\"]}]},{\"@type\":\"ImageObject\",\"inLanguage\":\"ro-RO\",\"@id\":\"https:\/\/ohmytuft.com\/ro\/produs\/tufting-cadru-de-masa-tufting-tabletop\/#primaryimage\",\"url\":\"https:\/\/ohmytuft.com\/wp-content\/uploads\/2023\/07\/tufting-frame.avif\",\"contentUrl\":\"https:\/\/ohmytuft.com\/wp-content\/uploads\/2023\/07\/tufting-frame.avif\",\"width\":621,\"height\":640,\"caption\":\"tufting frame\"},{\"@type\":\"BreadcrumbList\",\"@id\":\"https:\/\/ohmytuft.com\/ro\/produs\/tufting-cadru-de-masa-tufting-tabletop\/#breadcrumb\",\"itemListElement\":[{\"@type\":\"ListItem\",\"position\":1,\"name\":\"Home\",\"item\":\"https:\/\/ohmytuft.com\/ro\/\"},{\"@type\":\"ListItem\",\"position\":2,\"name\":\"Magazin\",\"item\":\"https:\/\/ohmytuft.com\/ro\/magazin\/\"},{\"@type\":\"ListItem\",\"position\":3,\"name\":\"Tufting cadru de mas\u0103 Tufting tabletop\"}]},{\"@type\":\"WebSite\",\"@id\":\"https:\/\/ohmytuft.com\/ro\/#website\",\"url\":\"https:\/\/ohmytuft.com\/ro\/\",\"name\":\"Oh my tuft\",\"description\":\"Oh my tuft\",\"publisher\":{\"@id\":\"https:\/\/ohmytuft.com\/ro\/#organization\"},\"potentialAction\":[{\"@type\":\"SearchAction\",\"target\":{\"@type\":\"EntryPoint\",\"urlTemplate\":\"https:\/\/ohmytuft.com\/ro\/?s={search_term_string}\"},\"query-input\":{\"@type\":\"PropertyValueSpecification\",\"valueRequired\":true,\"valueName\":\"search_term_string\"}}],\"inLanguage\":\"ro-RO\"},{\"@type\":\"Organization\",\"@id\":\"https:\/\/ohmytuft.com\/ro\/#organization\",\"name\":\"Oh my tuft\",\"url\":\"https:\/\/ohmytuft.com\/ro\/\",\"logo\":{\"@type\":\"ImageObject\",\"inLanguage\":\"ro-RO\",\"@id\":\"https:\/\/ohmytuft.com\/ro\/#\/schema\/logo\/image\/\",\"url\":\"https:\/\/ohmytuft.com\/wp-content\/uploads\/2021\/02\/WEB-20.png\",\"contentUrl\":\"https:\/\/ohmytuft.com\/wp-content\/uploads\/2021\/02\/WEB-20.png\",\"width\":2085,\"height\":764,\"caption\":\"Oh my tuft\"},\"image\":{\"@id\":\"https:\/\/ohmytuft.com\/ro\/#\/schema\/logo\/image\/\"},\"sameAs\":[\"https:\/\/www.instagram.com\/tuftinggunsupplies\/\",\"https:\/\/www.tiktok.com\/@tuftinggun\"]}]}<\/script>\n<!-- \/ Yoast SEO plugin. -->","yoast_head_json":{"title":"Tufting cadru de mas\u0103 Tufting tabletop - Ohmytuft.com","robots":{"index":"index","follow":"follow","max-snippet":"max-snippet:-1","max-image-preview":"max-image-preview:large","max-video-preview":"max-video-preview:-1"},"canonical":"https:\/\/ohmytuft.com\/ro\/produs\/tufting-cadru-de-masa-tufting-tabletop\/","og_locale":"ro_RO","og_type":"article","og_title":"Tufting cadru de mas\u0103 Tufting tabletop - Ohmytuft.com","og_description":"O ram\u0103 de tu\u0219 perfect pentru \u00eenceput, aceasta este o pies\u0103 din lemn care va rezista \u00een stare perfect\u0103 pentru o perioad\u0103 lung\u0103 de timp.","og_url":"https:\/\/ohmytuft.com\/ro\/produs\/tufting-cadru-de-masa-tufting-tabletop\/","og_site_name":"Ohmytuft.com","og_image":[{"width":896,"height":958,"url":"https:\/\/ohmytuft.com\/wp-content\/uploads\/2023\/07\/bastidor-tufting.jpeg","type":"image\/jpeg"}],"twitter_card":"summary_large_image","schema":{"@context":"https:\/\/schema.org","@graph":[{"@type":"WebPage","@id":"https:\/\/ohmytuft.com\/ro\/produs\/tufting-cadru-de-masa-tufting-tabletop\/","url":"https:\/\/ohmytuft.com\/ro\/produs\/tufting-cadru-de-masa-tufting-tabletop\/","name":"Tufting cadru de mas\u0103 Tufting tabletop - Ohmytuft.com","isPartOf":{"@id":"https:\/\/ohmytuft.com\/ro\/#website"},"primaryImageOfPage":{"@id":"https:\/\/ohmytuft.com\/ro\/produs\/tufting-cadru-de-masa-tufting-tabletop\/#primaryimage"},"image":{"@id":"https:\/\/ohmytuft.com\/ro\/produs\/tufting-cadru-de-masa-tufting-tabletop\/#primaryimage"},"thumbnailUrl":"https:\/\/ohmytuft.com\/wp-content\/uploads\/2023\/07\/tufting-frame.avif","datePublished":"2023-07-10T09:59:16+00:00","breadcrumb":{"@id":"https:\/\/ohmytuft.com\/ro\/produs\/tufting-cadru-de-masa-tufting-tabletop\/#breadcrumb"},"inLanguage":"ro-RO","potentialAction":[{"@type":"ReadAction","target":["https:\/\/ohmytuft.com\/ro\/produs\/tufting-cadru-de-masa-tufting-tabletop\/"]}]},{"@type":"ImageObject","inLanguage":"ro-RO","@id":"https:\/\/ohmytuft.com\/ro\/produs\/tufting-cadru-de-masa-tufting-tabletop\/#primaryimage","url":"https:\/\/ohmytuft.com\/wp-content\/uploads\/2023\/07\/tufting-frame.avif","contentUrl":"https:\/\/ohmytuft.com\/wp-content\/uploads\/2023\/07\/tufting-frame.avif","width":621,"height":640,"caption":"tufting frame"},{"@type":"BreadcrumbList","@id":"https:\/\/ohmytuft.com\/ro\/produs\/tufting-cadru-de-masa-tufting-tabletop\/#breadcrumb","itemListElement":[{"@type":"ListItem","position":1,"name":"Home","item":"https:\/\/ohmytuft.com\/ro\/"},{"@type":"ListItem","position":2,"name":"Magazin","item":"https:\/\/ohmytuft.com\/ro\/magazin\/"},{"@type":"ListItem","position":3,"name":"Tufting cadru de mas\u0103 Tufting tabletop"}]},{"@type":"WebSite","@id":"https:\/\/ohmytuft.com\/ro\/#website","url":"https:\/\/ohmytuft.com\/ro\/","name":"Oh my tuft","description":"Oh my tuft","publisher":{"@id":"https:\/\/ohmytuft.com\/ro\/#organization"},"potentialAction":[{"@type":"SearchAction","target":{"@type":"EntryPoint","urlTemplate":"https:\/\/ohmytuft.com\/ro\/?s={search_term_string}"},"query-input":{"@type":"PropertyValueSpecification","valueRequired":true,"valueName":"search_term_string"}}],"inLanguage":"ro-RO"},{"@type":"Organization","@id":"https:\/\/ohmytuft.com\/ro\/#organization","name":"Oh my tuft","url":"https:\/\/ohmytuft.com\/ro\/","logo":{"@type":"ImageObject","inLanguage":"ro-RO","@id":"https:\/\/ohmytuft.com\/ro\/#\/schema\/logo\/image\/","url":"https:\/\/ohmytuft.com\/wp-content\/uploads\/2021\/02\/WEB-20.png","contentUrl":"https:\/\/ohmytuft.com\/wp-content\/uploads\/2021\/02\/WEB-20.png","width":2085,"height":764,"caption":"Oh my tuft"},"image":{"@id":"https:\/\/ohmytuft.com\/ro\/#\/schema\/logo\/image\/"},"sameAs":["https:\/\/www.instagram.com\/tuftinggunsupplies\/","https:\/\/www.tiktok.com\/@tuftinggun"]}]}},"_links":{"self":[{"href":"https:\/\/ohmytuft.com\/ro\/wp-json\/wp\/v2\/product\/6996","targetHints":{"allow":["GET"]}}],"collection":[{"href":"https:\/\/ohmytuft.com\/ro\/wp-json\/wp\/v2\/product"}],"about":[{"href":"https:\/\/ohmytuft.com\/ro\/wp-json\/wp\/v2\/types\/product"}],"replies":[{"embeddable":true,"href":"https:\/\/ohmytuft.com\/ro\/wp-json\/wp\/v2\/comments?post=6996"}],"wp:featuredmedia":[{"embeddable":true,"href":"https:\/\/ohmytuft.com\/ro\/wp-json\/wp\/v2\/media\/8871"}],"wp:attachment":[{"href":"https:\/\/ohmytuft.com\/ro\/wp-json\/wp\/v2\/media?parent=6996"}],"wp:term":[{"taxonomy":"product_brand","embeddable":true,"href":"https:\/\/ohmytuft.com\/ro\/wp-json\/wp\/v2\/product_brand?post=6996"},{"taxonomy":"product_cat","embeddable":true,"href":"https:\/\/ohmytuft.com\/ro\/wp-json\/wp\/v2\/product_cat?post=6996"},{"taxonomy":"product_tag","embeddable":true,"href":"https:\/\/ohmytuft.com\/ro\/wp-json\/wp\/v2\/product_tag?post=6996"}],"curies":[{"name":"wp","href":"https:\/\/api.w.org\/{rel}","templated":true}]}}