{"id":7037,"date":"2023-06-08T10:49:43","date_gmt":"2023-06-08T10:49:43","guid":{"rendered":"https:\/\/ohmytuft.com\/product\/tufting-starter-pack-taiat-gramada\/"},"modified":"2024-04-06T12:05:06","modified_gmt":"2024-04-06T12:05:06","slug":"tufting-starter-pack-taiat-gramada","status":"publish","type":"product","link":"https:\/\/ohmytuft.com\/ro\/produs\/tufting-starter-pack-taiat-gramada\/","title":{"rendered":"Tufting Starter Pack &#8211; T\u0103iat gramada"},"content":{"rendered":"<p>Tot ce ai nevoie pentru a \u00eencepe cu noul t\u0103u hobby. \u00cendr\u0103zni\u021bi s\u0103 \u00eencerca\u021bi tufting cu pachetele noastre de reduceri.<\/p>\n<p>Transporturi ieftine \u00een toat\u0103 Europa. Dac\u0103 ave\u021bi vreo \u00eendoial\u0103, \u00eentreba\u021bi!<\/p>\n","protected":false},"excerpt":{"rendered":"<p>Cel mai economic mod de a \u00eencerca <strong>tufting<\/strong>!<\/p>\n<p>Pachetul include:<\/p>\n<ul>\n<li>M\u00e2n\u0103 tufting pistol AK-1 &#8211; T\u0103iat gramada<\/li>\n<li>P\u00e2nz\u0103 de suport &#8211; 200&#215;200<\/li>\n<li>P\u00e2nz\u0103 primar\u0103 &#8211; 200&#215;200<\/li>\n<li>Foarfec\u0103 cu v\u00e2rf de ra\u021b\u0103<\/li>\n<\/ul>\n","protected":false},"featured_media":7038,"comment_status":"open","ping_status":"closed","template":"","meta":{"_joinchat":[]},"product_brand":[],"product_cat":[382],"product_tag":[],"class_list":{"0":"post-7037","1":"product","2":"type-product","3":"status-publish","4":"has-post-thumbnail","6":"product_cat-tufting-kits-ro","8":"first","9":"instock","10":"sale","11":"taxable","12":"shipping-taxable","13":"purchasable","14":"product-type-simple"},"yoast_head":"<!-- This site is optimized with the Yoast SEO plugin v27.2 - https:\/\/yoast.com\/product\/yoast-seo-wordpress\/ -->\n<title>Tufting Starter Pack - T\u0103iat gramada - Ohmytuft.com<\/title>\n<meta name=\"robots\" content=\"index, follow, max-snippet:-1, max-image-preview:large, max-video-preview:-1\" \/>\n<link rel=\"canonical\" href=\"https:\/\/ohmytuft.com\/ro\/produs\/tufting-starter-pack-taiat-gramada\/\" \/>\n<meta property=\"og:locale\" content=\"ro_RO\" \/>\n<meta property=\"og:type\" content=\"article\" \/>\n<meta property=\"og:title\" content=\"Tufting Starter Pack - T\u0103iat gramada - Ohmytuft.com\" \/>\n<meta property=\"og:description\" content=\"Cel mai economic mod de a \u00eencerca tufting!  Pachetul include:   M\u00e2n\u0103 tufting pistol AK-1 - T\u0103iat gramada  P\u00e2nz\u0103 de suport - 200x200  P\u00e2nz\u0103 primar\u0103 - 200x200  Foarfec\u0103 cu v\u00e2rf de ra\u021b\u0103\" \/>\n<meta property=\"og:url\" content=\"https:\/\/ohmytuft.com\/ro\/produs\/tufting-starter-pack-taiat-gramada\/\" \/>\n<meta property=\"og:site_name\" content=\"Ohmytuft.com\" \/>\n<meta property=\"article:modified_time\" content=\"2024-04-06T12:05:06+00:00\" \/>\n<meta property=\"og:image\" content=\"https:\/\/ohmytuft.com\/wp-content\/uploads\/2023\/11\/Tufting-packs-04.jpg\" \/>\n\t<meta property=\"og:image:width\" content=\"900\" \/>\n\t<meta property=\"og:image:height\" content=\"900\" \/>\n\t<meta property=\"og:image:type\" content=\"image\/jpeg\" \/>\n<meta name=\"twitter:card\" content=\"summary_large_image\" \/>\n<script type=\"application\/ld+json\" class=\"yoast-schema-graph\">{\"@context\":\"https:\/\/schema.org\",\"@graph\":[{\"@type\":\"WebPage\",\"@id\":\"https:\/\/ohmytuft.com\/ro\/produs\/tufting-starter-pack-taiat-gramada\/\",\"url\":\"https:\/\/ohmytuft.com\/ro\/produs\/tufting-starter-pack-taiat-gramada\/\",\"name\":\"Tufting Starter Pack - T\u0103iat gramada - Ohmytuft.com\",\"isPartOf\":{\"@id\":\"https:\/\/ohmytuft.com\/ro\/#website\"},\"primaryImageOfPage\":{\"@id\":\"https:\/\/ohmytuft.com\/ro\/produs\/tufting-starter-pack-taiat-gramada\/#primaryimage\"},\"image\":{\"@id\":\"https:\/\/ohmytuft.com\/ro\/produs\/tufting-starter-pack-taiat-gramada\/#primaryimage\"},\"thumbnailUrl\":\"https:\/\/ohmytuft.com\/wp-content\/uploads\/2023\/11\/Tufting-packs-04.jpg\",\"datePublished\":\"2023-06-08T10:49:43+00:00\",\"dateModified\":\"2024-04-06T12:05:06+00:00\",\"breadcrumb\":{\"@id\":\"https:\/\/ohmytuft.com\/ro\/produs\/tufting-starter-pack-taiat-gramada\/#breadcrumb\"},\"inLanguage\":\"ro-RO\",\"potentialAction\":[{\"@type\":\"ReadAction\",\"target\":[\"https:\/\/ohmytuft.com\/ro\/produs\/tufting-starter-pack-taiat-gramada\/\"]}]},{\"@type\":\"ImageObject\",\"inLanguage\":\"ro-RO\",\"@id\":\"https:\/\/ohmytuft.com\/ro\/produs\/tufting-starter-pack-taiat-gramada\/#primaryimage\",\"url\":\"https:\/\/ohmytuft.com\/wp-content\/uploads\/2023\/11\/Tufting-packs-04.jpg\",\"contentUrl\":\"https:\/\/ohmytuft.com\/wp-content\/uploads\/2023\/11\/Tufting-packs-04.jpg\",\"width\":900,\"height\":900},{\"@type\":\"BreadcrumbList\",\"@id\":\"https:\/\/ohmytuft.com\/ro\/produs\/tufting-starter-pack-taiat-gramada\/#breadcrumb\",\"itemListElement\":[{\"@type\":\"ListItem\",\"position\":1,\"name\":\"Home\",\"item\":\"https:\/\/ohmytuft.com\/ro\/\"},{\"@type\":\"ListItem\",\"position\":2,\"name\":\"Magazin\",\"item\":\"https:\/\/ohmytuft.com\/ro\/magazin\/\"},{\"@type\":\"ListItem\",\"position\":3,\"name\":\"Tufting Starter Pack &#8211; T\u0103iat gramada\"}]},{\"@type\":\"WebSite\",\"@id\":\"https:\/\/ohmytuft.com\/ro\/#website\",\"url\":\"https:\/\/ohmytuft.com\/ro\/\",\"name\":\"Oh my tuft\",\"description\":\"Oh my tuft\",\"publisher\":{\"@id\":\"https:\/\/ohmytuft.com\/ro\/#organization\"},\"potentialAction\":[{\"@type\":\"SearchAction\",\"target\":{\"@type\":\"EntryPoint\",\"urlTemplate\":\"https:\/\/ohmytuft.com\/ro\/?s={search_term_string}\"},\"query-input\":{\"@type\":\"PropertyValueSpecification\",\"valueRequired\":true,\"valueName\":\"search_term_string\"}}],\"inLanguage\":\"ro-RO\"},{\"@type\":\"Organization\",\"@id\":\"https:\/\/ohmytuft.com\/ro\/#organization\",\"name\":\"Oh my tuft\",\"url\":\"https:\/\/ohmytuft.com\/ro\/\",\"logo\":{\"@type\":\"ImageObject\",\"inLanguage\":\"ro-RO\",\"@id\":\"https:\/\/ohmytuft.com\/ro\/#\/schema\/logo\/image\/\",\"url\":\"https:\/\/ohmytuft.com\/wp-content\/uploads\/2021\/02\/WEB-20.png\",\"contentUrl\":\"https:\/\/ohmytuft.com\/wp-content\/uploads\/2021\/02\/WEB-20.png\",\"width\":2085,\"height\":764,\"caption\":\"Oh my tuft\"},\"image\":{\"@id\":\"https:\/\/ohmytuft.com\/ro\/#\/schema\/logo\/image\/\"},\"sameAs\":[\"https:\/\/www.instagram.com\/tuftinggunsupplies\/\",\"https:\/\/www.tiktok.com\/@tuftinggun\"]}]}<\/script>\n<!-- \/ Yoast SEO plugin. -->","yoast_head_json":{"title":"Tufting Starter Pack - T\u0103iat gramada - Ohmytuft.com","robots":{"index":"index","follow":"follow","max-snippet":"max-snippet:-1","max-image-preview":"max-image-preview:large","max-video-preview":"max-video-preview:-1"},"canonical":"https:\/\/ohmytuft.com\/ro\/produs\/tufting-starter-pack-taiat-gramada\/","og_locale":"ro_RO","og_type":"article","og_title":"Tufting Starter Pack - T\u0103iat gramada - Ohmytuft.com","og_description":"Cel mai economic mod de a \u00eencerca tufting!  Pachetul include:   M\u00e2n\u0103 tufting pistol AK-1 - T\u0103iat gramada  P\u00e2nz\u0103 de suport - 200x200  P\u00e2nz\u0103 primar\u0103 - 200x200  Foarfec\u0103 cu v\u00e2rf de ra\u021b\u0103","og_url":"https:\/\/ohmytuft.com\/ro\/produs\/tufting-starter-pack-taiat-gramada\/","og_site_name":"Ohmytuft.com","article_modified_time":"2024-04-06T12:05:06+00:00","og_image":[{"width":900,"height":900,"url":"https:\/\/ohmytuft.com\/wp-content\/uploads\/2023\/11\/Tufting-packs-04.jpg","type":"image\/jpeg"}],"twitter_card":"summary_large_image","schema":{"@context":"https:\/\/schema.org","@graph":[{"@type":"WebPage","@id":"https:\/\/ohmytuft.com\/ro\/produs\/tufting-starter-pack-taiat-gramada\/","url":"https:\/\/ohmytuft.com\/ro\/produs\/tufting-starter-pack-taiat-gramada\/","name":"Tufting Starter Pack - T\u0103iat gramada - Ohmytuft.com","isPartOf":{"@id":"https:\/\/ohmytuft.com\/ro\/#website"},"primaryImageOfPage":{"@id":"https:\/\/ohmytuft.com\/ro\/produs\/tufting-starter-pack-taiat-gramada\/#primaryimage"},"image":{"@id":"https:\/\/ohmytuft.com\/ro\/produs\/tufting-starter-pack-taiat-gramada\/#primaryimage"},"thumbnailUrl":"https:\/\/ohmytuft.com\/wp-content\/uploads\/2023\/11\/Tufting-packs-04.jpg","datePublished":"2023-06-08T10:49:43+00:00","dateModified":"2024-04-06T12:05:06+00:00","breadcrumb":{"@id":"https:\/\/ohmytuft.com\/ro\/produs\/tufting-starter-pack-taiat-gramada\/#breadcrumb"},"inLanguage":"ro-RO","potentialAction":[{"@type":"ReadAction","target":["https:\/\/ohmytuft.com\/ro\/produs\/tufting-starter-pack-taiat-gramada\/"]}]},{"@type":"ImageObject","inLanguage":"ro-RO","@id":"https:\/\/ohmytuft.com\/ro\/produs\/tufting-starter-pack-taiat-gramada\/#primaryimage","url":"https:\/\/ohmytuft.com\/wp-content\/uploads\/2023\/11\/Tufting-packs-04.jpg","contentUrl":"https:\/\/ohmytuft.com\/wp-content\/uploads\/2023\/11\/Tufting-packs-04.jpg","width":900,"height":900},{"@type":"BreadcrumbList","@id":"https:\/\/ohmytuft.com\/ro\/produs\/tufting-starter-pack-taiat-gramada\/#breadcrumb","itemListElement":[{"@type":"ListItem","position":1,"name":"Home","item":"https:\/\/ohmytuft.com\/ro\/"},{"@type":"ListItem","position":2,"name":"Magazin","item":"https:\/\/ohmytuft.com\/ro\/magazin\/"},{"@type":"ListItem","position":3,"name":"Tufting Starter Pack &#8211; T\u0103iat gramada"}]},{"@type":"WebSite","@id":"https:\/\/ohmytuft.com\/ro\/#website","url":"https:\/\/ohmytuft.com\/ro\/","name":"Oh my tuft","description":"Oh my tuft","publisher":{"@id":"https:\/\/ohmytuft.com\/ro\/#organization"},"potentialAction":[{"@type":"SearchAction","target":{"@type":"EntryPoint","urlTemplate":"https:\/\/ohmytuft.com\/ro\/?s={search_term_string}"},"query-input":{"@type":"PropertyValueSpecification","valueRequired":true,"valueName":"search_term_string"}}],"inLanguage":"ro-RO"},{"@type":"Organization","@id":"https:\/\/ohmytuft.com\/ro\/#organization","name":"Oh my tuft","url":"https:\/\/ohmytuft.com\/ro\/","logo":{"@type":"ImageObject","inLanguage":"ro-RO","@id":"https:\/\/ohmytuft.com\/ro\/#\/schema\/logo\/image\/","url":"https:\/\/ohmytuft.com\/wp-content\/uploads\/2021\/02\/WEB-20.png","contentUrl":"https:\/\/ohmytuft.com\/wp-content\/uploads\/2021\/02\/WEB-20.png","width":2085,"height":764,"caption":"Oh my tuft"},"image":{"@id":"https:\/\/ohmytuft.com\/ro\/#\/schema\/logo\/image\/"},"sameAs":["https:\/\/www.instagram.com\/tuftinggunsupplies\/","https:\/\/www.tiktok.com\/@tuftinggun"]}]}},"_links":{"self":[{"href":"https:\/\/ohmytuft.com\/ro\/wp-json\/wp\/v2\/product\/7037","targetHints":{"allow":["GET"]}}],"collection":[{"href":"https:\/\/ohmytuft.com\/ro\/wp-json\/wp\/v2\/product"}],"about":[{"href":"https:\/\/ohmytuft.com\/ro\/wp-json\/wp\/v2\/types\/product"}],"replies":[{"embeddable":true,"href":"https:\/\/ohmytuft.com\/ro\/wp-json\/wp\/v2\/comments?post=7037"}],"wp:featuredmedia":[{"embeddable":true,"href":"https:\/\/ohmytuft.com\/ro\/wp-json\/wp\/v2\/media\/7038"}],"wp:attachment":[{"href":"https:\/\/ohmytuft.com\/ro\/wp-json\/wp\/v2\/media?parent=7037"}],"wp:term":[{"taxonomy":"product_brand","embeddable":true,"href":"https:\/\/ohmytuft.com\/ro\/wp-json\/wp\/v2\/product_brand?post=7037"},{"taxonomy":"product_cat","embeddable":true,"href":"https:\/\/ohmytuft.com\/ro\/wp-json\/wp\/v2\/product_cat?post=7037"},{"taxonomy":"product_tag","embeddable":true,"href":"https:\/\/ohmytuft.com\/ro\/wp-json\/wp\/v2\/product_tag?post=7037"}],"curies":[{"name":"wp","href":"https:\/\/api.w.org\/{rel}","templated":true}]}}