{"id":7392,"date":"2024-03-14T08:51:57","date_gmt":"2024-03-14T08:51:57","guid":{"rendered":"https:\/\/ohmytuft.com\/product\/pistol-de-tufuit-manual-2-in-1-loop-cut\/"},"modified":"2022-03-14T08:51:57","modified_gmt":"2022-03-14T08:51:57","slug":"pistol-de-tufuit-manual-2-in-1-loop-cut","status":"publish","type":"product","link":"https:\/\/ohmytuft.com\/ro\/produs\/pistol-de-tufuit-manual-2-in-1-loop-cut\/","title":{"rendered":"Pistol de tufuit manual 2 \u00een 1 Loop &amp; Cut"},"content":{"rendered":"","protected":false},"excerpt":{"rendered":"<p><b>Electric m\u00e2n\u0103 tufting pistol de tufting 2-in-1 Bucla \u0219i t\u0103iat gramada.<\/b><\/p>\n<ul>\n<li>100- 240 V cu priz\u0103 Europlug<\/li>\n<li>\u00cen\u0103l\u021bime reglabil\u0103: 7-21 mm<\/li>\n<li>Greutate: 1,40 kg<\/li>\n<li>Vitez\u0103 reglabil\u0103: 5-40 cus\u0103turi\/sec \u0219i reglabil\u0103. Pute\u021bi controla viteza pentru detalii.<\/li>\n<li>Foarfec\u0103 schimbabil\u0103 Loop &amp; Cut<\/li>\n<li>Edi\u021bia neagr\u0103<\/li>\n<\/ul>\n<p>Acest aparat este u\u0219or de \u00eenv\u0103\u021bat \u0219i de utilizat. Tutoriale \u00een cur\u00e2nd!<br \/>\n\u00centre\u021binerea periodic\u0103 va asigura o durat\u0103 de via\u021b\u0103 mai lung\u0103 a sculei.<\/p>\n<p><strong>Cutia include:<\/strong><\/p>\n<ul>\n<li>Tufting Gun ma\u0219in\u0103 de pistol<\/li>\n<li>Adaptor AC\/DC cu fi\u0219\u0103 euro<\/li>\n<li>Unelte \u0219i \u0219uruburi pentru \u00eentre\u021binere<\/li>\n<li>\u00cenfilet\u0103tor de ace<\/li>\n<li>2 foarfeci de t\u0103iat + 1 foarfec\u0103 cu bucl\u0103<\/li>\n<\/ul>\n<p>Siguran\u021ba \u00eenainte de toate!<br \/>\nFolosi\u021bi protec\u021bie pentru ochi \u0219i auz.<br \/>\nEvita\u021bi uneltele \u0219i mecanismele.<br \/>\nOpri\u021bi aparatul c\u00e2nd nu \u00eel utiliza\u021bi.<\/p>\n","protected":false},"featured_media":6987,"comment_status":"open","ping_status":"closed","template":"","meta":{"_joinchat":[]},"product_brand":[],"product_cat":[397],"product_tag":[],"class_list":{"0":"post-7392","1":"product","2":"type-product","3":"status-publish","4":"has-post-thumbnail","6":"product_cat-tufting-pistoale","8":"first","9":"onbackorder","10":"sale","11":"taxable","12":"shipping-taxable","13":"purchasable","14":"product-type-simple"},"yoast_head":"<!-- This site is optimized with the Yoast SEO plugin v27.2 - https:\/\/yoast.com\/product\/yoast-seo-wordpress\/ -->\n<title>Pistol de tufuit manual 2 \u00een 1 Loop &amp; Cut - Ohmytuft.com<\/title>\n<meta name=\"robots\" content=\"index, follow, max-snippet:-1, max-image-preview:large, max-video-preview:-1\" \/>\n<link rel=\"canonical\" href=\"https:\/\/ohmytuft.com\/ro\/produs\/pistol-de-tufuit-manual-2-in-1-loop-cut\/\" \/>\n<meta property=\"og:locale\" content=\"ro_RO\" \/>\n<meta property=\"og:type\" content=\"article\" \/>\n<meta property=\"og:title\" content=\"Pistol de tufuit manual 2 \u00een 1 Loop &amp; Cut - Ohmytuft.com\" \/>\n<meta property=\"og:description\" content=\"Electric m\u00e2n\u0103 tufting pistol de tufting 2-in-1 Bucla \u0219i t\u0103iat gramada.  100- 240 V cu priz\u0103 Europlug  \u00cen\u0103l\u021bime reglabil\u0103: 7-21 mm  Greutate: 1,40 kg  Vitez\u0103 reglabil\u0103: 5-40 cus\u0103turi\/sec \u0219i reglabil\u0103. Pute\u021bi controla viteza pentru detalii.  Foarfec\u0103 schimbabil\u0103 Loop &amp; Cut  Edi\u021bia neagr\u0103 Acest aparat este u\u0219or de \u00eenv\u0103\u021bat \u0219i de utilizat. Tutoriale \u00een cur\u00e2nd! \u00centre\u021binerea periodic\u0103 va asigura o durat\u0103 de via\u021b\u0103 mai lung\u0103 a sculei. Cutia include:  Tufting Gun ma\u0219in\u0103 de pistol  Adaptor AC\/DC cu fi\u0219\u0103 euro  Unelte \u0219i \u0219uruburi pentru \u00eentre\u021binere  \u00cenfilet\u0103tor de ace  2 foarfeci de t\u0103iat + 1 foarfec\u0103 cu bucl\u0103 Siguran\u021ba \u00eenainte de toate! Folosi\u021bi protec\u021bie pentru ochi \u0219i auz. Evita\u021bi uneltele \u0219i mecanismele. Opri\u021bi aparatul c\u00e2nd nu \u00eel utiliza\u021bi.\" \/>\n<meta property=\"og:url\" content=\"https:\/\/ohmytuft.com\/ro\/produs\/pistol-de-tufuit-manual-2-in-1-loop-cut\/\" \/>\n<meta property=\"og:site_name\" content=\"Ohmytuft.com\" \/>\n<meta property=\"og:image\" content=\"https:\/\/ohmytuft.com\/wp-content\/uploads\/2022\/03\/tuftinggunsupplies_europe_tufting_gun_loop_cut_01.jpg\" \/>\n\t<meta property=\"og:image:width\" content=\"1200\" \/>\n\t<meta property=\"og:image:height\" content=\"1200\" \/>\n\t<meta property=\"og:image:type\" content=\"image\/jpeg\" \/>\n<meta name=\"twitter:card\" content=\"summary_large_image\" \/>\n<script type=\"application\/ld+json\" class=\"yoast-schema-graph\">{\"@context\":\"https:\/\/schema.org\",\"@graph\":[{\"@type\":\"WebPage\",\"@id\":\"https:\/\/ohmytuft.com\/ro\/produs\/pistol-de-tufuit-manual-2-in-1-loop-cut\/\",\"url\":\"https:\/\/ohmytuft.com\/ro\/produs\/pistol-de-tufuit-manual-2-in-1-loop-cut\/\",\"name\":\"Pistol de tufuit manual 2 \u00een 1 Loop &amp; Cut - Ohmytuft.com\",\"isPartOf\":{\"@id\":\"https:\/\/ohmytuft.com\/ro\/#website\"},\"primaryImageOfPage\":{\"@id\":\"https:\/\/ohmytuft.com\/ro\/produs\/pistol-de-tufuit-manual-2-in-1-loop-cut\/#primaryimage\"},\"image\":{\"@id\":\"https:\/\/ohmytuft.com\/ro\/produs\/pistol-de-tufuit-manual-2-in-1-loop-cut\/#primaryimage\"},\"thumbnailUrl\":\"https:\/\/ohmytuft.com\/wp-content\/uploads\/2022\/03\/tuftinggunsupplies_europe_tufting_gun_loop_cut_01.jpg\",\"datePublished\":\"2024-03-14T08:51:57+00:00\",\"breadcrumb\":{\"@id\":\"https:\/\/ohmytuft.com\/ro\/produs\/pistol-de-tufuit-manual-2-in-1-loop-cut\/#breadcrumb\"},\"inLanguage\":\"ro-RO\",\"potentialAction\":[{\"@type\":\"ReadAction\",\"target\":[\"https:\/\/ohmytuft.com\/ro\/produs\/pistol-de-tufuit-manual-2-in-1-loop-cut\/\"]}]},{\"@type\":\"ImageObject\",\"inLanguage\":\"ro-RO\",\"@id\":\"https:\/\/ohmytuft.com\/ro\/produs\/pistol-de-tufuit-manual-2-in-1-loop-cut\/#primaryimage\",\"url\":\"https:\/\/ohmytuft.com\/wp-content\/uploads\/2022\/03\/tuftinggunsupplies_europe_tufting_gun_loop_cut_01.jpg\",\"contentUrl\":\"https:\/\/ohmytuft.com\/wp-content\/uploads\/2022\/03\/tuftinggunsupplies_europe_tufting_gun_loop_cut_01.jpg\",\"width\":1200,\"height\":1200},{\"@type\":\"BreadcrumbList\",\"@id\":\"https:\/\/ohmytuft.com\/ro\/produs\/pistol-de-tufuit-manual-2-in-1-loop-cut\/#breadcrumb\",\"itemListElement\":[{\"@type\":\"ListItem\",\"position\":1,\"name\":\"Home\",\"item\":\"https:\/\/ohmytuft.com\/ro\/\"},{\"@type\":\"ListItem\",\"position\":2,\"name\":\"Magazin\",\"item\":\"https:\/\/ohmytuft.com\/ro\/magazin\/\"},{\"@type\":\"ListItem\",\"position\":3,\"name\":\"Pistol de tufuit manual 2 \u00een 1 Loop &amp; Cut\"}]},{\"@type\":\"WebSite\",\"@id\":\"https:\/\/ohmytuft.com\/ro\/#website\",\"url\":\"https:\/\/ohmytuft.com\/ro\/\",\"name\":\"Oh my tuft\",\"description\":\"Oh my tuft\",\"publisher\":{\"@id\":\"https:\/\/ohmytuft.com\/ro\/#organization\"},\"potentialAction\":[{\"@type\":\"SearchAction\",\"target\":{\"@type\":\"EntryPoint\",\"urlTemplate\":\"https:\/\/ohmytuft.com\/ro\/?s={search_term_string}\"},\"query-input\":{\"@type\":\"PropertyValueSpecification\",\"valueRequired\":true,\"valueName\":\"search_term_string\"}}],\"inLanguage\":\"ro-RO\"},{\"@type\":\"Organization\",\"@id\":\"https:\/\/ohmytuft.com\/ro\/#organization\",\"name\":\"Oh my tuft\",\"url\":\"https:\/\/ohmytuft.com\/ro\/\",\"logo\":{\"@type\":\"ImageObject\",\"inLanguage\":\"ro-RO\",\"@id\":\"https:\/\/ohmytuft.com\/ro\/#\/schema\/logo\/image\/\",\"url\":\"https:\/\/ohmytuft.com\/wp-content\/uploads\/2021\/02\/WEB-20.png\",\"contentUrl\":\"https:\/\/ohmytuft.com\/wp-content\/uploads\/2021\/02\/WEB-20.png\",\"width\":2085,\"height\":764,\"caption\":\"Oh my tuft\"},\"image\":{\"@id\":\"https:\/\/ohmytuft.com\/ro\/#\/schema\/logo\/image\/\"},\"sameAs\":[\"https:\/\/www.instagram.com\/tuftinggunsupplies\/\",\"https:\/\/www.tiktok.com\/@tuftinggun\"]}]}<\/script>\n<!-- \/ Yoast SEO plugin. -->","yoast_head_json":{"title":"Pistol de tufuit manual 2 \u00een 1 Loop &amp; Cut - Ohmytuft.com","robots":{"index":"index","follow":"follow","max-snippet":"max-snippet:-1","max-image-preview":"max-image-preview:large","max-video-preview":"max-video-preview:-1"},"canonical":"https:\/\/ohmytuft.com\/ro\/produs\/pistol-de-tufuit-manual-2-in-1-loop-cut\/","og_locale":"ro_RO","og_type":"article","og_title":"Pistol de tufuit manual 2 \u00een 1 Loop &amp; Cut - Ohmytuft.com","og_description":"Electric m\u00e2n\u0103 tufting pistol de tufting 2-in-1 Bucla \u0219i t\u0103iat gramada.  100- 240 V cu priz\u0103 Europlug  \u00cen\u0103l\u021bime reglabil\u0103: 7-21 mm  Greutate: 1,40 kg  Vitez\u0103 reglabil\u0103: 5-40 cus\u0103turi\/sec \u0219i reglabil\u0103. Pute\u021bi controla viteza pentru detalii.  Foarfec\u0103 schimbabil\u0103 Loop &amp; Cut  Edi\u021bia neagr\u0103 Acest aparat este u\u0219or de \u00eenv\u0103\u021bat \u0219i de utilizat. Tutoriale \u00een cur\u00e2nd! \u00centre\u021binerea periodic\u0103 va asigura o durat\u0103 de via\u021b\u0103 mai lung\u0103 a sculei. Cutia include:  Tufting Gun ma\u0219in\u0103 de pistol  Adaptor AC\/DC cu fi\u0219\u0103 euro  Unelte \u0219i \u0219uruburi pentru \u00eentre\u021binere  \u00cenfilet\u0103tor de ace  2 foarfeci de t\u0103iat + 1 foarfec\u0103 cu bucl\u0103 Siguran\u021ba \u00eenainte de toate! Folosi\u021bi protec\u021bie pentru ochi \u0219i auz. Evita\u021bi uneltele \u0219i mecanismele. Opri\u021bi aparatul c\u00e2nd nu \u00eel utiliza\u021bi.","og_url":"https:\/\/ohmytuft.com\/ro\/produs\/pistol-de-tufuit-manual-2-in-1-loop-cut\/","og_site_name":"Ohmytuft.com","og_image":[{"width":1200,"height":1200,"url":"https:\/\/ohmytuft.com\/wp-content\/uploads\/2022\/03\/tuftinggunsupplies_europe_tufting_gun_loop_cut_01.jpg","type":"image\/jpeg"}],"twitter_card":"summary_large_image","schema":{"@context":"https:\/\/schema.org","@graph":[{"@type":"WebPage","@id":"https:\/\/ohmytuft.com\/ro\/produs\/pistol-de-tufuit-manual-2-in-1-loop-cut\/","url":"https:\/\/ohmytuft.com\/ro\/produs\/pistol-de-tufuit-manual-2-in-1-loop-cut\/","name":"Pistol de tufuit manual 2 \u00een 1 Loop &amp; Cut - Ohmytuft.com","isPartOf":{"@id":"https:\/\/ohmytuft.com\/ro\/#website"},"primaryImageOfPage":{"@id":"https:\/\/ohmytuft.com\/ro\/produs\/pistol-de-tufuit-manual-2-in-1-loop-cut\/#primaryimage"},"image":{"@id":"https:\/\/ohmytuft.com\/ro\/produs\/pistol-de-tufuit-manual-2-in-1-loop-cut\/#primaryimage"},"thumbnailUrl":"https:\/\/ohmytuft.com\/wp-content\/uploads\/2022\/03\/tuftinggunsupplies_europe_tufting_gun_loop_cut_01.jpg","datePublished":"2024-03-14T08:51:57+00:00","breadcrumb":{"@id":"https:\/\/ohmytuft.com\/ro\/produs\/pistol-de-tufuit-manual-2-in-1-loop-cut\/#breadcrumb"},"inLanguage":"ro-RO","potentialAction":[{"@type":"ReadAction","target":["https:\/\/ohmytuft.com\/ro\/produs\/pistol-de-tufuit-manual-2-in-1-loop-cut\/"]}]},{"@type":"ImageObject","inLanguage":"ro-RO","@id":"https:\/\/ohmytuft.com\/ro\/produs\/pistol-de-tufuit-manual-2-in-1-loop-cut\/#primaryimage","url":"https:\/\/ohmytuft.com\/wp-content\/uploads\/2022\/03\/tuftinggunsupplies_europe_tufting_gun_loop_cut_01.jpg","contentUrl":"https:\/\/ohmytuft.com\/wp-content\/uploads\/2022\/03\/tuftinggunsupplies_europe_tufting_gun_loop_cut_01.jpg","width":1200,"height":1200},{"@type":"BreadcrumbList","@id":"https:\/\/ohmytuft.com\/ro\/produs\/pistol-de-tufuit-manual-2-in-1-loop-cut\/#breadcrumb","itemListElement":[{"@type":"ListItem","position":1,"name":"Home","item":"https:\/\/ohmytuft.com\/ro\/"},{"@type":"ListItem","position":2,"name":"Magazin","item":"https:\/\/ohmytuft.com\/ro\/magazin\/"},{"@type":"ListItem","position":3,"name":"Pistol de tufuit manual 2 \u00een 1 Loop &amp; Cut"}]},{"@type":"WebSite","@id":"https:\/\/ohmytuft.com\/ro\/#website","url":"https:\/\/ohmytuft.com\/ro\/","name":"Oh my tuft","description":"Oh my tuft","publisher":{"@id":"https:\/\/ohmytuft.com\/ro\/#organization"},"potentialAction":[{"@type":"SearchAction","target":{"@type":"EntryPoint","urlTemplate":"https:\/\/ohmytuft.com\/ro\/?s={search_term_string}"},"query-input":{"@type":"PropertyValueSpecification","valueRequired":true,"valueName":"search_term_string"}}],"inLanguage":"ro-RO"},{"@type":"Organization","@id":"https:\/\/ohmytuft.com\/ro\/#organization","name":"Oh my tuft","url":"https:\/\/ohmytuft.com\/ro\/","logo":{"@type":"ImageObject","inLanguage":"ro-RO","@id":"https:\/\/ohmytuft.com\/ro\/#\/schema\/logo\/image\/","url":"https:\/\/ohmytuft.com\/wp-content\/uploads\/2021\/02\/WEB-20.png","contentUrl":"https:\/\/ohmytuft.com\/wp-content\/uploads\/2021\/02\/WEB-20.png","width":2085,"height":764,"caption":"Oh my tuft"},"image":{"@id":"https:\/\/ohmytuft.com\/ro\/#\/schema\/logo\/image\/"},"sameAs":["https:\/\/www.instagram.com\/tuftinggunsupplies\/","https:\/\/www.tiktok.com\/@tuftinggun"]}]}},"_links":{"self":[{"href":"https:\/\/ohmytuft.com\/ro\/wp-json\/wp\/v2\/product\/7392","targetHints":{"allow":["GET"]}}],"collection":[{"href":"https:\/\/ohmytuft.com\/ro\/wp-json\/wp\/v2\/product"}],"about":[{"href":"https:\/\/ohmytuft.com\/ro\/wp-json\/wp\/v2\/types\/product"}],"replies":[{"embeddable":true,"href":"https:\/\/ohmytuft.com\/ro\/wp-json\/wp\/v2\/comments?post=7392"}],"wp:featuredmedia":[{"embeddable":true,"href":"https:\/\/ohmytuft.com\/ro\/wp-json\/wp\/v2\/media\/6987"}],"wp:attachment":[{"href":"https:\/\/ohmytuft.com\/ro\/wp-json\/wp\/v2\/media?parent=7392"}],"wp:term":[{"taxonomy":"product_brand","embeddable":true,"href":"https:\/\/ohmytuft.com\/ro\/wp-json\/wp\/v2\/product_brand?post=7392"},{"taxonomy":"product_cat","embeddable":true,"href":"https:\/\/ohmytuft.com\/ro\/wp-json\/wp\/v2\/product_cat?post=7392"},{"taxonomy":"product_tag","embeddable":true,"href":"https:\/\/ohmytuft.com\/ro\/wp-json\/wp\/v2\/product_tag?post=7392"}],"curies":[{"name":"wp","href":"https:\/\/api.w.org\/{rel}","templated":true}]}}