{"id":7426,"date":"2024-03-09T14:41:24","date_gmt":"2024-03-09T14:41:24","guid":{"rendered":"https:\/\/ohmytuft.com\/product\/panza-primara-tufting-200x160cm\/"},"modified":"2022-03-09T14:41:24","modified_gmt":"2022-03-09T14:41:24","slug":"panza-primara-tufting-200x160cm","status":"publish","type":"product","link":"https:\/\/ohmytuft.com\/ro\/produs\/panza-primara-tufting-200x160cm\/","title":{"rendered":"P\u00e2nz\u0103 primar\u0103 Tufting 200x160cm"},"content":{"rendered":"","protected":false},"excerpt":{"rendered":"<p><strong>P\u00e2nz\u0103 de tufting pentru covoare de \u00eenalt\u0103 calitate<\/strong><\/p>\n<ul>\n<li>Mai durabil dec\u00e2t p\u00e2nza de c\u0103lug\u0103r, p\u00e2nza de iut\u0103 sau p\u00e2nza de in.<\/li>\n<li>Folosit \u00een industria profesional\u0103.<\/li>\n<li>Linii marcate \u021besute \u00een p\u00e2nz\u0103 pentru a ajuta la marcare \u0219i tufting.<\/li>\n<li>35% bumbac, 65% poliester<\/li>\n<li>Greutate: 260 g pe metru p\u0103trat<\/li>\n<\/ul>\n<p>Dac\u0103 ave\u021bi nevoie de o pies\u0103 mai mare de 200&#215;160, v\u0103 rug\u0103m s\u0103 <strong>ne contacta\u021bi<\/strong>.<\/p>\n","protected":false},"featured_media":6971,"comment_status":"open","ping_status":"closed","template":"","meta":{"_joinchat":[]},"product_brand":[],"product_cat":[437,392],"product_tag":[],"class_list":{"0":"post-7426","1":"product","2":"type-product","3":"status-publish","4":"has-post-thumbnail","6":"product_cat-panza-primara-tufting","7":"product_cat-tufting-panza","9":"first","10":"instock","11":"taxable","12":"shipping-taxable","13":"purchasable","14":"product-type-simple"},"yoast_head":"<!-- This site is optimized with the Yoast SEO plugin v27.2 - https:\/\/yoast.com\/product\/yoast-seo-wordpress\/ -->\n<title>P\u00e2nz\u0103 primar\u0103 Tufting 200x160cm - Ohmytuft.com<\/title>\n<meta name=\"robots\" content=\"index, follow, max-snippet:-1, max-image-preview:large, max-video-preview:-1\" \/>\n<link rel=\"canonical\" href=\"https:\/\/ohmytuft.com\/ro\/produs\/panza-primara-tufting-200x160cm\/\" \/>\n<meta property=\"og:locale\" content=\"ro_RO\" \/>\n<meta property=\"og:type\" content=\"article\" \/>\n<meta property=\"og:title\" content=\"P\u00e2nz\u0103 primar\u0103 Tufting 200x160cm - Ohmytuft.com\" \/>\n<meta property=\"og:description\" content=\"P\u00e2nz\u0103 de tufting pentru covoare de \u00eenalt\u0103 calitate  Mai durabil dec\u00e2t p\u00e2nza de c\u0103lug\u0103r, p\u00e2nza de iut\u0103 sau p\u00e2nza de in.  Folosit \u00een industria profesional\u0103.  Linii marcate \u021besute \u00een p\u00e2nz\u0103 pentru a ajuta la marcare \u0219i tufting.  35% bumbac, 65% poliester  Greutate: 260 g pe metru p\u0103trat Dac\u0103 ave\u021bi nevoie de o pies\u0103 mai mare de 200x160, v\u0103 rug\u0103m s\u0103 ne contacta\u021bi.\" \/>\n<meta property=\"og:url\" content=\"https:\/\/ohmytuft.com\/ro\/produs\/panza-primara-tufting-200x160cm\/\" \/>\n<meta property=\"og:site_name\" content=\"Ohmytuft.com\" \/>\n<meta property=\"og:image\" content=\"https:\/\/ohmytuft.com\/wp-content\/uploads\/2021\/03\/tufting-primary-backing-fabric-rugs-carpets.jpg\" \/>\n\t<meta property=\"og:image:width\" content=\"1000\" \/>\n\t<meta property=\"og:image:height\" content=\"1000\" \/>\n\t<meta property=\"og:image:type\" content=\"image\/jpeg\" \/>\n<meta name=\"twitter:card\" content=\"summary_large_image\" \/>\n<script type=\"application\/ld+json\" class=\"yoast-schema-graph\">{\"@context\":\"https:\/\/schema.org\",\"@graph\":[{\"@type\":\"WebPage\",\"@id\":\"https:\/\/ohmytuft.com\/ro\/produs\/panza-primara-tufting-200x160cm\/\",\"url\":\"https:\/\/ohmytuft.com\/ro\/produs\/panza-primara-tufting-200x160cm\/\",\"name\":\"P\u00e2nz\u0103 primar\u0103 Tufting 200x160cm - Ohmytuft.com\",\"isPartOf\":{\"@id\":\"https:\/\/ohmytuft.com\/ro\/#website\"},\"primaryImageOfPage\":{\"@id\":\"https:\/\/ohmytuft.com\/ro\/produs\/panza-primara-tufting-200x160cm\/#primaryimage\"},\"image\":{\"@id\":\"https:\/\/ohmytuft.com\/ro\/produs\/panza-primara-tufting-200x160cm\/#primaryimage\"},\"thumbnailUrl\":\"https:\/\/ohmytuft.com\/wp-content\/uploads\/2021\/03\/tufting-primary-backing-fabric-rugs-carpets.jpg\",\"datePublished\":\"2024-03-09T14:41:24+00:00\",\"breadcrumb\":{\"@id\":\"https:\/\/ohmytuft.com\/ro\/produs\/panza-primara-tufting-200x160cm\/#breadcrumb\"},\"inLanguage\":\"ro-RO\",\"potentialAction\":[{\"@type\":\"ReadAction\",\"target\":[\"https:\/\/ohmytuft.com\/ro\/produs\/panza-primara-tufting-200x160cm\/\"]}]},{\"@type\":\"ImageObject\",\"inLanguage\":\"ro-RO\",\"@id\":\"https:\/\/ohmytuft.com\/ro\/produs\/panza-primara-tufting-200x160cm\/#primaryimage\",\"url\":\"https:\/\/ohmytuft.com\/wp-content\/uploads\/2021\/03\/tufting-primary-backing-fabric-rugs-carpets.jpg\",\"contentUrl\":\"https:\/\/ohmytuft.com\/wp-content\/uploads\/2021\/03\/tufting-primary-backing-fabric-rugs-carpets.jpg\",\"width\":1000,\"height\":1000},{\"@type\":\"BreadcrumbList\",\"@id\":\"https:\/\/ohmytuft.com\/ro\/produs\/panza-primara-tufting-200x160cm\/#breadcrumb\",\"itemListElement\":[{\"@type\":\"ListItem\",\"position\":1,\"name\":\"Home\",\"item\":\"https:\/\/ohmytuft.com\/ro\/\"},{\"@type\":\"ListItem\",\"position\":2,\"name\":\"Magazin\",\"item\":\"https:\/\/ohmytuft.com\/ro\/magazin\/\"},{\"@type\":\"ListItem\",\"position\":3,\"name\":\"P\u00e2nz\u0103 primar\u0103 Tufting 200x160cm\"}]},{\"@type\":\"WebSite\",\"@id\":\"https:\/\/ohmytuft.com\/ro\/#website\",\"url\":\"https:\/\/ohmytuft.com\/ro\/\",\"name\":\"Oh my tuft\",\"description\":\"Oh my tuft\",\"publisher\":{\"@id\":\"https:\/\/ohmytuft.com\/ro\/#organization\"},\"potentialAction\":[{\"@type\":\"SearchAction\",\"target\":{\"@type\":\"EntryPoint\",\"urlTemplate\":\"https:\/\/ohmytuft.com\/ro\/?s={search_term_string}\"},\"query-input\":{\"@type\":\"PropertyValueSpecification\",\"valueRequired\":true,\"valueName\":\"search_term_string\"}}],\"inLanguage\":\"ro-RO\"},{\"@type\":\"Organization\",\"@id\":\"https:\/\/ohmytuft.com\/ro\/#organization\",\"name\":\"Oh my tuft\",\"url\":\"https:\/\/ohmytuft.com\/ro\/\",\"logo\":{\"@type\":\"ImageObject\",\"inLanguage\":\"ro-RO\",\"@id\":\"https:\/\/ohmytuft.com\/ro\/#\/schema\/logo\/image\/\",\"url\":\"https:\/\/ohmytuft.com\/wp-content\/uploads\/2021\/02\/WEB-20.png\",\"contentUrl\":\"https:\/\/ohmytuft.com\/wp-content\/uploads\/2021\/02\/WEB-20.png\",\"width\":2085,\"height\":764,\"caption\":\"Oh my tuft\"},\"image\":{\"@id\":\"https:\/\/ohmytuft.com\/ro\/#\/schema\/logo\/image\/\"},\"sameAs\":[\"https:\/\/www.instagram.com\/tuftinggunsupplies\/\",\"https:\/\/www.tiktok.com\/@tuftinggun\"]}]}<\/script>\n<!-- \/ Yoast SEO plugin. -->","yoast_head_json":{"title":"P\u00e2nz\u0103 primar\u0103 Tufting 200x160cm - Ohmytuft.com","robots":{"index":"index","follow":"follow","max-snippet":"max-snippet:-1","max-image-preview":"max-image-preview:large","max-video-preview":"max-video-preview:-1"},"canonical":"https:\/\/ohmytuft.com\/ro\/produs\/panza-primara-tufting-200x160cm\/","og_locale":"ro_RO","og_type":"article","og_title":"P\u00e2nz\u0103 primar\u0103 Tufting 200x160cm - Ohmytuft.com","og_description":"P\u00e2nz\u0103 de tufting pentru covoare de \u00eenalt\u0103 calitate  Mai durabil dec\u00e2t p\u00e2nza de c\u0103lug\u0103r, p\u00e2nza de iut\u0103 sau p\u00e2nza de in.  Folosit \u00een industria profesional\u0103.  Linii marcate \u021besute \u00een p\u00e2nz\u0103 pentru a ajuta la marcare \u0219i tufting.  35% bumbac, 65% poliester  Greutate: 260 g pe metru p\u0103trat Dac\u0103 ave\u021bi nevoie de o pies\u0103 mai mare de 200x160, v\u0103 rug\u0103m s\u0103 ne contacta\u021bi.","og_url":"https:\/\/ohmytuft.com\/ro\/produs\/panza-primara-tufting-200x160cm\/","og_site_name":"Ohmytuft.com","og_image":[{"width":1000,"height":1000,"url":"https:\/\/ohmytuft.com\/wp-content\/uploads\/2021\/03\/tufting-primary-backing-fabric-rugs-carpets.jpg","type":"image\/jpeg"}],"twitter_card":"summary_large_image","schema":{"@context":"https:\/\/schema.org","@graph":[{"@type":"WebPage","@id":"https:\/\/ohmytuft.com\/ro\/produs\/panza-primara-tufting-200x160cm\/","url":"https:\/\/ohmytuft.com\/ro\/produs\/panza-primara-tufting-200x160cm\/","name":"P\u00e2nz\u0103 primar\u0103 Tufting 200x160cm - Ohmytuft.com","isPartOf":{"@id":"https:\/\/ohmytuft.com\/ro\/#website"},"primaryImageOfPage":{"@id":"https:\/\/ohmytuft.com\/ro\/produs\/panza-primara-tufting-200x160cm\/#primaryimage"},"image":{"@id":"https:\/\/ohmytuft.com\/ro\/produs\/panza-primara-tufting-200x160cm\/#primaryimage"},"thumbnailUrl":"https:\/\/ohmytuft.com\/wp-content\/uploads\/2021\/03\/tufting-primary-backing-fabric-rugs-carpets.jpg","datePublished":"2024-03-09T14:41:24+00:00","breadcrumb":{"@id":"https:\/\/ohmytuft.com\/ro\/produs\/panza-primara-tufting-200x160cm\/#breadcrumb"},"inLanguage":"ro-RO","potentialAction":[{"@type":"ReadAction","target":["https:\/\/ohmytuft.com\/ro\/produs\/panza-primara-tufting-200x160cm\/"]}]},{"@type":"ImageObject","inLanguage":"ro-RO","@id":"https:\/\/ohmytuft.com\/ro\/produs\/panza-primara-tufting-200x160cm\/#primaryimage","url":"https:\/\/ohmytuft.com\/wp-content\/uploads\/2021\/03\/tufting-primary-backing-fabric-rugs-carpets.jpg","contentUrl":"https:\/\/ohmytuft.com\/wp-content\/uploads\/2021\/03\/tufting-primary-backing-fabric-rugs-carpets.jpg","width":1000,"height":1000},{"@type":"BreadcrumbList","@id":"https:\/\/ohmytuft.com\/ro\/produs\/panza-primara-tufting-200x160cm\/#breadcrumb","itemListElement":[{"@type":"ListItem","position":1,"name":"Home","item":"https:\/\/ohmytuft.com\/ro\/"},{"@type":"ListItem","position":2,"name":"Magazin","item":"https:\/\/ohmytuft.com\/ro\/magazin\/"},{"@type":"ListItem","position":3,"name":"P\u00e2nz\u0103 primar\u0103 Tufting 200x160cm"}]},{"@type":"WebSite","@id":"https:\/\/ohmytuft.com\/ro\/#website","url":"https:\/\/ohmytuft.com\/ro\/","name":"Oh my tuft","description":"Oh my tuft","publisher":{"@id":"https:\/\/ohmytuft.com\/ro\/#organization"},"potentialAction":[{"@type":"SearchAction","target":{"@type":"EntryPoint","urlTemplate":"https:\/\/ohmytuft.com\/ro\/?s={search_term_string}"},"query-input":{"@type":"PropertyValueSpecification","valueRequired":true,"valueName":"search_term_string"}}],"inLanguage":"ro-RO"},{"@type":"Organization","@id":"https:\/\/ohmytuft.com\/ro\/#organization","name":"Oh my tuft","url":"https:\/\/ohmytuft.com\/ro\/","logo":{"@type":"ImageObject","inLanguage":"ro-RO","@id":"https:\/\/ohmytuft.com\/ro\/#\/schema\/logo\/image\/","url":"https:\/\/ohmytuft.com\/wp-content\/uploads\/2021\/02\/WEB-20.png","contentUrl":"https:\/\/ohmytuft.com\/wp-content\/uploads\/2021\/02\/WEB-20.png","width":2085,"height":764,"caption":"Oh my tuft"},"image":{"@id":"https:\/\/ohmytuft.com\/ro\/#\/schema\/logo\/image\/"},"sameAs":["https:\/\/www.instagram.com\/tuftinggunsupplies\/","https:\/\/www.tiktok.com\/@tuftinggun"]}]}},"_links":{"self":[{"href":"https:\/\/ohmytuft.com\/ro\/wp-json\/wp\/v2\/product\/7426","targetHints":{"allow":["GET"]}}],"collection":[{"href":"https:\/\/ohmytuft.com\/ro\/wp-json\/wp\/v2\/product"}],"about":[{"href":"https:\/\/ohmytuft.com\/ro\/wp-json\/wp\/v2\/types\/product"}],"replies":[{"embeddable":true,"href":"https:\/\/ohmytuft.com\/ro\/wp-json\/wp\/v2\/comments?post=7426"}],"wp:featuredmedia":[{"embeddable":true,"href":"https:\/\/ohmytuft.com\/ro\/wp-json\/wp\/v2\/media\/6971"}],"wp:attachment":[{"href":"https:\/\/ohmytuft.com\/ro\/wp-json\/wp\/v2\/media?parent=7426"}],"wp:term":[{"taxonomy":"product_brand","embeddable":true,"href":"https:\/\/ohmytuft.com\/ro\/wp-json\/wp\/v2\/product_brand?post=7426"},{"taxonomy":"product_cat","embeddable":true,"href":"https:\/\/ohmytuft.com\/ro\/wp-json\/wp\/v2\/product_cat?post=7426"},{"taxonomy":"product_tag","embeddable":true,"href":"https:\/\/ohmytuft.com\/ro\/wp-json\/wp\/v2\/product_tag?post=7426"}],"curies":[{"name":"wp","href":"https:\/\/api.w.org\/{rel}","templated":true}]}}