{"id":7441,"date":"2021-02-09T13:33:15","date_gmt":"2021-02-09T13:33:15","guid":{"rendered":"https:\/\/ohmytuft.com\/product\/mana-tufting-gun-ak-ii-bucla-pile\/"},"modified":"2021-02-09T13:33:15","modified_gmt":"2021-02-09T13:33:15","slug":"mana-tufting-gun-ak-ii-bucla-pile","status":"publish","type":"product","link":"https:\/\/ohmytuft.com\/ro\/produs\/mana-tufting-gun-ak-ii-bucla-pile\/","title":{"rendered":"M\u00e2n\u0103 Tufting Gun AK-II &#8211; Bucla Pile"},"content":{"rendered":"<div class=\"flex-1 overflow-hidden\">\n<div class=\"react-scroll-to-bottom--css-zhypp-79elbk h-full\">\n<div class=\"react-scroll-to-bottom--css-zhypp-1n7m0yu\">\n<div class=\"flex flex-col pb-9 text-sm\">\n<div class=\"w-full text-token-text-primary\" data-testid=\"conversation-turn-7\">\n<div class=\"px-4 py-2 justify-center text-base md:gap-6 m-auto\">\n<div class=\"flex flex-1 text-base mx-auto gap-3 md:px-5 lg:px-1 xl:px-5 md:max-w-3xl lg:max-w-[40rem] xl:max-w-[48rem] group final-completion\">\n<div class=\"relative flex w-full flex-col lg:w-[calc(100%-115px)] agent-turn\">\n<div class=\"flex-col gap-1 md:gap-3\">\n<div class=\"flex flex-grow flex-col max-w-full\">\n<div class=\"min-h-[20px] text-message flex flex-col items-start gap-3 whitespace-pre-wrap break-words [.text-message+&amp;]:mt-5 overflow-x-auto\" data-message-author-role=\"assistant\" data-message-id=\"d24ca839-c467-4488-8fff-83d8a15f5126\">\n<div class=\"markdown prose w-full break-words dark:prose-invert dark\">\n<p>Pila de bucle AK-2 <a href=\"https:\/\/ohmytuft.com\/buy\/tufting-guns\/\"><br \/>\n  <strong>Tufting Gun<\/strong><br \/>\n<\/a> este un instrument inovator care se remarc\u0103 \u00een lumea me\u0219te\u0219ugurilor textile. Iat\u0103 o descriere detaliat\u0103 \u0219i motive conving\u0103toare pentru care este o achizi\u021bie esen\u021bial\u0103 pentru magazinul dvs. de tu\u0219are:<\/p>\n<ol>\n<li><strong>Specializat pentru Bucla Pile Tufting<\/strong>: AK-2 este special conceput pentru tufuirea cu bucle, o tehnic\u0103 care creeaz\u0103 o textur\u0103 unic\u0103 \u00een bucle \u00een textile. Acest stil este preferat pentru aspectul \u0219i senza\u021bia sa tactil\u0103 \u0219i distinctiv\u0103, ceea ce \u00eel face popular \u00een aplica\u021biile de decorare a locuin\u021bei \u0219i de mod\u0103.<\/li>\n<li><strong>Capacit\u0103\u021bi texturale \u00eembun\u0103t\u0103\u021bite<\/strong>: Cu AK-2, pute\u021bi introduce o nou\u0103 gam\u0103 de texturi \u00een produsele dumneavoastr\u0103. Tehnica buclelor creeaz\u0103 o suprafa\u021b\u0103 dens\u0103 \u0219i moale, care nu este doar atractiv\u0103 din punct de vedere vizual, ci \u0219i confortabil\u0103 la atingere. Acest lucru poate extinde \u00een mod semnificativ atractivitatea crea\u021biilor dumneavoastr\u0103, atr\u0103g\u00e2nd o baz\u0103 de clien\u021bi mai larg\u0103.<\/li>\n<li><strong>Precizie \u0219i consecven\u021b\u0103<\/strong>: Acest pistol de ciupit asigur\u0103 precizie \u00een munca dumneavoastr\u0103. Buclele create sunt consistente \u00een \u00een\u0103l\u021bime \u0219i densitate, ceea ce este esen\u021bial pentru rezultate de calitate profesional\u0103. Indiferent dac\u0103 lucra\u021bi la desene complexe sau la proiecte de mari dimensiuni, AK-2 ofer\u0103 uniformitate \u0219i precizie.<\/li>\n<li><strong>Eficient \u0219i u\u0219or de utilizat<\/strong>: AK-2 v\u0103 cre\u0219te eficien\u021ba tuftingului, permi\u021b\u00e2nd finalizarea mai rapid\u0103 a proiectului \u00een compara\u021bie cu metodele manuale. Este conceput pentru a fi u\u0219or de utilizat, cu comenzi intuitive \u0219i un design ergonomic care \u00eel face potrivit at\u00e2t pentru \u00eencep\u0103tori, c\u00e2t \u0219i pentru cei cu experien\u021b\u0103.<\/li>\n<li><strong>Durabil \u0219i fiabil<\/strong>: Construit din materiale de \u00eenalt\u0103 calitate, AK-2 este un instrument durabil care rezist\u0103 la cerin\u021bele unei utiliz\u0103ri frecvente. Investi\u021bia \u00een acest pistol de tu\u0219are \u00eenseamn\u0103 investi\u021bia \u00eentr-o unealt\u0103 care v\u0103 va servi \u00een mod fiabil \u00een timp.<\/li>\n<li><strong>Flexibilitate creativ\u0103<\/strong>: AK-2 deschide noi posibilit\u0103\u021bi de exprimare creativ\u0103. V\u0103 permite s\u0103 experimenta\u021bi cu diferite tipuri de fire \u0219i culori, permi\u021b\u00e2ndu-v\u0103 s\u0103 crea\u021bi modele unice \u0219i atr\u0103g\u0103toare, care s\u0103 ias\u0103 \u00een eviden\u021b\u0103 pe pia\u021b\u0103.<\/li>\n<li><strong>Ideal pentru o gam\u0103 larg\u0103 de proiecte<\/strong>: Aceast\u0103 unealt\u0103 este perfect\u0103 pentru crearea unei variet\u0103\u021bi de produse, de la covoare \u0219i mochete p\u00e2n\u0103 la ornamente de perete \u0219i articole de mod\u0103. Versatilitatea sa \u00een manipularea diferitelor materiale \u0219i dimensiuni ale proiectelor \u00eel face un bun nepre\u021buit \u00eentr-un atelier de tu\u0219are.<\/li>\n<\/ol>\n<p>Pe scurt, pistolul de tufuit AK-2 Loop Pile Tufting Gun este o necesitate pentru orice atelier de tufuit care dore\u0219te s\u0103 \u00ee\u0219i extind\u0103 orizonturile creative \u0219i s\u0103 \u00ee\u0219i \u00eembun\u0103t\u0103\u021beasc\u0103 eficien\u021ba. Este un instrument versatil, u\u0219or de utilizat \u0219i fiabil, care permite crearea de produse de \u00eenalt\u0103 calitate, cu textur\u0103 bogat\u0103, care vor atrage \u0219i \u00eenc\u00e2nta clien\u021bii. Investi\u021bia \u00een AK-2 nu \u00eenseamn\u0103 doar cump\u0103rarea unei unelte, ci \u0219i o investi\u021bie \u00een poten\u021bialul \u0219i calitatea <a href=\"https:\/\/ohmytuft.com\/\"><br \/>\n  <strong>proiectelor de tufting<\/strong><br \/>\n<\/a>.<\/p>\n<\/div>\n<\/div>\n<\/div>\n<div class=\"mt-1 flex justify-start gap-3 empty:hidden\">\n<div class=\"text-gray-400 flex self-end lg:self-center justify-center lg:justify-start mt-0 gap-1 visible\">\n<p>&nbsp;<\/p>\n<div class=\"flex items-center gap-1.5 text-xs\"><\/div>\n<\/div>\n<\/div>\n<\/div>\n<\/div>\n<\/div>\n<\/div>\n<\/div>\n<\/div>\n<\/div>\n<\/div>\n<\/div>\n<div class=\"w-full pt-2 md:pt-0 dark:border-white\/20 md:border-transparent md:dark:border-transparent md:w-[calc(100%-.5rem)]\">\n<form class=\"stretch mx-2 flex flex-row gap-3 last:mb-2 md:mx-4 md:last:mb-6 lg:mx-auto lg:max-w-2xl xl:max-w-3xl\">\n<div class=\"relative flex h-full flex-1 items-stretch md:flex-col\">\n<div class=\"flex w-full items-center\"><\/div>\n<\/div>\n<\/form>\n<\/div>\n","protected":false},"excerpt":{"rendered":"<p><b>Pistol electric de tufting manual &#8211; Bucla de gr\u0103mad\u0103.<\/b><\/p>\n<ul>\n<li>100- 240 V cu priz\u0103 Europlug<\/li>\n<li>\u00cen\u0103l\u021bime reglabil\u0103: 4-13 mm<\/li>\n<li>Greutate: 1,40 kg<\/li>\n<li>Vitez\u0103 reglabil\u0103: 5-45 cus\u0103turi\/sec \u0219i reglabil\u0103. Pute\u021bi controla viteza pentru detalii.<\/li>\n<\/ul>\n<p>Acest aparat este u\u0219or de \u00eenv\u0103\u021bat \u0219i de utilizat. Tutoriale \u00een cur\u00e2nd!<br \/>\n\u00centre\u021binerea periodic\u0103 va asigura o durat\u0103 de via\u021b\u0103 mai lung\u0103 a sculei.<\/p>\n<p><strong>Cutia include:<\/strong><\/p>\n<ul>\n<li>Tufting Gun ma\u0219in\u0103 de pistol<\/li>\n<li>Adaptor AC\/DC cu fi\u0219\u0103 euro<\/li>\n<li>Unelte \u0219i \u0219uruburi pentru \u00eentre\u021binere<\/li>\n<\/ul>\n<p>Siguran\u021ba \u00eenainte de toate!<\/p>\n<p>Folosi\u021bi protec\u021bie pentru ochi \u0219i auz.<br \/>\nEvita\u021bi uneltele \u0219i mecanismele.<br \/>\nOpri\u021bi aparatul c\u00e2nd nu \u00eel utiliza\u021bi.<\/p>\n","protected":false},"featured_media":8953,"comment_status":"open","ping_status":"closed","template":"","meta":{"_joinchat":[]},"product_brand":[],"product_cat":[397],"product_tag":[],"class_list":{"0":"post-7441","1":"product","2":"type-product","3":"status-publish","4":"has-post-thumbnail","6":"product_cat-tufting-pistoale","8":"first","9":"onbackorder","10":"sale","11":"taxable","12":"shipping-taxable","13":"purchasable","14":"product-type-simple"},"yoast_head":"<!-- This site is optimized with the Yoast SEO plugin v27.2 - https:\/\/yoast.com\/product\/yoast-seo-wordpress\/ -->\n<title>M\u00e2n\u0103 Tufting Gun AK-II - Bucla Pile - Ohmytuft.com<\/title>\n<meta name=\"robots\" content=\"index, follow, max-snippet:-1, max-image-preview:large, max-video-preview:-1\" \/>\n<link rel=\"canonical\" href=\"https:\/\/ohmytuft.com\/ro\/produs\/mana-tufting-gun-ak-ii-bucla-pile\/\" \/>\n<meta property=\"og:locale\" content=\"ro_RO\" \/>\n<meta property=\"og:type\" content=\"article\" \/>\n<meta property=\"og:title\" content=\"M\u00e2n\u0103 Tufting Gun AK-II - Bucla Pile - Ohmytuft.com\" \/>\n<meta property=\"og:description\" content=\"Pistol electric de tufting manual - Bucla de gr\u0103mad\u0103.  100- 240 V cu priz\u0103 Europlug  \u00cen\u0103l\u021bime reglabil\u0103: 4-13 mm  Greutate: 1,40 kg  Vitez\u0103 reglabil\u0103: 5-45 cus\u0103turi\/sec \u0219i reglabil\u0103. Pute\u021bi controla viteza pentru detalii. Acest aparat este u\u0219or de \u00eenv\u0103\u021bat \u0219i de utilizat. Tutoriale \u00een cur\u00e2nd! \u00centre\u021binerea periodic\u0103 va asigura o durat\u0103 de via\u021b\u0103 mai lung\u0103 a sculei. Cutia include:  Tufting Gun ma\u0219in\u0103 de pistol  Adaptor AC\/DC cu fi\u0219\u0103 euro  Unelte \u0219i \u0219uruburi pentru \u00eentre\u021binere Siguran\u021ba \u00eenainte de toate! Folosi\u021bi protec\u021bie pentru ochi \u0219i auz. Evita\u021bi uneltele \u0219i mecanismele. Opri\u021bi aparatul c\u00e2nd nu \u00eel utiliza\u021bi.\" \/>\n<meta property=\"og:url\" content=\"https:\/\/ohmytuft.com\/ro\/produs\/mana-tufting-gun-ak-ii-bucla-pile\/\" \/>\n<meta property=\"og:site_name\" content=\"Ohmytuft.com\" \/>\n<meta property=\"og:image\" content=\"https:\/\/ohmytuft.com\/wp-content\/uploads\/2021\/02\/23022021-IMG_4443-scaled.jpg\" \/>\n\t<meta property=\"og:image:width\" content=\"2560\" \/>\n\t<meta property=\"og:image:height\" content=\"2560\" \/>\n\t<meta property=\"og:image:type\" content=\"image\/jpeg\" \/>\n<meta name=\"twitter:card\" content=\"summary_large_image\" \/>\n<meta name=\"twitter:label1\" content=\"Timp estimat pentru citire\" \/>\n\t<meta name=\"twitter:data1\" content=\"2 minute\" \/>\n<script type=\"application\/ld+json\" class=\"yoast-schema-graph\">{\"@context\":\"https:\/\/schema.org\",\"@graph\":[{\"@type\":\"WebPage\",\"@id\":\"https:\/\/ohmytuft.com\/ro\/produs\/mana-tufting-gun-ak-ii-bucla-pile\/\",\"url\":\"https:\/\/ohmytuft.com\/ro\/produs\/mana-tufting-gun-ak-ii-bucla-pile\/\",\"name\":\"M\u00e2n\u0103 Tufting Gun AK-II - Bucla Pile - Ohmytuft.com\",\"isPartOf\":{\"@id\":\"https:\/\/ohmytuft.com\/ro\/#website\"},\"primaryImageOfPage\":{\"@id\":\"https:\/\/ohmytuft.com\/ro\/produs\/mana-tufting-gun-ak-ii-bucla-pile\/#primaryimage\"},\"image\":{\"@id\":\"https:\/\/ohmytuft.com\/ro\/produs\/mana-tufting-gun-ak-ii-bucla-pile\/#primaryimage\"},\"thumbnailUrl\":\"https:\/\/ohmytuft.com\/wp-content\/uploads\/2021\/02\/tufting-gun-ak2.jpg\",\"datePublished\":\"2021-02-09T13:33:15+00:00\",\"breadcrumb\":{\"@id\":\"https:\/\/ohmytuft.com\/ro\/produs\/mana-tufting-gun-ak-ii-bucla-pile\/#breadcrumb\"},\"inLanguage\":\"ro-RO\",\"potentialAction\":[{\"@type\":\"ReadAction\",\"target\":[\"https:\/\/ohmytuft.com\/ro\/produs\/mana-tufting-gun-ak-ii-bucla-pile\/\"]}]},{\"@type\":\"ImageObject\",\"inLanguage\":\"ro-RO\",\"@id\":\"https:\/\/ohmytuft.com\/ro\/produs\/mana-tufting-gun-ak-ii-bucla-pile\/#primaryimage\",\"url\":\"https:\/\/ohmytuft.com\/wp-content\/uploads\/2021\/02\/tufting-gun-ak2.jpg\",\"contentUrl\":\"https:\/\/ohmytuft.com\/wp-content\/uploads\/2021\/02\/tufting-gun-ak2.jpg\",\"width\":2560,\"height\":2560},{\"@type\":\"BreadcrumbList\",\"@id\":\"https:\/\/ohmytuft.com\/ro\/produs\/mana-tufting-gun-ak-ii-bucla-pile\/#breadcrumb\",\"itemListElement\":[{\"@type\":\"ListItem\",\"position\":1,\"name\":\"Home\",\"item\":\"https:\/\/ohmytuft.com\/ro\/\"},{\"@type\":\"ListItem\",\"position\":2,\"name\":\"Magazin\",\"item\":\"https:\/\/ohmytuft.com\/ro\/magazin\/\"},{\"@type\":\"ListItem\",\"position\":3,\"name\":\"M\u00e2n\u0103 Tufting Gun AK-II &#8211; Bucla Pile\"}]},{\"@type\":\"WebSite\",\"@id\":\"https:\/\/ohmytuft.com\/ro\/#website\",\"url\":\"https:\/\/ohmytuft.com\/ro\/\",\"name\":\"Oh my tuft\",\"description\":\"Oh my tuft\",\"publisher\":{\"@id\":\"https:\/\/ohmytuft.com\/ro\/#organization\"},\"potentialAction\":[{\"@type\":\"SearchAction\",\"target\":{\"@type\":\"EntryPoint\",\"urlTemplate\":\"https:\/\/ohmytuft.com\/ro\/?s={search_term_string}\"},\"query-input\":{\"@type\":\"PropertyValueSpecification\",\"valueRequired\":true,\"valueName\":\"search_term_string\"}}],\"inLanguage\":\"ro-RO\"},{\"@type\":\"Organization\",\"@id\":\"https:\/\/ohmytuft.com\/ro\/#organization\",\"name\":\"Oh my tuft\",\"url\":\"https:\/\/ohmytuft.com\/ro\/\",\"logo\":{\"@type\":\"ImageObject\",\"inLanguage\":\"ro-RO\",\"@id\":\"https:\/\/ohmytuft.com\/ro\/#\/schema\/logo\/image\/\",\"url\":\"https:\/\/ohmytuft.com\/wp-content\/uploads\/2021\/02\/WEB-20.png\",\"contentUrl\":\"https:\/\/ohmytuft.com\/wp-content\/uploads\/2021\/02\/WEB-20.png\",\"width\":2085,\"height\":764,\"caption\":\"Oh my tuft\"},\"image\":{\"@id\":\"https:\/\/ohmytuft.com\/ro\/#\/schema\/logo\/image\/\"},\"sameAs\":[\"https:\/\/www.instagram.com\/tuftinggunsupplies\/\",\"https:\/\/www.tiktok.com\/@tuftinggun\"]}]}<\/script>\n<!-- \/ Yoast SEO plugin. -->","yoast_head_json":{"title":"M\u00e2n\u0103 Tufting Gun AK-II - Bucla Pile - Ohmytuft.com","robots":{"index":"index","follow":"follow","max-snippet":"max-snippet:-1","max-image-preview":"max-image-preview:large","max-video-preview":"max-video-preview:-1"},"canonical":"https:\/\/ohmytuft.com\/ro\/produs\/mana-tufting-gun-ak-ii-bucla-pile\/","og_locale":"ro_RO","og_type":"article","og_title":"M\u00e2n\u0103 Tufting Gun AK-II - Bucla Pile - Ohmytuft.com","og_description":"Pistol electric de tufting manual - Bucla de gr\u0103mad\u0103.  100- 240 V cu priz\u0103 Europlug  \u00cen\u0103l\u021bime reglabil\u0103: 4-13 mm  Greutate: 1,40 kg  Vitez\u0103 reglabil\u0103: 5-45 cus\u0103turi\/sec \u0219i reglabil\u0103. Pute\u021bi controla viteza pentru detalii. Acest aparat este u\u0219or de \u00eenv\u0103\u021bat \u0219i de utilizat. Tutoriale \u00een cur\u00e2nd! \u00centre\u021binerea periodic\u0103 va asigura o durat\u0103 de via\u021b\u0103 mai lung\u0103 a sculei. Cutia include:  Tufting Gun ma\u0219in\u0103 de pistol  Adaptor AC\/DC cu fi\u0219\u0103 euro  Unelte \u0219i \u0219uruburi pentru \u00eentre\u021binere Siguran\u021ba \u00eenainte de toate! Folosi\u021bi protec\u021bie pentru ochi \u0219i auz. Evita\u021bi uneltele \u0219i mecanismele. Opri\u021bi aparatul c\u00e2nd nu \u00eel utiliza\u021bi.","og_url":"https:\/\/ohmytuft.com\/ro\/produs\/mana-tufting-gun-ak-ii-bucla-pile\/","og_site_name":"Ohmytuft.com","og_image":[{"width":2560,"height":2560,"url":"https:\/\/ohmytuft.com\/wp-content\/uploads\/2021\/02\/23022021-IMG_4443-scaled.jpg","type":"image\/jpeg"}],"twitter_card":"summary_large_image","twitter_misc":{"Timp estimat pentru citire":"2 minute"},"schema":{"@context":"https:\/\/schema.org","@graph":[{"@type":"WebPage","@id":"https:\/\/ohmytuft.com\/ro\/produs\/mana-tufting-gun-ak-ii-bucla-pile\/","url":"https:\/\/ohmytuft.com\/ro\/produs\/mana-tufting-gun-ak-ii-bucla-pile\/","name":"M\u00e2n\u0103 Tufting Gun AK-II - Bucla Pile - Ohmytuft.com","isPartOf":{"@id":"https:\/\/ohmytuft.com\/ro\/#website"},"primaryImageOfPage":{"@id":"https:\/\/ohmytuft.com\/ro\/produs\/mana-tufting-gun-ak-ii-bucla-pile\/#primaryimage"},"image":{"@id":"https:\/\/ohmytuft.com\/ro\/produs\/mana-tufting-gun-ak-ii-bucla-pile\/#primaryimage"},"thumbnailUrl":"https:\/\/ohmytuft.com\/wp-content\/uploads\/2021\/02\/tufting-gun-ak2.jpg","datePublished":"2021-02-09T13:33:15+00:00","breadcrumb":{"@id":"https:\/\/ohmytuft.com\/ro\/produs\/mana-tufting-gun-ak-ii-bucla-pile\/#breadcrumb"},"inLanguage":"ro-RO","potentialAction":[{"@type":"ReadAction","target":["https:\/\/ohmytuft.com\/ro\/produs\/mana-tufting-gun-ak-ii-bucla-pile\/"]}]},{"@type":"ImageObject","inLanguage":"ro-RO","@id":"https:\/\/ohmytuft.com\/ro\/produs\/mana-tufting-gun-ak-ii-bucla-pile\/#primaryimage","url":"https:\/\/ohmytuft.com\/wp-content\/uploads\/2021\/02\/tufting-gun-ak2.jpg","contentUrl":"https:\/\/ohmytuft.com\/wp-content\/uploads\/2021\/02\/tufting-gun-ak2.jpg","width":2560,"height":2560},{"@type":"BreadcrumbList","@id":"https:\/\/ohmytuft.com\/ro\/produs\/mana-tufting-gun-ak-ii-bucla-pile\/#breadcrumb","itemListElement":[{"@type":"ListItem","position":1,"name":"Home","item":"https:\/\/ohmytuft.com\/ro\/"},{"@type":"ListItem","position":2,"name":"Magazin","item":"https:\/\/ohmytuft.com\/ro\/magazin\/"},{"@type":"ListItem","position":3,"name":"M\u00e2n\u0103 Tufting Gun AK-II &#8211; Bucla Pile"}]},{"@type":"WebSite","@id":"https:\/\/ohmytuft.com\/ro\/#website","url":"https:\/\/ohmytuft.com\/ro\/","name":"Oh my tuft","description":"Oh my tuft","publisher":{"@id":"https:\/\/ohmytuft.com\/ro\/#organization"},"potentialAction":[{"@type":"SearchAction","target":{"@type":"EntryPoint","urlTemplate":"https:\/\/ohmytuft.com\/ro\/?s={search_term_string}"},"query-input":{"@type":"PropertyValueSpecification","valueRequired":true,"valueName":"search_term_string"}}],"inLanguage":"ro-RO"},{"@type":"Organization","@id":"https:\/\/ohmytuft.com\/ro\/#organization","name":"Oh my tuft","url":"https:\/\/ohmytuft.com\/ro\/","logo":{"@type":"ImageObject","inLanguage":"ro-RO","@id":"https:\/\/ohmytuft.com\/ro\/#\/schema\/logo\/image\/","url":"https:\/\/ohmytuft.com\/wp-content\/uploads\/2021\/02\/WEB-20.png","contentUrl":"https:\/\/ohmytuft.com\/wp-content\/uploads\/2021\/02\/WEB-20.png","width":2085,"height":764,"caption":"Oh my tuft"},"image":{"@id":"https:\/\/ohmytuft.com\/ro\/#\/schema\/logo\/image\/"},"sameAs":["https:\/\/www.instagram.com\/tuftinggunsupplies\/","https:\/\/www.tiktok.com\/@tuftinggun"]}]}},"_links":{"self":[{"href":"https:\/\/ohmytuft.com\/ro\/wp-json\/wp\/v2\/product\/7441","targetHints":{"allow":["GET"]}}],"collection":[{"href":"https:\/\/ohmytuft.com\/ro\/wp-json\/wp\/v2\/product"}],"about":[{"href":"https:\/\/ohmytuft.com\/ro\/wp-json\/wp\/v2\/types\/product"}],"replies":[{"embeddable":true,"href":"https:\/\/ohmytuft.com\/ro\/wp-json\/wp\/v2\/comments?post=7441"}],"wp:featuredmedia":[{"embeddable":true,"href":"https:\/\/ohmytuft.com\/ro\/wp-json\/wp\/v2\/media\/8953"}],"wp:attachment":[{"href":"https:\/\/ohmytuft.com\/ro\/wp-json\/wp\/v2\/media?parent=7441"}],"wp:term":[{"taxonomy":"product_brand","embeddable":true,"href":"https:\/\/ohmytuft.com\/ro\/wp-json\/wp\/v2\/product_brand?post=7441"},{"taxonomy":"product_cat","embeddable":true,"href":"https:\/\/ohmytuft.com\/ro\/wp-json\/wp\/v2\/product_cat?post=7441"},{"taxonomy":"product_tag","embeddable":true,"href":"https:\/\/ohmytuft.com\/ro\/wp-json\/wp\/v2\/product_tag?post=7441"}],"curies":[{"name":"wp","href":"https:\/\/api.w.org\/{rel}","templated":true}]}}