{"id":7442,"date":"2021-02-28T20:55:20","date_gmt":"2021-02-28T20:55:20","guid":{"rendered":"https:\/\/ohmytuft.com\/product\/mana-tufting-gun-ak-i-cut-pile\/"},"modified":"2024-05-25T11:01:05","modified_gmt":"2024-05-25T11:01:05","slug":"mana-tufting-gun-ak-i-cut-pile","status":"publish","type":"product","link":"https:\/\/ohmytuft.com\/ro\/produs\/mana-tufting-gun-ak-i-cut-pile\/","title":{"rendered":"M\u00e2n\u0103 Tufting Gun AK-I &#8211; Cut Pile"},"content":{"rendered":"<p>Gr\u0103mada de t\u0103iat AK-1 <a href=\"https:\/\/ohmytuft.com\/buy\/tufting-guns\/\"><br \/>\n  <strong>Tufting Gun<\/strong><br \/>\n<\/a> este o unealt\u0103 remarcabil\u0103, conceput\u0103 pentru a ridica arta tuftingului la noi \u00een\u0103l\u021bimi. Iat\u0103 o descriere detaliat\u0103 \u0219i c\u00e2teva motive conving\u0103toare pentru care este o necesitate pentru atelierul dvs. de tu\u0219are:<\/p>\n<ol>\n<li><strong>Precizie \u0219i control<\/strong>: Pistolul AK-1 este proiectat pentru precizie. V\u0103 permite s\u0103 crea\u021bi cu u\u0219urin\u021b\u0103 modele \u0219i desene complexe, datorit\u0103 comenzilor sale receptive \u0219i a func\u021bion\u0103rii line. Fie c\u0103 lucra\u021bi la covoare mari sau la ornamente de perete detaliate, acest instrument ofer\u0103 o precizie de neegalat.<\/li>\n<li><strong>Eficient \u0219i economise\u0219te timp<\/strong>: Viteza este un avantaj semnificativ al AK-1. Aceasta cre\u0219te \u00een mod dramatic viteza de tufting \u00een compara\u021bie cu metodele manuale, permi\u021b\u00e2ndu-v\u0103 s\u0103 finaliza\u021bi proiectele mult mai repede. Aceast\u0103 eficien\u021b\u0103 este un factor de schimbare at\u00e2t pentru pasiona\u021bi, c\u00e2t \u0219i pentru profesioni\u0219ti, permi\u021b\u00e2nd o mai mare productivitate \u0219i capacitatea de a realiza mai multe proiecte.<\/li>\n<li><strong>Versatilitate \u00een design<\/strong>: Acest pistol de ciupit este special conceput pentru a realiza o bucat\u0103 de p\u0103r t\u0103iat, un stil popular de ciupit care confer\u0103 \u021bes\u0103turii o textur\u0103 catifelat\u0103 \u0219i catifelat\u0103. Este ideal pentru crearea de covoare de lux, art\u0103 mural\u0103 elegant\u0103 \u0219i alte obiecte decorative. De asemenea, metoda de t\u0103iere a pilozit\u0103\u021bii ofer\u0103 o experien\u021b\u0103 tactil\u0103 unic\u0103, care este foarte c\u0103utat\u0103 \u00een decorul casei.<\/li>\n<li><strong>U\u0219urin\u021ba de<\/strong> utilizare: AK-1 a fost proiectat cu u\u0219urin\u021ba de utilizare \u00een minte. Este u\u0219or \u0219i u\u0219or de manevrat, ceea ce \u00eel face accesibil chiar \u0219i pentru \u00eencep\u0103tori. Designul ergonomic reduce oboseala, permi\u021b\u00e2ndu-v\u0103 s\u0103 lucra\u021bi confortabil pentru perioade mai lungi.<\/li>\n<li><strong>Durabilitate \u0219i fiabilitate<\/strong>: Construit cu materiale de \u00eenalt\u0103 calitate, AK-1 este construit pentru a dura. Este un instrument fiabil, care rezist\u0103 la rigorile utiliz\u0103rii frecvente, asigur\u00e2nd c\u0103 investi\u021bia dvs. se amortizeaz\u0103 pe termen lung.<\/li>\n<li><strong>Creativitate sporit\u0103<\/strong>: Cu AK-1, singura limit\u0103 este imagina\u021bia ta. V\u0103 deschide o lume de posibilit\u0103\u021bi creative, permi\u021b\u00e2ndu-v\u0103 s\u0103 experimenta\u021bi cu diferite texturi, culori \u0219i modele. Acest instrument v\u0103 poate ajuta s\u0103 da\u021bi via\u021b\u0103 celor mai ambi\u021bioase proiecte.<\/li>\n<\/ol>\n<p>\u00cen concluzie, AK-1 Cut Pile Tufting Gun este un accesoriu valoros pentru orice <a href=\"https:\/\/ohmytuft.com\/\"><br \/>\n  <strong>tufting<\/strong><br \/>\n<\/a> artist. Acesta combin\u0103 eficien\u021ba, precizia \u0219i u\u0219urin\u021ba de utilizare \u00eentr-un singur instrument puternic, f\u0103c\u00e2ndu-l ideal at\u00e2t pentru amatorii entuzia\u0219ti, c\u00e2t \u0219i pentru cei profesioni\u0219ti. A investi \u00een acest instrument \u00eenseamn\u0103 a investi \u00een calitatea \u0219i creativitatea proiectelor dumneavoastr\u0103 de tufting.<\/p>\n","protected":false},"excerpt":{"rendered":"<p><b>Pistol electric de tufting manual &#8211; T\u0103iat gramada.<\/b><\/p>\n<ul>\n<li>100- 240 V cu priz\u0103 Europlug<\/li>\n<li>\u00cen\u0103l\u021bime reglabil\u0103: 7-21 mm<\/li>\n<li>Greutate: 1,40 kg<\/li>\n<li>Vitez\u0103 reglabil\u0103: 5-40 cus\u0103turi\/sec \u0219i reglabil\u0103. Pute\u021bi controla viteza pentru detalii.<\/li>\n<\/ul>\n<p>Acest aparat este u\u0219or de \u00eenv\u0103\u021bat \u0219i de utilizat. Tutoriale \u00een cur\u00e2nd!<br \/>\n\u00centre\u021binerea periodic\u0103 va asigura o durat\u0103 de via\u021b\u0103 mai lung\u0103 a sculei.<\/p>\n<p><strong>Cutia include:<\/strong><\/p>\n<ul>\n<li>Tufting Gun ma\u0219in\u0103 de pistol<\/li>\n<li>Adaptor AC\/DC cu fi\u0219\u0103 euro<\/li>\n<li>Unelte \u0219i \u0219uruburi pentru \u00eentre\u021binere<\/li>\n<\/ul>\n<p><strong>Siguran\u021ba \u00eenainte de toate!<\/strong><\/p>\n<ol>\n<li>Folosi\u021bi protec\u021bie pentru ochi \u0219i auz.<\/li>\n<li>Evita\u021bi uneltele \u0219i mecanismele.<\/li>\n<li>Opri\u021bi aparatul c\u00e2nd nu \u00eel utiliza\u021bi.<\/li>\n<\/ol>\n","protected":false},"featured_media":8940,"comment_status":"open","ping_status":"closed","template":"","meta":{"_joinchat":[]},"product_brand":[],"product_cat":[397],"product_tag":[],"class_list":{"0":"post-7442","1":"product","2":"type-product","3":"status-publish","4":"has-post-thumbnail","6":"product_cat-tufting-pistoale","8":"first","9":"outofstock","10":"sale","11":"taxable","12":"shipping-taxable","13":"purchasable","14":"product-type-simple"},"yoast_head":"<!-- This site is optimized with the Yoast SEO plugin v27.2 - https:\/\/yoast.com\/product\/yoast-seo-wordpress\/ -->\n<title>M\u00e2n\u0103 Tufting Gun AK-I - Cut Pile - Ohmytuft.com<\/title>\n<meta name=\"robots\" content=\"index, follow, max-snippet:-1, max-image-preview:large, max-video-preview:-1\" \/>\n<link rel=\"canonical\" href=\"https:\/\/ohmytuft.com\/ro\/produs\/mana-tufting-gun-ak-i-cut-pile\/\" \/>\n<meta property=\"og:locale\" content=\"ro_RO\" \/>\n<meta property=\"og:type\" content=\"article\" \/>\n<meta property=\"og:title\" content=\"M\u00e2n\u0103 Tufting Gun AK-I - Cut Pile - Ohmytuft.com\" \/>\n<meta property=\"og:description\" content=\"Pistol electric de tufting manual - T\u0103iat gramada.  100- 240 V cu priz\u0103 Europlug  \u00cen\u0103l\u021bime reglabil\u0103: 7-21 mm  Greutate: 1,40 kg  Vitez\u0103 reglabil\u0103: 5-40 cus\u0103turi\/sec \u0219i reglabil\u0103. Pute\u021bi controla viteza pentru detalii. Acest aparat este u\u0219or de \u00eenv\u0103\u021bat \u0219i de utilizat. Tutoriale \u00een cur\u00e2nd! \u00centre\u021binerea periodic\u0103 va asigura o durat\u0103 de via\u021b\u0103 mai lung\u0103 a sculei. Cutia include:  Tufting Gun ma\u0219in\u0103 de pistol  Adaptor AC\/DC cu fi\u0219\u0103 euro  Unelte \u0219i \u0219uruburi pentru \u00eentre\u021binere Siguran\u021ba \u00eenainte de toate!  Folosi\u021bi protec\u021bie pentru ochi \u0219i auz.  Evita\u021bi uneltele \u0219i mecanismele.  Opri\u021bi aparatul c\u00e2nd nu \u00eel utiliza\u021bi.\" \/>\n<meta property=\"og:url\" content=\"https:\/\/ohmytuft.com\/ro\/produs\/mana-tufting-gun-ak-i-cut-pile\/\" \/>\n<meta property=\"og:site_name\" content=\"Ohmytuft.com\" \/>\n<meta property=\"article:modified_time\" content=\"2024-05-25T11:01:05+00:00\" \/>\n<meta property=\"og:image\" content=\"https:\/\/ohmytuft.com\/wp-content\/uploads\/2021\/02\/23022021-IMG_4393-scaled.jpg\" \/>\n\t<meta property=\"og:image:width\" content=\"2560\" \/>\n\t<meta property=\"og:image:height\" content=\"2560\" \/>\n\t<meta property=\"og:image:type\" content=\"image\/jpeg\" \/>\n<meta name=\"twitter:card\" content=\"summary_large_image\" \/>\n<meta name=\"twitter:label1\" content=\"Timp estimat pentru citire\" \/>\n\t<meta name=\"twitter:data1\" content=\"2 minute\" \/>\n<script type=\"application\/ld+json\" class=\"yoast-schema-graph\">{\"@context\":\"https:\/\/schema.org\",\"@graph\":[{\"@type\":\"WebPage\",\"@id\":\"https:\/\/ohmytuft.com\/ro\/produs\/mana-tufting-gun-ak-i-cut-pile\/\",\"url\":\"https:\/\/ohmytuft.com\/ro\/produs\/mana-tufting-gun-ak-i-cut-pile\/\",\"name\":\"M\u00e2n\u0103 Tufting Gun AK-I - Cut Pile - Ohmytuft.com\",\"isPartOf\":{\"@id\":\"https:\/\/ohmytuft.com\/ro\/#website\"},\"primaryImageOfPage\":{\"@id\":\"https:\/\/ohmytuft.com\/ro\/produs\/mana-tufting-gun-ak-i-cut-pile\/#primaryimage\"},\"image\":{\"@id\":\"https:\/\/ohmytuft.com\/ro\/produs\/mana-tufting-gun-ak-i-cut-pile\/#primaryimage\"},\"thumbnailUrl\":\"https:\/\/ohmytuft.com\/wp-content\/uploads\/2021\/02\/tufting-gun-ak1.png\",\"datePublished\":\"2021-02-28T20:55:20+00:00\",\"dateModified\":\"2024-05-25T11:01:05+00:00\",\"breadcrumb\":{\"@id\":\"https:\/\/ohmytuft.com\/ro\/produs\/mana-tufting-gun-ak-i-cut-pile\/#breadcrumb\"},\"inLanguage\":\"ro-RO\",\"potentialAction\":[{\"@type\":\"ReadAction\",\"target\":[\"https:\/\/ohmytuft.com\/ro\/produs\/mana-tufting-gun-ak-i-cut-pile\/\"]}]},{\"@type\":\"ImageObject\",\"inLanguage\":\"ro-RO\",\"@id\":\"https:\/\/ohmytuft.com\/ro\/produs\/mana-tufting-gun-ak-i-cut-pile\/#primaryimage\",\"url\":\"https:\/\/ohmytuft.com\/wp-content\/uploads\/2021\/02\/tufting-gun-ak1.png\",\"contentUrl\":\"https:\/\/ohmytuft.com\/wp-content\/uploads\/2021\/02\/tufting-gun-ak1.png\",\"width\":800,\"height\":800,\"caption\":\"tufting gun AK1\"},{\"@type\":\"BreadcrumbList\",\"@id\":\"https:\/\/ohmytuft.com\/ro\/produs\/mana-tufting-gun-ak-i-cut-pile\/#breadcrumb\",\"itemListElement\":[{\"@type\":\"ListItem\",\"position\":1,\"name\":\"Home\",\"item\":\"https:\/\/ohmytuft.com\/ro\/\"},{\"@type\":\"ListItem\",\"position\":2,\"name\":\"Magazin\",\"item\":\"https:\/\/ohmytuft.com\/ro\/magazin\/\"},{\"@type\":\"ListItem\",\"position\":3,\"name\":\"M\u00e2n\u0103 Tufting Gun AK-I &#8211; Cut Pile\"}]},{\"@type\":\"WebSite\",\"@id\":\"https:\/\/ohmytuft.com\/ro\/#website\",\"url\":\"https:\/\/ohmytuft.com\/ro\/\",\"name\":\"Oh my tuft\",\"description\":\"Oh my tuft\",\"publisher\":{\"@id\":\"https:\/\/ohmytuft.com\/ro\/#organization\"},\"potentialAction\":[{\"@type\":\"SearchAction\",\"target\":{\"@type\":\"EntryPoint\",\"urlTemplate\":\"https:\/\/ohmytuft.com\/ro\/?s={search_term_string}\"},\"query-input\":{\"@type\":\"PropertyValueSpecification\",\"valueRequired\":true,\"valueName\":\"search_term_string\"}}],\"inLanguage\":\"ro-RO\"},{\"@type\":\"Organization\",\"@id\":\"https:\/\/ohmytuft.com\/ro\/#organization\",\"name\":\"Oh my tuft\",\"url\":\"https:\/\/ohmytuft.com\/ro\/\",\"logo\":{\"@type\":\"ImageObject\",\"inLanguage\":\"ro-RO\",\"@id\":\"https:\/\/ohmytuft.com\/ro\/#\/schema\/logo\/image\/\",\"url\":\"https:\/\/ohmytuft.com\/wp-content\/uploads\/2021\/02\/WEB-20.png\",\"contentUrl\":\"https:\/\/ohmytuft.com\/wp-content\/uploads\/2021\/02\/WEB-20.png\",\"width\":2085,\"height\":764,\"caption\":\"Oh my tuft\"},\"image\":{\"@id\":\"https:\/\/ohmytuft.com\/ro\/#\/schema\/logo\/image\/\"},\"sameAs\":[\"https:\/\/www.instagram.com\/tuftinggunsupplies\/\",\"https:\/\/www.tiktok.com\/@tuftinggun\"]}]}<\/script>\n<!-- \/ Yoast SEO plugin. -->","yoast_head_json":{"title":"M\u00e2n\u0103 Tufting Gun AK-I - Cut Pile - Ohmytuft.com","robots":{"index":"index","follow":"follow","max-snippet":"max-snippet:-1","max-image-preview":"max-image-preview:large","max-video-preview":"max-video-preview:-1"},"canonical":"https:\/\/ohmytuft.com\/ro\/produs\/mana-tufting-gun-ak-i-cut-pile\/","og_locale":"ro_RO","og_type":"article","og_title":"M\u00e2n\u0103 Tufting Gun AK-I - Cut Pile - Ohmytuft.com","og_description":"Pistol electric de tufting manual - T\u0103iat gramada.  100- 240 V cu priz\u0103 Europlug  \u00cen\u0103l\u021bime reglabil\u0103: 7-21 mm  Greutate: 1,40 kg  Vitez\u0103 reglabil\u0103: 5-40 cus\u0103turi\/sec \u0219i reglabil\u0103. Pute\u021bi controla viteza pentru detalii. Acest aparat este u\u0219or de \u00eenv\u0103\u021bat \u0219i de utilizat. Tutoriale \u00een cur\u00e2nd! \u00centre\u021binerea periodic\u0103 va asigura o durat\u0103 de via\u021b\u0103 mai lung\u0103 a sculei. Cutia include:  Tufting Gun ma\u0219in\u0103 de pistol  Adaptor AC\/DC cu fi\u0219\u0103 euro  Unelte \u0219i \u0219uruburi pentru \u00eentre\u021binere Siguran\u021ba \u00eenainte de toate!  Folosi\u021bi protec\u021bie pentru ochi \u0219i auz.  Evita\u021bi uneltele \u0219i mecanismele.  Opri\u021bi aparatul c\u00e2nd nu \u00eel utiliza\u021bi.","og_url":"https:\/\/ohmytuft.com\/ro\/produs\/mana-tufting-gun-ak-i-cut-pile\/","og_site_name":"Ohmytuft.com","article_modified_time":"2024-05-25T11:01:05+00:00","og_image":[{"width":2560,"height":2560,"url":"https:\/\/ohmytuft.com\/wp-content\/uploads\/2021\/02\/23022021-IMG_4393-scaled.jpg","type":"image\/jpeg"}],"twitter_card":"summary_large_image","twitter_misc":{"Timp estimat pentru citire":"2 minute"},"schema":{"@context":"https:\/\/schema.org","@graph":[{"@type":"WebPage","@id":"https:\/\/ohmytuft.com\/ro\/produs\/mana-tufting-gun-ak-i-cut-pile\/","url":"https:\/\/ohmytuft.com\/ro\/produs\/mana-tufting-gun-ak-i-cut-pile\/","name":"M\u00e2n\u0103 Tufting Gun AK-I - Cut Pile - Ohmytuft.com","isPartOf":{"@id":"https:\/\/ohmytuft.com\/ro\/#website"},"primaryImageOfPage":{"@id":"https:\/\/ohmytuft.com\/ro\/produs\/mana-tufting-gun-ak-i-cut-pile\/#primaryimage"},"image":{"@id":"https:\/\/ohmytuft.com\/ro\/produs\/mana-tufting-gun-ak-i-cut-pile\/#primaryimage"},"thumbnailUrl":"https:\/\/ohmytuft.com\/wp-content\/uploads\/2021\/02\/tufting-gun-ak1.png","datePublished":"2021-02-28T20:55:20+00:00","dateModified":"2024-05-25T11:01:05+00:00","breadcrumb":{"@id":"https:\/\/ohmytuft.com\/ro\/produs\/mana-tufting-gun-ak-i-cut-pile\/#breadcrumb"},"inLanguage":"ro-RO","potentialAction":[{"@type":"ReadAction","target":["https:\/\/ohmytuft.com\/ro\/produs\/mana-tufting-gun-ak-i-cut-pile\/"]}]},{"@type":"ImageObject","inLanguage":"ro-RO","@id":"https:\/\/ohmytuft.com\/ro\/produs\/mana-tufting-gun-ak-i-cut-pile\/#primaryimage","url":"https:\/\/ohmytuft.com\/wp-content\/uploads\/2021\/02\/tufting-gun-ak1.png","contentUrl":"https:\/\/ohmytuft.com\/wp-content\/uploads\/2021\/02\/tufting-gun-ak1.png","width":800,"height":800,"caption":"tufting gun AK1"},{"@type":"BreadcrumbList","@id":"https:\/\/ohmytuft.com\/ro\/produs\/mana-tufting-gun-ak-i-cut-pile\/#breadcrumb","itemListElement":[{"@type":"ListItem","position":1,"name":"Home","item":"https:\/\/ohmytuft.com\/ro\/"},{"@type":"ListItem","position":2,"name":"Magazin","item":"https:\/\/ohmytuft.com\/ro\/magazin\/"},{"@type":"ListItem","position":3,"name":"M\u00e2n\u0103 Tufting Gun AK-I &#8211; Cut Pile"}]},{"@type":"WebSite","@id":"https:\/\/ohmytuft.com\/ro\/#website","url":"https:\/\/ohmytuft.com\/ro\/","name":"Oh my tuft","description":"Oh my tuft","publisher":{"@id":"https:\/\/ohmytuft.com\/ro\/#organization"},"potentialAction":[{"@type":"SearchAction","target":{"@type":"EntryPoint","urlTemplate":"https:\/\/ohmytuft.com\/ro\/?s={search_term_string}"},"query-input":{"@type":"PropertyValueSpecification","valueRequired":true,"valueName":"search_term_string"}}],"inLanguage":"ro-RO"},{"@type":"Organization","@id":"https:\/\/ohmytuft.com\/ro\/#organization","name":"Oh my tuft","url":"https:\/\/ohmytuft.com\/ro\/","logo":{"@type":"ImageObject","inLanguage":"ro-RO","@id":"https:\/\/ohmytuft.com\/ro\/#\/schema\/logo\/image\/","url":"https:\/\/ohmytuft.com\/wp-content\/uploads\/2021\/02\/WEB-20.png","contentUrl":"https:\/\/ohmytuft.com\/wp-content\/uploads\/2021\/02\/WEB-20.png","width":2085,"height":764,"caption":"Oh my tuft"},"image":{"@id":"https:\/\/ohmytuft.com\/ro\/#\/schema\/logo\/image\/"},"sameAs":["https:\/\/www.instagram.com\/tuftinggunsupplies\/","https:\/\/www.tiktok.com\/@tuftinggun"]}]}},"_links":{"self":[{"href":"https:\/\/ohmytuft.com\/ro\/wp-json\/wp\/v2\/product\/7442","targetHints":{"allow":["GET"]}}],"collection":[{"href":"https:\/\/ohmytuft.com\/ro\/wp-json\/wp\/v2\/product"}],"about":[{"href":"https:\/\/ohmytuft.com\/ro\/wp-json\/wp\/v2\/types\/product"}],"replies":[{"embeddable":true,"href":"https:\/\/ohmytuft.com\/ro\/wp-json\/wp\/v2\/comments?post=7442"}],"wp:featuredmedia":[{"embeddable":true,"href":"https:\/\/ohmytuft.com\/ro\/wp-json\/wp\/v2\/media\/8940"}],"wp:attachment":[{"href":"https:\/\/ohmytuft.com\/ro\/wp-json\/wp\/v2\/media?parent=7442"}],"wp:term":[{"taxonomy":"product_brand","embeddable":true,"href":"https:\/\/ohmytuft.com\/ro\/wp-json\/wp\/v2\/product_brand?post=7442"},{"taxonomy":"product_cat","embeddable":true,"href":"https:\/\/ohmytuft.com\/ro\/wp-json\/wp\/v2\/product_cat?post=7442"},{"taxonomy":"product_tag","embeddable":true,"href":"https:\/\/ohmytuft.com\/ro\/wp-json\/wp\/v2\/product_tag?post=7442"}],"curies":[{"name":"wp","href":"https:\/\/api.w.org\/{rel}","templated":true}]}}