{"id":7914,"date":"2024-05-16T21:08:35","date_gmt":"2024-05-16T21:08:35","guid":{"rendered":"https:\/\/ohmytuft.com\/?post_type=product&#038;p=7914"},"modified":"2024-05-23T16:50:46","modified_gmt":"2024-05-23T16:50:46","slug":"fire-acrilice-pentru-covoare-con-250g-garnet-copia-copia-copia-copia-copia-copia-copy","status":"publish","type":"product","link":"https:\/\/ohmytuft.com\/ro\/produs\/fire-acrilice-pentru-covoare-con-250g-garnet-copia-copia-copia-copia-copia-copia-copy\/","title":{"rendered":"Fir acrilic pentru covoare pachet conic &#8211; 10 unit\u0103\u021bi"},"content":{"rendered":"<p>Ave\u021bi nevoie de un pachet de fire de calitate? Atunci aceasta este cea mai bun\u0103 alegere. Cump\u0103r\u0103-\u021bi <a href=\"https:\/\/ohmytuft.com\/\"><br \/>\n  <strong>materiale de tufting<\/strong><br \/>\n<\/a> la o reducere \ud83d\ude09<\/p>\n<p>Dac\u0103 ave\u021bi \u00eentreb\u0103ri, v\u0103 rug\u0103m s\u0103 ne contacta\u021bi.<\/p>\n","protected":false},"excerpt":{"rendered":"<p>Fire acrilice 100% Dralon de calitate excelent\u0103. Este <strong>perfect pentru tuftare<\/strong>.<\/p>\n<ul>\n<li>250gr per con (505m)<\/li>\n<li>Grosime: 3,5-4,5<\/li>\n<li>Fabricat \u00een Europa<\/li>\n<li>Pachet de 10 unit\u0103\u021bi<\/li>\n<\/ul>\n","protected":false},"featured_media":7927,"comment_status":"open","ping_status":"closed","template":"","meta":{"_joinchat":[]},"product_brand":[],"product_cat":[399,382],"product_tag":[],"class_list":{"0":"post-7914","1":"product","2":"type-product","3":"status-publish","4":"has-post-thumbnail","6":"product_cat-tufting-fire","7":"product_cat-tufting-kits-ro","9":"first","10":"instock","11":"sale","12":"taxable","13":"shipping-taxable","14":"purchasable","15":"product-type-variable"},"yoast_head":"<!-- This site is optimized with the Yoast SEO plugin v27.2 - https:\/\/yoast.com\/product\/yoast-seo-wordpress\/ -->\n<title>Fir acrilic pentru covoare pachet conic - 10 unit\u0103\u021bi - Ohmytuft.com<\/title>\n<meta name=\"robots\" content=\"index, follow, max-snippet:-1, max-image-preview:large, max-video-preview:-1\" \/>\n<link rel=\"canonical\" href=\"https:\/\/ohmytuft.com\/ro\/produs\/fire-acrilice-pentru-covoare-con-250g-garnet-copia-copia-copia-copia-copia-copia-copy\/\" \/>\n<meta property=\"og:locale\" content=\"ro_RO\" \/>\n<meta property=\"og:type\" content=\"article\" \/>\n<meta property=\"og:title\" content=\"Fir acrilic pentru covoare pachet conic - 10 unit\u0103\u021bi - Ohmytuft.com\" \/>\n<meta property=\"og:description\" content=\"Fire acrilice 100% Dralon de calitate excelent\u0103. Este perfect pentru tuftare.  250gr per con (505m)  Grosime: 3,5-4,5  Fabricat \u00een Europa  Pachet de 10 unit\u0103\u021bi\" \/>\n<meta property=\"og:url\" content=\"https:\/\/ohmytuft.com\/ro\/produs\/fire-acrilice-pentru-covoare-con-250g-garnet-copia-copia-copia-copia-copia-copia-copy\/\" \/>\n<meta property=\"og:site_name\" content=\"Ohmytuft.com\" \/>\n<meta property=\"article:modified_time\" content=\"2024-05-23T16:50:46+00:00\" \/>\n<meta property=\"og:image\" content=\"https:\/\/ohmytuft.com\/wp-content\/uploads\/2024\/05\/Packs-Tufting_Mesa-de-trabajo-1.jpg\" \/>\n\t<meta property=\"og:image:width\" content=\"1000\" \/>\n\t<meta property=\"og:image:height\" content=\"1000\" \/>\n\t<meta property=\"og:image:type\" content=\"image\/jpeg\" \/>\n<meta name=\"twitter:card\" content=\"summary_large_image\" \/>\n<script type=\"application\/ld+json\" class=\"yoast-schema-graph\">{\"@context\":\"https:\/\/schema.org\",\"@graph\":[{\"@type\":\"WebPage\",\"@id\":\"https:\/\/ohmytuft.com\/ro\/produs\/fire-acrilice-pentru-covoare-con-250g-garnet-copia-copia-copia-copia-copia-copia-copy\/\",\"url\":\"https:\/\/ohmytuft.com\/ro\/produs\/fire-acrilice-pentru-covoare-con-250g-garnet-copia-copia-copia-copia-copia-copia-copy\/\",\"name\":\"Fir acrilic pentru covoare pachet conic - 10 unit\u0103\u021bi - Ohmytuft.com\",\"isPartOf\":{\"@id\":\"https:\/\/ohmytuft.com\/ro\/#website\"},\"primaryImageOfPage\":{\"@id\":\"https:\/\/ohmytuft.com\/ro\/produs\/fire-acrilice-pentru-covoare-con-250g-garnet-copia-copia-copia-copia-copia-copia-copy\/#primaryimage\"},\"image\":{\"@id\":\"https:\/\/ohmytuft.com\/ro\/produs\/fire-acrilice-pentru-covoare-con-250g-garnet-copia-copia-copia-copia-copia-copia-copy\/#primaryimage\"},\"thumbnailUrl\":\"https:\/\/ohmytuft.com\/wp-content\/uploads\/2024\/05\/Packs-Tufting_Mesa-de-trabajo-1.jpg\",\"datePublished\":\"2024-05-16T21:08:35+00:00\",\"dateModified\":\"2024-05-23T16:50:46+00:00\",\"breadcrumb\":{\"@id\":\"https:\/\/ohmytuft.com\/ro\/produs\/fire-acrilice-pentru-covoare-con-250g-garnet-copia-copia-copia-copia-copia-copia-copy\/#breadcrumb\"},\"inLanguage\":\"ro-RO\",\"potentialAction\":[{\"@type\":\"ReadAction\",\"target\":[\"https:\/\/ohmytuft.com\/ro\/produs\/fire-acrilice-pentru-covoare-con-250g-garnet-copia-copia-copia-copia-copia-copia-copy\/\"]}]},{\"@type\":\"ImageObject\",\"inLanguage\":\"ro-RO\",\"@id\":\"https:\/\/ohmytuft.com\/ro\/produs\/fire-acrilice-pentru-covoare-con-250g-garnet-copia-copia-copia-copia-copia-copia-copy\/#primaryimage\",\"url\":\"https:\/\/ohmytuft.com\/wp-content\/uploads\/2024\/05\/Packs-Tufting_Mesa-de-trabajo-1.jpg\",\"contentUrl\":\"https:\/\/ohmytuft.com\/wp-content\/uploads\/2024\/05\/Packs-Tufting_Mesa-de-trabajo-1.jpg\",\"width\":1000,\"height\":1000,\"caption\":\"tufting yarn pack\"},{\"@type\":\"BreadcrumbList\",\"@id\":\"https:\/\/ohmytuft.com\/ro\/produs\/fire-acrilice-pentru-covoare-con-250g-garnet-copia-copia-copia-copia-copia-copia-copy\/#breadcrumb\",\"itemListElement\":[{\"@type\":\"ListItem\",\"position\":1,\"name\":\"Home\",\"item\":\"https:\/\/ohmytuft.com\/ro\/\"},{\"@type\":\"ListItem\",\"position\":2,\"name\":\"Magazin\",\"item\":\"https:\/\/ohmytuft.com\/ro\/magazin\/\"},{\"@type\":\"ListItem\",\"position\":3,\"name\":\"Fir acrilic pentru covoare pachet conic &#8211; 10 unit\u0103\u021bi\"}]},{\"@type\":\"WebSite\",\"@id\":\"https:\/\/ohmytuft.com\/ro\/#website\",\"url\":\"https:\/\/ohmytuft.com\/ro\/\",\"name\":\"Oh my tuft\",\"description\":\"Oh my tuft\",\"publisher\":{\"@id\":\"https:\/\/ohmytuft.com\/ro\/#organization\"},\"potentialAction\":[{\"@type\":\"SearchAction\",\"target\":{\"@type\":\"EntryPoint\",\"urlTemplate\":\"https:\/\/ohmytuft.com\/ro\/?s={search_term_string}\"},\"query-input\":{\"@type\":\"PropertyValueSpecification\",\"valueRequired\":true,\"valueName\":\"search_term_string\"}}],\"inLanguage\":\"ro-RO\"},{\"@type\":\"Organization\",\"@id\":\"https:\/\/ohmytuft.com\/ro\/#organization\",\"name\":\"Oh my tuft\",\"url\":\"https:\/\/ohmytuft.com\/ro\/\",\"logo\":{\"@type\":\"ImageObject\",\"inLanguage\":\"ro-RO\",\"@id\":\"https:\/\/ohmytuft.com\/ro\/#\/schema\/logo\/image\/\",\"url\":\"https:\/\/ohmytuft.com\/wp-content\/uploads\/2021\/02\/WEB-20.png\",\"contentUrl\":\"https:\/\/ohmytuft.com\/wp-content\/uploads\/2021\/02\/WEB-20.png\",\"width\":2085,\"height\":764,\"caption\":\"Oh my tuft\"},\"image\":{\"@id\":\"https:\/\/ohmytuft.com\/ro\/#\/schema\/logo\/image\/\"},\"sameAs\":[\"https:\/\/www.instagram.com\/tuftinggunsupplies\/\",\"https:\/\/www.tiktok.com\/@tuftinggun\"]}]}<\/script>\n<!-- \/ Yoast SEO plugin. -->","yoast_head_json":{"title":"Fir acrilic pentru covoare pachet conic - 10 unit\u0103\u021bi - Ohmytuft.com","robots":{"index":"index","follow":"follow","max-snippet":"max-snippet:-1","max-image-preview":"max-image-preview:large","max-video-preview":"max-video-preview:-1"},"canonical":"https:\/\/ohmytuft.com\/ro\/produs\/fire-acrilice-pentru-covoare-con-250g-garnet-copia-copia-copia-copia-copia-copia-copy\/","og_locale":"ro_RO","og_type":"article","og_title":"Fir acrilic pentru covoare pachet conic - 10 unit\u0103\u021bi - Ohmytuft.com","og_description":"Fire acrilice 100% Dralon de calitate excelent\u0103. Este perfect pentru tuftare.  250gr per con (505m)  Grosime: 3,5-4,5  Fabricat \u00een Europa  Pachet de 10 unit\u0103\u021bi","og_url":"https:\/\/ohmytuft.com\/ro\/produs\/fire-acrilice-pentru-covoare-con-250g-garnet-copia-copia-copia-copia-copia-copia-copy\/","og_site_name":"Ohmytuft.com","article_modified_time":"2024-05-23T16:50:46+00:00","og_image":[{"width":1000,"height":1000,"url":"https:\/\/ohmytuft.com\/wp-content\/uploads\/2024\/05\/Packs-Tufting_Mesa-de-trabajo-1.jpg","type":"image\/jpeg"}],"twitter_card":"summary_large_image","schema":{"@context":"https:\/\/schema.org","@graph":[{"@type":"WebPage","@id":"https:\/\/ohmytuft.com\/ro\/produs\/fire-acrilice-pentru-covoare-con-250g-garnet-copia-copia-copia-copia-copia-copia-copy\/","url":"https:\/\/ohmytuft.com\/ro\/produs\/fire-acrilice-pentru-covoare-con-250g-garnet-copia-copia-copia-copia-copia-copia-copy\/","name":"Fir acrilic pentru covoare pachet conic - 10 unit\u0103\u021bi - Ohmytuft.com","isPartOf":{"@id":"https:\/\/ohmytuft.com\/ro\/#website"},"primaryImageOfPage":{"@id":"https:\/\/ohmytuft.com\/ro\/produs\/fire-acrilice-pentru-covoare-con-250g-garnet-copia-copia-copia-copia-copia-copia-copy\/#primaryimage"},"image":{"@id":"https:\/\/ohmytuft.com\/ro\/produs\/fire-acrilice-pentru-covoare-con-250g-garnet-copia-copia-copia-copia-copia-copia-copy\/#primaryimage"},"thumbnailUrl":"https:\/\/ohmytuft.com\/wp-content\/uploads\/2024\/05\/Packs-Tufting_Mesa-de-trabajo-1.jpg","datePublished":"2024-05-16T21:08:35+00:00","dateModified":"2024-05-23T16:50:46+00:00","breadcrumb":{"@id":"https:\/\/ohmytuft.com\/ro\/produs\/fire-acrilice-pentru-covoare-con-250g-garnet-copia-copia-copia-copia-copia-copia-copy\/#breadcrumb"},"inLanguage":"ro-RO","potentialAction":[{"@type":"ReadAction","target":["https:\/\/ohmytuft.com\/ro\/produs\/fire-acrilice-pentru-covoare-con-250g-garnet-copia-copia-copia-copia-copia-copia-copy\/"]}]},{"@type":"ImageObject","inLanguage":"ro-RO","@id":"https:\/\/ohmytuft.com\/ro\/produs\/fire-acrilice-pentru-covoare-con-250g-garnet-copia-copia-copia-copia-copia-copia-copy\/#primaryimage","url":"https:\/\/ohmytuft.com\/wp-content\/uploads\/2024\/05\/Packs-Tufting_Mesa-de-trabajo-1.jpg","contentUrl":"https:\/\/ohmytuft.com\/wp-content\/uploads\/2024\/05\/Packs-Tufting_Mesa-de-trabajo-1.jpg","width":1000,"height":1000,"caption":"tufting yarn pack"},{"@type":"BreadcrumbList","@id":"https:\/\/ohmytuft.com\/ro\/produs\/fire-acrilice-pentru-covoare-con-250g-garnet-copia-copia-copia-copia-copia-copia-copy\/#breadcrumb","itemListElement":[{"@type":"ListItem","position":1,"name":"Home","item":"https:\/\/ohmytuft.com\/ro\/"},{"@type":"ListItem","position":2,"name":"Magazin","item":"https:\/\/ohmytuft.com\/ro\/magazin\/"},{"@type":"ListItem","position":3,"name":"Fir acrilic pentru covoare pachet conic &#8211; 10 unit\u0103\u021bi"}]},{"@type":"WebSite","@id":"https:\/\/ohmytuft.com\/ro\/#website","url":"https:\/\/ohmytuft.com\/ro\/","name":"Oh my tuft","description":"Oh my tuft","publisher":{"@id":"https:\/\/ohmytuft.com\/ro\/#organization"},"potentialAction":[{"@type":"SearchAction","target":{"@type":"EntryPoint","urlTemplate":"https:\/\/ohmytuft.com\/ro\/?s={search_term_string}"},"query-input":{"@type":"PropertyValueSpecification","valueRequired":true,"valueName":"search_term_string"}}],"inLanguage":"ro-RO"},{"@type":"Organization","@id":"https:\/\/ohmytuft.com\/ro\/#organization","name":"Oh my tuft","url":"https:\/\/ohmytuft.com\/ro\/","logo":{"@type":"ImageObject","inLanguage":"ro-RO","@id":"https:\/\/ohmytuft.com\/ro\/#\/schema\/logo\/image\/","url":"https:\/\/ohmytuft.com\/wp-content\/uploads\/2021\/02\/WEB-20.png","contentUrl":"https:\/\/ohmytuft.com\/wp-content\/uploads\/2021\/02\/WEB-20.png","width":2085,"height":764,"caption":"Oh my tuft"},"image":{"@id":"https:\/\/ohmytuft.com\/ro\/#\/schema\/logo\/image\/"},"sameAs":["https:\/\/www.instagram.com\/tuftinggunsupplies\/","https:\/\/www.tiktok.com\/@tuftinggun"]}]}},"_links":{"self":[{"href":"https:\/\/ohmytuft.com\/ro\/wp-json\/wp\/v2\/product\/7914","targetHints":{"allow":["GET"]}}],"collection":[{"href":"https:\/\/ohmytuft.com\/ro\/wp-json\/wp\/v2\/product"}],"about":[{"href":"https:\/\/ohmytuft.com\/ro\/wp-json\/wp\/v2\/types\/product"}],"replies":[{"embeddable":true,"href":"https:\/\/ohmytuft.com\/ro\/wp-json\/wp\/v2\/comments?post=7914"}],"wp:featuredmedia":[{"embeddable":true,"href":"https:\/\/ohmytuft.com\/ro\/wp-json\/wp\/v2\/media\/7927"}],"wp:attachment":[{"href":"https:\/\/ohmytuft.com\/ro\/wp-json\/wp\/v2\/media?parent=7914"}],"wp:term":[{"taxonomy":"product_brand","embeddable":true,"href":"https:\/\/ohmytuft.com\/ro\/wp-json\/wp\/v2\/product_brand?post=7914"},{"taxonomy":"product_cat","embeddable":true,"href":"https:\/\/ohmytuft.com\/ro\/wp-json\/wp\/v2\/product_cat?post=7914"},{"taxonomy":"product_tag","embeddable":true,"href":"https:\/\/ohmytuft.com\/ro\/wp-json\/wp\/v2\/product_tag?post=7914"}],"curies":[{"name":"wp","href":"https:\/\/api.w.org\/{rel}","templated":true}]}}