{"id":8577,"date":"2024-06-23T10:10:58","date_gmt":"2024-06-23T10:10:58","guid":{"rendered":"https:\/\/ohmytuft.com\/product\/pensula-de-prindere-din-lemn-pachet-de-5-unitati\/"},"modified":"2024-06-23T10:10:58","modified_gmt":"2024-06-23T10:10:58","slug":"pensula-de-prindere-din-lemn-pachet-de-5-unitati","status":"publish","type":"product","link":"https:\/\/ohmytuft.com\/ro\/produs\/pensula-de-prindere-din-lemn-pachet-de-5-unitati\/","title":{"rendered":"Pensul\u0103 de prindere din lemn &#8211; pachet de 5 unit\u0103\u021bi"},"content":{"rendered":"<p>Cle\u0219tele nostru de prindere sunt perfecte pentru a fi utilizate \u00eentr-un cadru, pute\u021bi monta cadrele dvs. de tufting cu u\u0219urin\u021b\u0103 \u0219i \u00een mod economic.<\/p>\n<p>Dac\u0103 ave\u021bi \u00eentreb\u0103ri, v\u0103 rug\u0103m s\u0103 ne contacta\u021bi.<\/p>\n","protected":false},"excerpt":{"rendered":"<p>Pachet de prindere pentru ciupituri din lemn. Creeaz\u0103-\u021bi cadrul de tu\u0219e pentru foarte pu\u021bini bani.<\/p>\n","protected":false},"featured_media":8510,"comment_status":"closed","ping_status":"closed","template":"","meta":{"_joinchat":[]},"product_brand":[],"product_cat":[377,388],"product_tag":[],"class_list":{"0":"post-8577","1":"product","2":"type-product","3":"status-publish","4":"has-post-thumbnail","6":"product_cat-accesorii-tufting","7":"product_cat-cadru-tufting","9":"first","10":"instock","11":"taxable","12":"shipping-taxable","13":"purchasable","14":"product-type-simple"},"yoast_head":"<!-- This site is optimized with the Yoast SEO plugin v27.2 - https:\/\/yoast.com\/product\/yoast-seo-wordpress\/ -->\n<title>Pensul\u0103 de prindere din lemn - pachet de 5 unit\u0103\u021bi - Ohmytuft.com<\/title>\n<meta name=\"robots\" content=\"index, follow, max-snippet:-1, max-image-preview:large, max-video-preview:-1\" \/>\n<link rel=\"canonical\" href=\"https:\/\/ohmytuft.com\/ro\/produs\/pensula-de-prindere-din-lemn-pachet-de-5-unitati\/\" \/>\n<meta property=\"og:locale\" content=\"ro_RO\" \/>\n<meta property=\"og:type\" content=\"article\" \/>\n<meta property=\"og:title\" content=\"Pensul\u0103 de prindere din lemn - pachet de 5 unit\u0103\u021bi - Ohmytuft.com\" \/>\n<meta property=\"og:description\" content=\"Pachet de prindere pentru ciupituri din lemn. Creeaz\u0103-\u021bi cadrul de tu\u0219e pentru foarte pu\u021bini bani.\" \/>\n<meta property=\"og:url\" content=\"https:\/\/ohmytuft.com\/ro\/produs\/pensula-de-prindere-din-lemn-pachet-de-5-unitati\/\" \/>\n<meta property=\"og:site_name\" content=\"Ohmytuft.com\" \/>\n<meta property=\"og:image\" content=\"https:\/\/ohmytuft.com\/wp-content\/uploads\/2024\/06\/tugting-gripper.png\" \/>\n\t<meta property=\"og:image:width\" content=\"800\" \/>\n\t<meta property=\"og:image:height\" content=\"1067\" \/>\n\t<meta property=\"og:image:type\" content=\"image\/png\" \/>\n<meta name=\"twitter:card\" content=\"summary_large_image\" \/>\n<script type=\"application\/ld+json\" class=\"yoast-schema-graph\">{\"@context\":\"https:\/\/schema.org\",\"@graph\":[{\"@type\":\"WebPage\",\"@id\":\"https:\/\/ohmytuft.com\/ro\/produs\/pensula-de-prindere-din-lemn-pachet-de-5-unitati\/\",\"url\":\"https:\/\/ohmytuft.com\/ro\/produs\/pensula-de-prindere-din-lemn-pachet-de-5-unitati\/\",\"name\":\"Pensul\u0103 de prindere din lemn - pachet de 5 unit\u0103\u021bi - Ohmytuft.com\",\"isPartOf\":{\"@id\":\"https:\/\/ohmytuft.com\/ro\/#website\"},\"primaryImageOfPage\":{\"@id\":\"https:\/\/ohmytuft.com\/ro\/produs\/pensula-de-prindere-din-lemn-pachet-de-5-unitati\/#primaryimage\"},\"image\":{\"@id\":\"https:\/\/ohmytuft.com\/ro\/produs\/pensula-de-prindere-din-lemn-pachet-de-5-unitati\/#primaryimage\"},\"thumbnailUrl\":\"https:\/\/ohmytuft.com\/wp-content\/uploads\/2024\/06\/tugting-gripper.png\",\"datePublished\":\"2024-06-23T10:10:58+00:00\",\"breadcrumb\":{\"@id\":\"https:\/\/ohmytuft.com\/ro\/produs\/pensula-de-prindere-din-lemn-pachet-de-5-unitati\/#breadcrumb\"},\"inLanguage\":\"ro-RO\",\"potentialAction\":[{\"@type\":\"ReadAction\",\"target\":[\"https:\/\/ohmytuft.com\/ro\/produs\/pensula-de-prindere-din-lemn-pachet-de-5-unitati\/\"]}]},{\"@type\":\"ImageObject\",\"inLanguage\":\"ro-RO\",\"@id\":\"https:\/\/ohmytuft.com\/ro\/produs\/pensula-de-prindere-din-lemn-pachet-de-5-unitati\/#primaryimage\",\"url\":\"https:\/\/ohmytuft.com\/wp-content\/uploads\/2024\/06\/tugting-gripper.png\",\"contentUrl\":\"https:\/\/ohmytuft.com\/wp-content\/uploads\/2024\/06\/tugting-gripper.png\",\"width\":800,\"height\":1067},{\"@type\":\"BreadcrumbList\",\"@id\":\"https:\/\/ohmytuft.com\/ro\/produs\/pensula-de-prindere-din-lemn-pachet-de-5-unitati\/#breadcrumb\",\"itemListElement\":[{\"@type\":\"ListItem\",\"position\":1,\"name\":\"Home\",\"item\":\"https:\/\/ohmytuft.com\/ro\/\"},{\"@type\":\"ListItem\",\"position\":2,\"name\":\"Magazin\",\"item\":\"https:\/\/ohmytuft.com\/ro\/magazin\/\"},{\"@type\":\"ListItem\",\"position\":3,\"name\":\"Pensul\u0103 de prindere din lemn &#8211; pachet de 5 unit\u0103\u021bi\"}]},{\"@type\":\"WebSite\",\"@id\":\"https:\/\/ohmytuft.com\/ro\/#website\",\"url\":\"https:\/\/ohmytuft.com\/ro\/\",\"name\":\"Oh my tuft\",\"description\":\"Oh my tuft\",\"publisher\":{\"@id\":\"https:\/\/ohmytuft.com\/ro\/#organization\"},\"potentialAction\":[{\"@type\":\"SearchAction\",\"target\":{\"@type\":\"EntryPoint\",\"urlTemplate\":\"https:\/\/ohmytuft.com\/ro\/?s={search_term_string}\"},\"query-input\":{\"@type\":\"PropertyValueSpecification\",\"valueRequired\":true,\"valueName\":\"search_term_string\"}}],\"inLanguage\":\"ro-RO\"},{\"@type\":\"Organization\",\"@id\":\"https:\/\/ohmytuft.com\/ro\/#organization\",\"name\":\"Oh my tuft\",\"url\":\"https:\/\/ohmytuft.com\/ro\/\",\"logo\":{\"@type\":\"ImageObject\",\"inLanguage\":\"ro-RO\",\"@id\":\"https:\/\/ohmytuft.com\/ro\/#\/schema\/logo\/image\/\",\"url\":\"https:\/\/ohmytuft.com\/wp-content\/uploads\/2021\/02\/WEB-20.png\",\"contentUrl\":\"https:\/\/ohmytuft.com\/wp-content\/uploads\/2021\/02\/WEB-20.png\",\"width\":2085,\"height\":764,\"caption\":\"Oh my tuft\"},\"image\":{\"@id\":\"https:\/\/ohmytuft.com\/ro\/#\/schema\/logo\/image\/\"},\"sameAs\":[\"https:\/\/www.instagram.com\/tuftinggunsupplies\/\",\"https:\/\/www.tiktok.com\/@tuftinggun\"]}]}<\/script>\n<!-- \/ Yoast SEO plugin. -->","yoast_head_json":{"title":"Pensul\u0103 de prindere din lemn - pachet de 5 unit\u0103\u021bi - Ohmytuft.com","robots":{"index":"index","follow":"follow","max-snippet":"max-snippet:-1","max-image-preview":"max-image-preview:large","max-video-preview":"max-video-preview:-1"},"canonical":"https:\/\/ohmytuft.com\/ro\/produs\/pensula-de-prindere-din-lemn-pachet-de-5-unitati\/","og_locale":"ro_RO","og_type":"article","og_title":"Pensul\u0103 de prindere din lemn - pachet de 5 unit\u0103\u021bi - Ohmytuft.com","og_description":"Pachet de prindere pentru ciupituri din lemn. Creeaz\u0103-\u021bi cadrul de tu\u0219e pentru foarte pu\u021bini bani.","og_url":"https:\/\/ohmytuft.com\/ro\/produs\/pensula-de-prindere-din-lemn-pachet-de-5-unitati\/","og_site_name":"Ohmytuft.com","og_image":[{"width":800,"height":1067,"url":"https:\/\/ohmytuft.com\/wp-content\/uploads\/2024\/06\/tugting-gripper.png","type":"image\/png"}],"twitter_card":"summary_large_image","schema":{"@context":"https:\/\/schema.org","@graph":[{"@type":"WebPage","@id":"https:\/\/ohmytuft.com\/ro\/produs\/pensula-de-prindere-din-lemn-pachet-de-5-unitati\/","url":"https:\/\/ohmytuft.com\/ro\/produs\/pensula-de-prindere-din-lemn-pachet-de-5-unitati\/","name":"Pensul\u0103 de prindere din lemn - pachet de 5 unit\u0103\u021bi - Ohmytuft.com","isPartOf":{"@id":"https:\/\/ohmytuft.com\/ro\/#website"},"primaryImageOfPage":{"@id":"https:\/\/ohmytuft.com\/ro\/produs\/pensula-de-prindere-din-lemn-pachet-de-5-unitati\/#primaryimage"},"image":{"@id":"https:\/\/ohmytuft.com\/ro\/produs\/pensula-de-prindere-din-lemn-pachet-de-5-unitati\/#primaryimage"},"thumbnailUrl":"https:\/\/ohmytuft.com\/wp-content\/uploads\/2024\/06\/tugting-gripper.png","datePublished":"2024-06-23T10:10:58+00:00","breadcrumb":{"@id":"https:\/\/ohmytuft.com\/ro\/produs\/pensula-de-prindere-din-lemn-pachet-de-5-unitati\/#breadcrumb"},"inLanguage":"ro-RO","potentialAction":[{"@type":"ReadAction","target":["https:\/\/ohmytuft.com\/ro\/produs\/pensula-de-prindere-din-lemn-pachet-de-5-unitati\/"]}]},{"@type":"ImageObject","inLanguage":"ro-RO","@id":"https:\/\/ohmytuft.com\/ro\/produs\/pensula-de-prindere-din-lemn-pachet-de-5-unitati\/#primaryimage","url":"https:\/\/ohmytuft.com\/wp-content\/uploads\/2024\/06\/tugting-gripper.png","contentUrl":"https:\/\/ohmytuft.com\/wp-content\/uploads\/2024\/06\/tugting-gripper.png","width":800,"height":1067},{"@type":"BreadcrumbList","@id":"https:\/\/ohmytuft.com\/ro\/produs\/pensula-de-prindere-din-lemn-pachet-de-5-unitati\/#breadcrumb","itemListElement":[{"@type":"ListItem","position":1,"name":"Home","item":"https:\/\/ohmytuft.com\/ro\/"},{"@type":"ListItem","position":2,"name":"Magazin","item":"https:\/\/ohmytuft.com\/ro\/magazin\/"},{"@type":"ListItem","position":3,"name":"Pensul\u0103 de prindere din lemn &#8211; pachet de 5 unit\u0103\u021bi"}]},{"@type":"WebSite","@id":"https:\/\/ohmytuft.com\/ro\/#website","url":"https:\/\/ohmytuft.com\/ro\/","name":"Oh my tuft","description":"Oh my tuft","publisher":{"@id":"https:\/\/ohmytuft.com\/ro\/#organization"},"potentialAction":[{"@type":"SearchAction","target":{"@type":"EntryPoint","urlTemplate":"https:\/\/ohmytuft.com\/ro\/?s={search_term_string}"},"query-input":{"@type":"PropertyValueSpecification","valueRequired":true,"valueName":"search_term_string"}}],"inLanguage":"ro-RO"},{"@type":"Organization","@id":"https:\/\/ohmytuft.com\/ro\/#organization","name":"Oh my tuft","url":"https:\/\/ohmytuft.com\/ro\/","logo":{"@type":"ImageObject","inLanguage":"ro-RO","@id":"https:\/\/ohmytuft.com\/ro\/#\/schema\/logo\/image\/","url":"https:\/\/ohmytuft.com\/wp-content\/uploads\/2021\/02\/WEB-20.png","contentUrl":"https:\/\/ohmytuft.com\/wp-content\/uploads\/2021\/02\/WEB-20.png","width":2085,"height":764,"caption":"Oh my tuft"},"image":{"@id":"https:\/\/ohmytuft.com\/ro\/#\/schema\/logo\/image\/"},"sameAs":["https:\/\/www.instagram.com\/tuftinggunsupplies\/","https:\/\/www.tiktok.com\/@tuftinggun"]}]}},"_links":{"self":[{"href":"https:\/\/ohmytuft.com\/ro\/wp-json\/wp\/v2\/product\/8577","targetHints":{"allow":["GET"]}}],"collection":[{"href":"https:\/\/ohmytuft.com\/ro\/wp-json\/wp\/v2\/product"}],"about":[{"href":"https:\/\/ohmytuft.com\/ro\/wp-json\/wp\/v2\/types\/product"}],"replies":[{"embeddable":true,"href":"https:\/\/ohmytuft.com\/ro\/wp-json\/wp\/v2\/comments?post=8577"}],"wp:featuredmedia":[{"embeddable":true,"href":"https:\/\/ohmytuft.com\/ro\/wp-json\/wp\/v2\/media\/8510"}],"wp:attachment":[{"href":"https:\/\/ohmytuft.com\/ro\/wp-json\/wp\/v2\/media?parent=8577"}],"wp:term":[{"taxonomy":"product_brand","embeddable":true,"href":"https:\/\/ohmytuft.com\/ro\/wp-json\/wp\/v2\/product_brand?post=8577"},{"taxonomy":"product_cat","embeddable":true,"href":"https:\/\/ohmytuft.com\/ro\/wp-json\/wp\/v2\/product_cat?post=8577"},{"taxonomy":"product_tag","embeddable":true,"href":"https:\/\/ohmytuft.com\/ro\/wp-json\/wp\/v2\/product_tag?post=8577"}],"curies":[{"name":"wp","href":"https:\/\/api.w.org\/{rel}","templated":true}]}}