{"id":8600,"date":"2024-06-23T10:49:05","date_gmt":"2024-06-23T10:49:05","guid":{"rendered":"https:\/\/ohmytuft.com\/product\/mana-tufting-pistol-ak-v\/"},"modified":"2024-06-23T10:49:05","modified_gmt":"2024-06-23T10:49:05","slug":"mana-tufting-pistol-ak-v","status":"publish","type":"product","link":"https:\/\/ohmytuft.com\/ro\/produs\/mana-tufting-pistol-ak-v\/","title":{"rendered":"M\u00e2n\u0103 tufting pistol AK-V"},"content":{"rendered":"<p>V\u0103 prezent\u0103m pistolul AK-V Tufting Gun, instrumentul suprem at\u00e2t pentru pasiona\u021bi, c\u00e2t \u0219i pentru produc\u0103torii profesioni\u0219ti de covoare. Acest pistol de tufting versatil combin\u0103 tehnologia de ultim\u0103 genera\u021bie cu caracteristici u\u0219or de utilizat pentru a oferi eficien\u021b\u0103 \u0219i precizie de neegalat \u00een crearea covoarelor.<\/p>\n<p><strong>Perfect pentru:<\/strong><\/p>\n<ul>\n<li>Pasiona\u021bii de bricolaj care doresc s\u0103 descopere cum se fac covoare.<\/li>\n<li>Decoratori \u0219i designeri profesioni\u0219ti care doresc s\u0103 creeze textile personalizate.<\/li>\n<li>Mediile educa\u021bionale de predare a designului textil \u0219i de mod\u0103.<\/li>\n<\/ul>\n<p>Dac\u0103 ave\u021bi vreo \u00eendoial\u0103, \u00eentreba\u021bi!<\/p>\n","protected":false},"excerpt":{"rendered":"<p>Noul pistol electric de tufting manual AK-V.<\/p>\n<ul>\n<li>Tensiune: AC 100-240V<\/li>\n<li>Frecven\u021b\u0103: 50-60HZ<\/li>\n<li>Putere: 70W<\/li>\n<li>Intervalul de vitez\u0103: 5-40 cus\u0103turi pe secund\u0103<\/li>\n<li>Gama de \u00een\u0103l\u021bime a capsei: 8-18mm<\/li>\n<li>Tip de fi\u0219\u0103 implicit\u0103: EU<\/li>\n<li>T\u0103ia\u021bi gr\u0103mada<\/li>\n<\/ul>\n<p class=\"elementor-heading-title elementor-size-default\">Acest aparat este u\u0219or de \u00eenv\u0103\u021bat \u0219i de utilizat. Tutoriale \u00een cur\u00e2nd! \u00centre\u021binerea periodic\u0103 va asigura o durat\u0103 de via\u021b\u0103 mai lung\u0103 a sculei. <strong>Cutia include:<\/strong><\/p>\n<ul>\n<li>Tufting Gun ma\u0219in\u0103 de pistol<\/li>\n<li>Adaptor AC\/DC cu fi\u0219\u0103 euro<\/li>\n<li>Unelte \u0219i \u0219uruburi pentru \u00eentre\u021binere<\/li>\n<li>\u00cenfilet\u0103tor de ace<\/li>\n<\/ul>\n<div class=\"elementor-element elementor-element-e8ba0fb elementor-widget elementor-widget-heading\" data-id=\"e8ba0fb\" data-element_type=\"widget\" data-widget_type=\"heading.default\">\n<div class=\"elementor-widget-container\">\n<p class=\"elementor-heading-title elementor-size-default\">Siguran\u021ba \u00eenainte de toate! Folosi\u021bi protec\u021bie pentru ochi \u0219i auz. Evita\u021bi uneltele \u0219i mecanismele. Opri\u021bi aparatul c\u00e2nd nu \u00eel utiliza\u021bi.<\/p>\n<\/div>\n<\/div>\n","protected":false},"featured_media":8538,"comment_status":"closed","ping_status":"closed","template":"","meta":{"_joinchat":[]},"product_brand":[],"product_cat":[397],"product_tag":[],"class_list":{"0":"post-8600","1":"product","2":"type-product","3":"status-publish","4":"has-post-thumbnail","6":"product_cat-tufting-pistoale","8":"first","9":"instock","10":"sale","11":"taxable","12":"shipping-taxable","13":"purchasable","14":"product-type-simple"},"yoast_head":"<!-- This site is optimized with the Yoast SEO plugin v27.2 - https:\/\/yoast.com\/product\/yoast-seo-wordpress\/ -->\n<title>M\u00e2n\u0103 tufting pistol AK-V - Ohmytuft.com<\/title>\n<meta name=\"robots\" content=\"index, follow, max-snippet:-1, max-image-preview:large, max-video-preview:-1\" \/>\n<link rel=\"canonical\" href=\"https:\/\/ohmytuft.com\/ro\/produs\/mana-tufting-pistol-ak-v\/\" \/>\n<meta property=\"og:locale\" content=\"ro_RO\" \/>\n<meta property=\"og:type\" content=\"article\" \/>\n<meta property=\"og:title\" content=\"M\u00e2n\u0103 tufting pistol AK-V - Ohmytuft.com\" \/>\n<meta property=\"og:description\" content=\"Noul pistol electric de tufting manual AK-V.  Tensiune: AC 100-240V  Frecven\u021b\u0103: 50-60HZ  Putere: 70W  Intervalul de vitez\u0103: 5-40 cus\u0103turi pe secund\u0103  Gama de \u00een\u0103l\u021bime a capsei: 8-18mm  Tip de fi\u0219\u0103 implicit\u0103: EU  T\u0103ia\u021bi gr\u0103mada Acest aparat este u\u0219or de \u00eenv\u0103\u021bat \u0219i de utilizat. Tutoriale \u00een cur\u00e2nd! \u00centre\u021binerea periodic\u0103 va asigura o durat\u0103 de via\u021b\u0103 mai lung\u0103 a sculei. Cutia include:   Tufting Gun ma\u0219in\u0103 de pistol  Adaptor AC\/DC cu fi\u0219\u0103 euro  Unelte \u0219i \u0219uruburi pentru \u00eentre\u021binere  \u00cenfilet\u0103tor de ace  Siguran\u021ba \u00eenainte de toate! Folosi\u021bi protec\u021bie pentru ochi \u0219i auz. Evita\u021bi uneltele \u0219i mecanismele. Opri\u021bi aparatul c\u00e2nd nu \u00eel utiliza\u021bi.\" \/>\n<meta property=\"og:url\" content=\"https:\/\/ohmytuft.com\/ro\/produs\/mana-tufting-pistol-ak-v\/\" \/>\n<meta property=\"og:site_name\" content=\"Ohmytuft.com\" \/>\n<meta property=\"og:image\" content=\"https:\/\/ohmytuft.com\/wp-content\/uploads\/2024\/06\/tufting-gun-akv.png\" \/>\n\t<meta property=\"og:image:width\" content=\"1000\" \/>\n\t<meta property=\"og:image:height\" content=\"750\" \/>\n\t<meta property=\"og:image:type\" content=\"image\/png\" \/>\n<meta name=\"twitter:card\" content=\"summary_large_image\" \/>\n<script type=\"application\/ld+json\" class=\"yoast-schema-graph\">{\"@context\":\"https:\/\/schema.org\",\"@graph\":[{\"@type\":\"WebPage\",\"@id\":\"https:\/\/ohmytuft.com\/ro\/produs\/mana-tufting-pistol-ak-v\/\",\"url\":\"https:\/\/ohmytuft.com\/ro\/produs\/mana-tufting-pistol-ak-v\/\",\"name\":\"M\u00e2n\u0103 tufting pistol AK-V - Ohmytuft.com\",\"isPartOf\":{\"@id\":\"https:\/\/ohmytuft.com\/ro\/#website\"},\"primaryImageOfPage\":{\"@id\":\"https:\/\/ohmytuft.com\/ro\/produs\/mana-tufting-pistol-ak-v\/#primaryimage\"},\"image\":{\"@id\":\"https:\/\/ohmytuft.com\/ro\/produs\/mana-tufting-pistol-ak-v\/#primaryimage\"},\"thumbnailUrl\":\"https:\/\/ohmytuft.com\/wp-content\/uploads\/2024\/06\/tufting-gun-akv.png\",\"datePublished\":\"2024-06-23T10:49:05+00:00\",\"breadcrumb\":{\"@id\":\"https:\/\/ohmytuft.com\/ro\/produs\/mana-tufting-pistol-ak-v\/#breadcrumb\"},\"inLanguage\":\"ro-RO\",\"potentialAction\":[{\"@type\":\"ReadAction\",\"target\":[\"https:\/\/ohmytuft.com\/ro\/produs\/mana-tufting-pistol-ak-v\/\"]}]},{\"@type\":\"ImageObject\",\"inLanguage\":\"ro-RO\",\"@id\":\"https:\/\/ohmytuft.com\/ro\/produs\/mana-tufting-pistol-ak-v\/#primaryimage\",\"url\":\"https:\/\/ohmytuft.com\/wp-content\/uploads\/2024\/06\/tufting-gun-akv.png\",\"contentUrl\":\"https:\/\/ohmytuft.com\/wp-content\/uploads\/2024\/06\/tufting-gun-akv.png\",\"width\":1000,\"height\":750},{\"@type\":\"BreadcrumbList\",\"@id\":\"https:\/\/ohmytuft.com\/ro\/produs\/mana-tufting-pistol-ak-v\/#breadcrumb\",\"itemListElement\":[{\"@type\":\"ListItem\",\"position\":1,\"name\":\"Home\",\"item\":\"https:\/\/ohmytuft.com\/ro\/\"},{\"@type\":\"ListItem\",\"position\":2,\"name\":\"Magazin\",\"item\":\"https:\/\/ohmytuft.com\/ro\/magazin\/\"},{\"@type\":\"ListItem\",\"position\":3,\"name\":\"M\u00e2n\u0103 tufting pistol AK-V\"}]},{\"@type\":\"WebSite\",\"@id\":\"https:\/\/ohmytuft.com\/ro\/#website\",\"url\":\"https:\/\/ohmytuft.com\/ro\/\",\"name\":\"Oh my tuft\",\"description\":\"Oh my tuft\",\"publisher\":{\"@id\":\"https:\/\/ohmytuft.com\/ro\/#organization\"},\"potentialAction\":[{\"@type\":\"SearchAction\",\"target\":{\"@type\":\"EntryPoint\",\"urlTemplate\":\"https:\/\/ohmytuft.com\/ro\/?s={search_term_string}\"},\"query-input\":{\"@type\":\"PropertyValueSpecification\",\"valueRequired\":true,\"valueName\":\"search_term_string\"}}],\"inLanguage\":\"ro-RO\"},{\"@type\":\"Organization\",\"@id\":\"https:\/\/ohmytuft.com\/ro\/#organization\",\"name\":\"Oh my tuft\",\"url\":\"https:\/\/ohmytuft.com\/ro\/\",\"logo\":{\"@type\":\"ImageObject\",\"inLanguage\":\"ro-RO\",\"@id\":\"https:\/\/ohmytuft.com\/ro\/#\/schema\/logo\/image\/\",\"url\":\"https:\/\/ohmytuft.com\/wp-content\/uploads\/2021\/02\/WEB-20.png\",\"contentUrl\":\"https:\/\/ohmytuft.com\/wp-content\/uploads\/2021\/02\/WEB-20.png\",\"width\":2085,\"height\":764,\"caption\":\"Oh my tuft\"},\"image\":{\"@id\":\"https:\/\/ohmytuft.com\/ro\/#\/schema\/logo\/image\/\"},\"sameAs\":[\"https:\/\/www.instagram.com\/tuftinggunsupplies\/\",\"https:\/\/www.tiktok.com\/@tuftinggun\"]}]}<\/script>\n<!-- \/ Yoast SEO plugin. -->","yoast_head_json":{"title":"M\u00e2n\u0103 tufting pistol AK-V - Ohmytuft.com","robots":{"index":"index","follow":"follow","max-snippet":"max-snippet:-1","max-image-preview":"max-image-preview:large","max-video-preview":"max-video-preview:-1"},"canonical":"https:\/\/ohmytuft.com\/ro\/produs\/mana-tufting-pistol-ak-v\/","og_locale":"ro_RO","og_type":"article","og_title":"M\u00e2n\u0103 tufting pistol AK-V - Ohmytuft.com","og_description":"Noul pistol electric de tufting manual AK-V.  Tensiune: AC 100-240V  Frecven\u021b\u0103: 50-60HZ  Putere: 70W  Intervalul de vitez\u0103: 5-40 cus\u0103turi pe secund\u0103  Gama de \u00een\u0103l\u021bime a capsei: 8-18mm  Tip de fi\u0219\u0103 implicit\u0103: EU  T\u0103ia\u021bi gr\u0103mada Acest aparat este u\u0219or de \u00eenv\u0103\u021bat \u0219i de utilizat. Tutoriale \u00een cur\u00e2nd! \u00centre\u021binerea periodic\u0103 va asigura o durat\u0103 de via\u021b\u0103 mai lung\u0103 a sculei. Cutia include:   Tufting Gun ma\u0219in\u0103 de pistol  Adaptor AC\/DC cu fi\u0219\u0103 euro  Unelte \u0219i \u0219uruburi pentru \u00eentre\u021binere  \u00cenfilet\u0103tor de ace  Siguran\u021ba \u00eenainte de toate! Folosi\u021bi protec\u021bie pentru ochi \u0219i auz. Evita\u021bi uneltele \u0219i mecanismele. Opri\u021bi aparatul c\u00e2nd nu \u00eel utiliza\u021bi.","og_url":"https:\/\/ohmytuft.com\/ro\/produs\/mana-tufting-pistol-ak-v\/","og_site_name":"Ohmytuft.com","og_image":[{"width":1000,"height":750,"url":"https:\/\/ohmytuft.com\/wp-content\/uploads\/2024\/06\/tufting-gun-akv.png","type":"image\/png"}],"twitter_card":"summary_large_image","schema":{"@context":"https:\/\/schema.org","@graph":[{"@type":"WebPage","@id":"https:\/\/ohmytuft.com\/ro\/produs\/mana-tufting-pistol-ak-v\/","url":"https:\/\/ohmytuft.com\/ro\/produs\/mana-tufting-pistol-ak-v\/","name":"M\u00e2n\u0103 tufting pistol AK-V - Ohmytuft.com","isPartOf":{"@id":"https:\/\/ohmytuft.com\/ro\/#website"},"primaryImageOfPage":{"@id":"https:\/\/ohmytuft.com\/ro\/produs\/mana-tufting-pistol-ak-v\/#primaryimage"},"image":{"@id":"https:\/\/ohmytuft.com\/ro\/produs\/mana-tufting-pistol-ak-v\/#primaryimage"},"thumbnailUrl":"https:\/\/ohmytuft.com\/wp-content\/uploads\/2024\/06\/tufting-gun-akv.png","datePublished":"2024-06-23T10:49:05+00:00","breadcrumb":{"@id":"https:\/\/ohmytuft.com\/ro\/produs\/mana-tufting-pistol-ak-v\/#breadcrumb"},"inLanguage":"ro-RO","potentialAction":[{"@type":"ReadAction","target":["https:\/\/ohmytuft.com\/ro\/produs\/mana-tufting-pistol-ak-v\/"]}]},{"@type":"ImageObject","inLanguage":"ro-RO","@id":"https:\/\/ohmytuft.com\/ro\/produs\/mana-tufting-pistol-ak-v\/#primaryimage","url":"https:\/\/ohmytuft.com\/wp-content\/uploads\/2024\/06\/tufting-gun-akv.png","contentUrl":"https:\/\/ohmytuft.com\/wp-content\/uploads\/2024\/06\/tufting-gun-akv.png","width":1000,"height":750},{"@type":"BreadcrumbList","@id":"https:\/\/ohmytuft.com\/ro\/produs\/mana-tufting-pistol-ak-v\/#breadcrumb","itemListElement":[{"@type":"ListItem","position":1,"name":"Home","item":"https:\/\/ohmytuft.com\/ro\/"},{"@type":"ListItem","position":2,"name":"Magazin","item":"https:\/\/ohmytuft.com\/ro\/magazin\/"},{"@type":"ListItem","position":3,"name":"M\u00e2n\u0103 tufting pistol AK-V"}]},{"@type":"WebSite","@id":"https:\/\/ohmytuft.com\/ro\/#website","url":"https:\/\/ohmytuft.com\/ro\/","name":"Oh my tuft","description":"Oh my tuft","publisher":{"@id":"https:\/\/ohmytuft.com\/ro\/#organization"},"potentialAction":[{"@type":"SearchAction","target":{"@type":"EntryPoint","urlTemplate":"https:\/\/ohmytuft.com\/ro\/?s={search_term_string}"},"query-input":{"@type":"PropertyValueSpecification","valueRequired":true,"valueName":"search_term_string"}}],"inLanguage":"ro-RO"},{"@type":"Organization","@id":"https:\/\/ohmytuft.com\/ro\/#organization","name":"Oh my tuft","url":"https:\/\/ohmytuft.com\/ro\/","logo":{"@type":"ImageObject","inLanguage":"ro-RO","@id":"https:\/\/ohmytuft.com\/ro\/#\/schema\/logo\/image\/","url":"https:\/\/ohmytuft.com\/wp-content\/uploads\/2021\/02\/WEB-20.png","contentUrl":"https:\/\/ohmytuft.com\/wp-content\/uploads\/2021\/02\/WEB-20.png","width":2085,"height":764,"caption":"Oh my tuft"},"image":{"@id":"https:\/\/ohmytuft.com\/ro\/#\/schema\/logo\/image\/"},"sameAs":["https:\/\/www.instagram.com\/tuftinggunsupplies\/","https:\/\/www.tiktok.com\/@tuftinggun"]}]}},"_links":{"self":[{"href":"https:\/\/ohmytuft.com\/ro\/wp-json\/wp\/v2\/product\/8600","targetHints":{"allow":["GET"]}}],"collection":[{"href":"https:\/\/ohmytuft.com\/ro\/wp-json\/wp\/v2\/product"}],"about":[{"href":"https:\/\/ohmytuft.com\/ro\/wp-json\/wp\/v2\/types\/product"}],"replies":[{"embeddable":true,"href":"https:\/\/ohmytuft.com\/ro\/wp-json\/wp\/v2\/comments?post=8600"}],"wp:featuredmedia":[{"embeddable":true,"href":"https:\/\/ohmytuft.com\/ro\/wp-json\/wp\/v2\/media\/8538"}],"wp:attachment":[{"href":"https:\/\/ohmytuft.com\/ro\/wp-json\/wp\/v2\/media?parent=8600"}],"wp:term":[{"taxonomy":"product_brand","embeddable":true,"href":"https:\/\/ohmytuft.com\/ro\/wp-json\/wp\/v2\/product_brand?post=8600"},{"taxonomy":"product_cat","embeddable":true,"href":"https:\/\/ohmytuft.com\/ro\/wp-json\/wp\/v2\/product_cat?post=8600"},{"taxonomy":"product_tag","embeddable":true,"href":"https:\/\/ohmytuft.com\/ro\/wp-json\/wp\/v2\/product_tag?post=8600"}],"curies":[{"name":"wp","href":"https:\/\/api.w.org\/{rel}","templated":true}]}}