{"id":6514,"date":"2023-10-30T10:17:54","date_gmt":"2023-10-30T10:17:54","guid":{"rendered":"https:\/\/ohmytuft.com\/black-friday-tuftningsmaterial-och-verktyg-med-rabatt\/"},"modified":"2024-03-13T18:41:03","modified_gmt":"2024-03-13T18:41:03","slug":"black-friday-tuftningsmaterial-och-verktyg-med-rabatt","status":"publish","type":"page","link":"https:\/\/ohmytuft.com\/sv\/black-friday-tuftningsmaterial-och-verktyg-med-rabatt\/","title":{"rendered":"Black Friday: Tuftningsmaterial och verktyg med rabatt"},"content":{"rendered":"\n<p>\u00c4r du redo att ge dig ut p\u00e5 en kreativ resa in i <strong>\n  <a href=\"https:\/\/ohmytuft.com\/sv\/\">v\u00e4rlden av tuftning<\/a>\n<\/strong>? Vi p\u00e5 OhMyTuft.com \u00e4r glada \u00f6ver att kunna presentera v\u00e5rt Black Friday-specialerbjudande, skr\u00e4ddarsytt f\u00f6r alla blivande tuftningsentusiaster! Vi \u00e4r h\u00e4r f\u00f6r att v\u00e4cka din passion f\u00f6r tuftning genom att g\u00f6ra det mer prisv\u00e4rt \u00e4n n\u00e5gonsin.<\/p>\n\n<h2 class=\"wp-block-heading\"><strong>G\u00f6r dig redo f\u00f6r 10% rabatt p\u00e5 allt!<\/strong><\/h2>\n\n<p>P\u00e5 Black Friday \u00e4r besparingarna enorma och m\u00f6jligheterna o\u00e4ndliga. Vi \u00e4r glada att kunna erbjuda <strong>10% rabatt<\/strong> p\u00e5 alla v\u00e5ra material och <strong>\n  <a href=\"https:\/\/ohmytuft.com\/buy\/tufting-guns\/\">tuftningspistoler<\/a>\n<\/strong>. Det h\u00e4r \u00e4r det perfekta tillf\u00e4llet f\u00f6r dig att dyka ner i tuftningskonsten utan att g\u00f6ra avkall p\u00e5 dina pengar. Oavsett om du \u00e4r en erfaren tufter eller en nyfiken nyb\u00f6rjare har vi n\u00e5got speciellt f\u00f6r alla.<\/p>\n\n<p>Anv\u00e4nd: &#8221;<strong>\n  <em>BLACKFRIDAY<\/em>\n<\/strong>&#8221; i kassan.<\/p>\n\n<div class=\"wp-block-query is-layout-flow wp-block-query-is-layout-flow\">\n\n\n\n<div class=\"wp-block-query-no-results\">\n\n<p><\/p>\n\n<\/div><\/div>\n\n<h2 class=\"wp-block-heading\"><strong>Varf\u00f6r tuftning? Varf\u00f6r OhMyTuft.com?<\/strong><\/h2>\n\n<p>Tuftning \u00e4r ett tidl\u00f6st hantverk som g\u00f6r att du kan f\u00f6rvandla <strong>\n  <a href=\"https:\/\/ohmytuft.com\/buy\/tufting-cloth\/\">vanliga tyger<\/a>\n<\/strong> till extraordin\u00e4ra konstverk. Oavsett om du vill skapa fantastiska mattor, f\u00e4ngslande v\u00e4ggkonst eller personliga kuddar ger tuftning ett unikt och givande utlopp f\u00f6r din kreativitet. OhMyTuft.com \u00e4r din one-stop-shop f\u00f6r allt som r\u00f6r tuftning, och v\u00e5r Black Friday-rea \u00e4r din chans att f\u00e5 tillg\u00e5ng till material och tuftningspistoler av h\u00f6gsta kvalitet till en br\u00e5kdel av kostnaden.<\/p>\n\n<p><strong>Vad g\u00f6r att OhMyTuft.com sticker ut?<\/strong><\/p>\n\n<ul class=\"wp-block-list\">\n<li><strong>Garanterad kvalitet:<\/strong> Vi k\u00f6per v\u00e5ra material och tuftningspistoler fr\u00e5n v\u00e4lrenommerade tillverkare f\u00f6r att s\u00e4kerst\u00e4lla att dina tuftningsprojekt blir framg\u00e5ngsrika.<\/li>\n\n\n\n<li><strong>Brett urval:<\/strong> Utforska v\u00e5rt omfattande sortiment av tuftningsmaterial, inklusive garn, tyg och tuftningsduk, tillsammans med en m\u00e4ngd olika modeller av tuftningspistoler f\u00f6r att passa dina specifika behov.<\/li>\n\n\n\n<li><strong>St\u00f6d fr\u00e5n experter:<\/strong> V\u00e5rt team av tuftningsexperter finns h\u00e4r f\u00f6r att ge dig v\u00e4gledning, tips och handledning som hj\u00e4lper dig att sl\u00e4ppa loss din kreativitet.<\/li>\n\n\n\n<li><strong>Snabb och p\u00e5litlig leverans:<\/strong> Vi levererar \u00f6ver hela v\u00e4rlden och ser till att dina tuftningstillbeh\u00f6r snabbt kommer fram till din d\u00f6rr.<\/li>\n<\/ul>\n\n<h2 class=\"wp-block-heading\"><strong>F\u00f6lj med oss p\u00e5 Black Friday!<\/strong><\/h2>\n\n<p>Missa inte chansen att p\u00e5b\u00f6rja din resa mot tuftning. P\u00e5 Black Friday kan du bes\u00f6ka OhMyTuft.com och ta del av v\u00e5r exklusiva rabatt p\u00e5 10 %. Upplev gl\u00e4djen med tuftning utan ekonomiska hinder &#8211; det \u00e4r en hobby som \u00e4r v\u00e4rd att prova!<\/p>\n\n<p>Markera din kalender, st\u00e4ll in dina alarm och var beredd p\u00e5 att sl\u00e4ppa loss din inre konstn\u00e4r med OhMyTuft.com. L\u00e5t kreativiteten fl\u00f6da denna Black Friday, s\u00e5 kan vi tillsammans f\u00f6rverkliga dina tuftningsdr\u00f6mmar.<\/p>\n\n<p>H\u00e5ll utkik efter Black Friday och l\u00e5t oss f\u00f6rverkliga dina tuftningsdr\u00f6mmar p\u00e5 OhMyTuft.com! \u2728<\/p>\n","protected":false},"excerpt":{"rendered":"<p>\u00c4r du redo att ge dig ut p\u00e5 en kreativ resa in i v\u00e4rlden av tuftning ? Vi p\u00e5 OhMyTuft.com \u00e4r glada \u00f6ver att kunna presentera v\u00e5rt Black Friday-specialerbjudande, skr\u00e4ddarsytt f\u00f6r alla blivande tuftningsentusiaster! Vi \u00e4r h\u00e4r f\u00f6r att v\u00e4cka din passion f\u00f6r tuftning genom att g\u00f6ra det mer prisv\u00e4rt \u00e4n n\u00e5gonsin. G\u00f6r dig redo [&hellip;]<\/p>\n","protected":false},"author":3,"featured_media":0,"parent":0,"menu_order":0,"comment_status":"closed","ping_status":"closed","template":"","meta":{"_joinchat":[],"footnotes":""},"class_list":["post-6514","page","type-page","status-publish","hentry"],"yoast_head":"<!-- This site is optimized with the Yoast SEO plugin v27.2 - https:\/\/yoast.com\/product\/yoast-seo-wordpress\/ -->\n<title>Black Friday: Tuftningsmaterial och verktyg med rabatt - Ohmytuft.com<\/title>\n<meta name=\"robots\" content=\"index, follow, max-snippet:-1, max-image-preview:large, max-video-preview:-1\" \/>\n<link rel=\"canonical\" href=\"https:\/\/ohmytuft.com\/sv\/black-friday-tuftningsmaterial-och-verktyg-med-rabatt\/\" \/>\n<meta property=\"og:locale\" content=\"sv_SE\" \/>\n<meta property=\"og:type\" content=\"article\" \/>\n<meta property=\"og:title\" content=\"Black Friday: Tuftningsmaterial och verktyg med rabatt - Ohmytuft.com\" \/>\n<meta property=\"og:description\" content=\"\u00c4r du redo att ge dig ut p\u00e5 en kreativ resa in i v\u00e4rlden av tuftning ? Vi p\u00e5 OhMyTuft.com \u00e4r glada \u00f6ver att kunna presentera v\u00e5rt Black Friday-specialerbjudande, skr\u00e4ddarsytt f\u00f6r alla blivande tuftningsentusiaster! Vi \u00e4r h\u00e4r f\u00f6r att v\u00e4cka din passion f\u00f6r tuftning genom att g\u00f6ra det mer prisv\u00e4rt \u00e4n n\u00e5gonsin. G\u00f6r dig redo [&hellip;]\" \/>\n<meta property=\"og:url\" content=\"https:\/\/ohmytuft.com\/sv\/black-friday-tuftningsmaterial-och-verktyg-med-rabatt\/\" \/>\n<meta property=\"og:site_name\" content=\"Ohmytuft.com\" \/>\n<meta property=\"article:modified_time\" content=\"2024-03-13T18:41:03+00:00\" \/>\n<meta name=\"twitter:card\" content=\"summary_large_image\" \/>\n<meta name=\"twitter:label1\" content=\"Ber\u00e4knad l\u00e4stid\" \/>\n\t<meta name=\"twitter:data1\" content=\"2 minuter\" \/>\n<script type=\"application\/ld+json\" class=\"yoast-schema-graph\">{\"@context\":\"https:\/\/schema.org\",\"@graph\":[{\"@type\":\"WebPage\",\"@id\":\"https:\/\/ohmytuft.com\/sv\/black-friday-tuftningsmaterial-och-verktyg-med-rabatt\/\",\"url\":\"https:\/\/ohmytuft.com\/sv\/black-friday-tuftningsmaterial-och-verktyg-med-rabatt\/\",\"name\":\"Black Friday: Tuftningsmaterial och verktyg med rabatt - Ohmytuft.com\",\"isPartOf\":{\"@id\":\"https:\/\/ohmytuft.com\/sv\/#website\"},\"datePublished\":\"2023-10-30T10:17:54+00:00\",\"dateModified\":\"2024-03-13T18:41:03+00:00\",\"breadcrumb\":{\"@id\":\"https:\/\/ohmytuft.com\/sv\/black-friday-tuftningsmaterial-och-verktyg-med-rabatt\/#breadcrumb\"},\"inLanguage\":\"sv-SE\",\"potentialAction\":[{\"@type\":\"ReadAction\",\"target\":[\"https:\/\/ohmytuft.com\/sv\/black-friday-tuftningsmaterial-och-verktyg-med-rabatt\/\"]}]},{\"@type\":\"BreadcrumbList\",\"@id\":\"https:\/\/ohmytuft.com\/sv\/black-friday-tuftningsmaterial-och-verktyg-med-rabatt\/#breadcrumb\",\"itemListElement\":[{\"@type\":\"ListItem\",\"position\":1,\"name\":\"Home\",\"item\":\"https:\/\/ohmytuft.com\/sv\/\"},{\"@type\":\"ListItem\",\"position\":2,\"name\":\"Black Friday: Tuftningsmaterial och verktyg med rabatt\"}]},{\"@type\":\"WebSite\",\"@id\":\"https:\/\/ohmytuft.com\/sv\/#website\",\"url\":\"https:\/\/ohmytuft.com\/sv\/\",\"name\":\"Oh my tuft\",\"description\":\"Oh my tuft\",\"publisher\":{\"@id\":\"https:\/\/ohmytuft.com\/sv\/#organization\"},\"potentialAction\":[{\"@type\":\"SearchAction\",\"target\":{\"@type\":\"EntryPoint\",\"urlTemplate\":\"https:\/\/ohmytuft.com\/sv\/?s={search_term_string}\"},\"query-input\":{\"@type\":\"PropertyValueSpecification\",\"valueRequired\":true,\"valueName\":\"search_term_string\"}}],\"inLanguage\":\"sv-SE\"},{\"@type\":\"Organization\",\"@id\":\"https:\/\/ohmytuft.com\/sv\/#organization\",\"name\":\"Oh my tuft\",\"url\":\"https:\/\/ohmytuft.com\/sv\/\",\"logo\":{\"@type\":\"ImageObject\",\"inLanguage\":\"sv-SE\",\"@id\":\"https:\/\/ohmytuft.com\/sv\/#\/schema\/logo\/image\/\",\"url\":\"https:\/\/ohmytuft.com\/wp-content\/uploads\/2021\/02\/WEB-20.png\",\"contentUrl\":\"https:\/\/ohmytuft.com\/wp-content\/uploads\/2021\/02\/WEB-20.png\",\"width\":2085,\"height\":764,\"caption\":\"Oh my tuft\"},\"image\":{\"@id\":\"https:\/\/ohmytuft.com\/sv\/#\/schema\/logo\/image\/\"},\"sameAs\":[\"https:\/\/www.instagram.com\/tuftinggunsupplies\/\",\"https:\/\/www.tiktok.com\/@tuftinggun\"]}]}<\/script>\n<!-- \/ Yoast SEO plugin. -->","yoast_head_json":{"title":"Black Friday: Tuftningsmaterial och verktyg med rabatt - Ohmytuft.com","robots":{"index":"index","follow":"follow","max-snippet":"max-snippet:-1","max-image-preview":"max-image-preview:large","max-video-preview":"max-video-preview:-1"},"canonical":"https:\/\/ohmytuft.com\/sv\/black-friday-tuftningsmaterial-och-verktyg-med-rabatt\/","og_locale":"sv_SE","og_type":"article","og_title":"Black Friday: Tuftningsmaterial och verktyg med rabatt - Ohmytuft.com","og_description":"\u00c4r du redo att ge dig ut p\u00e5 en kreativ resa in i v\u00e4rlden av tuftning ? Vi p\u00e5 OhMyTuft.com \u00e4r glada \u00f6ver att kunna presentera v\u00e5rt Black Friday-specialerbjudande, skr\u00e4ddarsytt f\u00f6r alla blivande tuftningsentusiaster! Vi \u00e4r h\u00e4r f\u00f6r att v\u00e4cka din passion f\u00f6r tuftning genom att g\u00f6ra det mer prisv\u00e4rt \u00e4n n\u00e5gonsin. G\u00f6r dig redo [&hellip;]","og_url":"https:\/\/ohmytuft.com\/sv\/black-friday-tuftningsmaterial-och-verktyg-med-rabatt\/","og_site_name":"Ohmytuft.com","article_modified_time":"2024-03-13T18:41:03+00:00","twitter_card":"summary_large_image","twitter_misc":{"Ber\u00e4knad l\u00e4stid":"2 minuter"},"schema":{"@context":"https:\/\/schema.org","@graph":[{"@type":"WebPage","@id":"https:\/\/ohmytuft.com\/sv\/black-friday-tuftningsmaterial-och-verktyg-med-rabatt\/","url":"https:\/\/ohmytuft.com\/sv\/black-friday-tuftningsmaterial-och-verktyg-med-rabatt\/","name":"Black Friday: Tuftningsmaterial och verktyg med rabatt - Ohmytuft.com","isPartOf":{"@id":"https:\/\/ohmytuft.com\/sv\/#website"},"datePublished":"2023-10-30T10:17:54+00:00","dateModified":"2024-03-13T18:41:03+00:00","breadcrumb":{"@id":"https:\/\/ohmytuft.com\/sv\/black-friday-tuftningsmaterial-och-verktyg-med-rabatt\/#breadcrumb"},"inLanguage":"sv-SE","potentialAction":[{"@type":"ReadAction","target":["https:\/\/ohmytuft.com\/sv\/black-friday-tuftningsmaterial-och-verktyg-med-rabatt\/"]}]},{"@type":"BreadcrumbList","@id":"https:\/\/ohmytuft.com\/sv\/black-friday-tuftningsmaterial-och-verktyg-med-rabatt\/#breadcrumb","itemListElement":[{"@type":"ListItem","position":1,"name":"Home","item":"https:\/\/ohmytuft.com\/sv\/"},{"@type":"ListItem","position":2,"name":"Black Friday: Tuftningsmaterial och verktyg med rabatt"}]},{"@type":"WebSite","@id":"https:\/\/ohmytuft.com\/sv\/#website","url":"https:\/\/ohmytuft.com\/sv\/","name":"Oh my tuft","description":"Oh my tuft","publisher":{"@id":"https:\/\/ohmytuft.com\/sv\/#organization"},"potentialAction":[{"@type":"SearchAction","target":{"@type":"EntryPoint","urlTemplate":"https:\/\/ohmytuft.com\/sv\/?s={search_term_string}"},"query-input":{"@type":"PropertyValueSpecification","valueRequired":true,"valueName":"search_term_string"}}],"inLanguage":"sv-SE"},{"@type":"Organization","@id":"https:\/\/ohmytuft.com\/sv\/#organization","name":"Oh my tuft","url":"https:\/\/ohmytuft.com\/sv\/","logo":{"@type":"ImageObject","inLanguage":"sv-SE","@id":"https:\/\/ohmytuft.com\/sv\/#\/schema\/logo\/image\/","url":"https:\/\/ohmytuft.com\/wp-content\/uploads\/2021\/02\/WEB-20.png","contentUrl":"https:\/\/ohmytuft.com\/wp-content\/uploads\/2021\/02\/WEB-20.png","width":2085,"height":764,"caption":"Oh my tuft"},"image":{"@id":"https:\/\/ohmytuft.com\/sv\/#\/schema\/logo\/image\/"},"sameAs":["https:\/\/www.instagram.com\/tuftinggunsupplies\/","https:\/\/www.tiktok.com\/@tuftinggun"]}]}},"_links":{"self":[{"href":"https:\/\/ohmytuft.com\/sv\/wp-json\/wp\/v2\/pages\/6514","targetHints":{"allow":["GET"]}}],"collection":[{"href":"https:\/\/ohmytuft.com\/sv\/wp-json\/wp\/v2\/pages"}],"about":[{"href":"https:\/\/ohmytuft.com\/sv\/wp-json\/wp\/v2\/types\/page"}],"author":[{"embeddable":true,"href":"https:\/\/ohmytuft.com\/sv\/wp-json\/wp\/v2\/users\/3"}],"replies":[{"embeddable":true,"href":"https:\/\/ohmytuft.com\/sv\/wp-json\/wp\/v2\/comments?post=6514"}],"version-history":[{"count":0,"href":"https:\/\/ohmytuft.com\/sv\/wp-json\/wp\/v2\/pages\/6514\/revisions"}],"wp:attachment":[{"href":"https:\/\/ohmytuft.com\/sv\/wp-json\/wp\/v2\/media?parent=6514"}],"curies":[{"name":"wp","href":"https:\/\/api.w.org\/{rel}","templated":true}]}}