{"id":6549,"date":"2023-04-03T14:25:43","date_gmt":"2023-04-03T14:25:43","guid":{"rendered":"https:\/\/ohmytuft.com\/affiliate-program\/"},"modified":"2024-03-13T18:41:02","modified_gmt":"2024-03-13T18:41:02","slug":"affiliate-program","status":"publish","type":"page","link":"https:\/\/ohmytuft.com\/sv\/affiliate-program\/","title":{"rendered":"Affiliate-program"},"content":{"rendered":"\n<p>Bli en affiliate!<\/p>\n\n<p>G\u00e5 med i <strong>Ohmytuft.coms<\/strong> affiliateprogram och tj\u00e4na 15% provision p\u00e5 varje f\u00f6rs\u00e4ljning som du h\u00e4nvisar till oss. S\u00e4lj v\u00e5ra <strong>\n  <a href=\"https:\/\/ohmytuft.com\/buy\/tufting-guns\/\">tuftningspistoler<\/a>\n<\/strong>, <strong>\n  <a href=\"https:\/\/ohmytuft.com\/buy\/yarn\/\">garn<\/a>\n<\/strong>, <strong>\n  <a href=\"https:\/\/ohmytuft.com\/buy\/tufting-cloth\/\">tyger<\/a>\n<\/strong> och alla v\u00e5ra produkter utan att investera n\u00e5gra pengar.<\/p>\n\n<h3 class=\"wp-block-heading\">Varf\u00f6r arbeta med oss?<\/h3>\n\n<ul class=\"wp-block-list\">\n<li>15% provision p\u00e5 varje f\u00f6rs\u00e4ljning<\/li>\n\n\n\n<li>Sp\u00e5rningscookie i 30 dagar<\/li>\n\n\n\n<li>M\u00e5natliga betalningar via PayPal (minst 50 euro)<\/li>\n\n\n\n<li>Snabb och personlig support<\/li>\n<\/ul>\n\n<p>Kontakta oss g\u00e4rna och st\u00e4ll fr\u00e5gor <strong>\n  <a href=\"https:\/\/ohmytuft.com\/contact\/\">h\u00e4r<\/a>\n<\/strong>.<\/p>\n\n","protected":false},"excerpt":{"rendered":"<p>Bli en affiliate! G\u00e5 med i Ohmytuft.coms affiliateprogram och tj\u00e4na 15% provision p\u00e5 varje f\u00f6rs\u00e4ljning som du h\u00e4nvisar till oss. S\u00e4lj v\u00e5ra tuftningspistoler , garn , tyger och alla v\u00e5ra produkter utan att investera n\u00e5gra pengar. Varf\u00f6r arbeta med oss? Kontakta oss g\u00e4rna och st\u00e4ll fr\u00e5gor h\u00e4r .<\/p>\n","protected":false},"author":3,"featured_media":0,"parent":0,"menu_order":0,"comment_status":"closed","ping_status":"closed","template":"","meta":{"_joinchat":[],"footnotes":""},"class_list":["post-6549","page","type-page","status-publish","hentry"],"yoast_head":"<!-- This site is optimized with the Yoast SEO plugin v27.2 - https:\/\/yoast.com\/product\/yoast-seo-wordpress\/ -->\n<title>Tufting Affiliate Program - Ohmytuft.com<\/title>\n<meta name=\"robots\" content=\"index, follow, max-snippet:-1, max-image-preview:large, max-video-preview:-1\" \/>\n<link rel=\"canonical\" href=\"https:\/\/ohmytuft.com\/sv\/affiliate-program\/\" \/>\n<meta property=\"og:locale\" content=\"sv_SE\" \/>\n<meta property=\"og:type\" content=\"article\" \/>\n<meta property=\"og:title\" content=\"Tufting Affiliate Program - Ohmytuft.com\" \/>\n<meta property=\"og:description\" content=\"Bli en affiliate! G\u00e5 med i Ohmytuft.coms affiliateprogram och tj\u00e4na 15% provision p\u00e5 varje f\u00f6rs\u00e4ljning som du h\u00e4nvisar till oss. S\u00e4lj v\u00e5ra tuftningspistoler , garn , tyger och alla v\u00e5ra produkter utan att investera n\u00e5gra pengar. Varf\u00f6r arbeta med oss? Kontakta oss g\u00e4rna och st\u00e4ll fr\u00e5gor h\u00e4r .\" \/>\n<meta property=\"og:url\" content=\"https:\/\/ohmytuft.com\/sv\/affiliate-program\/\" \/>\n<meta property=\"og:site_name\" content=\"Ohmytuft.com\" \/>\n<meta property=\"article:modified_time\" content=\"2024-03-13T18:41:02+00:00\" \/>\n<meta name=\"twitter:card\" content=\"summary_large_image\" \/>\n<script type=\"application\/ld+json\" class=\"yoast-schema-graph\">{\"@context\":\"https:\/\/schema.org\",\"@graph\":[{\"@type\":\"WebPage\",\"@id\":\"https:\/\/ohmytuft.com\/sv\/affiliate-program\/\",\"url\":\"https:\/\/ohmytuft.com\/sv\/affiliate-program\/\",\"name\":\"Tufting Affiliate Program - Ohmytuft.com\",\"isPartOf\":{\"@id\":\"https:\/\/ohmytuft.com\/sv\/#website\"},\"datePublished\":\"2023-04-03T14:25:43+00:00\",\"dateModified\":\"2024-03-13T18:41:02+00:00\",\"breadcrumb\":{\"@id\":\"https:\/\/ohmytuft.com\/sv\/affiliate-program\/#breadcrumb\"},\"inLanguage\":\"sv-SE\",\"potentialAction\":[{\"@type\":\"ReadAction\",\"target\":[\"https:\/\/ohmytuft.com\/sv\/affiliate-program\/\"]}]},{\"@type\":\"BreadcrumbList\",\"@id\":\"https:\/\/ohmytuft.com\/sv\/affiliate-program\/#breadcrumb\",\"itemListElement\":[{\"@type\":\"ListItem\",\"position\":1,\"name\":\"Home\",\"item\":\"https:\/\/ohmytuft.com\/sv\/\"},{\"@type\":\"ListItem\",\"position\":2,\"name\":\"Affiliate-program\"}]},{\"@type\":\"WebSite\",\"@id\":\"https:\/\/ohmytuft.com\/sv\/#website\",\"url\":\"https:\/\/ohmytuft.com\/sv\/\",\"name\":\"Oh my tuft\",\"description\":\"Oh my tuft\",\"publisher\":{\"@id\":\"https:\/\/ohmytuft.com\/sv\/#organization\"},\"potentialAction\":[{\"@type\":\"SearchAction\",\"target\":{\"@type\":\"EntryPoint\",\"urlTemplate\":\"https:\/\/ohmytuft.com\/sv\/?s={search_term_string}\"},\"query-input\":{\"@type\":\"PropertyValueSpecification\",\"valueRequired\":true,\"valueName\":\"search_term_string\"}}],\"inLanguage\":\"sv-SE\"},{\"@type\":\"Organization\",\"@id\":\"https:\/\/ohmytuft.com\/sv\/#organization\",\"name\":\"Oh my tuft\",\"url\":\"https:\/\/ohmytuft.com\/sv\/\",\"logo\":{\"@type\":\"ImageObject\",\"inLanguage\":\"sv-SE\",\"@id\":\"https:\/\/ohmytuft.com\/sv\/#\/schema\/logo\/image\/\",\"url\":\"https:\/\/ohmytuft.com\/wp-content\/uploads\/2021\/02\/WEB-20.png\",\"contentUrl\":\"https:\/\/ohmytuft.com\/wp-content\/uploads\/2021\/02\/WEB-20.png\",\"width\":2085,\"height\":764,\"caption\":\"Oh my tuft\"},\"image\":{\"@id\":\"https:\/\/ohmytuft.com\/sv\/#\/schema\/logo\/image\/\"},\"sameAs\":[\"https:\/\/www.instagram.com\/tuftinggunsupplies\/\",\"https:\/\/www.tiktok.com\/@tuftinggun\"]}]}<\/script>\n<!-- \/ Yoast SEO plugin. -->","yoast_head_json":{"title":"Tufting Affiliate Program - Ohmytuft.com","robots":{"index":"index","follow":"follow","max-snippet":"max-snippet:-1","max-image-preview":"max-image-preview:large","max-video-preview":"max-video-preview:-1"},"canonical":"https:\/\/ohmytuft.com\/sv\/affiliate-program\/","og_locale":"sv_SE","og_type":"article","og_title":"Tufting Affiliate Program - Ohmytuft.com","og_description":"Bli en affiliate! G\u00e5 med i Ohmytuft.coms affiliateprogram och tj\u00e4na 15% provision p\u00e5 varje f\u00f6rs\u00e4ljning som du h\u00e4nvisar till oss. S\u00e4lj v\u00e5ra tuftningspistoler , garn , tyger och alla v\u00e5ra produkter utan att investera n\u00e5gra pengar. Varf\u00f6r arbeta med oss? Kontakta oss g\u00e4rna och st\u00e4ll fr\u00e5gor h\u00e4r .","og_url":"https:\/\/ohmytuft.com\/sv\/affiliate-program\/","og_site_name":"Ohmytuft.com","article_modified_time":"2024-03-13T18:41:02+00:00","twitter_card":"summary_large_image","schema":{"@context":"https:\/\/schema.org","@graph":[{"@type":"WebPage","@id":"https:\/\/ohmytuft.com\/sv\/affiliate-program\/","url":"https:\/\/ohmytuft.com\/sv\/affiliate-program\/","name":"Tufting Affiliate Program - Ohmytuft.com","isPartOf":{"@id":"https:\/\/ohmytuft.com\/sv\/#website"},"datePublished":"2023-04-03T14:25:43+00:00","dateModified":"2024-03-13T18:41:02+00:00","breadcrumb":{"@id":"https:\/\/ohmytuft.com\/sv\/affiliate-program\/#breadcrumb"},"inLanguage":"sv-SE","potentialAction":[{"@type":"ReadAction","target":["https:\/\/ohmytuft.com\/sv\/affiliate-program\/"]}]},{"@type":"BreadcrumbList","@id":"https:\/\/ohmytuft.com\/sv\/affiliate-program\/#breadcrumb","itemListElement":[{"@type":"ListItem","position":1,"name":"Home","item":"https:\/\/ohmytuft.com\/sv\/"},{"@type":"ListItem","position":2,"name":"Affiliate-program"}]},{"@type":"WebSite","@id":"https:\/\/ohmytuft.com\/sv\/#website","url":"https:\/\/ohmytuft.com\/sv\/","name":"Oh my tuft","description":"Oh my tuft","publisher":{"@id":"https:\/\/ohmytuft.com\/sv\/#organization"},"potentialAction":[{"@type":"SearchAction","target":{"@type":"EntryPoint","urlTemplate":"https:\/\/ohmytuft.com\/sv\/?s={search_term_string}"},"query-input":{"@type":"PropertyValueSpecification","valueRequired":true,"valueName":"search_term_string"}}],"inLanguage":"sv-SE"},{"@type":"Organization","@id":"https:\/\/ohmytuft.com\/sv\/#organization","name":"Oh my tuft","url":"https:\/\/ohmytuft.com\/sv\/","logo":{"@type":"ImageObject","inLanguage":"sv-SE","@id":"https:\/\/ohmytuft.com\/sv\/#\/schema\/logo\/image\/","url":"https:\/\/ohmytuft.com\/wp-content\/uploads\/2021\/02\/WEB-20.png","contentUrl":"https:\/\/ohmytuft.com\/wp-content\/uploads\/2021\/02\/WEB-20.png","width":2085,"height":764,"caption":"Oh my tuft"},"image":{"@id":"https:\/\/ohmytuft.com\/sv\/#\/schema\/logo\/image\/"},"sameAs":["https:\/\/www.instagram.com\/tuftinggunsupplies\/","https:\/\/www.tiktok.com\/@tuftinggun"]}]}},"_links":{"self":[{"href":"https:\/\/ohmytuft.com\/sv\/wp-json\/wp\/v2\/pages\/6549","targetHints":{"allow":["GET"]}}],"collection":[{"href":"https:\/\/ohmytuft.com\/sv\/wp-json\/wp\/v2\/pages"}],"about":[{"href":"https:\/\/ohmytuft.com\/sv\/wp-json\/wp\/v2\/types\/page"}],"author":[{"embeddable":true,"href":"https:\/\/ohmytuft.com\/sv\/wp-json\/wp\/v2\/users\/3"}],"replies":[{"embeddable":true,"href":"https:\/\/ohmytuft.com\/sv\/wp-json\/wp\/v2\/comments?post=6549"}],"version-history":[{"count":0,"href":"https:\/\/ohmytuft.com\/sv\/wp-json\/wp\/v2\/pages\/6549\/revisions"}],"wp:attachment":[{"href":"https:\/\/ohmytuft.com\/sv\/wp-json\/wp\/v2\/media?parent=6549"}],"curies":[{"name":"wp","href":"https:\/\/api.w.org\/{rel}","templated":true}]}}