{"id":6597,"date":"2021-02-28T21:01:54","date_gmt":"2021-02-28T21:01:54","guid":{"rendered":"https:\/\/ohmytuft.com\/villkor-och-bestammelser\/"},"modified":"2024-03-13T18:41:05","modified_gmt":"2024-03-13T18:41:05","slug":"villkor-och-bestammelser","status":"publish","type":"page","link":"https:\/\/ohmytuft.com\/sv\/villkor-och-bestammelser\/","title":{"rendered":"Villkor och best\u00e4mmelser"},"content":{"rendered":"\n<h3 class=\"wp-block-heading\">Fraktl\u00e4nder<\/h3>\n\n<p>Vi skickar v\u00e5ra produkter fr\u00e5n Spanien inom hela Europeiska unionen, som omfattar f\u00f6ljande l\u00e4nder:<\/p>\n\n<p>Belgien, Bulgarien, Danmark, Estland, Finland, Frankrike, Grekland, Irland, Italien, Kroatien, Lettland, Litauen, Luxemburg, Malta, Nederl\u00e4nderna, Polen, Portugal, Rum\u00e4nien, Slovakien, Slovenien, Spanien, Sverige, Tjeckien, Tyskland, Ungern och \u00d6sterrike.<\/p>\n\n<h3 class=\"wp-block-heading\">Kostnader f\u00f6r frakt<\/h3>\n\n<p>Din fraktkostnad kommer att ber\u00e4knas utifr\u00e5n dina \u00f6nskem\u00e5l om leveranstid, best\u00e4llningens storlek och leveransland.  <\/p>\n\n<p>L\u00e4gg produkterna i varukorgen och v\u00e4lj dina preferenser. Fraktkostnaderna ber\u00e4knas automatiskt.<\/p>\n\n<h3 class=\"wp-block-heading\">Fri frakt<\/h3>\n\n<p>Vi erbjuder fri frakt vid best\u00e4llningar \u00f6ver 100 \u20ac.<\/p>\n\n<h3 class=\"wp-block-heading\">Returpolicy<\/h3>\n\n<p>Returer g\u00f6rs inom 14 dagar fr\u00e5n mottagandet av paketet. K\u00f6paren m\u00e5ste st\u00e5 f\u00f6r kostnaderna f\u00f6r returen.  <\/p>\n\n<p>Ej uth\u00e4mtade paket skickas p\u00e5 nytt p\u00e5 k\u00f6parens bekostnad.<\/p>\n\n<p>Returnerad vara m\u00e5ste vara i originalf\u00f6rpackning och oanv\u00e4nd.<\/p>\n\n<h3 class=\"wp-block-heading\">\u00bfHur returnerar jag en vara?<\/h3>\n\n<p>Kontakta oss med ditt ordernummer f\u00f6r att beg\u00e4ra en retur: <a href=\"https:\/\/ohmytuft.com\/contact\/\">https:\/\/ohmytuft.com\/contact\/<\/a><\/p>\n\n<p>Varorna m\u00e5ste f\u00f6rpackas mycket noggrant f\u00f6r att undvika att de skadas under transporten. Speciellt tuftningspistoler.  <\/p>\n\n<p>Du m\u00e5ste ange ett sp\u00e5rningsnummer, pengarna \u00e5terbetalas s\u00e5 snart paketet kommer till v\u00e5rt lager.<\/p>\n\n<h3 class=\"wp-block-heading\">Betalningar<\/h3>\n\n<p>Du kan betala med Paypal eller med ditt betal-\/kreditkort via Paypal.<\/p>\n\n<h3 class=\"wp-block-heading\">Kontakt<\/h3>\n\n<p>San Raimundo 28<br\/>28039 Madrid. Spanien<br\/>info@tuftunggunsupplies.com<br\/>660167517<\/p>\n","protected":false},"excerpt":{"rendered":"<p>Fraktl\u00e4nder Vi skickar v\u00e5ra produkter fr\u00e5n Spanien inom hela Europeiska unionen, som omfattar f\u00f6ljande l\u00e4nder: Belgien, Bulgarien, Danmark, Estland, Finland, Frankrike, Grekland, Irland, Italien, Kroatien, Lettland, Litauen, Luxemburg, Malta, Nederl\u00e4nderna, Polen, Portugal, Rum\u00e4nien, Slovakien, Slovenien, Spanien, Sverige, Tjeckien, Tyskland, Ungern och \u00d6sterrike. Kostnader f\u00f6r frakt Din fraktkostnad kommer att ber\u00e4knas utifr\u00e5n dina \u00f6nskem\u00e5l om leveranstid, [&hellip;]<\/p>\n","protected":false},"author":3,"featured_media":0,"parent":0,"menu_order":0,"comment_status":"closed","ping_status":"closed","template":"","meta":{"_joinchat":[],"footnotes":""},"class_list":["post-6597","page","type-page","status-publish","hentry"],"yoast_head":"<!-- This site is optimized with the Yoast SEO plugin v27.2 - https:\/\/yoast.com\/product\/yoast-seo-wordpress\/ -->\n<title>Villkor och best\u00e4mmelser - Ohmytuft.com<\/title>\n<meta name=\"robots\" content=\"noindex, follow\" \/>\n<meta property=\"og:locale\" content=\"sv_SE\" \/>\n<meta property=\"og:type\" content=\"article\" \/>\n<meta property=\"og:title\" content=\"Villkor och best\u00e4mmelser - Ohmytuft.com\" \/>\n<meta property=\"og:description\" content=\"Fraktl\u00e4nder Vi skickar v\u00e5ra produkter fr\u00e5n Spanien inom hela Europeiska unionen, som omfattar f\u00f6ljande l\u00e4nder: Belgien, Bulgarien, Danmark, Estland, Finland, Frankrike, Grekland, Irland, Italien, Kroatien, Lettland, Litauen, Luxemburg, Malta, Nederl\u00e4nderna, Polen, Portugal, Rum\u00e4nien, Slovakien, Slovenien, Spanien, Sverige, Tjeckien, Tyskland, Ungern och \u00d6sterrike. Kostnader f\u00f6r frakt Din fraktkostnad kommer att ber\u00e4knas utifr\u00e5n dina \u00f6nskem\u00e5l om leveranstid, [&hellip;]\" \/>\n<meta property=\"og:url\" content=\"https:\/\/ohmytuft.com\/sv\/villkor-och-bestammelser\/\" \/>\n<meta property=\"og:site_name\" content=\"Ohmytuft.com\" \/>\n<meta property=\"article:modified_time\" content=\"2024-03-13T18:41:05+00:00\" \/>\n<meta name=\"twitter:card\" content=\"summary_large_image\" \/>\n<meta name=\"twitter:label1\" content=\"Ber\u00e4knad l\u00e4stid\" \/>\n\t<meta name=\"twitter:data1\" content=\"1 minut\" \/>\n<script type=\"application\/ld+json\" class=\"yoast-schema-graph\">{\"@context\":\"https:\/\/schema.org\",\"@graph\":[{\"@type\":\"WebPage\",\"@id\":\"https:\/\/ohmytuft.com\/sv\/villkor-och-bestammelser\/\",\"url\":\"https:\/\/ohmytuft.com\/sv\/villkor-och-bestammelser\/\",\"name\":\"Villkor och best\u00e4mmelser - Ohmytuft.com\",\"isPartOf\":{\"@id\":\"https:\/\/ohmytuft.com\/sv\/#website\"},\"datePublished\":\"2021-02-28T21:01:54+00:00\",\"dateModified\":\"2024-03-13T18:41:05+00:00\",\"breadcrumb\":{\"@id\":\"https:\/\/ohmytuft.com\/sv\/villkor-och-bestammelser\/#breadcrumb\"},\"inLanguage\":\"sv-SE\",\"potentialAction\":[{\"@type\":\"ReadAction\",\"target\":[\"https:\/\/ohmytuft.com\/sv\/villkor-och-bestammelser\/\"]}]},{\"@type\":\"BreadcrumbList\",\"@id\":\"https:\/\/ohmytuft.com\/sv\/villkor-och-bestammelser\/#breadcrumb\",\"itemListElement\":[{\"@type\":\"ListItem\",\"position\":1,\"name\":\"Home\",\"item\":\"https:\/\/ohmytuft.com\/sv\/\"},{\"@type\":\"ListItem\",\"position\":2,\"name\":\"Villkor och best\u00e4mmelser\"}]},{\"@type\":\"WebSite\",\"@id\":\"https:\/\/ohmytuft.com\/sv\/#website\",\"url\":\"https:\/\/ohmytuft.com\/sv\/\",\"name\":\"Oh my tuft\",\"description\":\"Oh my tuft\",\"publisher\":{\"@id\":\"https:\/\/ohmytuft.com\/sv\/#organization\"},\"potentialAction\":[{\"@type\":\"SearchAction\",\"target\":{\"@type\":\"EntryPoint\",\"urlTemplate\":\"https:\/\/ohmytuft.com\/sv\/?s={search_term_string}\"},\"query-input\":{\"@type\":\"PropertyValueSpecification\",\"valueRequired\":true,\"valueName\":\"search_term_string\"}}],\"inLanguage\":\"sv-SE\"},{\"@type\":\"Organization\",\"@id\":\"https:\/\/ohmytuft.com\/sv\/#organization\",\"name\":\"Oh my tuft\",\"url\":\"https:\/\/ohmytuft.com\/sv\/\",\"logo\":{\"@type\":\"ImageObject\",\"inLanguage\":\"sv-SE\",\"@id\":\"https:\/\/ohmytuft.com\/sv\/#\/schema\/logo\/image\/\",\"url\":\"https:\/\/ohmytuft.com\/wp-content\/uploads\/2021\/02\/WEB-20.png\",\"contentUrl\":\"https:\/\/ohmytuft.com\/wp-content\/uploads\/2021\/02\/WEB-20.png\",\"width\":2085,\"height\":764,\"caption\":\"Oh my tuft\"},\"image\":{\"@id\":\"https:\/\/ohmytuft.com\/sv\/#\/schema\/logo\/image\/\"},\"sameAs\":[\"https:\/\/www.instagram.com\/tuftinggunsupplies\/\",\"https:\/\/www.tiktok.com\/@tuftinggun\"]}]}<\/script>\n<!-- \/ Yoast SEO plugin. -->","yoast_head_json":{"title":"Villkor och best\u00e4mmelser - Ohmytuft.com","robots":{"index":"noindex","follow":"follow"},"og_locale":"sv_SE","og_type":"article","og_title":"Villkor och best\u00e4mmelser - Ohmytuft.com","og_description":"Fraktl\u00e4nder Vi skickar v\u00e5ra produkter fr\u00e5n Spanien inom hela Europeiska unionen, som omfattar f\u00f6ljande l\u00e4nder: Belgien, Bulgarien, Danmark, Estland, Finland, Frankrike, Grekland, Irland, Italien, Kroatien, Lettland, Litauen, Luxemburg, Malta, Nederl\u00e4nderna, Polen, Portugal, Rum\u00e4nien, Slovakien, Slovenien, Spanien, Sverige, Tjeckien, Tyskland, Ungern och \u00d6sterrike. Kostnader f\u00f6r frakt Din fraktkostnad kommer att ber\u00e4knas utifr\u00e5n dina \u00f6nskem\u00e5l om leveranstid, [&hellip;]","og_url":"https:\/\/ohmytuft.com\/sv\/villkor-och-bestammelser\/","og_site_name":"Ohmytuft.com","article_modified_time":"2024-03-13T18:41:05+00:00","twitter_card":"summary_large_image","twitter_misc":{"Ber\u00e4knad l\u00e4stid":"1 minut"},"schema":{"@context":"https:\/\/schema.org","@graph":[{"@type":"WebPage","@id":"https:\/\/ohmytuft.com\/sv\/villkor-och-bestammelser\/","url":"https:\/\/ohmytuft.com\/sv\/villkor-och-bestammelser\/","name":"Villkor och best\u00e4mmelser - Ohmytuft.com","isPartOf":{"@id":"https:\/\/ohmytuft.com\/sv\/#website"},"datePublished":"2021-02-28T21:01:54+00:00","dateModified":"2024-03-13T18:41:05+00:00","breadcrumb":{"@id":"https:\/\/ohmytuft.com\/sv\/villkor-och-bestammelser\/#breadcrumb"},"inLanguage":"sv-SE","potentialAction":[{"@type":"ReadAction","target":["https:\/\/ohmytuft.com\/sv\/villkor-och-bestammelser\/"]}]},{"@type":"BreadcrumbList","@id":"https:\/\/ohmytuft.com\/sv\/villkor-och-bestammelser\/#breadcrumb","itemListElement":[{"@type":"ListItem","position":1,"name":"Home","item":"https:\/\/ohmytuft.com\/sv\/"},{"@type":"ListItem","position":2,"name":"Villkor och best\u00e4mmelser"}]},{"@type":"WebSite","@id":"https:\/\/ohmytuft.com\/sv\/#website","url":"https:\/\/ohmytuft.com\/sv\/","name":"Oh my tuft","description":"Oh my tuft","publisher":{"@id":"https:\/\/ohmytuft.com\/sv\/#organization"},"potentialAction":[{"@type":"SearchAction","target":{"@type":"EntryPoint","urlTemplate":"https:\/\/ohmytuft.com\/sv\/?s={search_term_string}"},"query-input":{"@type":"PropertyValueSpecification","valueRequired":true,"valueName":"search_term_string"}}],"inLanguage":"sv-SE"},{"@type":"Organization","@id":"https:\/\/ohmytuft.com\/sv\/#organization","name":"Oh my tuft","url":"https:\/\/ohmytuft.com\/sv\/","logo":{"@type":"ImageObject","inLanguage":"sv-SE","@id":"https:\/\/ohmytuft.com\/sv\/#\/schema\/logo\/image\/","url":"https:\/\/ohmytuft.com\/wp-content\/uploads\/2021\/02\/WEB-20.png","contentUrl":"https:\/\/ohmytuft.com\/wp-content\/uploads\/2021\/02\/WEB-20.png","width":2085,"height":764,"caption":"Oh my tuft"},"image":{"@id":"https:\/\/ohmytuft.com\/sv\/#\/schema\/logo\/image\/"},"sameAs":["https:\/\/www.instagram.com\/tuftinggunsupplies\/","https:\/\/www.tiktok.com\/@tuftinggun"]}]}},"_links":{"self":[{"href":"https:\/\/ohmytuft.com\/sv\/wp-json\/wp\/v2\/pages\/6597","targetHints":{"allow":["GET"]}}],"collection":[{"href":"https:\/\/ohmytuft.com\/sv\/wp-json\/wp\/v2\/pages"}],"about":[{"href":"https:\/\/ohmytuft.com\/sv\/wp-json\/wp\/v2\/types\/page"}],"author":[{"embeddable":true,"href":"https:\/\/ohmytuft.com\/sv\/wp-json\/wp\/v2\/users\/3"}],"replies":[{"embeddable":true,"href":"https:\/\/ohmytuft.com\/sv\/wp-json\/wp\/v2\/comments?post=6597"}],"version-history":[{"count":0,"href":"https:\/\/ohmytuft.com\/sv\/wp-json\/wp\/v2\/pages\/6597\/revisions"}],"wp:attachment":[{"href":"https:\/\/ohmytuft.com\/sv\/wp-json\/wp\/v2\/media?parent=6597"}],"curies":[{"name":"wp","href":"https:\/\/api.w.org\/{rel}","templated":true}]}}