{"id":6598,"date":"2023-03-08T13:47:10","date_gmt":"2023-03-08T13:47:10","guid":{"rendered":"https:\/\/ohmytuft.com\/program-for-influencers\/"},"modified":"2024-03-13T18:41:03","modified_gmt":"2024-03-13T18:41:03","slug":"program-for-influencers","status":"publish","type":"page","link":"https:\/\/ohmytuft.com\/sv\/program-for-influencers\/","title":{"rendered":"Program f\u00f6r influencers"},"content":{"rendered":"\n<p>Aloha, influencers!<\/p>\n\n<p>Vi \u00e4lskar att sprida tuftning till nya m\u00e4nniskor, det \u00e4r en av v\u00e5ra favorithobbies och vi \u00e4lskar dess f\u00f6rdelar.<\/p>\n\n<p>Du som influencer kan hj\u00e4lpa oss att n\u00e5 ut till fler och fler m\u00e4nniskor, s\u00e5 om du har en grupp som \u00e4r intresserad av v\u00e5ra produkter vill vi g\u00e4rna samarbeta med dig.<\/p>\n\n<p>Vi ber dig om en del information f\u00f6r att l\u00e4ra k\u00e4nna dig och se om vi kan samarbeta.<\/p>\n\n<h4 class=\"has-text-align-center wp-block-heading\">G\u00e5 med i v\u00e5rt influencer-program<\/h4>\n\n<div class=\"wp-block-contact-form-7-contact-form-selector\">\n<div class=\"wpcf7 no-js\" id=\"wpcf7-f7480-o1\" lang=\"sv-SE\" dir=\"ltr\" data-wpcf7-id=\"7480\">\n<div class=\"screen-reader-response\"><p role=\"status\" aria-live=\"polite\" aria-atomic=\"true\"><\/p> <ul><\/ul><\/div>\n<form action=\"\/sv\/wp-json\/wp\/v2\/pages\/6598#wpcf7-f7480-o1\" method=\"post\" class=\"wpcf7-form init\" aria-label=\"Kontaktformul\u00e4r\" novalidate=\"novalidate\" data-status=\"init\">\n<fieldset class=\"hidden-fields-container\"><input type=\"hidden\" name=\"_wpcf7\" value=\"7480\" \/><input type=\"hidden\" name=\"_wpcf7_version\" value=\"6.1.5\" \/><input type=\"hidden\" name=\"_wpcf7_locale\" value=\"sv_SE\" \/><input type=\"hidden\" name=\"_wpcf7_unit_tag\" value=\"wpcf7-f7480-o1\" \/><input type=\"hidden\" name=\"_wpcf7_container_post\" value=\"0\" \/><input type=\"hidden\" name=\"_wpcf7_posted_data_hash\" value=\"\" \/><input type=\"hidden\" name=\"_wpcf7_recaptcha_response\" value=\"\" \/>\n<\/fieldset>\n<p><label> Namn<br \/>\n<span class=\"wpcf7-form-control-wrap\" data-name=\"your-name\"><input size=\"40\" maxlength=\"400\" class=\"wpcf7-form-control wpcf7-text wpcf7-validates-as-required\" autocomplete=\"name\" aria-required=\"true\" aria-invalid=\"false\" value=\"\" type=\"text\" name=\"your-name\" \/><\/span> <\/label>\n<\/p>\n<p><label> E-post<br \/>\n<span class=\"wpcf7-form-control-wrap\" data-name=\"your-email\"><input size=\"40\" maxlength=\"400\" class=\"wpcf7-form-control wpcf7-email wpcf7-validates-as-required wpcf7-text wpcf7-validates-as-email\" autocomplete=\"email\" aria-required=\"true\" aria-invalid=\"false\" value=\"\" type=\"email\" name=\"your-email\" \/><\/span> <\/label>\n<\/p>\n<p><label> Land<br \/>\n<span class=\"wpcf7-form-control-wrap\" data-name=\"your-name\"><input size=\"40\" maxlength=\"400\" class=\"wpcf7-form-control wpcf7-text wpcf7-validates-as-required\" autocomplete=\"name\" aria-required=\"true\" aria-invalid=\"false\" value=\"\" type=\"text\" name=\"your-name\" \/><\/span> <\/label>\n<\/p>\n<p><label> TikTok<br \/>\n<span class=\"wpcf7-form-control-wrap\" data-name=\"your-name\"><input size=\"40\" maxlength=\"400\" class=\"wpcf7-form-control wpcf7-text wpcf7-validates-as-required\" autocomplete=\"name\" aria-required=\"true\" aria-invalid=\"false\" value=\"\" type=\"text\" name=\"your-name\" \/><\/span> <\/label>\n<\/p>\n<p><label> Instagram<br \/>\n<span class=\"wpcf7-form-control-wrap\" data-name=\"your-name\"><input size=\"40\" maxlength=\"400\" class=\"wpcf7-form-control wpcf7-text wpcf7-validates-as-required\" autocomplete=\"name\" aria-required=\"true\" aria-invalid=\"false\" value=\"\" type=\"text\" name=\"your-name\" \/><\/span> <\/label>\n<\/p>\n<p><label> YouTube<br \/>\n<span class=\"wpcf7-form-control-wrap\" data-name=\"your-name\"><input size=\"40\" maxlength=\"400\" class=\"wpcf7-form-control wpcf7-text wpcf7-validates-as-required\" autocomplete=\"name\" aria-required=\"true\" aria-invalid=\"false\" value=\"\" type=\"text\" name=\"your-name\" \/><\/span> <\/label>\n<\/p>\n<p><label> Blogg<br \/>\n<span class=\"wpcf7-form-control-wrap\" data-name=\"your-name\"><input size=\"40\" maxlength=\"400\" class=\"wpcf7-form-control wpcf7-text wpcf7-validates-as-required\" autocomplete=\"name\" aria-required=\"true\" aria-invalid=\"false\" value=\"\" type=\"text\" name=\"your-name\" \/><\/span> <\/label>\n<\/p>\n<p><label> Annan information<br \/>\n<span class=\"wpcf7-form-control-wrap\" data-name=\"your-message\"><textarea cols=\"40\" rows=\"10\" maxlength=\"2000\" class=\"wpcf7-form-control wpcf7-textarea\" aria-invalid=\"false\" name=\"your-message\"><\/textarea><\/span> <\/label>\n<\/p>\n<p><input class=\"wpcf7-form-control wpcf7-submit has-spinner\" type=\"submit\" value=\"Submit\" \/>\n<\/p><input type='hidden' class='wpcf7-pum' value='{\"closepopup\":false,\"closedelay\":0,\"openpopup\":false,\"openpopup_id\":0}' \/><div class=\"wpcf7-response-output\" aria-hidden=\"true\"><\/div>\n<\/form>\n<\/div>\n<\/div>\n","protected":false},"excerpt":{"rendered":"<p>Aloha, influencers! Vi \u00e4lskar att sprida tuftning till nya m\u00e4nniskor, det \u00e4r en av v\u00e5ra favorithobbies och vi \u00e4lskar dess f\u00f6rdelar. Du som influencer kan hj\u00e4lpa oss att n\u00e5 ut till fler och fler m\u00e4nniskor, s\u00e5 om du har en grupp som \u00e4r intresserad av v\u00e5ra produkter vill vi g\u00e4rna samarbeta med dig. Vi ber [&hellip;]<\/p>\n","protected":false},"author":3,"featured_media":0,"parent":0,"menu_order":0,"comment_status":"closed","ping_status":"closed","template":"","meta":{"_joinchat":[],"footnotes":""},"class_list":["post-6598","page","type-page","status-publish","hentry"],"yoast_head":"<!-- This site is optimized with the Yoast SEO plugin v27.2 - https:\/\/yoast.com\/product\/yoast-seo-wordpress\/ -->\n<title>Program f\u00f6r influencers - Ohmytuft.com<\/title>\n<meta name=\"robots\" content=\"index, follow, max-snippet:-1, max-image-preview:large, max-video-preview:-1\" \/>\n<link rel=\"canonical\" href=\"https:\/\/ohmytuft.com\/sv\/program-for-influencers\/\" \/>\n<meta property=\"og:locale\" content=\"sv_SE\" \/>\n<meta property=\"og:type\" content=\"article\" \/>\n<meta property=\"og:title\" content=\"Program f\u00f6r influencers - Ohmytuft.com\" \/>\n<meta property=\"og:description\" content=\"Aloha, influencers! Vi \u00e4lskar att sprida tuftning till nya m\u00e4nniskor, det \u00e4r en av v\u00e5ra favorithobbies och vi \u00e4lskar dess f\u00f6rdelar. Du som influencer kan hj\u00e4lpa oss att n\u00e5 ut till fler och fler m\u00e4nniskor, s\u00e5 om du har en grupp som \u00e4r intresserad av v\u00e5ra produkter vill vi g\u00e4rna samarbeta med dig. Vi ber [&hellip;]\" \/>\n<meta property=\"og:url\" content=\"https:\/\/ohmytuft.com\/sv\/program-for-influencers\/\" \/>\n<meta property=\"og:site_name\" content=\"Ohmytuft.com\" \/>\n<meta property=\"article:modified_time\" content=\"2024-03-13T18:41:03+00:00\" \/>\n<meta name=\"twitter:card\" content=\"summary_large_image\" \/>\n<script type=\"application\/ld+json\" class=\"yoast-schema-graph\">{\"@context\":\"https:\/\/schema.org\",\"@graph\":[{\"@type\":\"WebPage\",\"@id\":\"https:\/\/ohmytuft.com\/sv\/program-for-influencers\/\",\"url\":\"https:\/\/ohmytuft.com\/sv\/program-for-influencers\/\",\"name\":\"Program f\u00f6r influencers - Ohmytuft.com\",\"isPartOf\":{\"@id\":\"https:\/\/ohmytuft.com\/sv\/#website\"},\"datePublished\":\"2023-03-08T13:47:10+00:00\",\"dateModified\":\"2024-03-13T18:41:03+00:00\",\"breadcrumb\":{\"@id\":\"https:\/\/ohmytuft.com\/sv\/program-for-influencers\/#breadcrumb\"},\"inLanguage\":\"sv-SE\",\"potentialAction\":[{\"@type\":\"ReadAction\",\"target\":[\"https:\/\/ohmytuft.com\/sv\/program-for-influencers\/\"]}]},{\"@type\":\"BreadcrumbList\",\"@id\":\"https:\/\/ohmytuft.com\/sv\/program-for-influencers\/#breadcrumb\",\"itemListElement\":[{\"@type\":\"ListItem\",\"position\":1,\"name\":\"Home\",\"item\":\"https:\/\/ohmytuft.com\/sv\/\"},{\"@type\":\"ListItem\",\"position\":2,\"name\":\"Program f\u00f6r influencers\"}]},{\"@type\":\"WebSite\",\"@id\":\"https:\/\/ohmytuft.com\/sv\/#website\",\"url\":\"https:\/\/ohmytuft.com\/sv\/\",\"name\":\"Oh my tuft\",\"description\":\"Oh my tuft\",\"publisher\":{\"@id\":\"https:\/\/ohmytuft.com\/sv\/#organization\"},\"potentialAction\":[{\"@type\":\"SearchAction\",\"target\":{\"@type\":\"EntryPoint\",\"urlTemplate\":\"https:\/\/ohmytuft.com\/sv\/?s={search_term_string}\"},\"query-input\":{\"@type\":\"PropertyValueSpecification\",\"valueRequired\":true,\"valueName\":\"search_term_string\"}}],\"inLanguage\":\"sv-SE\"},{\"@type\":\"Organization\",\"@id\":\"https:\/\/ohmytuft.com\/sv\/#organization\",\"name\":\"Oh my tuft\",\"url\":\"https:\/\/ohmytuft.com\/sv\/\",\"logo\":{\"@type\":\"ImageObject\",\"inLanguage\":\"sv-SE\",\"@id\":\"https:\/\/ohmytuft.com\/sv\/#\/schema\/logo\/image\/\",\"url\":\"https:\/\/ohmytuft.com\/wp-content\/uploads\/2021\/02\/WEB-20.png\",\"contentUrl\":\"https:\/\/ohmytuft.com\/wp-content\/uploads\/2021\/02\/WEB-20.png\",\"width\":2085,\"height\":764,\"caption\":\"Oh my tuft\"},\"image\":{\"@id\":\"https:\/\/ohmytuft.com\/sv\/#\/schema\/logo\/image\/\"},\"sameAs\":[\"https:\/\/www.instagram.com\/tuftinggunsupplies\/\",\"https:\/\/www.tiktok.com\/@tuftinggun\"]}]}<\/script>\n<!-- \/ Yoast SEO plugin. -->","yoast_head_json":{"title":"Program f\u00f6r influencers - Ohmytuft.com","robots":{"index":"index","follow":"follow","max-snippet":"max-snippet:-1","max-image-preview":"max-image-preview:large","max-video-preview":"max-video-preview:-1"},"canonical":"https:\/\/ohmytuft.com\/sv\/program-for-influencers\/","og_locale":"sv_SE","og_type":"article","og_title":"Program f\u00f6r influencers - Ohmytuft.com","og_description":"Aloha, influencers! Vi \u00e4lskar att sprida tuftning till nya m\u00e4nniskor, det \u00e4r en av v\u00e5ra favorithobbies och vi \u00e4lskar dess f\u00f6rdelar. Du som influencer kan hj\u00e4lpa oss att n\u00e5 ut till fler och fler m\u00e4nniskor, s\u00e5 om du har en grupp som \u00e4r intresserad av v\u00e5ra produkter vill vi g\u00e4rna samarbeta med dig. Vi ber [&hellip;]","og_url":"https:\/\/ohmytuft.com\/sv\/program-for-influencers\/","og_site_name":"Ohmytuft.com","article_modified_time":"2024-03-13T18:41:03+00:00","twitter_card":"summary_large_image","schema":{"@context":"https:\/\/schema.org","@graph":[{"@type":"WebPage","@id":"https:\/\/ohmytuft.com\/sv\/program-for-influencers\/","url":"https:\/\/ohmytuft.com\/sv\/program-for-influencers\/","name":"Program f\u00f6r influencers - Ohmytuft.com","isPartOf":{"@id":"https:\/\/ohmytuft.com\/sv\/#website"},"datePublished":"2023-03-08T13:47:10+00:00","dateModified":"2024-03-13T18:41:03+00:00","breadcrumb":{"@id":"https:\/\/ohmytuft.com\/sv\/program-for-influencers\/#breadcrumb"},"inLanguage":"sv-SE","potentialAction":[{"@type":"ReadAction","target":["https:\/\/ohmytuft.com\/sv\/program-for-influencers\/"]}]},{"@type":"BreadcrumbList","@id":"https:\/\/ohmytuft.com\/sv\/program-for-influencers\/#breadcrumb","itemListElement":[{"@type":"ListItem","position":1,"name":"Home","item":"https:\/\/ohmytuft.com\/sv\/"},{"@type":"ListItem","position":2,"name":"Program f\u00f6r influencers"}]},{"@type":"WebSite","@id":"https:\/\/ohmytuft.com\/sv\/#website","url":"https:\/\/ohmytuft.com\/sv\/","name":"Oh my tuft","description":"Oh my tuft","publisher":{"@id":"https:\/\/ohmytuft.com\/sv\/#organization"},"potentialAction":[{"@type":"SearchAction","target":{"@type":"EntryPoint","urlTemplate":"https:\/\/ohmytuft.com\/sv\/?s={search_term_string}"},"query-input":{"@type":"PropertyValueSpecification","valueRequired":true,"valueName":"search_term_string"}}],"inLanguage":"sv-SE"},{"@type":"Organization","@id":"https:\/\/ohmytuft.com\/sv\/#organization","name":"Oh my tuft","url":"https:\/\/ohmytuft.com\/sv\/","logo":{"@type":"ImageObject","inLanguage":"sv-SE","@id":"https:\/\/ohmytuft.com\/sv\/#\/schema\/logo\/image\/","url":"https:\/\/ohmytuft.com\/wp-content\/uploads\/2021\/02\/WEB-20.png","contentUrl":"https:\/\/ohmytuft.com\/wp-content\/uploads\/2021\/02\/WEB-20.png","width":2085,"height":764,"caption":"Oh my tuft"},"image":{"@id":"https:\/\/ohmytuft.com\/sv\/#\/schema\/logo\/image\/"},"sameAs":["https:\/\/www.instagram.com\/tuftinggunsupplies\/","https:\/\/www.tiktok.com\/@tuftinggun"]}]}},"_links":{"self":[{"href":"https:\/\/ohmytuft.com\/sv\/wp-json\/wp\/v2\/pages\/6598","targetHints":{"allow":["GET"]}}],"collection":[{"href":"https:\/\/ohmytuft.com\/sv\/wp-json\/wp\/v2\/pages"}],"about":[{"href":"https:\/\/ohmytuft.com\/sv\/wp-json\/wp\/v2\/types\/page"}],"author":[{"embeddable":true,"href":"https:\/\/ohmytuft.com\/sv\/wp-json\/wp\/v2\/users\/3"}],"replies":[{"embeddable":true,"href":"https:\/\/ohmytuft.com\/sv\/wp-json\/wp\/v2\/comments?post=6598"}],"version-history":[{"count":0,"href":"https:\/\/ohmytuft.com\/sv\/wp-json\/wp\/v2\/pages\/6598\/revisions"}],"wp:attachment":[{"href":"https:\/\/ohmytuft.com\/sv\/wp-json\/wp\/v2\/media?parent=6598"}],"curies":[{"name":"wp","href":"https:\/\/api.w.org\/{rel}","templated":true}]}}