{"id":6617,"date":"2020-10-06T14:03:14","date_gmt":"2020-10-06T14:03:14","guid":{"rendered":"https:\/\/ohmytuft.com\/integritetspolicy\/"},"modified":"2024-03-13T18:41:20","modified_gmt":"2024-03-13T18:41:20","slug":"integritetspolicy","status":"publish","type":"page","link":"https:\/\/ohmytuft.com\/sv\/integritetspolicy\/","title":{"rendered":"Integritetspolicy"},"content":{"rendered":"\n<p>P\u00e5 Tufting Gun Supplies, som n\u00e5s via https:\/\/ohmytuft.com\/, \u00e4r v\u00e5ra bes\u00f6kares integritet en av v\u00e5ra viktigaste prioriteringar. Detta dokument om integritetspolicy inneh\u00e5ller typer av information som samlas in och registreras av Tufting Gun Supplies och hur vi anv\u00e4nder den.<\/p>\n\n<p>Om du har ytterligare fr\u00e5gor eller beh\u00f6ver mer information om v\u00e5r integritetspolicy, tveka inte att kontakta oss.<\/p>\n\n<p>Denna sekretesspolicy g\u00e4ller endast f\u00f6r v\u00e5ra onlineaktiviteter och \u00e4r giltig f\u00f6r bes\u00f6kare p\u00e5 v\u00e5r webbplats med avseende p\u00e5 den information som de delade och\/eller samlar in i Tufting Gun Supplies. Denna policy \u00e4r inte till\u00e4mplig p\u00e5 n\u00e5gon information som samlas in offline eller via andra kanaler \u00e4n denna webbplats.  <\/p>\n\n<h2 class=\"wp-block-heading\">Samtycke<\/h2>\n\n<p>Genom att anv\u00e4nda v\u00e5r webbplats godk\u00e4nner du h\u00e4rmed v\u00e5r integritetspolicy och samtycker till dess villkor.<\/p>\n\n<h2 class=\"wp-block-heading\">Information som vi samlar in<\/h2>\n\n<p>De personuppgifter som du ombeds att l\u00e4mna och sk\u00e4len till att du ombeds att l\u00e4mna dem kommer att klarg\u00f6ras f\u00f6r dig vid den tidpunkt d\u00e5 vi ber dig att l\u00e4mna dina personuppgifter.<\/p>\n\n<p>Om du kontaktar oss direkt kan vi f\u00e5 ytterligare information om dig, t.ex. namn, e-postadress, telefonnummer, inneh\u00e5llet i det meddelande och\/eller de bilagor du skickar till oss samt all annan information som du v\u00e4ljer att l\u00e4mna.<\/p>\n\n<p>N\u00e4r du registrerar dig f\u00f6r ett konto kan vi komma att be dig om dina kontaktuppgifter, inklusive namn, f\u00f6retagsnamn, adress, e-postadress och telefonnummer.<\/p>\n\n<h2 class=\"wp-block-heading\">Hur vi anv\u00e4nder din information<\/h2>\n\n<p>Vi anv\u00e4nder den information vi samlar in p\u00e5 olika s\u00e4tt, bland annat f\u00f6r att:<\/p>\n\n<ul class=\"wp-block-list\"><li>Tillhandah\u00e5lla, driva och underh\u00e5lla v\u00e5r webbste<\/li><li>F\u00f6rb\u00e4ttra, anpassa och ut\u00f6ka v\u00e5r webbste<\/li><li>F\u00f6rst\u00e5 och analysera hur du anv\u00e4nder v\u00e5r webbplats<\/li><li>Utveckla nya produkter, tj\u00e4nster, egenskaper och funktioner<\/li><li>Kommunicera med dig, antingen direkt eller via en av v\u00e5ra partner, inklusive f\u00f6r kundservice, f\u00f6r att f\u00f6rse dig med uppdateringar och annan information som r\u00f6r webste, och f\u00f6r marknadsf\u00f6rings- och reklam\u00e4ndam\u00e5l<\/li><li>Skicka e-post till dig<\/li><li>Hitta och f\u00f6rhindra bedr\u00e4gerier<\/li><\/ul>\n\n<h2 class=\"wp-block-heading\">Loggfiler<\/h2>\n\n<p>Tufting Gun Supplies f\u00f6ljer ett standardf\u00f6rfarande f\u00f6r anv\u00e4ndning av loggfiler. Dessa filer loggar bes\u00f6kare n\u00e4r de bes\u00f6ker webbplatser. Alla hostingf\u00f6retag g\u00f6r detta och en del av hostingf\u00f6retagens analys. Den information som samlas in av loggfiler inkluderar IP-adresser (Internet Protocol), webbl\u00e4sartyp, Internetleverant\u00f6r (ISP), datum- och tidsst\u00e4mpel, h\u00e4nvisnings-\/utg\u00e5ngssidor och eventuellt antalet klick. Dessa \u00e4r inte kopplade till n\u00e5gon information som \u00e4r personligt identifierbar. Syftet med informationen \u00e4r att analysera trender, administrera webbplatsen, sp\u00e5ra anv\u00e4ndarnas r\u00f6relser p\u00e5 webbplatsen och samla in demografisk information.<\/p>\n\n<h2 class=\"wp-block-heading\">Cookies och webb-beacons<\/h2>\n\n<p>Precis som alla andra webbplatser anv\u00e4nder Tufting Gun Supplies &#8221;cookies&#8221;. Dessa cookies anv\u00e4nds f\u00f6r att lagra information om bland annat bes\u00f6karnas preferenser och vilka sidor p\u00e5 webbplatsen som bes\u00f6karen har g\u00e5tt in p\u00e5 eller bes\u00f6kt. Informationen anv\u00e4nds f\u00f6r att optimera anv\u00e4ndarnas upplevelse genom att anpassa inneh\u00e5llet p\u00e5 v\u00e5ra webbsidor baserat p\u00e5 bes\u00f6karnas webbl\u00e4sartyp och\/eller annan information.<\/p>\n\n<h2 class=\"wp-block-heading\">Annonspartners Sekretesspolicyer<\/h2>\n\n<p>Du kan g\u00e5 till denna lista f\u00f6r att hitta sekretesspolicyn f\u00f6r var och en av Tufting Gun Supplies reklampartners.<\/p>\n\n<p>Tredje parts annonsservrar eller annonsn\u00e4tverk anv\u00e4nder teknik som cookies, JavaScript eller webb-beacons som anv\u00e4nds i deras respektive annonser och l\u00e4nkar som visas p\u00e5 Tufting Gun Supplies, som skickas direkt till anv\u00e4ndarens webbl\u00e4sare. De f\u00e5r automatiskt din IP-adress n\u00e4r detta sker. Dessa tekniker anv\u00e4nds f\u00f6r att m\u00e4ta hur effektiva deras reklamkampanjer \u00e4r och\/eller f\u00f6r att anpassa det reklaminneh\u00e5ll som du ser p\u00e5 webbplatser som du bes\u00f6ker.<\/p>\n\n<p>Observera att Tufting Gun Supplies inte har tillg\u00e5ng till eller kontroll \u00f6ver dessa cookies som anv\u00e4nds av tredjepartsannons\u00f6rer.<\/p>\n\n<h2 class=\"wp-block-heading\">Integritetspolicyer f\u00f6r tredje part<\/h2>\n\n<p>Tufting Gun Supplies integritetspolicy g\u00e4ller inte f\u00f6r andra annons\u00f6rer eller webbplatser. Vi rekommenderar d\u00e4rf\u00f6r att du l\u00e4ser respektive sekretesspolicy f\u00f6r dessa tredjepartsannonsservrar f\u00f6r mer detaljerad information. Det kan omfatta deras praxis och instruktioner om hur man v\u00e4ljer bort vissa alternativ.<\/p>\n\n<p>Du kan v\u00e4lja att inaktivera cookies genom dina individuella webbl\u00e4saralternativ. Om du vill ha mer detaljerad information om cookiehantering med specifika webbl\u00e4sare kan du hitta den p\u00e5 webbl\u00e4sarnas respektive webbplatser.<\/p>\n\n<h2 class=\"wp-block-heading\">CCPA Privacy Rights (S\u00e4lj inte min personliga information)<\/h2>\n\n<p>Enligt CCPA har konsumenter i Kalifornien bland annat r\u00e4tt till:<\/p>\n\n<p>Kr\u00e4va att ett f\u00f6retag som samlar in en konsuments personuppgifter avsl\u00f6jar de kategorier och specifika delar av personuppgifter som f\u00f6retaget har samlat in om konsumenter.<\/p>\n\n<p>Beg\u00e4ra att ett f\u00f6retag raderar alla personuppgifter om konsumenten som ett f\u00f6retag har samlat in.<\/p>\n\n<p>Beg\u00e4r att ett f\u00f6retag som s\u00e4ljer en konsuments personuppgifter inte s\u00e4ljer konsumentens personuppgifter.<\/p>\n\n<p>Om du g\u00f6r en f\u00f6rfr\u00e5gan har vi en m\u00e5nad p\u00e5 oss att svara dig. Om du vill ut\u00f6va n\u00e5gon av dessa r\u00e4ttigheter \u00e4r du v\u00e4lkommen att kontakta oss.<\/p>\n\n<h2 class=\"wp-block-heading\">GDPR Dataskydd R\u00e4ttigheter<\/h2>\n\n<p>Vi vill g\u00e4rna f\u00f6rs\u00e4kra oss om att du \u00e4r fullt medveten om alla dina r\u00e4ttigheter n\u00e4r det g\u00e4ller dataskydd. Varje anv\u00e4ndare har r\u00e4tt till f\u00f6ljande:<\/p>\n\n<p>R\u00e4tten till tillg\u00e5ng &#8211; Du har r\u00e4tt att beg\u00e4ra kopior av dina personuppgifter. Vi kan ta ut en mindre avgift f\u00f6r denna tj\u00e4nst.<\/p>\n\n<p>R\u00e4tt till r\u00e4ttelse &#8211; Du har r\u00e4tt att beg\u00e4ra att vi r\u00e4ttar information som du anser vara felaktig. Du har ocks\u00e5 r\u00e4tt att beg\u00e4ra att vi kompletterar den information som du anser \u00e4r ofullst\u00e4ndig.<\/p>\n\n<p>R\u00e4tt till radering &#8211; Du har r\u00e4tt att beg\u00e4ra att vi raderar dina personuppgifter under vissa f\u00f6ruts\u00e4ttningar.<\/p>\n\n<p>R\u00e4tten att begr\u00e4nsa behandlingen &#8211; Du har r\u00e4tt att beg\u00e4ra att vi begr\u00e4nsar behandlingen av dina personuppgifter, under vissa f\u00f6ruts\u00e4ttningar.<\/p>\n\n<p>R\u00e4tt att inv\u00e4nda mot behandling &#8211; Du har r\u00e4tt att inv\u00e4nda mot v\u00e5r behandling av dina personuppgifter under vissa f\u00f6ruts\u00e4ttningar.<\/p>\n\n<p>R\u00e4tten till dataportabilitet &#8211; Du har r\u00e4tt att beg\u00e4ra att vi \u00f6verf\u00f6r de uppgifter som vi har samlat in till en annan organisation, eller direkt till dig, under vissa f\u00f6ruts\u00e4ttningar.<\/p>\n\n<p>Om du g\u00f6r en f\u00f6rfr\u00e5gan har vi en m\u00e5nad p\u00e5 oss att svara dig. Om du vill ut\u00f6va n\u00e5gon av dessa r\u00e4ttigheter \u00e4r du v\u00e4lkommen att kontakta oss.<\/p>\n\n<h2 class=\"wp-block-heading\">Information f\u00f6r barn<\/h2>\n\n<p>En annan del av v\u00e5r prioritering \u00e4r att \u00f6ka skyddet f\u00f6r barn n\u00e4r de anv\u00e4nder internet. Vi uppmuntrar f\u00f6r\u00e4ldrar och v\u00e5rdnadshavare att observera, delta i och\/eller \u00f6vervaka och v\u00e4gleda deras onlineaktiviteter.<\/p>\n\n<p>Tufting Gun Supplies samlar inte medvetet in n\u00e5gon personlig identifierbar information fr\u00e5n barn under 13 \u00e5r. Om du tror att ditt barn har l\u00e4mnat denna typ av information p\u00e5 v\u00e5r webbplats uppmanar vi dig starkt att kontakta oss omedelbart s\u00e5 kommer vi att g\u00f6ra v\u00e5rt b\u00e4sta f\u00f6r att omedelbart ta bort s\u00e5dan information fr\u00e5n v\u00e5ra register.<\/p>\n","protected":false},"excerpt":{"rendered":"<p>P\u00e5 Tufting Gun Supplies, som n\u00e5s via https:\/\/ohmytuft.com\/, \u00e4r v\u00e5ra bes\u00f6kares integritet en av v\u00e5ra viktigaste prioriteringar. Detta dokument om integritetspolicy inneh\u00e5ller typer av information som samlas in och registreras av Tufting Gun Supplies och hur vi anv\u00e4nder den. Om du har ytterligare fr\u00e5gor eller beh\u00f6ver mer information om v\u00e5r integritetspolicy, tveka inte att kontakta [&hellip;]<\/p>\n","protected":false},"author":3,"featured_media":0,"parent":0,"menu_order":0,"comment_status":"closed","ping_status":"open","template":"","meta":{"_joinchat":[],"footnotes":""},"class_list":["post-6617","page","type-page","status-publish","hentry"],"yoast_head":"<!-- This site is optimized with the Yoast SEO plugin v27.2 - https:\/\/yoast.com\/product\/yoast-seo-wordpress\/ -->\n<title>Integritetspolicy - Ohmytuft.com<\/title>\n<meta name=\"robots\" content=\"noindex, follow\" \/>\n<meta property=\"og:locale\" content=\"sv_SE\" \/>\n<meta property=\"og:type\" content=\"article\" \/>\n<meta property=\"og:title\" content=\"Integritetspolicy - Ohmytuft.com\" \/>\n<meta property=\"og:description\" content=\"P\u00e5 Tufting Gun Supplies, som n\u00e5s via https:\/\/ohmytuft.com\/, \u00e4r v\u00e5ra bes\u00f6kares integritet en av v\u00e5ra viktigaste prioriteringar. Detta dokument om integritetspolicy inneh\u00e5ller typer av information som samlas in och registreras av Tufting Gun Supplies och hur vi anv\u00e4nder den. Om du har ytterligare fr\u00e5gor eller beh\u00f6ver mer information om v\u00e5r integritetspolicy, tveka inte att kontakta [&hellip;]\" \/>\n<meta property=\"og:url\" content=\"https:\/\/ohmytuft.com\/sv\/integritetspolicy\/\" \/>\n<meta property=\"og:site_name\" content=\"Ohmytuft.com\" \/>\n<meta property=\"article:modified_time\" content=\"2024-03-13T18:41:20+00:00\" \/>\n<meta name=\"twitter:card\" content=\"summary_large_image\" \/>\n<meta name=\"twitter:label1\" content=\"Ber\u00e4knad l\u00e4stid\" \/>\n\t<meta name=\"twitter:data1\" content=\"6 minuter\" \/>\n<script type=\"application\/ld+json\" class=\"yoast-schema-graph\">{\"@context\":\"https:\/\/schema.org\",\"@graph\":[{\"@type\":\"WebPage\",\"@id\":\"https:\/\/ohmytuft.com\/sv\/integritetspolicy\/\",\"url\":\"https:\/\/ohmytuft.com\/sv\/integritetspolicy\/\",\"name\":\"Integritetspolicy - Ohmytuft.com\",\"isPartOf\":{\"@id\":\"https:\/\/ohmytuft.com\/sv\/#website\"},\"datePublished\":\"2020-10-06T14:03:14+00:00\",\"dateModified\":\"2024-03-13T18:41:20+00:00\",\"breadcrumb\":{\"@id\":\"https:\/\/ohmytuft.com\/sv\/integritetspolicy\/#breadcrumb\"},\"inLanguage\":\"sv-SE\",\"potentialAction\":[{\"@type\":\"ReadAction\",\"target\":[\"https:\/\/ohmytuft.com\/sv\/integritetspolicy\/\"]}]},{\"@type\":\"BreadcrumbList\",\"@id\":\"https:\/\/ohmytuft.com\/sv\/integritetspolicy\/#breadcrumb\",\"itemListElement\":[{\"@type\":\"ListItem\",\"position\":1,\"name\":\"Home\",\"item\":\"https:\/\/ohmytuft.com\/sv\/\"},{\"@type\":\"ListItem\",\"position\":2,\"name\":\"Integritetspolicy\"}]},{\"@type\":\"WebSite\",\"@id\":\"https:\/\/ohmytuft.com\/sv\/#website\",\"url\":\"https:\/\/ohmytuft.com\/sv\/\",\"name\":\"Oh my tuft\",\"description\":\"Oh my tuft\",\"publisher\":{\"@id\":\"https:\/\/ohmytuft.com\/sv\/#organization\"},\"potentialAction\":[{\"@type\":\"SearchAction\",\"target\":{\"@type\":\"EntryPoint\",\"urlTemplate\":\"https:\/\/ohmytuft.com\/sv\/?s={search_term_string}\"},\"query-input\":{\"@type\":\"PropertyValueSpecification\",\"valueRequired\":true,\"valueName\":\"search_term_string\"}}],\"inLanguage\":\"sv-SE\"},{\"@type\":\"Organization\",\"@id\":\"https:\/\/ohmytuft.com\/sv\/#organization\",\"name\":\"Oh my tuft\",\"url\":\"https:\/\/ohmytuft.com\/sv\/\",\"logo\":{\"@type\":\"ImageObject\",\"inLanguage\":\"sv-SE\",\"@id\":\"https:\/\/ohmytuft.com\/sv\/#\/schema\/logo\/image\/\",\"url\":\"https:\/\/ohmytuft.com\/wp-content\/uploads\/2021\/02\/WEB-20.png\",\"contentUrl\":\"https:\/\/ohmytuft.com\/wp-content\/uploads\/2021\/02\/WEB-20.png\",\"width\":2085,\"height\":764,\"caption\":\"Oh my tuft\"},\"image\":{\"@id\":\"https:\/\/ohmytuft.com\/sv\/#\/schema\/logo\/image\/\"},\"sameAs\":[\"https:\/\/www.instagram.com\/tuftinggunsupplies\/\",\"https:\/\/www.tiktok.com\/@tuftinggun\"]}]}<\/script>\n<!-- \/ Yoast SEO plugin. -->","yoast_head_json":{"title":"Integritetspolicy - Ohmytuft.com","robots":{"index":"noindex","follow":"follow"},"og_locale":"sv_SE","og_type":"article","og_title":"Integritetspolicy - Ohmytuft.com","og_description":"P\u00e5 Tufting Gun Supplies, som n\u00e5s via https:\/\/ohmytuft.com\/, \u00e4r v\u00e5ra bes\u00f6kares integritet en av v\u00e5ra viktigaste prioriteringar. Detta dokument om integritetspolicy inneh\u00e5ller typer av information som samlas in och registreras av Tufting Gun Supplies och hur vi anv\u00e4nder den. Om du har ytterligare fr\u00e5gor eller beh\u00f6ver mer information om v\u00e5r integritetspolicy, tveka inte att kontakta [&hellip;]","og_url":"https:\/\/ohmytuft.com\/sv\/integritetspolicy\/","og_site_name":"Ohmytuft.com","article_modified_time":"2024-03-13T18:41:20+00:00","twitter_card":"summary_large_image","twitter_misc":{"Ber\u00e4knad l\u00e4stid":"6 minuter"},"schema":{"@context":"https:\/\/schema.org","@graph":[{"@type":"WebPage","@id":"https:\/\/ohmytuft.com\/sv\/integritetspolicy\/","url":"https:\/\/ohmytuft.com\/sv\/integritetspolicy\/","name":"Integritetspolicy - Ohmytuft.com","isPartOf":{"@id":"https:\/\/ohmytuft.com\/sv\/#website"},"datePublished":"2020-10-06T14:03:14+00:00","dateModified":"2024-03-13T18:41:20+00:00","breadcrumb":{"@id":"https:\/\/ohmytuft.com\/sv\/integritetspolicy\/#breadcrumb"},"inLanguage":"sv-SE","potentialAction":[{"@type":"ReadAction","target":["https:\/\/ohmytuft.com\/sv\/integritetspolicy\/"]}]},{"@type":"BreadcrumbList","@id":"https:\/\/ohmytuft.com\/sv\/integritetspolicy\/#breadcrumb","itemListElement":[{"@type":"ListItem","position":1,"name":"Home","item":"https:\/\/ohmytuft.com\/sv\/"},{"@type":"ListItem","position":2,"name":"Integritetspolicy"}]},{"@type":"WebSite","@id":"https:\/\/ohmytuft.com\/sv\/#website","url":"https:\/\/ohmytuft.com\/sv\/","name":"Oh my tuft","description":"Oh my tuft","publisher":{"@id":"https:\/\/ohmytuft.com\/sv\/#organization"},"potentialAction":[{"@type":"SearchAction","target":{"@type":"EntryPoint","urlTemplate":"https:\/\/ohmytuft.com\/sv\/?s={search_term_string}"},"query-input":{"@type":"PropertyValueSpecification","valueRequired":true,"valueName":"search_term_string"}}],"inLanguage":"sv-SE"},{"@type":"Organization","@id":"https:\/\/ohmytuft.com\/sv\/#organization","name":"Oh my tuft","url":"https:\/\/ohmytuft.com\/sv\/","logo":{"@type":"ImageObject","inLanguage":"sv-SE","@id":"https:\/\/ohmytuft.com\/sv\/#\/schema\/logo\/image\/","url":"https:\/\/ohmytuft.com\/wp-content\/uploads\/2021\/02\/WEB-20.png","contentUrl":"https:\/\/ohmytuft.com\/wp-content\/uploads\/2021\/02\/WEB-20.png","width":2085,"height":764,"caption":"Oh my tuft"},"image":{"@id":"https:\/\/ohmytuft.com\/sv\/#\/schema\/logo\/image\/"},"sameAs":["https:\/\/www.instagram.com\/tuftinggunsupplies\/","https:\/\/www.tiktok.com\/@tuftinggun"]}]}},"_links":{"self":[{"href":"https:\/\/ohmytuft.com\/sv\/wp-json\/wp\/v2\/pages\/6617","targetHints":{"allow":["GET"]}}],"collection":[{"href":"https:\/\/ohmytuft.com\/sv\/wp-json\/wp\/v2\/pages"}],"about":[{"href":"https:\/\/ohmytuft.com\/sv\/wp-json\/wp\/v2\/types\/page"}],"author":[{"embeddable":true,"href":"https:\/\/ohmytuft.com\/sv\/wp-json\/wp\/v2\/users\/3"}],"replies":[{"embeddable":true,"href":"https:\/\/ohmytuft.com\/sv\/wp-json\/wp\/v2\/comments?post=6617"}],"version-history":[{"count":0,"href":"https:\/\/ohmytuft.com\/sv\/wp-json\/wp\/v2\/pages\/6617\/revisions"}],"wp:attachment":[{"href":"https:\/\/ohmytuft.com\/sv\/wp-json\/wp\/v2\/media?parent=6617"}],"curies":[{"name":"wp","href":"https:\/\/api.w.org\/{rel}","templated":true}]}}