{"id":6627,"date":"2020-10-08T16:26:21","date_gmt":"2020-10-08T16:26:21","guid":{"rendered":"https:\/\/ohmytuft.com\/kakor\/"},"modified":"2024-03-13T18:41:23","modified_gmt":"2024-03-13T18:41:23","slug":"kakor","status":"publish","type":"page","link":"https:\/\/ohmytuft.com\/sv\/kakor\/","title":{"rendered":"Kakor"},"content":{"rendered":"\n<p>Detta \u00e4r cookiepolicyn f\u00f6r Tufting Gun Supplies, tillg\u00e4nglig fr\u00e5n https:\/\/ohmytuft.com<\/p>\n\n<p><strong>Vad \u00e4r cookies?<\/strong><\/p>\n\n<p>Som vanligt p\u00e5 n\u00e4stan alla professionella webbplatser anv\u00e4nder den h\u00e4r webbplatsen cookies, som \u00e4r sm\u00e5 filer som laddas ner till din dator, f\u00f6r att f\u00f6rb\u00e4ttra din upplevelse. P\u00e5 den h\u00e4r sidan beskrivs vilken information de samlar in, hur vi anv\u00e4nder den och varf\u00f6r vi ibland beh\u00f6ver lagra dessa cookies. Vi kommer ocks\u00e5 att ber\u00e4tta hur du kan f\u00f6rhindra att dessa cookies lagras, men detta kan nedgradera eller &#8221;bryta&#8221; vissa delar av webbplatsens funktionalitet.<\/p>\n\n<p>F\u00f6r mer allm\u00e4n information om cookies, l\u00e4s <a href=\"https:\/\/www.cookieconsent.com\/what-are-cookies\/\">&#8221;Vad \u00e4r cookies&#8221;<\/a>.  <\/p>\n\n<p><strong>Hur vi anv\u00e4nder cookies<\/strong><\/p>\n\n<p>Vi anv\u00e4nder cookies av en rad olika sk\u00e4l som beskrivs nedan. Tyv\u00e4rr finns det i de flesta fall inga branschstandardalternativ f\u00f6r att inaktivera cookies utan att helt inaktivera funktionaliteten och funktionerna som de l\u00e4gger till p\u00e5 denna webbplats. Vi rekommenderar att du l\u00e5ter alla cookies vara kvar om du inte \u00e4r s\u00e4ker p\u00e5 om du beh\u00f6ver dem eller inte, ifall de anv\u00e4nds f\u00f6r att tillhandah\u00e5lla en tj\u00e4nst som du anv\u00e4nder.<\/p>\n\n<p><strong>Inaktivera cookies<\/strong><\/p>\n\n<p>Du kan f\u00f6rhindra att cookies placeras genom att justera inst\u00e4llningarna i din webbl\u00e4sare (se webbl\u00e4sarens hj\u00e4lp f\u00f6r information om hur du g\u00f6r detta). Observera att om du inaktiverar cookies kommer det att p\u00e5verka funktionaliteten p\u00e5 denna och m\u00e5nga andra webbplatser som du bes\u00f6ker. Om du inaktiverar cookies kommer det vanligtvis ocks\u00e5 att leda till att vissa funktioner och egenskaper p\u00e5 denna webbplats inaktiveras. D\u00e4rf\u00f6r rekommenderar vi att du inte inaktiverar cookies.<\/p>\n\n<p><strong>De cookies vi anv\u00e4nder<\/strong><\/p>\n\n<ul class=\"wp-block-list\"><li>Om du skapar ett konto hos oss kommer vi att anv\u00e4nda cookies f\u00f6r att hantera registreringsprocessen och allm\u00e4n administration. Dessa cookies raderas vanligtvis n\u00e4r du loggar ut, men i vissa fall kan de finnas kvar efter\u00e5t f\u00f6r att komma ih\u00e5g dina inst\u00e4llningar p\u00e5 webbplatsen n\u00e4r du \u00e4r utloggad.<\/li><li>Inloggningsrelaterade cookies Vi anv\u00e4nder cookies n\u00e4r du \u00e4r inloggad s\u00e5 att vi kan komma ih\u00e5g detta faktum. P\u00e5 s\u00e5 s\u00e4tt beh\u00f6ver du inte logga in varje g\u00e5ng du bes\u00f6ker en ny sida. Dessa cookies tas vanligtvis bort eller rensas n\u00e4r du loggar ut f\u00f6r att s\u00e4kerst\u00e4lla att du endast kan komma \u00e5t begr\u00e4nsade funktioner och omr\u00e5den n\u00e4r du \u00e4r inloggad.<\/li><li>Cookies relaterade till nyhetsbrev via e-post Denna webbplats erbjuder prenumerationstj\u00e4nster f\u00f6r nyhetsbrev eller e-post och cookies kan anv\u00e4ndas f\u00f6r att komma ih\u00e5g om du redan \u00e4r registrerad och om du vill visa vissa meddelanden som kanske bara \u00e4r giltiga f\u00f6r prenumererade\/avprenumererade anv\u00e4ndare.<\/li><li>Cookies relaterade till orderhantering Denna webbplats erbjuder e-handel eller betalningsfaciliteter och vissa cookies \u00e4r n\u00f6dv\u00e4ndiga f\u00f6r att s\u00e4kerst\u00e4lla att din order kommer ih\u00e5g mellan sidor s\u00e5 att vi kan behandla den korrekt.<\/li><li>Formul\u00e4rrelaterade cookies N\u00e4r du skickar in uppgifter via ett formul\u00e4r, t.ex. p\u00e5 kontaktsidor eller i kommentarsformul\u00e4r, kan cookies st\u00e4llas in f\u00f6r att komma ih\u00e5g dina anv\u00e4ndaruppgifter f\u00f6r framtida korrespondens.<\/li><\/ul>\n\n<p><strong>Cookies fr\u00e5n tredje part<\/strong><\/p>\n\n<p>I vissa specialfall anv\u00e4nder vi \u00e4ven cookies som tillhandah\u00e5lls av betrodda tredje parter. I f\u00f6ljande avsnitt beskrivs vilka cookies fr\u00e5n tredje part som du kan st\u00f6ta p\u00e5 via den h\u00e4r webbplatsen.<\/p>\n\n<ul class=\"wp-block-list\"><li>Denna webbplats anv\u00e4nder Google Analytics som \u00e4r en av de mest utbredda och betrodda analysl\u00f6sningarna p\u00e5 webben f\u00f6r att hj\u00e4lpa oss att f\u00f6rst\u00e5 hur du anv\u00e4nder webbplatsen och hur vi kan f\u00f6rb\u00e4ttra din upplevelse. Dessa cookies kan sp\u00e5ra saker som hur l\u00e4nge du \u00e4r p\u00e5 webbplatsen och vilka sidor du bes\u00f6ker s\u00e5 att vi kan forts\u00e4tta att producera engagerande inneh\u00e5ll. F\u00f6r mer information om Google Analytics cookies, se den officiella Google Analytics-sidan.<\/li><li>Vi anv\u00e4nder ocks\u00e5 knappar f\u00f6r sociala medier och\/eller plugins p\u00e5 denna webbplats som g\u00f6r att du kan ansluta till ditt sociala n\u00e4tverk p\u00e5 olika s\u00e4tt. F\u00f6r att dessa ska fungera kommer f\u00f6ljande webbplatser f\u00f6r sociala medier, inklusive: Instagram, Tik Tok, Youtube, kommer att s\u00e4tta cookies via v\u00e5r webbplats som kan anv\u00e4ndas f\u00f6r att f\u00f6rb\u00e4ttra din profil p\u00e5 deras webbplats eller bidra till de uppgifter de har f\u00f6r olika \u00e4ndam\u00e5l som beskrivs i deras respektive sekretesspolicy.<\/li><\/ul>\n\n<p><strong>Mer information<\/strong><\/p>\n\n<p>F\u00f6rhoppningsvis har det klargjort saker f\u00f6r dig och som tidigare n\u00e4mnts om det finns n\u00e5got som du inte \u00e4r s\u00e4ker p\u00e5 om du beh\u00f6ver eller inte \u00e4r det vanligtvis s\u00e4krare att l\u00e4mna cookies aktiverade i h\u00e4ndelse av att det interagerar med en av de funktioner du anv\u00e4nder p\u00e5 v\u00e5r webbplats.<\/p>\n\n<p>Men om du fortfarande vill ha mer information kan du kontakta oss via n\u00e5gon av v\u00e5ra f\u00f6redragna kontaktmetoder:<\/p>\n\n<ul class=\"wp-block-list\"><li>Genom att bes\u00f6ka denna l\u00e4nk: https:\/\/ohmytuft.com\/contact\/<\/li><\/ul>\n","protected":false},"excerpt":{"rendered":"<p>Detta \u00e4r cookiepolicyn f\u00f6r Tufting Gun Supplies, tillg\u00e4nglig fr\u00e5n https:\/\/ohmytuft.com Vad \u00e4r cookies? Som vanligt p\u00e5 n\u00e4stan alla professionella webbplatser anv\u00e4nder den h\u00e4r webbplatsen cookies, som \u00e4r sm\u00e5 filer som laddas ner till din dator, f\u00f6r att f\u00f6rb\u00e4ttra din upplevelse. P\u00e5 den h\u00e4r sidan beskrivs vilken information de samlar in, hur vi anv\u00e4nder den och [&hellip;]<\/p>\n","protected":false},"author":3,"featured_media":0,"parent":0,"menu_order":0,"comment_status":"closed","ping_status":"closed","template":"","meta":{"_joinchat":[],"footnotes":""},"class_list":["post-6627","page","type-page","status-publish","hentry"],"yoast_head":"<!-- This site is optimized with the Yoast SEO plugin v27.2 - https:\/\/yoast.com\/product\/yoast-seo-wordpress\/ -->\n<title>Kakor - Ohmytuft.com<\/title>\n<meta name=\"robots\" content=\"noindex, follow\" \/>\n<meta property=\"og:locale\" content=\"sv_SE\" \/>\n<meta property=\"og:type\" content=\"article\" \/>\n<meta property=\"og:title\" content=\"Kakor - Ohmytuft.com\" \/>\n<meta property=\"og:description\" content=\"Detta \u00e4r cookiepolicyn f\u00f6r Tufting Gun Supplies, tillg\u00e4nglig fr\u00e5n https:\/\/ohmytuft.com Vad \u00e4r cookies? Som vanligt p\u00e5 n\u00e4stan alla professionella webbplatser anv\u00e4nder den h\u00e4r webbplatsen cookies, som \u00e4r sm\u00e5 filer som laddas ner till din dator, f\u00f6r att f\u00f6rb\u00e4ttra din upplevelse. P\u00e5 den h\u00e4r sidan beskrivs vilken information de samlar in, hur vi anv\u00e4nder den och [&hellip;]\" \/>\n<meta property=\"og:url\" content=\"https:\/\/ohmytuft.com\/sv\/kakor\/\" \/>\n<meta property=\"og:site_name\" content=\"Ohmytuft.com\" \/>\n<meta property=\"article:modified_time\" content=\"2024-03-13T18:41:23+00:00\" \/>\n<meta name=\"twitter:card\" content=\"summary_large_image\" \/>\n<meta name=\"twitter:label1\" content=\"Ber\u00e4knad l\u00e4stid\" \/>\n\t<meta name=\"twitter:data1\" content=\"4 minuter\" \/>\n<script type=\"application\/ld+json\" class=\"yoast-schema-graph\">{\"@context\":\"https:\/\/schema.org\",\"@graph\":[{\"@type\":\"WebPage\",\"@id\":\"https:\/\/ohmytuft.com\/sv\/kakor\/\",\"url\":\"https:\/\/ohmytuft.com\/sv\/kakor\/\",\"name\":\"Kakor - Ohmytuft.com\",\"isPartOf\":{\"@id\":\"https:\/\/ohmytuft.com\/sv\/#website\"},\"datePublished\":\"2020-10-08T16:26:21+00:00\",\"dateModified\":\"2024-03-13T18:41:23+00:00\",\"breadcrumb\":{\"@id\":\"https:\/\/ohmytuft.com\/sv\/kakor\/#breadcrumb\"},\"inLanguage\":\"sv-SE\",\"potentialAction\":[{\"@type\":\"ReadAction\",\"target\":[\"https:\/\/ohmytuft.com\/sv\/kakor\/\"]}]},{\"@type\":\"BreadcrumbList\",\"@id\":\"https:\/\/ohmytuft.com\/sv\/kakor\/#breadcrumb\",\"itemListElement\":[{\"@type\":\"ListItem\",\"position\":1,\"name\":\"Home\",\"item\":\"https:\/\/ohmytuft.com\/sv\/\"},{\"@type\":\"ListItem\",\"position\":2,\"name\":\"Kakor\"}]},{\"@type\":\"WebSite\",\"@id\":\"https:\/\/ohmytuft.com\/sv\/#website\",\"url\":\"https:\/\/ohmytuft.com\/sv\/\",\"name\":\"Oh my tuft\",\"description\":\"Oh my tuft\",\"publisher\":{\"@id\":\"https:\/\/ohmytuft.com\/sv\/#organization\"},\"potentialAction\":[{\"@type\":\"SearchAction\",\"target\":{\"@type\":\"EntryPoint\",\"urlTemplate\":\"https:\/\/ohmytuft.com\/sv\/?s={search_term_string}\"},\"query-input\":{\"@type\":\"PropertyValueSpecification\",\"valueRequired\":true,\"valueName\":\"search_term_string\"}}],\"inLanguage\":\"sv-SE\"},{\"@type\":\"Organization\",\"@id\":\"https:\/\/ohmytuft.com\/sv\/#organization\",\"name\":\"Oh my tuft\",\"url\":\"https:\/\/ohmytuft.com\/sv\/\",\"logo\":{\"@type\":\"ImageObject\",\"inLanguage\":\"sv-SE\",\"@id\":\"https:\/\/ohmytuft.com\/sv\/#\/schema\/logo\/image\/\",\"url\":\"https:\/\/ohmytuft.com\/wp-content\/uploads\/2021\/02\/WEB-20.png\",\"contentUrl\":\"https:\/\/ohmytuft.com\/wp-content\/uploads\/2021\/02\/WEB-20.png\",\"width\":2085,\"height\":764,\"caption\":\"Oh my tuft\"},\"image\":{\"@id\":\"https:\/\/ohmytuft.com\/sv\/#\/schema\/logo\/image\/\"},\"sameAs\":[\"https:\/\/www.instagram.com\/tuftinggunsupplies\/\",\"https:\/\/www.tiktok.com\/@tuftinggun\"]}]}<\/script>\n<!-- \/ Yoast SEO plugin. -->","yoast_head_json":{"title":"Kakor - Ohmytuft.com","robots":{"index":"noindex","follow":"follow"},"og_locale":"sv_SE","og_type":"article","og_title":"Kakor - Ohmytuft.com","og_description":"Detta \u00e4r cookiepolicyn f\u00f6r Tufting Gun Supplies, tillg\u00e4nglig fr\u00e5n https:\/\/ohmytuft.com Vad \u00e4r cookies? Som vanligt p\u00e5 n\u00e4stan alla professionella webbplatser anv\u00e4nder den h\u00e4r webbplatsen cookies, som \u00e4r sm\u00e5 filer som laddas ner till din dator, f\u00f6r att f\u00f6rb\u00e4ttra din upplevelse. P\u00e5 den h\u00e4r sidan beskrivs vilken information de samlar in, hur vi anv\u00e4nder den och [&hellip;]","og_url":"https:\/\/ohmytuft.com\/sv\/kakor\/","og_site_name":"Ohmytuft.com","article_modified_time":"2024-03-13T18:41:23+00:00","twitter_card":"summary_large_image","twitter_misc":{"Ber\u00e4knad l\u00e4stid":"4 minuter"},"schema":{"@context":"https:\/\/schema.org","@graph":[{"@type":"WebPage","@id":"https:\/\/ohmytuft.com\/sv\/kakor\/","url":"https:\/\/ohmytuft.com\/sv\/kakor\/","name":"Kakor - Ohmytuft.com","isPartOf":{"@id":"https:\/\/ohmytuft.com\/sv\/#website"},"datePublished":"2020-10-08T16:26:21+00:00","dateModified":"2024-03-13T18:41:23+00:00","breadcrumb":{"@id":"https:\/\/ohmytuft.com\/sv\/kakor\/#breadcrumb"},"inLanguage":"sv-SE","potentialAction":[{"@type":"ReadAction","target":["https:\/\/ohmytuft.com\/sv\/kakor\/"]}]},{"@type":"BreadcrumbList","@id":"https:\/\/ohmytuft.com\/sv\/kakor\/#breadcrumb","itemListElement":[{"@type":"ListItem","position":1,"name":"Home","item":"https:\/\/ohmytuft.com\/sv\/"},{"@type":"ListItem","position":2,"name":"Kakor"}]},{"@type":"WebSite","@id":"https:\/\/ohmytuft.com\/sv\/#website","url":"https:\/\/ohmytuft.com\/sv\/","name":"Oh my tuft","description":"Oh my tuft","publisher":{"@id":"https:\/\/ohmytuft.com\/sv\/#organization"},"potentialAction":[{"@type":"SearchAction","target":{"@type":"EntryPoint","urlTemplate":"https:\/\/ohmytuft.com\/sv\/?s={search_term_string}"},"query-input":{"@type":"PropertyValueSpecification","valueRequired":true,"valueName":"search_term_string"}}],"inLanguage":"sv-SE"},{"@type":"Organization","@id":"https:\/\/ohmytuft.com\/sv\/#organization","name":"Oh my tuft","url":"https:\/\/ohmytuft.com\/sv\/","logo":{"@type":"ImageObject","inLanguage":"sv-SE","@id":"https:\/\/ohmytuft.com\/sv\/#\/schema\/logo\/image\/","url":"https:\/\/ohmytuft.com\/wp-content\/uploads\/2021\/02\/WEB-20.png","contentUrl":"https:\/\/ohmytuft.com\/wp-content\/uploads\/2021\/02\/WEB-20.png","width":2085,"height":764,"caption":"Oh my tuft"},"image":{"@id":"https:\/\/ohmytuft.com\/sv\/#\/schema\/logo\/image\/"},"sameAs":["https:\/\/www.instagram.com\/tuftinggunsupplies\/","https:\/\/www.tiktok.com\/@tuftinggun"]}]}},"_links":{"self":[{"href":"https:\/\/ohmytuft.com\/sv\/wp-json\/wp\/v2\/pages\/6627","targetHints":{"allow":["GET"]}}],"collection":[{"href":"https:\/\/ohmytuft.com\/sv\/wp-json\/wp\/v2\/pages"}],"about":[{"href":"https:\/\/ohmytuft.com\/sv\/wp-json\/wp\/v2\/types\/page"}],"author":[{"embeddable":true,"href":"https:\/\/ohmytuft.com\/sv\/wp-json\/wp\/v2\/users\/3"}],"replies":[{"embeddable":true,"href":"https:\/\/ohmytuft.com\/sv\/wp-json\/wp\/v2\/comments?post=6627"}],"version-history":[{"count":0,"href":"https:\/\/ohmytuft.com\/sv\/wp-json\/wp\/v2\/pages\/6627\/revisions"}],"wp:attachment":[{"href":"https:\/\/ohmytuft.com\/sv\/wp-json\/wp\/v2\/media?parent=6627"}],"curies":[{"name":"wp","href":"https:\/\/api.w.org\/{rel}","templated":true}]}}