{"id":6628,"date":"2020-10-06T14:45:35","date_gmt":"2020-10-06T14:45:35","guid":{"rendered":"https:\/\/ohmytuft.com\/om\/"},"modified":"2024-03-13T18:41:21","modified_gmt":"2024-03-13T18:41:21","slug":"om","status":"publish","type":"page","link":"https:\/\/ohmytuft.com\/sv\/om\/","title":{"rendered":"Om"},"content":{"rendered":"\n<p>Vi \u00e4r en grupp hantverkare och designers baserade i Madrid, Spanien, d\u00e4r vi driver en liten tuftningsatelj\u00e9. Vi \u00f6ppnade den h\u00e4r butiken f\u00f6r att hj\u00e4lpa dig att hitta de b\u00e4sta kvalitetstillbeh\u00f6ren f\u00f6r dina mattor i Europa och hoppas kunna g\u00f6ra ditt liv enklare.  <\/p>\n\n<h2 class=\"wp-block-heading\">Anm\u00e4l dig nu och f\u00e5 20 \u20ac* rabatt<\/h2>\n<p>[mc4wp_form id=&#8221;79&#8243;]<\/p>\n\n<p>*endast till\u00e4mpligt p\u00e5 tuftingpistoler<\/p>\n","protected":false},"excerpt":{"rendered":"<p>Vi \u00e4r en grupp hantverkare och designers baserade i Madrid, Spanien, d\u00e4r vi driver en liten tuftningsatelj\u00e9. Vi \u00f6ppnade den h\u00e4r butiken f\u00f6r att hj\u00e4lpa dig att hitta de b\u00e4sta kvalitetstillbeh\u00f6ren f\u00f6r dina mattor i Europa och hoppas kunna g\u00f6ra ditt liv enklare. Anm\u00e4l dig nu och f\u00e5 20 \u20ac* rabatt *endast till\u00e4mpligt p\u00e5 tuftingpistoler<\/p>\n","protected":false},"author":3,"featured_media":0,"parent":0,"menu_order":0,"comment_status":"closed","ping_status":"closed","template":"","meta":{"_joinchat":[],"footnotes":""},"class_list":["post-6628","page","type-page","status-publish","hentry"],"yoast_head":"<!-- This site is optimized with the Yoast SEO plugin v27.2 - https:\/\/yoast.com\/product\/yoast-seo-wordpress\/ -->\n<title>Om - Ohmytuft.com<\/title>\n<meta name=\"robots\" content=\"index, follow, max-snippet:-1, max-image-preview:large, max-video-preview:-1\" \/>\n<link rel=\"canonical\" href=\"https:\/\/ohmytuft.com\/sv\/om\/\" \/>\n<meta property=\"og:locale\" content=\"sv_SE\" \/>\n<meta property=\"og:type\" content=\"article\" \/>\n<meta property=\"og:title\" content=\"Om - Ohmytuft.com\" \/>\n<meta property=\"og:description\" content=\"Vi \u00e4r en grupp hantverkare och designers baserade i Madrid, Spanien, d\u00e4r vi driver en liten tuftningsatelj\u00e9. Vi \u00f6ppnade den h\u00e4r butiken f\u00f6r att hj\u00e4lpa dig att hitta de b\u00e4sta kvalitetstillbeh\u00f6ren f\u00f6r dina mattor i Europa och hoppas kunna g\u00f6ra ditt liv enklare. Anm\u00e4l dig nu och f\u00e5 20 \u20ac* rabatt *endast till\u00e4mpligt p\u00e5 tuftingpistoler\" \/>\n<meta property=\"og:url\" content=\"https:\/\/ohmytuft.com\/sv\/om\/\" \/>\n<meta property=\"og:site_name\" content=\"Ohmytuft.com\" \/>\n<meta property=\"article:modified_time\" content=\"2024-03-13T18:41:21+00:00\" \/>\n<meta name=\"twitter:card\" content=\"summary_large_image\" \/>\n<script type=\"application\/ld+json\" class=\"yoast-schema-graph\">{\"@context\":\"https:\/\/schema.org\",\"@graph\":[{\"@type\":\"WebPage\",\"@id\":\"https:\/\/ohmytuft.com\/sv\/om\/\",\"url\":\"https:\/\/ohmytuft.com\/sv\/om\/\",\"name\":\"Om - Ohmytuft.com\",\"isPartOf\":{\"@id\":\"https:\/\/ohmytuft.com\/sv\/#website\"},\"datePublished\":\"2020-10-06T14:45:35+00:00\",\"dateModified\":\"2024-03-13T18:41:21+00:00\",\"breadcrumb\":{\"@id\":\"https:\/\/ohmytuft.com\/sv\/om\/#breadcrumb\"},\"inLanguage\":\"sv-SE\",\"potentialAction\":[{\"@type\":\"ReadAction\",\"target\":[\"https:\/\/ohmytuft.com\/sv\/om\/\"]}]},{\"@type\":\"BreadcrumbList\",\"@id\":\"https:\/\/ohmytuft.com\/sv\/om\/#breadcrumb\",\"itemListElement\":[{\"@type\":\"ListItem\",\"position\":1,\"name\":\"Home\",\"item\":\"https:\/\/ohmytuft.com\/sv\/\"},{\"@type\":\"ListItem\",\"position\":2,\"name\":\"Om\"}]},{\"@type\":\"WebSite\",\"@id\":\"https:\/\/ohmytuft.com\/sv\/#website\",\"url\":\"https:\/\/ohmytuft.com\/sv\/\",\"name\":\"Oh my tuft\",\"description\":\"Oh my tuft\",\"publisher\":{\"@id\":\"https:\/\/ohmytuft.com\/sv\/#organization\"},\"potentialAction\":[{\"@type\":\"SearchAction\",\"target\":{\"@type\":\"EntryPoint\",\"urlTemplate\":\"https:\/\/ohmytuft.com\/sv\/?s={search_term_string}\"},\"query-input\":{\"@type\":\"PropertyValueSpecification\",\"valueRequired\":true,\"valueName\":\"search_term_string\"}}],\"inLanguage\":\"sv-SE\"},{\"@type\":\"Organization\",\"@id\":\"https:\/\/ohmytuft.com\/sv\/#organization\",\"name\":\"Oh my tuft\",\"url\":\"https:\/\/ohmytuft.com\/sv\/\",\"logo\":{\"@type\":\"ImageObject\",\"inLanguage\":\"sv-SE\",\"@id\":\"https:\/\/ohmytuft.com\/sv\/#\/schema\/logo\/image\/\",\"url\":\"https:\/\/ohmytuft.com\/wp-content\/uploads\/2021\/02\/WEB-20.png\",\"contentUrl\":\"https:\/\/ohmytuft.com\/wp-content\/uploads\/2021\/02\/WEB-20.png\",\"width\":2085,\"height\":764,\"caption\":\"Oh my tuft\"},\"image\":{\"@id\":\"https:\/\/ohmytuft.com\/sv\/#\/schema\/logo\/image\/\"},\"sameAs\":[\"https:\/\/www.instagram.com\/tuftinggunsupplies\/\",\"https:\/\/www.tiktok.com\/@tuftinggun\"]}]}<\/script>\n<!-- \/ Yoast SEO plugin. -->","yoast_head_json":{"title":"Om - Ohmytuft.com","robots":{"index":"index","follow":"follow","max-snippet":"max-snippet:-1","max-image-preview":"max-image-preview:large","max-video-preview":"max-video-preview:-1"},"canonical":"https:\/\/ohmytuft.com\/sv\/om\/","og_locale":"sv_SE","og_type":"article","og_title":"Om - Ohmytuft.com","og_description":"Vi \u00e4r en grupp hantverkare och designers baserade i Madrid, Spanien, d\u00e4r vi driver en liten tuftningsatelj\u00e9. Vi \u00f6ppnade den h\u00e4r butiken f\u00f6r att hj\u00e4lpa dig att hitta de b\u00e4sta kvalitetstillbeh\u00f6ren f\u00f6r dina mattor i Europa och hoppas kunna g\u00f6ra ditt liv enklare. Anm\u00e4l dig nu och f\u00e5 20 \u20ac* rabatt *endast till\u00e4mpligt p\u00e5 tuftingpistoler","og_url":"https:\/\/ohmytuft.com\/sv\/om\/","og_site_name":"Ohmytuft.com","article_modified_time":"2024-03-13T18:41:21+00:00","twitter_card":"summary_large_image","schema":{"@context":"https:\/\/schema.org","@graph":[{"@type":"WebPage","@id":"https:\/\/ohmytuft.com\/sv\/om\/","url":"https:\/\/ohmytuft.com\/sv\/om\/","name":"Om - Ohmytuft.com","isPartOf":{"@id":"https:\/\/ohmytuft.com\/sv\/#website"},"datePublished":"2020-10-06T14:45:35+00:00","dateModified":"2024-03-13T18:41:21+00:00","breadcrumb":{"@id":"https:\/\/ohmytuft.com\/sv\/om\/#breadcrumb"},"inLanguage":"sv-SE","potentialAction":[{"@type":"ReadAction","target":["https:\/\/ohmytuft.com\/sv\/om\/"]}]},{"@type":"BreadcrumbList","@id":"https:\/\/ohmytuft.com\/sv\/om\/#breadcrumb","itemListElement":[{"@type":"ListItem","position":1,"name":"Home","item":"https:\/\/ohmytuft.com\/sv\/"},{"@type":"ListItem","position":2,"name":"Om"}]},{"@type":"WebSite","@id":"https:\/\/ohmytuft.com\/sv\/#website","url":"https:\/\/ohmytuft.com\/sv\/","name":"Oh my tuft","description":"Oh my tuft","publisher":{"@id":"https:\/\/ohmytuft.com\/sv\/#organization"},"potentialAction":[{"@type":"SearchAction","target":{"@type":"EntryPoint","urlTemplate":"https:\/\/ohmytuft.com\/sv\/?s={search_term_string}"},"query-input":{"@type":"PropertyValueSpecification","valueRequired":true,"valueName":"search_term_string"}}],"inLanguage":"sv-SE"},{"@type":"Organization","@id":"https:\/\/ohmytuft.com\/sv\/#organization","name":"Oh my tuft","url":"https:\/\/ohmytuft.com\/sv\/","logo":{"@type":"ImageObject","inLanguage":"sv-SE","@id":"https:\/\/ohmytuft.com\/sv\/#\/schema\/logo\/image\/","url":"https:\/\/ohmytuft.com\/wp-content\/uploads\/2021\/02\/WEB-20.png","contentUrl":"https:\/\/ohmytuft.com\/wp-content\/uploads\/2021\/02\/WEB-20.png","width":2085,"height":764,"caption":"Oh my tuft"},"image":{"@id":"https:\/\/ohmytuft.com\/sv\/#\/schema\/logo\/image\/"},"sameAs":["https:\/\/www.instagram.com\/tuftinggunsupplies\/","https:\/\/www.tiktok.com\/@tuftinggun"]}]}},"_links":{"self":[{"href":"https:\/\/ohmytuft.com\/sv\/wp-json\/wp\/v2\/pages\/6628","targetHints":{"allow":["GET"]}}],"collection":[{"href":"https:\/\/ohmytuft.com\/sv\/wp-json\/wp\/v2\/pages"}],"about":[{"href":"https:\/\/ohmytuft.com\/sv\/wp-json\/wp\/v2\/types\/page"}],"author":[{"embeddable":true,"href":"https:\/\/ohmytuft.com\/sv\/wp-json\/wp\/v2\/users\/3"}],"replies":[{"embeddable":true,"href":"https:\/\/ohmytuft.com\/sv\/wp-json\/wp\/v2\/comments?post=6628"}],"version-history":[{"count":0,"href":"https:\/\/ohmytuft.com\/sv\/wp-json\/wp\/v2\/pages\/6628\/revisions"}],"wp:attachment":[{"href":"https:\/\/ohmytuft.com\/sv\/wp-json\/wp\/v2\/media?parent=6628"}],"curies":[{"name":"wp","href":"https:\/\/api.w.org\/{rel}","templated":true}]}}